{"id":7189,"date":"2024-10-29T18:56:13","date_gmt":"2024-10-29T17:56:13","guid":{"rendered":"https:\/\/uniest.it\/prodotto\/gruenes-emotionsbad-250-ml\/"},"modified":"2024-10-29T18:56:13","modified_gmt":"2024-10-29T17:56:13","slug":"gruenes-emotionsbad-250-ml","status":"publish","type":"product","link":"https:\/\/uniest.it\/de\/prodotto\/gruenes-emotionsbad-250-ml\/","title":{"rendered":"Gr\u00fcnes Emotionsbad \u2013 250 ml"},"content":{"rendered":"<p>Gr\u00fcn: Es ist die Farbe der Vegetation, der Natur und des Lebens. Es symbolisiert Hoffnung, Frieden und Erneuerung. Wer sich f\u00fcr die Farbe Gr\u00fcn entscheidet, sucht nach Selbstbest\u00e4tigung, nach der Durchsetzung seiner Meinung. Sie neigen dazu, gro\u00dfe Moralisierer zu sein, aber keine Moralisten. Es ist die Farbe der Wiedergeburt im Fr\u00fchling, der Kraft der Natur. Gr\u00fcn entspricht dem Gef\u00fchl von Solidit\u00e4t, Stabilit\u00e4t, St\u00e4rke und Best\u00e4ndigkeit sowie einem Verhalten, das von Beharrlichkeit gepr\u00e4gt ist. Oft sind es sanfte, aufrichtige Menschen, die Gesellschaft lieben, bescheidene, geduldige Menschen, die manchmal Gefahr laufen, von anderen ausgebeutet zu werden. Im Allgemeinen handelt es sich um wohlerzogene und h\u00f6fliche Menschen, die einen guten Ruf genie\u00dfen, aber nicht gerne zu oft im Mittelpunkt stehen. Es ist die Farbe der Natur, der Pflanzenwelt, es ist Leben, Wachstum, Gl\u00fcck, Jugend, Fr\u00fchling, Fruchtbarkeit und Religion. Farbe der Hoffnung, derer, die wachsen, sich behaupten und beherrschen wollen. Wirkung auf die Psyche: Beruhigt, entspannt, l\u00f6st Verspannungen, steigert das Bewusstsein, regt die Augen an und st\u00e4rkt die gute Laune.<\/p>\n","protected":false},"excerpt":{"rendered":"<p>Gr\u00fcn: Es ist die Farbe der Vegetation, der Natur und des Lebens. Es symbolisiert Hoffnung, Frieden und Erneuerung. Wer sich f\u00fcr die Farbe Gr\u00fcn entscheidet, sucht nach Selbstbest\u00e4tigung, nach der Durchsetzung seiner Meinung. Sie neigen dazu, gro\u00dfe Moralisierer zu sein, aber keine Moralisten. Es ist die Farbe der Wiedergeburt im Fr\u00fchling, der Kraft der Natur. [&hellip;]<\/p>\n","protected":false},"featured_media":7190,"template":"","meta":{"_acf_changed":false,"inline_featured_image":false},"product_brand":[],"product_cat":[1489,1496],"product_tag":[],"class_list":{"0":"post-7189","1":"product","2":"type-product","3":"status-publish","4":"has-post-thumbnail","6":"product_beauty-aromatizzare-e-profumare","7":"product_beauty-detergere","8":"product_beauty-idratare","9":"product_beauty-lenire","10":"product_beauty-purificare","11":"product_beauty-rassodare-e-tonificare","12":"product_skin-pelli-delicate-e-sensibili","13":"product_skin-pelli-giovani-e-prime-rughe","14":"product_skin-pelli-grasse-e-miste","15":"product_skin-pelli-mature-e-rughe","16":"product_skin-pelli-secche-e-normali","17":"product_skin-tutte-le-pelli","18":"product_skin-tutti-i-capelli","19":"product_kind-bagno","20":"product_kind-doccia","21":"product_kind-shampoo-e-detergenza","22":"product_lines-home-spa","23":"product_cat-corpo-de","24":"product_cat-uomo-de","25":"pa_size-250-de","27":"first","28":"outofstock","29":"taxable","30":"shipping-taxable","31":"purchasable","32":"product-type-simple"},"acf":[],"yoast_head":"<!-- This site is optimized with the Yoast SEO plugin v24.6 - https:\/\/yoast.com\/wordpress\/plugins\/seo\/ -->\n<title>Gr\u00fcnes Emotionsbad \u2013 250 ml - Uniest<\/title>\n<meta name=\"robots\" content=\"index, follow, max-snippet:-1, max-image-preview:large, max-video-preview:-1\" \/>\n<link rel=\"canonical\" href=\"https:\/\/uniest.it\/prodotto\/gruenes-emotionsbad-250-ml\/\" \/>\n<meta property=\"og:locale\" content=\"de_DE\" \/>\n<meta property=\"og:type\" content=\"article\" \/>\n<meta property=\"og:title\" content=\"Gr\u00fcnes Emotionsbad \u2013 250 ml - Uniest\" \/>\n<meta property=\"og:description\" content=\"Gr\u00fcn: Es ist die Farbe der Vegetation, der Natur und des Lebens. Es symbolisiert Hoffnung, Frieden und Erneuerung. Wer sich f\u00fcr die Farbe Gr\u00fcn entscheidet, sucht nach Selbstbest\u00e4tigung, nach der Durchsetzung seiner Meinung. Sie neigen dazu, gro\u00dfe Moralisierer zu sein, aber keine Moralisten. Es ist die Farbe der Wiedergeburt im Fr\u00fchling, der Kraft der Natur. [&hellip;]\" \/>\n<meta property=\"og:url\" content=\"https:\/\/uniest.it\/prodotto\/gruenes-emotionsbad-250-ml\/\" \/>\n<meta property=\"og:site_name\" content=\"Uniest\" \/>\n<meta name=\"twitter:card\" content=\"summary_large_image\" \/>\n<meta name=\"twitter:label1\" content=\"Gesch\u00e4tzte Lesezeit\" \/>\n\t<meta name=\"twitter:data1\" content=\"1\u00a0Minute\" \/>\n<script type=\"application\/ld+json\" class=\"yoast-schema-graph\">{\"@context\":\"https:\/\/schema.org\",\"@graph\":[{\"@type\":\"WebPage\",\"@id\":\"https:\/\/uniest.it\/prodotto\/gruenes-emotionsbad-250-ml\/\",\"url\":\"https:\/\/uniest.it\/prodotto\/gruenes-emotionsbad-250-ml\/\",\"name\":\"Gr\u00fcnes Emotionsbad \u2013 250 ml - Uniest\",\"isPartOf\":{\"@id\":\"https:\/\/uniest.it\/#website\"},\"primaryImageOfPage\":{\"@id\":\"https:\/\/uniest.it\/prodotto\/gruenes-emotionsbad-250-ml\/#primaryimage\"},\"image\":{\"@id\":\"https:\/\/uniest.it\/prodotto\/gruenes-emotionsbad-250-ml\/#primaryimage\"},\"thumbnailUrl\":\"https:\/\/uniest.it\/wp-content\/uploads\/2020\/12\/162AAE.png\",\"datePublished\":\"2024-10-29T17:56:13+00:00\",\"breadcrumb\":{\"@id\":\"https:\/\/uniest.it\/prodotto\/gruenes-emotionsbad-250-ml\/#breadcrumb\"},\"inLanguage\":\"de\",\"potentialAction\":[{\"@type\":\"ReadAction\",\"target\":[\"https:\/\/uniest.it\/prodotto\/gruenes-emotionsbad-250-ml\/\"]}]},{\"@type\":\"ImageObject\",\"inLanguage\":\"de\",\"@id\":\"https:\/\/uniest.it\/prodotto\/gruenes-emotionsbad-250-ml\/#primaryimage\",\"url\":\"https:\/\/uniest.it\/wp-content\/uploads\/2020\/12\/162AAE.png\",\"contentUrl\":\"https:\/\/uniest.it\/wp-content\/uploads\/2020\/12\/162AAE.png\",\"width\":1283,\"height\":2000},{\"@type\":\"BreadcrumbList\",\"@id\":\"https:\/\/uniest.it\/prodotto\/gruenes-emotionsbad-250-ml\/#breadcrumb\",\"itemListElement\":[{\"@type\":\"ListItem\",\"position\":1,\"name\":\"Home\",\"item\":\"https:\/\/uniest.it\/de\/\"},{\"@type\":\"ListItem\",\"position\":2,\"name\":\"Shop\",\"item\":\"https:\/\/uniest.it\/shop\/\"},{\"@type\":\"ListItem\",\"position\":3,\"name\":\"Gr\u00fcnes Emotionsbad \u2013 250 ml\"}]},{\"@type\":\"WebSite\",\"@id\":\"https:\/\/uniest.it\/#website\",\"url\":\"https:\/\/uniest.it\/\",\"name\":\"Uniest\",\"description\":\"Cosmetici Naturali e Bio\",\"potentialAction\":[{\"@type\":\"SearchAction\",\"target\":{\"@type\":\"EntryPoint\",\"urlTemplate\":\"https:\/\/uniest.it\/?s={search_term_string}\"},\"query-input\":{\"@type\":\"PropertyValueSpecification\",\"valueRequired\":true,\"valueName\":\"search_term_string\"}}],\"inLanguage\":\"de\"}]}<\/script>\n<!-- \/ Yoast SEO plugin. -->","yoast_head_json":{"title":"Gr\u00fcnes Emotionsbad \u2013 250 ml - Uniest","robots":{"index":"index","follow":"follow","max-snippet":"max-snippet:-1","max-image-preview":"max-image-preview:large","max-video-preview":"max-video-preview:-1"},"canonical":"https:\/\/uniest.it\/prodotto\/gruenes-emotionsbad-250-ml\/","og_locale":"de_DE","og_type":"article","og_title":"Gr\u00fcnes Emotionsbad \u2013 250 ml - Uniest","og_description":"Gr\u00fcn: Es ist die Farbe der Vegetation, der Natur und des Lebens. Es symbolisiert Hoffnung, Frieden und Erneuerung. Wer sich f\u00fcr die Farbe Gr\u00fcn entscheidet, sucht nach Selbstbest\u00e4tigung, nach der Durchsetzung seiner Meinung. Sie neigen dazu, gro\u00dfe Moralisierer zu sein, aber keine Moralisten. Es ist die Farbe der Wiedergeburt im Fr\u00fchling, der Kraft der Natur. [&hellip;]","og_url":"https:\/\/uniest.it\/prodotto\/gruenes-emotionsbad-250-ml\/","og_site_name":"Uniest","twitter_card":"summary_large_image","twitter_misc":{"Gesch\u00e4tzte Lesezeit":"1\u00a0Minute"},"schema":{"@context":"https:\/\/schema.org","@graph":[{"@type":"WebPage","@id":"https:\/\/uniest.it\/prodotto\/gruenes-emotionsbad-250-ml\/","url":"https:\/\/uniest.it\/prodotto\/gruenes-emotionsbad-250-ml\/","name":"Gr\u00fcnes Emotionsbad \u2013 250 ml - Uniest","isPartOf":{"@id":"https:\/\/uniest.it\/#website"},"primaryImageOfPage":{"@id":"https:\/\/uniest.it\/prodotto\/gruenes-emotionsbad-250-ml\/#primaryimage"},"image":{"@id":"https:\/\/uniest.it\/prodotto\/gruenes-emotionsbad-250-ml\/#primaryimage"},"thumbnailUrl":"https:\/\/uniest.it\/wp-content\/uploads\/2020\/12\/162AAE.png","datePublished":"2024-10-29T17:56:13+00:00","breadcrumb":{"@id":"https:\/\/uniest.it\/prodotto\/gruenes-emotionsbad-250-ml\/#breadcrumb"},"inLanguage":"de","potentialAction":[{"@type":"ReadAction","target":["https:\/\/uniest.it\/prodotto\/gruenes-emotionsbad-250-ml\/"]}]},{"@type":"ImageObject","inLanguage":"de","@id":"https:\/\/uniest.it\/prodotto\/gruenes-emotionsbad-250-ml\/#primaryimage","url":"https:\/\/uniest.it\/wp-content\/uploads\/2020\/12\/162AAE.png","contentUrl":"https:\/\/uniest.it\/wp-content\/uploads\/2020\/12\/162AAE.png","width":1283,"height":2000},{"@type":"BreadcrumbList","@id":"https:\/\/uniest.it\/prodotto\/gruenes-emotionsbad-250-ml\/#breadcrumb","itemListElement":[{"@type":"ListItem","position":1,"name":"Home","item":"https:\/\/uniest.it\/de\/"},{"@type":"ListItem","position":2,"name":"Shop","item":"https:\/\/uniest.it\/shop\/"},{"@type":"ListItem","position":3,"name":"Gr\u00fcnes Emotionsbad \u2013 250 ml"}]},{"@type":"WebSite","@id":"https:\/\/uniest.it\/#website","url":"https:\/\/uniest.it\/","name":"Uniest","description":"Cosmetici Naturali e Bio","potentialAction":[{"@type":"SearchAction","target":{"@type":"EntryPoint","urlTemplate":"https:\/\/uniest.it\/?s={search_term_string}"},"query-input":{"@type":"PropertyValueSpecification","valueRequired":true,"valueName":"search_term_string"}}],"inLanguage":"de"}]}},"_links":{"self":[{"href":"https:\/\/uniest.it\/de\/wp-json\/wp\/v2\/product\/7189","targetHints":{"allow":["GET"]}}],"collection":[{"href":"https:\/\/uniest.it\/de\/wp-json\/wp\/v2\/product"}],"about":[{"href":"https:\/\/uniest.it\/de\/wp-json\/wp\/v2\/types\/product"}],"wp:featuredmedia":[{"embeddable":true,"href":"https:\/\/uniest.it\/de\/wp-json\/wp\/v2\/media\/7190"}],"wp:attachment":[{"href":"https:\/\/uniest.it\/de\/wp-json\/wp\/v2\/media?parent=7189"}],"wp:term":[{"taxonomy":"product_brand","embeddable":true,"href":"https:\/\/uniest.it\/de\/wp-json\/wp\/v2\/product_brand?post=7189"},{"taxonomy":"product_cat","embeddable":true,"href":"https:\/\/uniest.it\/de\/wp-json\/wp\/v2\/product_cat?post=7189"},{"taxonomy":"product_tag","embeddable":true,"href":"https:\/\/uniest.it\/de\/wp-json\/wp\/v2\/product_tag?post=7189"}],"curies":[{"name":"wp","href":"https:\/\/api.w.org\/{rel}","templated":true}]}}