{"id":7192,"date":"2024-10-29T18:56:13","date_gmt":"2024-10-29T17:56:13","guid":{"rendered":"https:\/\/uniest.it\/prodotto\/blaues-emotionsbad-250-ml\/"},"modified":"2024-10-29T18:56:13","modified_gmt":"2024-10-29T17:56:13","slug":"blaues-emotionsbad-250-ml","status":"publish","type":"product","link":"https:\/\/uniest.it\/de\/prodotto\/blaues-emotionsbad-250-ml\/","title":{"rendered":"Blaues Emotionsbad \u2013 250 ml"},"content":{"rendered":"<p>Blau ist die Farbe des Himmels, des Meeres, des unendlichen Raums und repr\u00e4sentiert (im Gegensatz zu Gelb, Erdmutter, physisch, weiblich) den Himmelsvater, metaphysisch, m\u00e4nnlich. Die Farbe Blau steht f\u00fcr Intellekt, Wahrheit, Loyalit\u00e4t, Best\u00e4ndigkeit, keusche Zuneigung, makellosen Ruf, Gro\u00dfmut und Klugheit. Es bedeutet Frieden, Barmherzigkeit und ruhige Stimmung. Es wirkt beruhigend auf allzu aggressive und ungeduldige Menschen, es ist eine Farbe, die allt\u00e4gliche Probleme vergessen l\u00e4sst. Es ist die Farbe der Kontemplation und Spiritualit\u00e4t.<\/p>\n","protected":false},"excerpt":{"rendered":"<p>Blau ist die Farbe des Himmels, des Meeres, des unendlichen Raums und repr\u00e4sentiert (im Gegensatz zu Gelb, Erdmutter, physisch, weiblich) den Himmelsvater, metaphysisch, m\u00e4nnlich. Die Farbe Blau steht f\u00fcr Intellekt, Wahrheit, Loyalit\u00e4t, Best\u00e4ndigkeit, keusche Zuneigung, makellosen Ruf, Gro\u00dfmut und Klugheit. Es bedeutet Frieden, Barmherzigkeit und ruhige Stimmung. Es wirkt beruhigend auf allzu aggressive und ungeduldige [&hellip;]<\/p>\n","protected":false},"featured_media":7193,"template":"","meta":{"_acf_changed":false,"inline_featured_image":false},"product_brand":[],"product_cat":[1489,1496],"product_tag":[],"class_list":{"0":"post-7192","1":"product","2":"type-product","3":"status-publish","4":"has-post-thumbnail","6":"product_beauty-aromatizzare-e-profumare","7":"product_beauty-detergere","8":"product_beauty-idratare","9":"product_beauty-lenire","10":"product_beauty-rassodare-e-tonificare","11":"product_skin-pelli-delicate-e-sensibili","12":"product_skin-pelli-giovani-e-prime-rughe","13":"product_skin-pelli-grasse-e-miste","14":"product_skin-pelli-mature-e-rughe","15":"product_skin-pelli-secche-e-normali","16":"product_skin-tutte-le-pelli","17":"product_skin-tutti-i-capelli","18":"product_kind-bagno","19":"product_kind-doccia","20":"product_kind-shampoo-e-detergenza","21":"product_lines-home-spa","22":"product_cat-corpo-de","23":"product_cat-uomo-de","24":"pa_size-250-de","26":"first","27":"outofstock","28":"taxable","29":"shipping-taxable","30":"purchasable","31":"product-type-simple"},"acf":[],"yoast_head":"<!-- This site is optimized with the Yoast SEO plugin v24.6 - https:\/\/yoast.com\/wordpress\/plugins\/seo\/ -->\n<title>Blaues Emotionsbad \u2013 250 ml - Uniest<\/title>\n<meta name=\"robots\" content=\"index, follow, max-snippet:-1, max-image-preview:large, max-video-preview:-1\" \/>\n<link rel=\"canonical\" href=\"https:\/\/uniest.it\/prodotto\/blaues-emotionsbad-250-ml\/\" \/>\n<meta property=\"og:locale\" content=\"de_DE\" \/>\n<meta property=\"og:type\" content=\"article\" \/>\n<meta property=\"og:title\" content=\"Blaues Emotionsbad \u2013 250 ml - Uniest\" \/>\n<meta property=\"og:description\" content=\"Blau ist die Farbe des Himmels, des Meeres, des unendlichen Raums und repr\u00e4sentiert (im Gegensatz zu Gelb, Erdmutter, physisch, weiblich) den Himmelsvater, metaphysisch, m\u00e4nnlich. Die Farbe Blau steht f\u00fcr Intellekt, Wahrheit, Loyalit\u00e4t, Best\u00e4ndigkeit, keusche Zuneigung, makellosen Ruf, Gro\u00dfmut und Klugheit. Es bedeutet Frieden, Barmherzigkeit und ruhige Stimmung. Es wirkt beruhigend auf allzu aggressive und ungeduldige [&hellip;]\" \/>\n<meta property=\"og:url\" content=\"https:\/\/uniest.it\/prodotto\/blaues-emotionsbad-250-ml\/\" \/>\n<meta property=\"og:site_name\" content=\"Uniest\" \/>\n<meta name=\"twitter:card\" content=\"summary_large_image\" \/>\n<script type=\"application\/ld+json\" class=\"yoast-schema-graph\">{\"@context\":\"https:\/\/schema.org\",\"@graph\":[{\"@type\":\"WebPage\",\"@id\":\"https:\/\/uniest.it\/prodotto\/blaues-emotionsbad-250-ml\/\",\"url\":\"https:\/\/uniest.it\/prodotto\/blaues-emotionsbad-250-ml\/\",\"name\":\"Blaues Emotionsbad \u2013 250 ml - Uniest\",\"isPartOf\":{\"@id\":\"https:\/\/uniest.it\/#website\"},\"primaryImageOfPage\":{\"@id\":\"https:\/\/uniest.it\/prodotto\/blaues-emotionsbad-250-ml\/#primaryimage\"},\"image\":{\"@id\":\"https:\/\/uniest.it\/prodotto\/blaues-emotionsbad-250-ml\/#primaryimage\"},\"thumbnailUrl\":\"https:\/\/uniest.it\/wp-content\/uploads\/2020\/12\/165AAE.png\",\"datePublished\":\"2024-10-29T17:56:13+00:00\",\"breadcrumb\":{\"@id\":\"https:\/\/uniest.it\/prodotto\/blaues-emotionsbad-250-ml\/#breadcrumb\"},\"inLanguage\":\"de\",\"potentialAction\":[{\"@type\":\"ReadAction\",\"target\":[\"https:\/\/uniest.it\/prodotto\/blaues-emotionsbad-250-ml\/\"]}]},{\"@type\":\"ImageObject\",\"inLanguage\":\"de\",\"@id\":\"https:\/\/uniest.it\/prodotto\/blaues-emotionsbad-250-ml\/#primaryimage\",\"url\":\"https:\/\/uniest.it\/wp-content\/uploads\/2020\/12\/165AAE.png\",\"contentUrl\":\"https:\/\/uniest.it\/wp-content\/uploads\/2020\/12\/165AAE.png\",\"width\":1283,\"height\":2000},{\"@type\":\"BreadcrumbList\",\"@id\":\"https:\/\/uniest.it\/prodotto\/blaues-emotionsbad-250-ml\/#breadcrumb\",\"itemListElement\":[{\"@type\":\"ListItem\",\"position\":1,\"name\":\"Home\",\"item\":\"https:\/\/uniest.it\/de\/\"},{\"@type\":\"ListItem\",\"position\":2,\"name\":\"Shop\",\"item\":\"https:\/\/uniest.it\/shop\/\"},{\"@type\":\"ListItem\",\"position\":3,\"name\":\"Blaues Emotionsbad \u2013 250 ml\"}]},{\"@type\":\"WebSite\",\"@id\":\"https:\/\/uniest.it\/#website\",\"url\":\"https:\/\/uniest.it\/\",\"name\":\"Uniest\",\"description\":\"Cosmetici Naturali e Bio\",\"potentialAction\":[{\"@type\":\"SearchAction\",\"target\":{\"@type\":\"EntryPoint\",\"urlTemplate\":\"https:\/\/uniest.it\/?s={search_term_string}\"},\"query-input\":{\"@type\":\"PropertyValueSpecification\",\"valueRequired\":true,\"valueName\":\"search_term_string\"}}],\"inLanguage\":\"de\"}]}<\/script>\n<!-- \/ Yoast SEO plugin. -->","yoast_head_json":{"title":"Blaues Emotionsbad \u2013 250 ml - Uniest","robots":{"index":"index","follow":"follow","max-snippet":"max-snippet:-1","max-image-preview":"max-image-preview:large","max-video-preview":"max-video-preview:-1"},"canonical":"https:\/\/uniest.it\/prodotto\/blaues-emotionsbad-250-ml\/","og_locale":"de_DE","og_type":"article","og_title":"Blaues Emotionsbad \u2013 250 ml - Uniest","og_description":"Blau ist die Farbe des Himmels, des Meeres, des unendlichen Raums und repr\u00e4sentiert (im Gegensatz zu Gelb, Erdmutter, physisch, weiblich) den Himmelsvater, metaphysisch, m\u00e4nnlich. Die Farbe Blau steht f\u00fcr Intellekt, Wahrheit, Loyalit\u00e4t, Best\u00e4ndigkeit, keusche Zuneigung, makellosen Ruf, Gro\u00dfmut und Klugheit. Es bedeutet Frieden, Barmherzigkeit und ruhige Stimmung. Es wirkt beruhigend auf allzu aggressive und ungeduldige [&hellip;]","og_url":"https:\/\/uniest.it\/prodotto\/blaues-emotionsbad-250-ml\/","og_site_name":"Uniest","twitter_card":"summary_large_image","schema":{"@context":"https:\/\/schema.org","@graph":[{"@type":"WebPage","@id":"https:\/\/uniest.it\/prodotto\/blaues-emotionsbad-250-ml\/","url":"https:\/\/uniest.it\/prodotto\/blaues-emotionsbad-250-ml\/","name":"Blaues Emotionsbad \u2013 250 ml - Uniest","isPartOf":{"@id":"https:\/\/uniest.it\/#website"},"primaryImageOfPage":{"@id":"https:\/\/uniest.it\/prodotto\/blaues-emotionsbad-250-ml\/#primaryimage"},"image":{"@id":"https:\/\/uniest.it\/prodotto\/blaues-emotionsbad-250-ml\/#primaryimage"},"thumbnailUrl":"https:\/\/uniest.it\/wp-content\/uploads\/2020\/12\/165AAE.png","datePublished":"2024-10-29T17:56:13+00:00","breadcrumb":{"@id":"https:\/\/uniest.it\/prodotto\/blaues-emotionsbad-250-ml\/#breadcrumb"},"inLanguage":"de","potentialAction":[{"@type":"ReadAction","target":["https:\/\/uniest.it\/prodotto\/blaues-emotionsbad-250-ml\/"]}]},{"@type":"ImageObject","inLanguage":"de","@id":"https:\/\/uniest.it\/prodotto\/blaues-emotionsbad-250-ml\/#primaryimage","url":"https:\/\/uniest.it\/wp-content\/uploads\/2020\/12\/165AAE.png","contentUrl":"https:\/\/uniest.it\/wp-content\/uploads\/2020\/12\/165AAE.png","width":1283,"height":2000},{"@type":"BreadcrumbList","@id":"https:\/\/uniest.it\/prodotto\/blaues-emotionsbad-250-ml\/#breadcrumb","itemListElement":[{"@type":"ListItem","position":1,"name":"Home","item":"https:\/\/uniest.it\/de\/"},{"@type":"ListItem","position":2,"name":"Shop","item":"https:\/\/uniest.it\/shop\/"},{"@type":"ListItem","position":3,"name":"Blaues Emotionsbad \u2013 250 ml"}]},{"@type":"WebSite","@id":"https:\/\/uniest.it\/#website","url":"https:\/\/uniest.it\/","name":"Uniest","description":"Cosmetici Naturali e Bio","potentialAction":[{"@type":"SearchAction","target":{"@type":"EntryPoint","urlTemplate":"https:\/\/uniest.it\/?s={search_term_string}"},"query-input":{"@type":"PropertyValueSpecification","valueRequired":true,"valueName":"search_term_string"}}],"inLanguage":"de"}]}},"_links":{"self":[{"href":"https:\/\/uniest.it\/de\/wp-json\/wp\/v2\/product\/7192","targetHints":{"allow":["GET"]}}],"collection":[{"href":"https:\/\/uniest.it\/de\/wp-json\/wp\/v2\/product"}],"about":[{"href":"https:\/\/uniest.it\/de\/wp-json\/wp\/v2\/types\/product"}],"wp:featuredmedia":[{"embeddable":true,"href":"https:\/\/uniest.it\/de\/wp-json\/wp\/v2\/media\/7193"}],"wp:attachment":[{"href":"https:\/\/uniest.it\/de\/wp-json\/wp\/v2\/media?parent=7192"}],"wp:term":[{"taxonomy":"product_brand","embeddable":true,"href":"https:\/\/uniest.it\/de\/wp-json\/wp\/v2\/product_brand?post=7192"},{"taxonomy":"product_cat","embeddable":true,"href":"https:\/\/uniest.it\/de\/wp-json\/wp\/v2\/product_cat?post=7192"},{"taxonomy":"product_tag","embeddable":true,"href":"https:\/\/uniest.it\/de\/wp-json\/wp\/v2\/product_tag?post=7192"}],"curies":[{"name":"wp","href":"https:\/\/api.w.org\/{rel}","templated":true}]}}