{"id":7195,"date":"2021-02-04T12:59:39","date_gmt":"2024-10-29T17:56:14","guid":{"rendered":"https:\/\/uniest.it\/prodotto\/belseno\/"},"modified":"2024-10-29T18:56:14","modified_gmt":"2024-10-29T17:56:14","slug":"belseno","status":"publish","type":"product","link":"https:\/\/uniest.it\/de\/prodotto\/belseno\/","title":{"rendered":"Belseno"},"content":{"rendered":"<p>Belseno-Creme mit besonders zarter und nat\u00fcrlicher Formulierung, angereichert mit einem wichtigen aufpolsternden und festigenden Wirkstoff, der in Synergie mit Hyalurons\u00e4ure dazu beitr\u00e4gt, Kurven neu zu definieren, um ihr Aussehen zu verbessern, die Haut mit Feuchtigkeit zu versorgen, zu straffen und zu elastisieren und eine kurvigere Figur zu beg\u00fcnstigen. Die Formulierungsbasis der Belseno-Creme ist reich an Bio-Sheabutter*, Bio-S\u00fc\u00dfmandel\u00f6l*, Sesam\u00f6l, Bio-Sonnenblumen\u00f6l*, nat\u00fcrlichen Pflanzenextrakten aus Bio-Ringelblume*, Malve und Althea. Es wird durch die Kombination von Hyalurons\u00e4ure-Biodrops verst\u00e4rkt.<\/p>\n","protected":false},"excerpt":{"rendered":"<p>Belseno-Creme mit besonders zarter und nat\u00fcrlicher Formulierung, angereichert mit einem wichtigen aufpolsternden und festigenden Wirkstoff, der in Synergie mit Hyalurons\u00e4ure dazu beitr\u00e4gt, Kurven neu zu definieren, um ihr Aussehen zu verbessern, die Haut mit Feuchtigkeit zu versorgen, zu straffen und zu elastisieren und eine kurvigere Figur zu beg\u00fcnstigen. Die Formulierungsbasis der Belseno-Creme ist reich an [&hellip;]<\/p>\n","protected":false},"featured_media":7196,"template":"","meta":{"_acf_changed":false,"inline_featured_image":false},"product_brand":[],"product_cat":[1489],"product_tag":[],"class_list":{"0":"post-7195","1":"product","2":"type-product","3":"status-publish","4":"has-post-thumbnail","6":"product_beauty-idratare","7":"product_beauty-nutrire-e-rigenerare","8":"product_beauty-rassodare-e-tonificare","9":"product_skin-tutte-le-pelli","10":"product_kind-trattamenti-speciali","11":"product_kind-tutte-le-creme-corpo","12":"product_lines-corpo-e-benessere","13":"product_cat-corpo-de","14":"pa_size-75-de","16":"first","17":"instock","18":"taxable","19":"shipping-taxable","20":"purchasable","21":"product-type-simple"},"acf":[],"yoast_head":"<!-- This site is optimized with the Yoast SEO plugin v24.6 - https:\/\/yoast.com\/wordpress\/plugins\/seo\/ -->\n<title>Belseno - Uniest<\/title>\n<meta name=\"robots\" content=\"index, follow, max-snippet:-1, max-image-preview:large, max-video-preview:-1\" \/>\n<link rel=\"canonical\" href=\"https:\/\/uniest.it\/prodotto\/belseno\/\" \/>\n<meta property=\"og:locale\" content=\"de_DE\" \/>\n<meta property=\"og:type\" content=\"article\" \/>\n<meta property=\"og:title\" content=\"Belseno - Uniest\" \/>\n<meta property=\"og:description\" content=\"Belseno-Creme mit besonders zarter und nat\u00fcrlicher Formulierung, angereichert mit einem wichtigen aufpolsternden und festigenden Wirkstoff, der in Synergie mit Hyalurons\u00e4ure dazu beitr\u00e4gt, Kurven neu zu definieren, um ihr Aussehen zu verbessern, die Haut mit Feuchtigkeit zu versorgen, zu straffen und zu elastisieren und eine kurvigere Figur zu beg\u00fcnstigen. Die Formulierungsbasis der Belseno-Creme ist reich an [&hellip;]\" \/>\n<meta property=\"og:url\" content=\"https:\/\/uniest.it\/prodotto\/belseno\/\" \/>\n<meta property=\"og:site_name\" content=\"Uniest\" \/>\n<meta name=\"twitter:card\" content=\"summary_large_image\" \/>\n<script type=\"application\/ld+json\" class=\"yoast-schema-graph\">{\"@context\":\"https:\/\/schema.org\",\"@graph\":[{\"@type\":\"WebPage\",\"@id\":\"https:\/\/uniest.it\/prodotto\/belseno\/\",\"url\":\"https:\/\/uniest.it\/prodotto\/belseno\/\",\"name\":\"Belseno - Uniest\",\"isPartOf\":{\"@id\":\"https:\/\/uniest.it\/#website\"},\"primaryImageOfPage\":{\"@id\":\"https:\/\/uniest.it\/prodotto\/belseno\/#primaryimage\"},\"image\":{\"@id\":\"https:\/\/uniest.it\/prodotto\/belseno\/#primaryimage\"},\"thumbnailUrl\":\"https:\/\/uniest.it\/wp-content\/uploads\/2020\/11\/166AAE.png\",\"datePublished\":\"2024-10-29T17:56:14+00:00\",\"breadcrumb\":{\"@id\":\"https:\/\/uniest.it\/prodotto\/belseno\/#breadcrumb\"},\"inLanguage\":\"de\",\"potentialAction\":[{\"@type\":\"ReadAction\",\"target\":[\"https:\/\/uniest.it\/prodotto\/belseno\/\"]}]},{\"@type\":\"ImageObject\",\"inLanguage\":\"de\",\"@id\":\"https:\/\/uniest.it\/prodotto\/belseno\/#primaryimage\",\"url\":\"https:\/\/uniest.it\/wp-content\/uploads\/2020\/11\/166AAE.png\",\"contentUrl\":\"https:\/\/uniest.it\/wp-content\/uploads\/2020\/11\/166AAE.png\",\"width\":1283,\"height\":2000},{\"@type\":\"BreadcrumbList\",\"@id\":\"https:\/\/uniest.it\/prodotto\/belseno\/#breadcrumb\",\"itemListElement\":[{\"@type\":\"ListItem\",\"position\":1,\"name\":\"Home\",\"item\":\"https:\/\/uniest.it\/de\/\"},{\"@type\":\"ListItem\",\"position\":2,\"name\":\"Shop\",\"item\":\"https:\/\/uniest.it\/shop\/\"},{\"@type\":\"ListItem\",\"position\":3,\"name\":\"Belseno\"}]},{\"@type\":\"WebSite\",\"@id\":\"https:\/\/uniest.it\/#website\",\"url\":\"https:\/\/uniest.it\/\",\"name\":\"Uniest\",\"description\":\"Cosmetici Naturali e Bio\",\"potentialAction\":[{\"@type\":\"SearchAction\",\"target\":{\"@type\":\"EntryPoint\",\"urlTemplate\":\"https:\/\/uniest.it\/?s={search_term_string}\"},\"query-input\":{\"@type\":\"PropertyValueSpecification\",\"valueRequired\":true,\"valueName\":\"search_term_string\"}}],\"inLanguage\":\"de\"}]}<\/script>\n<!-- \/ Yoast SEO plugin. -->","yoast_head_json":{"title":"Belseno - Uniest","robots":{"index":"index","follow":"follow","max-snippet":"max-snippet:-1","max-image-preview":"max-image-preview:large","max-video-preview":"max-video-preview:-1"},"canonical":"https:\/\/uniest.it\/prodotto\/belseno\/","og_locale":"de_DE","og_type":"article","og_title":"Belseno - Uniest","og_description":"Belseno-Creme mit besonders zarter und nat\u00fcrlicher Formulierung, angereichert mit einem wichtigen aufpolsternden und festigenden Wirkstoff, der in Synergie mit Hyalurons\u00e4ure dazu beitr\u00e4gt, Kurven neu zu definieren, um ihr Aussehen zu verbessern, die Haut mit Feuchtigkeit zu versorgen, zu straffen und zu elastisieren und eine kurvigere Figur zu beg\u00fcnstigen. Die Formulierungsbasis der Belseno-Creme ist reich an [&hellip;]","og_url":"https:\/\/uniest.it\/prodotto\/belseno\/","og_site_name":"Uniest","twitter_card":"summary_large_image","schema":{"@context":"https:\/\/schema.org","@graph":[{"@type":"WebPage","@id":"https:\/\/uniest.it\/prodotto\/belseno\/","url":"https:\/\/uniest.it\/prodotto\/belseno\/","name":"Belseno - Uniest","isPartOf":{"@id":"https:\/\/uniest.it\/#website"},"primaryImageOfPage":{"@id":"https:\/\/uniest.it\/prodotto\/belseno\/#primaryimage"},"image":{"@id":"https:\/\/uniest.it\/prodotto\/belseno\/#primaryimage"},"thumbnailUrl":"https:\/\/uniest.it\/wp-content\/uploads\/2020\/11\/166AAE.png","datePublished":"2024-10-29T17:56:14+00:00","breadcrumb":{"@id":"https:\/\/uniest.it\/prodotto\/belseno\/#breadcrumb"},"inLanguage":"de","potentialAction":[{"@type":"ReadAction","target":["https:\/\/uniest.it\/prodotto\/belseno\/"]}]},{"@type":"ImageObject","inLanguage":"de","@id":"https:\/\/uniest.it\/prodotto\/belseno\/#primaryimage","url":"https:\/\/uniest.it\/wp-content\/uploads\/2020\/11\/166AAE.png","contentUrl":"https:\/\/uniest.it\/wp-content\/uploads\/2020\/11\/166AAE.png","width":1283,"height":2000},{"@type":"BreadcrumbList","@id":"https:\/\/uniest.it\/prodotto\/belseno\/#breadcrumb","itemListElement":[{"@type":"ListItem","position":1,"name":"Home","item":"https:\/\/uniest.it\/de\/"},{"@type":"ListItem","position":2,"name":"Shop","item":"https:\/\/uniest.it\/shop\/"},{"@type":"ListItem","position":3,"name":"Belseno"}]},{"@type":"WebSite","@id":"https:\/\/uniest.it\/#website","url":"https:\/\/uniest.it\/","name":"Uniest","description":"Cosmetici Naturali e Bio","potentialAction":[{"@type":"SearchAction","target":{"@type":"EntryPoint","urlTemplate":"https:\/\/uniest.it\/?s={search_term_string}"},"query-input":{"@type":"PropertyValueSpecification","valueRequired":true,"valueName":"search_term_string"}}],"inLanguage":"de"}]}},"_links":{"self":[{"href":"https:\/\/uniest.it\/de\/wp-json\/wp\/v2\/product\/7195","targetHints":{"allow":["GET"]}}],"collection":[{"href":"https:\/\/uniest.it\/de\/wp-json\/wp\/v2\/product"}],"about":[{"href":"https:\/\/uniest.it\/de\/wp-json\/wp\/v2\/types\/product"}],"wp:featuredmedia":[{"embeddable":true,"href":"https:\/\/uniest.it\/de\/wp-json\/wp\/v2\/media\/7196"}],"wp:attachment":[{"href":"https:\/\/uniest.it\/de\/wp-json\/wp\/v2\/media?parent=7195"}],"wp:term":[{"taxonomy":"product_brand","embeddable":true,"href":"https:\/\/uniest.it\/de\/wp-json\/wp\/v2\/product_brand?post=7195"},{"taxonomy":"product_cat","embeddable":true,"href":"https:\/\/uniest.it\/de\/wp-json\/wp\/v2\/product_cat?post=7195"},{"taxonomy":"product_tag","embeddable":true,"href":"https:\/\/uniest.it\/de\/wp-json\/wp\/v2\/product_tag?post=7195"}],"curies":[{"name":"wp","href":"https:\/\/api.w.org\/{rel}","templated":true}]}}