{"id":7198,"date":"2024-10-29T18:56:14","date_gmt":"2024-10-29T17:56:14","guid":{"rendered":"https:\/\/uniest.it\/prodotto\/rotes-emotionsbad-250-ml\/"},"modified":"2024-10-29T18:56:14","modified_gmt":"2024-10-29T17:56:14","slug":"rotes-emotionsbad-250-ml","status":"publish","type":"product","link":"https:\/\/uniest.it\/de\/prodotto\/rotes-emotionsbad-250-ml\/","title":{"rendered":"Rotes Emotionsbad \u2013 250 ml"},"content":{"rendered":"<p>Rot: hat sowohl positive als auch negative Werte. Einerseits ist Rot die Farbe der Liebe, sowohl irdischer als auch spiritueller Natur, andererseits ist es die Farbe von Wut, Gewalt und Aggression. Die Farbe Rot hat intuitiv die Bedeutung von Leben und W\u00e4rme auf unserem Planeten. Es ist die Farbe der Sexualit\u00e4t, der Wut und der Erregung, sie geh\u00f6rt zum Herzen, zur Lunge, den Nieren, den Muskeln, den Knochen und dem Blut, die durch ihre \u00c4hnlichkeit aktivieren und aufladen.<\/p>\n","protected":false},"excerpt":{"rendered":"<p>Rot: hat sowohl positive als auch negative Werte. Einerseits ist Rot die Farbe der Liebe, sowohl irdischer als auch spiritueller Natur, andererseits ist es die Farbe von Wut, Gewalt und Aggression. Die Farbe Rot hat intuitiv die Bedeutung von Leben und W\u00e4rme auf unserem Planeten. Es ist die Farbe der Sexualit\u00e4t, der Wut und der [&hellip;]<\/p>\n","protected":false},"featured_media":7199,"template":"","meta":{"_acf_changed":false,"inline_featured_image":false},"product_brand":[],"product_cat":[1489,1496],"product_tag":[],"class_list":{"0":"post-7198","1":"product","2":"type-product","3":"status-publish","4":"has-post-thumbnail","6":"product_beauty-aromatizzare-e-profumare","7":"product_beauty-detergere","8":"product_beauty-idratare","9":"product_beauty-nutrire-e-rigenerare","10":"product_beauty-rassodare-e-tonificare","11":"product_skin-pelli-delicate-e-sensibili","12":"product_skin-pelli-giovani-e-prime-rughe","13":"product_skin-pelli-grasse-e-miste","14":"product_skin-pelli-mature-e-rughe","15":"product_skin-pelli-secche-e-normali","16":"product_skin-tutte-le-pelli","17":"product_skin-tutti-i-capelli","18":"product_kind-bagno","19":"product_kind-doccia","20":"product_kind-shampoo-e-detergenza","21":"product_lines-home-spa","22":"product_cat-corpo-de","23":"product_cat-uomo-de","24":"pa_size-250-de","26":"first","27":"outofstock","28":"taxable","29":"shipping-taxable","30":"purchasable","31":"product-type-simple"},"acf":[],"yoast_head":"<!-- This site is optimized with the Yoast SEO plugin v24.6 - https:\/\/yoast.com\/wordpress\/plugins\/seo\/ -->\n<title>Rotes Emotionsbad \u2013 250 ml - Uniest<\/title>\n<meta name=\"robots\" content=\"index, follow, max-snippet:-1, max-image-preview:large, max-video-preview:-1\" \/>\n<link rel=\"canonical\" href=\"https:\/\/uniest.it\/prodotto\/rotes-emotionsbad-250-ml\/\" \/>\n<meta property=\"og:locale\" content=\"de_DE\" \/>\n<meta property=\"og:type\" content=\"article\" \/>\n<meta property=\"og:title\" content=\"Rotes Emotionsbad \u2013 250 ml - Uniest\" \/>\n<meta property=\"og:description\" content=\"Rot: hat sowohl positive als auch negative Werte. Einerseits ist Rot die Farbe der Liebe, sowohl irdischer als auch spiritueller Natur, andererseits ist es die Farbe von Wut, Gewalt und Aggression. Die Farbe Rot hat intuitiv die Bedeutung von Leben und W\u00e4rme auf unserem Planeten. Es ist die Farbe der Sexualit\u00e4t, der Wut und der [&hellip;]\" \/>\n<meta property=\"og:url\" content=\"https:\/\/uniest.it\/prodotto\/rotes-emotionsbad-250-ml\/\" \/>\n<meta property=\"og:site_name\" content=\"Uniest\" \/>\n<meta name=\"twitter:card\" content=\"summary_large_image\" \/>\n<script type=\"application\/ld+json\" class=\"yoast-schema-graph\">{\"@context\":\"https:\/\/schema.org\",\"@graph\":[{\"@type\":\"WebPage\",\"@id\":\"https:\/\/uniest.it\/prodotto\/rotes-emotionsbad-250-ml\/\",\"url\":\"https:\/\/uniest.it\/prodotto\/rotes-emotionsbad-250-ml\/\",\"name\":\"Rotes Emotionsbad \u2013 250 ml - Uniest\",\"isPartOf\":{\"@id\":\"https:\/\/uniest.it\/#website\"},\"primaryImageOfPage\":{\"@id\":\"https:\/\/uniest.it\/prodotto\/rotes-emotionsbad-250-ml\/#primaryimage\"},\"image\":{\"@id\":\"https:\/\/uniest.it\/prodotto\/rotes-emotionsbad-250-ml\/#primaryimage\"},\"thumbnailUrl\":\"https:\/\/uniest.it\/wp-content\/uploads\/2020\/12\/168AAE.png\",\"datePublished\":\"2024-10-29T17:56:14+00:00\",\"breadcrumb\":{\"@id\":\"https:\/\/uniest.it\/prodotto\/rotes-emotionsbad-250-ml\/#breadcrumb\"},\"inLanguage\":\"de\",\"potentialAction\":[{\"@type\":\"ReadAction\",\"target\":[\"https:\/\/uniest.it\/prodotto\/rotes-emotionsbad-250-ml\/\"]}]},{\"@type\":\"ImageObject\",\"inLanguage\":\"de\",\"@id\":\"https:\/\/uniest.it\/prodotto\/rotes-emotionsbad-250-ml\/#primaryimage\",\"url\":\"https:\/\/uniest.it\/wp-content\/uploads\/2020\/12\/168AAE.png\",\"contentUrl\":\"https:\/\/uniest.it\/wp-content\/uploads\/2020\/12\/168AAE.png\",\"width\":1283,\"height\":2000},{\"@type\":\"BreadcrumbList\",\"@id\":\"https:\/\/uniest.it\/prodotto\/rotes-emotionsbad-250-ml\/#breadcrumb\",\"itemListElement\":[{\"@type\":\"ListItem\",\"position\":1,\"name\":\"Home\",\"item\":\"https:\/\/uniest.it\/de\/\"},{\"@type\":\"ListItem\",\"position\":2,\"name\":\"Shop\",\"item\":\"https:\/\/uniest.it\/shop\/\"},{\"@type\":\"ListItem\",\"position\":3,\"name\":\"Rotes Emotionsbad \u2013 250 ml\"}]},{\"@type\":\"WebSite\",\"@id\":\"https:\/\/uniest.it\/#website\",\"url\":\"https:\/\/uniest.it\/\",\"name\":\"Uniest\",\"description\":\"Cosmetici Naturali e Bio\",\"potentialAction\":[{\"@type\":\"SearchAction\",\"target\":{\"@type\":\"EntryPoint\",\"urlTemplate\":\"https:\/\/uniest.it\/?s={search_term_string}\"},\"query-input\":{\"@type\":\"PropertyValueSpecification\",\"valueRequired\":true,\"valueName\":\"search_term_string\"}}],\"inLanguage\":\"de\"}]}<\/script>\n<!-- \/ Yoast SEO plugin. -->","yoast_head_json":{"title":"Rotes Emotionsbad \u2013 250 ml - Uniest","robots":{"index":"index","follow":"follow","max-snippet":"max-snippet:-1","max-image-preview":"max-image-preview:large","max-video-preview":"max-video-preview:-1"},"canonical":"https:\/\/uniest.it\/prodotto\/rotes-emotionsbad-250-ml\/","og_locale":"de_DE","og_type":"article","og_title":"Rotes Emotionsbad \u2013 250 ml - Uniest","og_description":"Rot: hat sowohl positive als auch negative Werte. Einerseits ist Rot die Farbe der Liebe, sowohl irdischer als auch spiritueller Natur, andererseits ist es die Farbe von Wut, Gewalt und Aggression. Die Farbe Rot hat intuitiv die Bedeutung von Leben und W\u00e4rme auf unserem Planeten. Es ist die Farbe der Sexualit\u00e4t, der Wut und der [&hellip;]","og_url":"https:\/\/uniest.it\/prodotto\/rotes-emotionsbad-250-ml\/","og_site_name":"Uniest","twitter_card":"summary_large_image","schema":{"@context":"https:\/\/schema.org","@graph":[{"@type":"WebPage","@id":"https:\/\/uniest.it\/prodotto\/rotes-emotionsbad-250-ml\/","url":"https:\/\/uniest.it\/prodotto\/rotes-emotionsbad-250-ml\/","name":"Rotes Emotionsbad \u2013 250 ml - Uniest","isPartOf":{"@id":"https:\/\/uniest.it\/#website"},"primaryImageOfPage":{"@id":"https:\/\/uniest.it\/prodotto\/rotes-emotionsbad-250-ml\/#primaryimage"},"image":{"@id":"https:\/\/uniest.it\/prodotto\/rotes-emotionsbad-250-ml\/#primaryimage"},"thumbnailUrl":"https:\/\/uniest.it\/wp-content\/uploads\/2020\/12\/168AAE.png","datePublished":"2024-10-29T17:56:14+00:00","breadcrumb":{"@id":"https:\/\/uniest.it\/prodotto\/rotes-emotionsbad-250-ml\/#breadcrumb"},"inLanguage":"de","potentialAction":[{"@type":"ReadAction","target":["https:\/\/uniest.it\/prodotto\/rotes-emotionsbad-250-ml\/"]}]},{"@type":"ImageObject","inLanguage":"de","@id":"https:\/\/uniest.it\/prodotto\/rotes-emotionsbad-250-ml\/#primaryimage","url":"https:\/\/uniest.it\/wp-content\/uploads\/2020\/12\/168AAE.png","contentUrl":"https:\/\/uniest.it\/wp-content\/uploads\/2020\/12\/168AAE.png","width":1283,"height":2000},{"@type":"BreadcrumbList","@id":"https:\/\/uniest.it\/prodotto\/rotes-emotionsbad-250-ml\/#breadcrumb","itemListElement":[{"@type":"ListItem","position":1,"name":"Home","item":"https:\/\/uniest.it\/de\/"},{"@type":"ListItem","position":2,"name":"Shop","item":"https:\/\/uniest.it\/shop\/"},{"@type":"ListItem","position":3,"name":"Rotes Emotionsbad \u2013 250 ml"}]},{"@type":"WebSite","@id":"https:\/\/uniest.it\/#website","url":"https:\/\/uniest.it\/","name":"Uniest","description":"Cosmetici Naturali e Bio","potentialAction":[{"@type":"SearchAction","target":{"@type":"EntryPoint","urlTemplate":"https:\/\/uniest.it\/?s={search_term_string}"},"query-input":{"@type":"PropertyValueSpecification","valueRequired":true,"valueName":"search_term_string"}}],"inLanguage":"de"}]}},"_links":{"self":[{"href":"https:\/\/uniest.it\/de\/wp-json\/wp\/v2\/product\/7198","targetHints":{"allow":["GET"]}}],"collection":[{"href":"https:\/\/uniest.it\/de\/wp-json\/wp\/v2\/product"}],"about":[{"href":"https:\/\/uniest.it\/de\/wp-json\/wp\/v2\/types\/product"}],"wp:featuredmedia":[{"embeddable":true,"href":"https:\/\/uniest.it\/de\/wp-json\/wp\/v2\/media\/7199"}],"wp:attachment":[{"href":"https:\/\/uniest.it\/de\/wp-json\/wp\/v2\/media?parent=7198"}],"wp:term":[{"taxonomy":"product_brand","embeddable":true,"href":"https:\/\/uniest.it\/de\/wp-json\/wp\/v2\/product_brand?post=7198"},{"taxonomy":"product_cat","embeddable":true,"href":"https:\/\/uniest.it\/de\/wp-json\/wp\/v2\/product_cat?post=7198"},{"taxonomy":"product_tag","embeddable":true,"href":"https:\/\/uniest.it\/de\/wp-json\/wp\/v2\/product_tag?post=7198"}],"curies":[{"name":"wp","href":"https:\/\/api.w.org\/{rel}","templated":true}]}}