{"id":7201,"date":"2021-02-04T12:59:39","date_gmt":"2024-10-29T17:56:14","guid":{"rendered":"https:\/\/uniest.it\/prodotto\/oele-und-marisal\/"},"modified":"2024-10-29T18:56:14","modified_gmt":"2024-10-29T17:56:14","slug":"oele-und-marisal","status":"publish","type":"product","link":"https:\/\/uniest.it\/de\/prodotto\/oele-und-marisal\/","title":{"rendered":"\u00d6le und Marisal"},"content":{"rendered":"<p>Die durch die Verwendung von Meersalzen erzeugte osmotische Wirkung erm\u00f6glicht es der Haut, n\u00fctzliche Substanzen (Mineralien und Wirkstoffe) aufzunehmen und sch\u00e4dliche Giftstoffe auszuscheiden, auch dank der perfekten Mischung aus reinen nat\u00fcrlichen \u00e4therischen \u00d6len und nat\u00fcrlichen Pflanzenextrakten, balsamisch, beruhigend, belebend und remineralisierend. Die freigesetzten Balsamico-D\u00e4mpfe sorgen f\u00fcr ein angenehmes Gef\u00fchl der Entspannung und des Wohlbefindens. Das Produkt eignet sich auch als Behandlung zu Hause, allein oder in Kombination mit B\u00e4dern, bei Wassereinlagerungen, Cellulite, Gelenk- und rheumatischen Schmerzen. Auch n\u00fctzlich bei Menschen mit Hyperhidrose. &nbsp;<\/p>\n","protected":false},"excerpt":{"rendered":"<p>Die durch die Verwendung von Meersalzen erzeugte osmotische Wirkung erm\u00f6glicht es der Haut, n\u00fctzliche Substanzen (Mineralien und Wirkstoffe) aufzunehmen und sch\u00e4dliche Giftstoffe auszuscheiden, auch dank der perfekten Mischung aus reinen nat\u00fcrlichen \u00e4therischen \u00d6len und nat\u00fcrlichen Pflanzenextrakten, balsamisch, beruhigend, belebend und remineralisierend. Die freigesetzten Balsamico-D\u00e4mpfe sorgen f\u00fcr ein angenehmes Gef\u00fchl der Entspannung und des Wohlbefindens. Das [&hellip;]<\/p>\n","protected":false},"featured_media":7202,"template":"","meta":{"_acf_changed":false,"inline_featured_image":false},"product_brand":[],"product_cat":[1497,1493,1489],"product_tag":[],"class_list":{"0":"post-7201","1":"product","2":"type-product","3":"status-publish","4":"has-post-thumbnail","6":"product_beauty-anti-cellulite","7":"product_beauty-aromatizzare-e-profumare","8":"product_beauty-balsamico","9":"product_beauty-detox-e-dren","10":"product_beauty-esfoliare","11":"product_beauty-idratare","12":"product_beauty-nutrire-e-rigenerare","13":"product_beauty-rassodare-e-tonificare","14":"product_skin-tutte-le-pelli","15":"product_kind-bagno","16":"product_kind-cellulite-e-tonificazione","17":"product_kind-doccia-shampoo-e-detergenza","18":"product_kind-trattamenti-mani-e-piedi","19":"product_kind-trattamenti-speciali","20":"product_lines-corpo-e-benessere","21":"product_cat-viso-de","22":"product_cat-mani-e-piedi-de","23":"product_cat-corpo-de","24":"pa_size-300-gr-de","26":"first","27":"instock","28":"taxable","29":"shipping-taxable","30":"purchasable","31":"product-type-simple"},"acf":[],"yoast_head":"<!-- This site is optimized with the Yoast SEO plugin v24.6 - https:\/\/yoast.com\/wordpress\/plugins\/seo\/ -->\n<title>\u00d6le und Marisal - Uniest<\/title>\n<meta name=\"robots\" content=\"index, follow, max-snippet:-1, max-image-preview:large, max-video-preview:-1\" \/>\n<link rel=\"canonical\" href=\"https:\/\/uniest.it\/prodotto\/oele-und-marisal\/\" \/>\n<meta property=\"og:locale\" content=\"de_DE\" \/>\n<meta property=\"og:type\" content=\"article\" \/>\n<meta property=\"og:title\" content=\"\u00d6le und Marisal - Uniest\" \/>\n<meta property=\"og:description\" content=\"Die durch die Verwendung von Meersalzen erzeugte osmotische Wirkung erm\u00f6glicht es der Haut, n\u00fctzliche Substanzen (Mineralien und Wirkstoffe) aufzunehmen und sch\u00e4dliche Giftstoffe auszuscheiden, auch dank der perfekten Mischung aus reinen nat\u00fcrlichen \u00e4therischen \u00d6len und nat\u00fcrlichen Pflanzenextrakten, balsamisch, beruhigend, belebend und remineralisierend. Die freigesetzten Balsamico-D\u00e4mpfe sorgen f\u00fcr ein angenehmes Gef\u00fchl der Entspannung und des Wohlbefindens. Das [&hellip;]\" \/>\n<meta property=\"og:url\" content=\"https:\/\/uniest.it\/prodotto\/oele-und-marisal\/\" \/>\n<meta property=\"og:site_name\" content=\"Uniest\" \/>\n<meta name=\"twitter:card\" content=\"summary_large_image\" \/>\n<script type=\"application\/ld+json\" class=\"yoast-schema-graph\">{\"@context\":\"https:\/\/schema.org\",\"@graph\":[{\"@type\":\"WebPage\",\"@id\":\"https:\/\/uniest.it\/prodotto\/oele-und-marisal\/\",\"url\":\"https:\/\/uniest.it\/prodotto\/oele-und-marisal\/\",\"name\":\"\u00d6le und Marisal - Uniest\",\"isPartOf\":{\"@id\":\"https:\/\/uniest.it\/#website\"},\"primaryImageOfPage\":{\"@id\":\"https:\/\/uniest.it\/prodotto\/oele-und-marisal\/#primaryimage\"},\"image\":{\"@id\":\"https:\/\/uniest.it\/prodotto\/oele-und-marisal\/#primaryimage\"},\"thumbnailUrl\":\"https:\/\/uniest.it\/wp-content\/uploads\/2020\/11\/169AAE.png\",\"datePublished\":\"2024-10-29T17:56:14+00:00\",\"breadcrumb\":{\"@id\":\"https:\/\/uniest.it\/prodotto\/oele-und-marisal\/#breadcrumb\"},\"inLanguage\":\"de\",\"potentialAction\":[{\"@type\":\"ReadAction\",\"target\":[\"https:\/\/uniest.it\/prodotto\/oele-und-marisal\/\"]}]},{\"@type\":\"ImageObject\",\"inLanguage\":\"de\",\"@id\":\"https:\/\/uniest.it\/prodotto\/oele-und-marisal\/#primaryimage\",\"url\":\"https:\/\/uniest.it\/wp-content\/uploads\/2020\/11\/169AAE.png\",\"contentUrl\":\"https:\/\/uniest.it\/wp-content\/uploads\/2020\/11\/169AAE.png\",\"width\":1283,\"height\":2000},{\"@type\":\"BreadcrumbList\",\"@id\":\"https:\/\/uniest.it\/prodotto\/oele-und-marisal\/#breadcrumb\",\"itemListElement\":[{\"@type\":\"ListItem\",\"position\":1,\"name\":\"Home\",\"item\":\"https:\/\/uniest.it\/de\/\"},{\"@type\":\"ListItem\",\"position\":2,\"name\":\"Shop\",\"item\":\"https:\/\/uniest.it\/shop\/\"},{\"@type\":\"ListItem\",\"position\":3,\"name\":\"\u00d6le und Marisal\"}]},{\"@type\":\"WebSite\",\"@id\":\"https:\/\/uniest.it\/#website\",\"url\":\"https:\/\/uniest.it\/\",\"name\":\"Uniest\",\"description\":\"Cosmetici Naturali e Bio\",\"potentialAction\":[{\"@type\":\"SearchAction\",\"target\":{\"@type\":\"EntryPoint\",\"urlTemplate\":\"https:\/\/uniest.it\/?s={search_term_string}\"},\"query-input\":{\"@type\":\"PropertyValueSpecification\",\"valueRequired\":true,\"valueName\":\"search_term_string\"}}],\"inLanguage\":\"de\"}]}<\/script>\n<!-- \/ Yoast SEO plugin. -->","yoast_head_json":{"title":"\u00d6le und Marisal - Uniest","robots":{"index":"index","follow":"follow","max-snippet":"max-snippet:-1","max-image-preview":"max-image-preview:large","max-video-preview":"max-video-preview:-1"},"canonical":"https:\/\/uniest.it\/prodotto\/oele-und-marisal\/","og_locale":"de_DE","og_type":"article","og_title":"\u00d6le und Marisal - Uniest","og_description":"Die durch die Verwendung von Meersalzen erzeugte osmotische Wirkung erm\u00f6glicht es der Haut, n\u00fctzliche Substanzen (Mineralien und Wirkstoffe) aufzunehmen und sch\u00e4dliche Giftstoffe auszuscheiden, auch dank der perfekten Mischung aus reinen nat\u00fcrlichen \u00e4therischen \u00d6len und nat\u00fcrlichen Pflanzenextrakten, balsamisch, beruhigend, belebend und remineralisierend. Die freigesetzten Balsamico-D\u00e4mpfe sorgen f\u00fcr ein angenehmes Gef\u00fchl der Entspannung und des Wohlbefindens. Das [&hellip;]","og_url":"https:\/\/uniest.it\/prodotto\/oele-und-marisal\/","og_site_name":"Uniest","twitter_card":"summary_large_image","schema":{"@context":"https:\/\/schema.org","@graph":[{"@type":"WebPage","@id":"https:\/\/uniest.it\/prodotto\/oele-und-marisal\/","url":"https:\/\/uniest.it\/prodotto\/oele-und-marisal\/","name":"\u00d6le und Marisal - Uniest","isPartOf":{"@id":"https:\/\/uniest.it\/#website"},"primaryImageOfPage":{"@id":"https:\/\/uniest.it\/prodotto\/oele-und-marisal\/#primaryimage"},"image":{"@id":"https:\/\/uniest.it\/prodotto\/oele-und-marisal\/#primaryimage"},"thumbnailUrl":"https:\/\/uniest.it\/wp-content\/uploads\/2020\/11\/169AAE.png","datePublished":"2024-10-29T17:56:14+00:00","breadcrumb":{"@id":"https:\/\/uniest.it\/prodotto\/oele-und-marisal\/#breadcrumb"},"inLanguage":"de","potentialAction":[{"@type":"ReadAction","target":["https:\/\/uniest.it\/prodotto\/oele-und-marisal\/"]}]},{"@type":"ImageObject","inLanguage":"de","@id":"https:\/\/uniest.it\/prodotto\/oele-und-marisal\/#primaryimage","url":"https:\/\/uniest.it\/wp-content\/uploads\/2020\/11\/169AAE.png","contentUrl":"https:\/\/uniest.it\/wp-content\/uploads\/2020\/11\/169AAE.png","width":1283,"height":2000},{"@type":"BreadcrumbList","@id":"https:\/\/uniest.it\/prodotto\/oele-und-marisal\/#breadcrumb","itemListElement":[{"@type":"ListItem","position":1,"name":"Home","item":"https:\/\/uniest.it\/de\/"},{"@type":"ListItem","position":2,"name":"Shop","item":"https:\/\/uniest.it\/shop\/"},{"@type":"ListItem","position":3,"name":"\u00d6le und Marisal"}]},{"@type":"WebSite","@id":"https:\/\/uniest.it\/#website","url":"https:\/\/uniest.it\/","name":"Uniest","description":"Cosmetici Naturali e Bio","potentialAction":[{"@type":"SearchAction","target":{"@type":"EntryPoint","urlTemplate":"https:\/\/uniest.it\/?s={search_term_string}"},"query-input":{"@type":"PropertyValueSpecification","valueRequired":true,"valueName":"search_term_string"}}],"inLanguage":"de"}]}},"_links":{"self":[{"href":"https:\/\/uniest.it\/de\/wp-json\/wp\/v2\/product\/7201","targetHints":{"allow":["GET"]}}],"collection":[{"href":"https:\/\/uniest.it\/de\/wp-json\/wp\/v2\/product"}],"about":[{"href":"https:\/\/uniest.it\/de\/wp-json\/wp\/v2\/types\/product"}],"wp:featuredmedia":[{"embeddable":true,"href":"https:\/\/uniest.it\/de\/wp-json\/wp\/v2\/media\/7202"}],"wp:attachment":[{"href":"https:\/\/uniest.it\/de\/wp-json\/wp\/v2\/media?parent=7201"}],"wp:term":[{"taxonomy":"product_brand","embeddable":true,"href":"https:\/\/uniest.it\/de\/wp-json\/wp\/v2\/product_brand?post=7201"},{"taxonomy":"product_cat","embeddable":true,"href":"https:\/\/uniest.it\/de\/wp-json\/wp\/v2\/product_cat?post=7201"},{"taxonomy":"product_tag","embeddable":true,"href":"https:\/\/uniest.it\/de\/wp-json\/wp\/v2\/product_tag?post=7201"}],"curies":[{"name":"wp","href":"https:\/\/api.w.org\/{rel}","templated":true}]}}