{"id":7210,"date":"2024-10-29T18:56:16","date_gmt":"2024-10-29T17:56:16","guid":{"rendered":"https:\/\/uniest.it\/prodotto\/weisses-emotionsbad-250-ml\/"},"modified":"2024-10-29T18:56:16","modified_gmt":"2024-10-29T17:56:16","slug":"weisses-emotionsbad-250-ml","status":"publish","type":"product","link":"https:\/\/uniest.it\/de\/prodotto\/weisses-emotionsbad-250-ml\/","title":{"rendered":"Wei\u00dfes Emotionsbad &#8211; 250 ml"},"content":{"rendered":"<p>Wei\u00df dr\u00fcckt Hoffnung f\u00fcr die Zukunft, Vertrauen in andere und in die Welt im Allgemeinen aus; repr\u00e4sentiert den Zustand der Reinheit und edler Gef\u00fchle und den Wunsch nach Ver\u00e4nderung. Es ist keine Farbe, da sie alle anderen enth\u00e4lt, ein Synonym f\u00fcr Neutralit\u00e4t, sie kann den Wunsch ausdr\u00fccken, sich nicht preiszugeben, Vertraulichkeit, aber sie ist auch die Farbe des Neuen, des Reinen, des Intakten.<\/p>\n","protected":false},"excerpt":{"rendered":"<p>Wei\u00df dr\u00fcckt Hoffnung f\u00fcr die Zukunft, Vertrauen in andere und in die Welt im Allgemeinen aus; repr\u00e4sentiert den Zustand der Reinheit und edler Gef\u00fchle und den Wunsch nach Ver\u00e4nderung. Es ist keine Farbe, da sie alle anderen enth\u00e4lt, ein Synonym f\u00fcr Neutralit\u00e4t, sie kann den Wunsch ausdr\u00fccken, sich nicht preiszugeben, Vertraulichkeit, aber sie ist auch [&hellip;]<\/p>\n","protected":false},"featured_media":7211,"template":"","meta":{"_acf_changed":false,"inline_featured_image":false},"product_brand":[],"product_cat":[1489,1496],"product_tag":[],"class_list":{"0":"post-7210","1":"product","2":"type-product","3":"status-publish","4":"has-post-thumbnail","6":"product_beauty-aromatizzare-e-profumare","7":"product_beauty-detergere","8":"product_beauty-idratare","9":"product_beauty-lenire","10":"product_beauty-purificare","11":"product_beauty-riequilibrare","12":"product_skin-pelli-delicate-e-sensibili","13":"product_skin-pelli-giovani-e-prime-rughe","14":"product_skin-pelli-grasse-e-miste","15":"product_skin-pelli-mature-e-rughe","16":"product_skin-pelli-secche-e-normali","17":"product_skin-tutte-le-pelli","18":"product_skin-tutti-i-capelli","19":"product_kind-bagno","20":"product_kind-doccia","21":"product_kind-shampoo-e-detergenza","22":"product_lines-home-spa","23":"product_cat-corpo-de","24":"product_cat-uomo-de","25":"pa_size-250-de","27":"first","28":"outofstock","29":"taxable","30":"shipping-taxable","31":"purchasable","32":"product-type-simple"},"acf":[],"yoast_head":"<!-- This site is optimized with the Yoast SEO plugin v24.6 - https:\/\/yoast.com\/wordpress\/plugins\/seo\/ -->\n<title>Wei\u00dfes Emotionsbad - 250 ml - Uniest<\/title>\n<meta name=\"robots\" content=\"index, follow, max-snippet:-1, max-image-preview:large, max-video-preview:-1\" \/>\n<link rel=\"canonical\" href=\"https:\/\/uniest.it\/prodotto\/weisses-emotionsbad-250-ml\/\" \/>\n<meta property=\"og:locale\" content=\"de_DE\" \/>\n<meta property=\"og:type\" content=\"article\" \/>\n<meta property=\"og:title\" content=\"Wei\u00dfes Emotionsbad - 250 ml - Uniest\" \/>\n<meta property=\"og:description\" content=\"Wei\u00df dr\u00fcckt Hoffnung f\u00fcr die Zukunft, Vertrauen in andere und in die Welt im Allgemeinen aus; repr\u00e4sentiert den Zustand der Reinheit und edler Gef\u00fchle und den Wunsch nach Ver\u00e4nderung. Es ist keine Farbe, da sie alle anderen enth\u00e4lt, ein Synonym f\u00fcr Neutralit\u00e4t, sie kann den Wunsch ausdr\u00fccken, sich nicht preiszugeben, Vertraulichkeit, aber sie ist auch [&hellip;]\" \/>\n<meta property=\"og:url\" content=\"https:\/\/uniest.it\/prodotto\/weisses-emotionsbad-250-ml\/\" \/>\n<meta property=\"og:site_name\" content=\"Uniest\" \/>\n<meta name=\"twitter:card\" content=\"summary_large_image\" \/>\n<script type=\"application\/ld+json\" class=\"yoast-schema-graph\">{\"@context\":\"https:\/\/schema.org\",\"@graph\":[{\"@type\":\"WebPage\",\"@id\":\"https:\/\/uniest.it\/prodotto\/weisses-emotionsbad-250-ml\/\",\"url\":\"https:\/\/uniest.it\/prodotto\/weisses-emotionsbad-250-ml\/\",\"name\":\"Wei\u00dfes Emotionsbad - 250 ml - Uniest\",\"isPartOf\":{\"@id\":\"https:\/\/uniest.it\/#website\"},\"primaryImageOfPage\":{\"@id\":\"https:\/\/uniest.it\/prodotto\/weisses-emotionsbad-250-ml\/#primaryimage\"},\"image\":{\"@id\":\"https:\/\/uniest.it\/prodotto\/weisses-emotionsbad-250-ml\/#primaryimage\"},\"thumbnailUrl\":\"https:\/\/uniest.it\/wp-content\/uploads\/2020\/12\/177AAE.png\",\"datePublished\":\"2024-10-29T17:56:16+00:00\",\"breadcrumb\":{\"@id\":\"https:\/\/uniest.it\/prodotto\/weisses-emotionsbad-250-ml\/#breadcrumb\"},\"inLanguage\":\"de\",\"potentialAction\":[{\"@type\":\"ReadAction\",\"target\":[\"https:\/\/uniest.it\/prodotto\/weisses-emotionsbad-250-ml\/\"]}]},{\"@type\":\"ImageObject\",\"inLanguage\":\"de\",\"@id\":\"https:\/\/uniest.it\/prodotto\/weisses-emotionsbad-250-ml\/#primaryimage\",\"url\":\"https:\/\/uniest.it\/wp-content\/uploads\/2020\/12\/177AAE.png\",\"contentUrl\":\"https:\/\/uniest.it\/wp-content\/uploads\/2020\/12\/177AAE.png\",\"width\":1283,\"height\":2000},{\"@type\":\"BreadcrumbList\",\"@id\":\"https:\/\/uniest.it\/prodotto\/weisses-emotionsbad-250-ml\/#breadcrumb\",\"itemListElement\":[{\"@type\":\"ListItem\",\"position\":1,\"name\":\"Home\",\"item\":\"https:\/\/uniest.it\/de\/\"},{\"@type\":\"ListItem\",\"position\":2,\"name\":\"Shop\",\"item\":\"https:\/\/uniest.it\/shop\/\"},{\"@type\":\"ListItem\",\"position\":3,\"name\":\"Wei\u00dfes Emotionsbad &#8211; 250 ml\"}]},{\"@type\":\"WebSite\",\"@id\":\"https:\/\/uniest.it\/#website\",\"url\":\"https:\/\/uniest.it\/\",\"name\":\"Uniest\",\"description\":\"Cosmetici Naturali e Bio\",\"potentialAction\":[{\"@type\":\"SearchAction\",\"target\":{\"@type\":\"EntryPoint\",\"urlTemplate\":\"https:\/\/uniest.it\/?s={search_term_string}\"},\"query-input\":{\"@type\":\"PropertyValueSpecification\",\"valueRequired\":true,\"valueName\":\"search_term_string\"}}],\"inLanguage\":\"de\"}]}<\/script>\n<!-- \/ Yoast SEO plugin. -->","yoast_head_json":{"title":"Wei\u00dfes Emotionsbad - 250 ml - Uniest","robots":{"index":"index","follow":"follow","max-snippet":"max-snippet:-1","max-image-preview":"max-image-preview:large","max-video-preview":"max-video-preview:-1"},"canonical":"https:\/\/uniest.it\/prodotto\/weisses-emotionsbad-250-ml\/","og_locale":"de_DE","og_type":"article","og_title":"Wei\u00dfes Emotionsbad - 250 ml - Uniest","og_description":"Wei\u00df dr\u00fcckt Hoffnung f\u00fcr die Zukunft, Vertrauen in andere und in die Welt im Allgemeinen aus; repr\u00e4sentiert den Zustand der Reinheit und edler Gef\u00fchle und den Wunsch nach Ver\u00e4nderung. Es ist keine Farbe, da sie alle anderen enth\u00e4lt, ein Synonym f\u00fcr Neutralit\u00e4t, sie kann den Wunsch ausdr\u00fccken, sich nicht preiszugeben, Vertraulichkeit, aber sie ist auch [&hellip;]","og_url":"https:\/\/uniest.it\/prodotto\/weisses-emotionsbad-250-ml\/","og_site_name":"Uniest","twitter_card":"summary_large_image","schema":{"@context":"https:\/\/schema.org","@graph":[{"@type":"WebPage","@id":"https:\/\/uniest.it\/prodotto\/weisses-emotionsbad-250-ml\/","url":"https:\/\/uniest.it\/prodotto\/weisses-emotionsbad-250-ml\/","name":"Wei\u00dfes Emotionsbad - 250 ml - Uniest","isPartOf":{"@id":"https:\/\/uniest.it\/#website"},"primaryImageOfPage":{"@id":"https:\/\/uniest.it\/prodotto\/weisses-emotionsbad-250-ml\/#primaryimage"},"image":{"@id":"https:\/\/uniest.it\/prodotto\/weisses-emotionsbad-250-ml\/#primaryimage"},"thumbnailUrl":"https:\/\/uniest.it\/wp-content\/uploads\/2020\/12\/177AAE.png","datePublished":"2024-10-29T17:56:16+00:00","breadcrumb":{"@id":"https:\/\/uniest.it\/prodotto\/weisses-emotionsbad-250-ml\/#breadcrumb"},"inLanguage":"de","potentialAction":[{"@type":"ReadAction","target":["https:\/\/uniest.it\/prodotto\/weisses-emotionsbad-250-ml\/"]}]},{"@type":"ImageObject","inLanguage":"de","@id":"https:\/\/uniest.it\/prodotto\/weisses-emotionsbad-250-ml\/#primaryimage","url":"https:\/\/uniest.it\/wp-content\/uploads\/2020\/12\/177AAE.png","contentUrl":"https:\/\/uniest.it\/wp-content\/uploads\/2020\/12\/177AAE.png","width":1283,"height":2000},{"@type":"BreadcrumbList","@id":"https:\/\/uniest.it\/prodotto\/weisses-emotionsbad-250-ml\/#breadcrumb","itemListElement":[{"@type":"ListItem","position":1,"name":"Home","item":"https:\/\/uniest.it\/de\/"},{"@type":"ListItem","position":2,"name":"Shop","item":"https:\/\/uniest.it\/shop\/"},{"@type":"ListItem","position":3,"name":"Wei\u00dfes Emotionsbad &#8211; 250 ml"}]},{"@type":"WebSite","@id":"https:\/\/uniest.it\/#website","url":"https:\/\/uniest.it\/","name":"Uniest","description":"Cosmetici Naturali e Bio","potentialAction":[{"@type":"SearchAction","target":{"@type":"EntryPoint","urlTemplate":"https:\/\/uniest.it\/?s={search_term_string}"},"query-input":{"@type":"PropertyValueSpecification","valueRequired":true,"valueName":"search_term_string"}}],"inLanguage":"de"}]}},"_links":{"self":[{"href":"https:\/\/uniest.it\/de\/wp-json\/wp\/v2\/product\/7210","targetHints":{"allow":["GET"]}}],"collection":[{"href":"https:\/\/uniest.it\/de\/wp-json\/wp\/v2\/product"}],"about":[{"href":"https:\/\/uniest.it\/de\/wp-json\/wp\/v2\/types\/product"}],"wp:featuredmedia":[{"embeddable":true,"href":"https:\/\/uniest.it\/de\/wp-json\/wp\/v2\/media\/7211"}],"wp:attachment":[{"href":"https:\/\/uniest.it\/de\/wp-json\/wp\/v2\/media?parent=7210"}],"wp:term":[{"taxonomy":"product_brand","embeddable":true,"href":"https:\/\/uniest.it\/de\/wp-json\/wp\/v2\/product_brand?post=7210"},{"taxonomy":"product_cat","embeddable":true,"href":"https:\/\/uniest.it\/de\/wp-json\/wp\/v2\/product_cat?post=7210"},{"taxonomy":"product_tag","embeddable":true,"href":"https:\/\/uniest.it\/de\/wp-json\/wp\/v2\/product_tag?post=7210"}],"curies":[{"name":"wp","href":"https:\/\/api.w.org\/{rel}","templated":true}]}}