{"id":7213,"date":"2024-10-29T18:56:16","date_gmt":"2024-10-29T17:56:16","guid":{"rendered":"https:\/\/uniest.it\/prodotto\/braunes-emotionales-bad\/"},"modified":"2024-10-29T18:56:16","modified_gmt":"2024-10-29T17:56:16","slug":"braunes-emotionales-bad","status":"publish","type":"product","link":"https:\/\/uniest.it\/de\/prodotto\/braunes-emotionales-bad\/","title":{"rendered":"Braunes emotionales Bad"},"content":{"rendered":"<p>Braun ist ein Symbol f\u00fcr innere Harmonie, k\u00fcnstlerische und sexuelle Kreativit\u00e4t, Vertrauen in sich selbst und in andere. Diese Farbe befreit Sie auch von depressiven Symptomen und erh\u00f6ht Ihre F\u00e4higkeit, schnell und effektiv auf die Widrigkeiten des Lebens zu reagieren. Die Farbe Braun ist die Farbe von Erde und Holz, sie repr\u00e4sentiert K\u00f6rperlichkeit und die Verbindung mit der Erde; es ist ein Symbol der Zufriedenheit auf k\u00f6rperlicher Ebene. Braun dr\u00fcckt Emotionalit\u00e4t, Ausgeglichenheit, Gesundheit und Sinnlichkeit aus.<\/p>\n","protected":false},"excerpt":{"rendered":"<p>Braun ist ein Symbol f\u00fcr innere Harmonie, k\u00fcnstlerische und sexuelle Kreativit\u00e4t, Vertrauen in sich selbst und in andere. Diese Farbe befreit Sie auch von depressiven Symptomen und erh\u00f6ht Ihre F\u00e4higkeit, schnell und effektiv auf die Widrigkeiten des Lebens zu reagieren. Die Farbe Braun ist die Farbe von Erde und Holz, sie repr\u00e4sentiert K\u00f6rperlichkeit und die [&hellip;]<\/p>\n","protected":false},"featured_media":7214,"template":"","meta":{"_acf_changed":false,"inline_featured_image":false},"product_brand":[],"product_cat":[1489,1496],"product_tag":[],"class_list":{"0":"post-7213","1":"product","2":"type-product","3":"status-publish","4":"has-post-thumbnail","6":"product_beauty-aromatizzare-e-profumare","7":"product_beauty-detergere","8":"product_beauty-idratare","9":"product_beauty-nutrire-e-rigenerare","10":"product_beauty-rassodare-e-tonificare","11":"product_beauty-riequilibrare","12":"product_skin-pelli-delicate-e-sensibili","13":"product_skin-pelli-giovani-e-prime-rughe","14":"product_skin-pelli-grasse-e-miste","15":"product_skin-pelli-mature-e-rughe","16":"product_skin-pelli-secche-e-normali","17":"product_skin-tutte-le-pelli","18":"product_skin-tutti-i-capelli","19":"product_kind-bagno","20":"product_kind-doccia","21":"product_kind-shampoo-e-detergenza","22":"product_lines-home-spa","23":"product_cat-corpo-de","24":"product_cat-uomo-de","25":"pa_size-250-de","27":"first","28":"outofstock","29":"taxable","30":"shipping-taxable","31":"purchasable","32":"product-type-simple"},"acf":[],"yoast_head":"<!-- This site is optimized with the Yoast SEO plugin v24.6 - https:\/\/yoast.com\/wordpress\/plugins\/seo\/ -->\n<title>Braunes emotionales Bad - Uniest<\/title>\n<meta name=\"robots\" content=\"index, follow, max-snippet:-1, max-image-preview:large, max-video-preview:-1\" \/>\n<link rel=\"canonical\" href=\"https:\/\/uniest.it\/prodotto\/braunes-emotionales-bad\/\" \/>\n<meta property=\"og:locale\" content=\"de_DE\" \/>\n<meta property=\"og:type\" content=\"article\" \/>\n<meta property=\"og:title\" content=\"Braunes emotionales Bad - Uniest\" \/>\n<meta property=\"og:description\" content=\"Braun ist ein Symbol f\u00fcr innere Harmonie, k\u00fcnstlerische und sexuelle Kreativit\u00e4t, Vertrauen in sich selbst und in andere. Diese Farbe befreit Sie auch von depressiven Symptomen und erh\u00f6ht Ihre F\u00e4higkeit, schnell und effektiv auf die Widrigkeiten des Lebens zu reagieren. Die Farbe Braun ist die Farbe von Erde und Holz, sie repr\u00e4sentiert K\u00f6rperlichkeit und die [&hellip;]\" \/>\n<meta property=\"og:url\" content=\"https:\/\/uniest.it\/prodotto\/braunes-emotionales-bad\/\" \/>\n<meta property=\"og:site_name\" content=\"Uniest\" \/>\n<meta name=\"twitter:card\" content=\"summary_large_image\" \/>\n<script type=\"application\/ld+json\" class=\"yoast-schema-graph\">{\"@context\":\"https:\/\/schema.org\",\"@graph\":[{\"@type\":\"WebPage\",\"@id\":\"https:\/\/uniest.it\/prodotto\/braunes-emotionales-bad\/\",\"url\":\"https:\/\/uniest.it\/prodotto\/braunes-emotionales-bad\/\",\"name\":\"Braunes emotionales Bad - Uniest\",\"isPartOf\":{\"@id\":\"https:\/\/uniest.it\/#website\"},\"primaryImageOfPage\":{\"@id\":\"https:\/\/uniest.it\/prodotto\/braunes-emotionales-bad\/#primaryimage\"},\"image\":{\"@id\":\"https:\/\/uniest.it\/prodotto\/braunes-emotionales-bad\/#primaryimage\"},\"thumbnailUrl\":\"https:\/\/uniest.it\/wp-content\/uploads\/2020\/12\/180AAE.png\",\"datePublished\":\"2024-10-29T17:56:16+00:00\",\"breadcrumb\":{\"@id\":\"https:\/\/uniest.it\/prodotto\/braunes-emotionales-bad\/#breadcrumb\"},\"inLanguage\":\"de\",\"potentialAction\":[{\"@type\":\"ReadAction\",\"target\":[\"https:\/\/uniest.it\/prodotto\/braunes-emotionales-bad\/\"]}]},{\"@type\":\"ImageObject\",\"inLanguage\":\"de\",\"@id\":\"https:\/\/uniest.it\/prodotto\/braunes-emotionales-bad\/#primaryimage\",\"url\":\"https:\/\/uniest.it\/wp-content\/uploads\/2020\/12\/180AAE.png\",\"contentUrl\":\"https:\/\/uniest.it\/wp-content\/uploads\/2020\/12\/180AAE.png\",\"width\":1283,\"height\":2001},{\"@type\":\"BreadcrumbList\",\"@id\":\"https:\/\/uniest.it\/prodotto\/braunes-emotionales-bad\/#breadcrumb\",\"itemListElement\":[{\"@type\":\"ListItem\",\"position\":1,\"name\":\"Home\",\"item\":\"https:\/\/uniest.it\/de\/\"},{\"@type\":\"ListItem\",\"position\":2,\"name\":\"Shop\",\"item\":\"https:\/\/uniest.it\/shop\/\"},{\"@type\":\"ListItem\",\"position\":3,\"name\":\"Braunes emotionales Bad\"}]},{\"@type\":\"WebSite\",\"@id\":\"https:\/\/uniest.it\/#website\",\"url\":\"https:\/\/uniest.it\/\",\"name\":\"Uniest\",\"description\":\"Cosmetici Naturali e Bio\",\"potentialAction\":[{\"@type\":\"SearchAction\",\"target\":{\"@type\":\"EntryPoint\",\"urlTemplate\":\"https:\/\/uniest.it\/?s={search_term_string}\"},\"query-input\":{\"@type\":\"PropertyValueSpecification\",\"valueRequired\":true,\"valueName\":\"search_term_string\"}}],\"inLanguage\":\"de\"}]}<\/script>\n<!-- \/ Yoast SEO plugin. -->","yoast_head_json":{"title":"Braunes emotionales Bad - Uniest","robots":{"index":"index","follow":"follow","max-snippet":"max-snippet:-1","max-image-preview":"max-image-preview:large","max-video-preview":"max-video-preview:-1"},"canonical":"https:\/\/uniest.it\/prodotto\/braunes-emotionales-bad\/","og_locale":"de_DE","og_type":"article","og_title":"Braunes emotionales Bad - Uniest","og_description":"Braun ist ein Symbol f\u00fcr innere Harmonie, k\u00fcnstlerische und sexuelle Kreativit\u00e4t, Vertrauen in sich selbst und in andere. Diese Farbe befreit Sie auch von depressiven Symptomen und erh\u00f6ht Ihre F\u00e4higkeit, schnell und effektiv auf die Widrigkeiten des Lebens zu reagieren. Die Farbe Braun ist die Farbe von Erde und Holz, sie repr\u00e4sentiert K\u00f6rperlichkeit und die [&hellip;]","og_url":"https:\/\/uniest.it\/prodotto\/braunes-emotionales-bad\/","og_site_name":"Uniest","twitter_card":"summary_large_image","schema":{"@context":"https:\/\/schema.org","@graph":[{"@type":"WebPage","@id":"https:\/\/uniest.it\/prodotto\/braunes-emotionales-bad\/","url":"https:\/\/uniest.it\/prodotto\/braunes-emotionales-bad\/","name":"Braunes emotionales Bad - Uniest","isPartOf":{"@id":"https:\/\/uniest.it\/#website"},"primaryImageOfPage":{"@id":"https:\/\/uniest.it\/prodotto\/braunes-emotionales-bad\/#primaryimage"},"image":{"@id":"https:\/\/uniest.it\/prodotto\/braunes-emotionales-bad\/#primaryimage"},"thumbnailUrl":"https:\/\/uniest.it\/wp-content\/uploads\/2020\/12\/180AAE.png","datePublished":"2024-10-29T17:56:16+00:00","breadcrumb":{"@id":"https:\/\/uniest.it\/prodotto\/braunes-emotionales-bad\/#breadcrumb"},"inLanguage":"de","potentialAction":[{"@type":"ReadAction","target":["https:\/\/uniest.it\/prodotto\/braunes-emotionales-bad\/"]}]},{"@type":"ImageObject","inLanguage":"de","@id":"https:\/\/uniest.it\/prodotto\/braunes-emotionales-bad\/#primaryimage","url":"https:\/\/uniest.it\/wp-content\/uploads\/2020\/12\/180AAE.png","contentUrl":"https:\/\/uniest.it\/wp-content\/uploads\/2020\/12\/180AAE.png","width":1283,"height":2001},{"@type":"BreadcrumbList","@id":"https:\/\/uniest.it\/prodotto\/braunes-emotionales-bad\/#breadcrumb","itemListElement":[{"@type":"ListItem","position":1,"name":"Home","item":"https:\/\/uniest.it\/de\/"},{"@type":"ListItem","position":2,"name":"Shop","item":"https:\/\/uniest.it\/shop\/"},{"@type":"ListItem","position":3,"name":"Braunes emotionales Bad"}]},{"@type":"WebSite","@id":"https:\/\/uniest.it\/#website","url":"https:\/\/uniest.it\/","name":"Uniest","description":"Cosmetici Naturali e Bio","potentialAction":[{"@type":"SearchAction","target":{"@type":"EntryPoint","urlTemplate":"https:\/\/uniest.it\/?s={search_term_string}"},"query-input":{"@type":"PropertyValueSpecification","valueRequired":true,"valueName":"search_term_string"}}],"inLanguage":"de"}]}},"_links":{"self":[{"href":"https:\/\/uniest.it\/de\/wp-json\/wp\/v2\/product\/7213","targetHints":{"allow":["GET"]}}],"collection":[{"href":"https:\/\/uniest.it\/de\/wp-json\/wp\/v2\/product"}],"about":[{"href":"https:\/\/uniest.it\/de\/wp-json\/wp\/v2\/types\/product"}],"wp:featuredmedia":[{"embeddable":true,"href":"https:\/\/uniest.it\/de\/wp-json\/wp\/v2\/media\/7214"}],"wp:attachment":[{"href":"https:\/\/uniest.it\/de\/wp-json\/wp\/v2\/media?parent=7213"}],"wp:term":[{"taxonomy":"product_brand","embeddable":true,"href":"https:\/\/uniest.it\/de\/wp-json\/wp\/v2\/product_brand?post=7213"},{"taxonomy":"product_cat","embeddable":true,"href":"https:\/\/uniest.it\/de\/wp-json\/wp\/v2\/product_cat?post=7213"},{"taxonomy":"product_tag","embeddable":true,"href":"https:\/\/uniest.it\/de\/wp-json\/wp\/v2\/product_tag?post=7213"}],"curies":[{"name":"wp","href":"https:\/\/api.w.org\/{rel}","templated":true}]}}