{"id":7216,"date":"2021-02-04T12:59:39","date_gmt":"2024-10-29T17:56:16","guid":{"rendered":"https:\/\/uniest.it\/prodotto\/deonatural\/"},"modified":"2024-10-29T18:56:16","modified_gmt":"2024-10-29T17:56:16","slug":"deonatural","status":"publish","type":"product","link":"https:\/\/uniest.it\/de\/prodotto\/deonatural\/","title":{"rendered":"Deonatural"},"content":{"rendered":"<p>DeoNatural ist ein Deodorant ohne Aluminium und mit einem geruchsbindenden Molek\u00fcl, mit Sheabutter und Bio-S\u00fc\u00dfmandel\u00f6l, pflanzlichem Glycerin und Salbeiextrakt. Sanft wie eine Liebkosung wirkt es mit voller R\u00fccksicht auf die Haut, verstopft nicht die Poren, sondern l\u00e4sst die Epidermis auf nat\u00fcrliche Weise atmen, reizt die Haut nicht und ist daher auch f\u00fcr die empfindlichste Haut geeignet. Seine praktische Verpackung, die auch zur Aufbewahrung in der Tasche geeignet ist, macht es zu einem unersetzlichen Sch\u00f6nheitsverb\u00fcndeten, der sich durch einen leichten Duft auszeichnet und als allergenfrei zertifiziert ist. Die handgefertigte Formel enth\u00e4lt keinen Alkohol und ist daher auch nach der Haarentfernung ideal f\u00fcr eine gesunde, zart duftende Haut in v\u00f6lliger Sicherheit.<\/p>\n","protected":false},"excerpt":{"rendered":"<p>DeoNatural ist ein Deodorant ohne Aluminium und mit einem geruchsbindenden Molek\u00fcl, mit Sheabutter und Bio-S\u00fc\u00dfmandel\u00f6l, pflanzlichem Glycerin und Salbeiextrakt. Sanft wie eine Liebkosung wirkt es mit voller R\u00fccksicht auf die Haut, verstopft nicht die Poren, sondern l\u00e4sst die Epidermis auf nat\u00fcrliche Weise atmen, reizt die Haut nicht und ist daher auch f\u00fcr die empfindlichste Haut [&hellip;]<\/p>\n","protected":false},"featured_media":7217,"template":"","meta":{"_acf_changed":false,"inline_featured_image":false},"product_brand":[],"product_cat":[1493,1489],"product_tag":[],"class_list":{"0":"post-7216","1":"product","2":"type-product","3":"status-publish","4":"has-post-thumbnail","6":"product_beauty-aromatizzare-e-profumare","7":"product_beauty-idratare","8":"product_beauty-nutrire-e-rigenerare","9":"product_beauty-proteggere","10":"product_skin-tutte-le-pelli","11":"product_kind-tonici-e-lozioni-corpo","12":"product_kind-trattamenti-mani-e-piedi","13":"product_lines-igiene-e-protezione","14":"product_cat-mani-e-piedi-de","15":"product_cat-corpo-de","16":"pa_size-50-de","18":"first","19":"instock","20":"taxable","21":"shipping-taxable","22":"purchasable","23":"product-type-simple"},"acf":[],"yoast_head":"<!-- This site is optimized with the Yoast SEO plugin v24.6 - https:\/\/yoast.com\/wordpress\/plugins\/seo\/ -->\n<title>Deonatural - Uniest<\/title>\n<meta name=\"robots\" content=\"index, follow, max-snippet:-1, max-image-preview:large, max-video-preview:-1\" \/>\n<link rel=\"canonical\" href=\"https:\/\/uniest.it\/prodotto\/deonatural\/\" \/>\n<meta property=\"og:locale\" content=\"de_DE\" \/>\n<meta property=\"og:type\" content=\"article\" \/>\n<meta property=\"og:title\" content=\"Deonatural - Uniest\" \/>\n<meta property=\"og:description\" content=\"DeoNatural ist ein Deodorant ohne Aluminium und mit einem geruchsbindenden Molek\u00fcl, mit Sheabutter und Bio-S\u00fc\u00dfmandel\u00f6l, pflanzlichem Glycerin und Salbeiextrakt. Sanft wie eine Liebkosung wirkt es mit voller R\u00fccksicht auf die Haut, verstopft nicht die Poren, sondern l\u00e4sst die Epidermis auf nat\u00fcrliche Weise atmen, reizt die Haut nicht und ist daher auch f\u00fcr die empfindlichste Haut [&hellip;]\" \/>\n<meta property=\"og:url\" content=\"https:\/\/uniest.it\/prodotto\/deonatural\/\" \/>\n<meta property=\"og:site_name\" content=\"Uniest\" \/>\n<meta name=\"twitter:card\" content=\"summary_large_image\" \/>\n<meta name=\"twitter:label1\" content=\"Gesch\u00e4tzte Lesezeit\" \/>\n\t<meta name=\"twitter:data1\" content=\"1\u00a0Minute\" \/>\n<script type=\"application\/ld+json\" class=\"yoast-schema-graph\">{\"@context\":\"https:\/\/schema.org\",\"@graph\":[{\"@type\":\"WebPage\",\"@id\":\"https:\/\/uniest.it\/prodotto\/deonatural\/\",\"url\":\"https:\/\/uniest.it\/prodotto\/deonatural\/\",\"name\":\"Deonatural - Uniest\",\"isPartOf\":{\"@id\":\"https:\/\/uniest.it\/#website\"},\"primaryImageOfPage\":{\"@id\":\"https:\/\/uniest.it\/prodotto\/deonatural\/#primaryimage\"},\"image\":{\"@id\":\"https:\/\/uniest.it\/prodotto\/deonatural\/#primaryimage\"},\"thumbnailUrl\":\"https:\/\/uniest.it\/wp-content\/uploads\/2020\/11\/185AAE.png\",\"datePublished\":\"2024-10-29T17:56:16+00:00\",\"breadcrumb\":{\"@id\":\"https:\/\/uniest.it\/prodotto\/deonatural\/#breadcrumb\"},\"inLanguage\":\"de\",\"potentialAction\":[{\"@type\":\"ReadAction\",\"target\":[\"https:\/\/uniest.it\/prodotto\/deonatural\/\"]}]},{\"@type\":\"ImageObject\",\"inLanguage\":\"de\",\"@id\":\"https:\/\/uniest.it\/prodotto\/deonatural\/#primaryimage\",\"url\":\"https:\/\/uniest.it\/wp-content\/uploads\/2020\/11\/185AAE.png\",\"contentUrl\":\"https:\/\/uniest.it\/wp-content\/uploads\/2020\/11\/185AAE.png\",\"width\":1283,\"height\":2000},{\"@type\":\"BreadcrumbList\",\"@id\":\"https:\/\/uniest.it\/prodotto\/deonatural\/#breadcrumb\",\"itemListElement\":[{\"@type\":\"ListItem\",\"position\":1,\"name\":\"Home\",\"item\":\"https:\/\/uniest.it\/de\/\"},{\"@type\":\"ListItem\",\"position\":2,\"name\":\"Shop\",\"item\":\"https:\/\/uniest.it\/shop\/\"},{\"@type\":\"ListItem\",\"position\":3,\"name\":\"Deonatural\"}]},{\"@type\":\"WebSite\",\"@id\":\"https:\/\/uniest.it\/#website\",\"url\":\"https:\/\/uniest.it\/\",\"name\":\"Uniest\",\"description\":\"Cosmetici Naturali e Bio\",\"potentialAction\":[{\"@type\":\"SearchAction\",\"target\":{\"@type\":\"EntryPoint\",\"urlTemplate\":\"https:\/\/uniest.it\/?s={search_term_string}\"},\"query-input\":{\"@type\":\"PropertyValueSpecification\",\"valueRequired\":true,\"valueName\":\"search_term_string\"}}],\"inLanguage\":\"de\"}]}<\/script>\n<!-- \/ Yoast SEO plugin. -->","yoast_head_json":{"title":"Deonatural - Uniest","robots":{"index":"index","follow":"follow","max-snippet":"max-snippet:-1","max-image-preview":"max-image-preview:large","max-video-preview":"max-video-preview:-1"},"canonical":"https:\/\/uniest.it\/prodotto\/deonatural\/","og_locale":"de_DE","og_type":"article","og_title":"Deonatural - Uniest","og_description":"DeoNatural ist ein Deodorant ohne Aluminium und mit einem geruchsbindenden Molek\u00fcl, mit Sheabutter und Bio-S\u00fc\u00dfmandel\u00f6l, pflanzlichem Glycerin und Salbeiextrakt. Sanft wie eine Liebkosung wirkt es mit voller R\u00fccksicht auf die Haut, verstopft nicht die Poren, sondern l\u00e4sst die Epidermis auf nat\u00fcrliche Weise atmen, reizt die Haut nicht und ist daher auch f\u00fcr die empfindlichste Haut [&hellip;]","og_url":"https:\/\/uniest.it\/prodotto\/deonatural\/","og_site_name":"Uniest","twitter_card":"summary_large_image","twitter_misc":{"Gesch\u00e4tzte Lesezeit":"1\u00a0Minute"},"schema":{"@context":"https:\/\/schema.org","@graph":[{"@type":"WebPage","@id":"https:\/\/uniest.it\/prodotto\/deonatural\/","url":"https:\/\/uniest.it\/prodotto\/deonatural\/","name":"Deonatural - Uniest","isPartOf":{"@id":"https:\/\/uniest.it\/#website"},"primaryImageOfPage":{"@id":"https:\/\/uniest.it\/prodotto\/deonatural\/#primaryimage"},"image":{"@id":"https:\/\/uniest.it\/prodotto\/deonatural\/#primaryimage"},"thumbnailUrl":"https:\/\/uniest.it\/wp-content\/uploads\/2020\/11\/185AAE.png","datePublished":"2024-10-29T17:56:16+00:00","breadcrumb":{"@id":"https:\/\/uniest.it\/prodotto\/deonatural\/#breadcrumb"},"inLanguage":"de","potentialAction":[{"@type":"ReadAction","target":["https:\/\/uniest.it\/prodotto\/deonatural\/"]}]},{"@type":"ImageObject","inLanguage":"de","@id":"https:\/\/uniest.it\/prodotto\/deonatural\/#primaryimage","url":"https:\/\/uniest.it\/wp-content\/uploads\/2020\/11\/185AAE.png","contentUrl":"https:\/\/uniest.it\/wp-content\/uploads\/2020\/11\/185AAE.png","width":1283,"height":2000},{"@type":"BreadcrumbList","@id":"https:\/\/uniest.it\/prodotto\/deonatural\/#breadcrumb","itemListElement":[{"@type":"ListItem","position":1,"name":"Home","item":"https:\/\/uniest.it\/de\/"},{"@type":"ListItem","position":2,"name":"Shop","item":"https:\/\/uniest.it\/shop\/"},{"@type":"ListItem","position":3,"name":"Deonatural"}]},{"@type":"WebSite","@id":"https:\/\/uniest.it\/#website","url":"https:\/\/uniest.it\/","name":"Uniest","description":"Cosmetici Naturali e Bio","potentialAction":[{"@type":"SearchAction","target":{"@type":"EntryPoint","urlTemplate":"https:\/\/uniest.it\/?s={search_term_string}"},"query-input":{"@type":"PropertyValueSpecification","valueRequired":true,"valueName":"search_term_string"}}],"inLanguage":"de"}]}},"_links":{"self":[{"href":"https:\/\/uniest.it\/de\/wp-json\/wp\/v2\/product\/7216","targetHints":{"allow":["GET"]}}],"collection":[{"href":"https:\/\/uniest.it\/de\/wp-json\/wp\/v2\/product"}],"about":[{"href":"https:\/\/uniest.it\/de\/wp-json\/wp\/v2\/types\/product"}],"wp:featuredmedia":[{"embeddable":true,"href":"https:\/\/uniest.it\/de\/wp-json\/wp\/v2\/media\/7217"}],"wp:attachment":[{"href":"https:\/\/uniest.it\/de\/wp-json\/wp\/v2\/media?parent=7216"}],"wp:term":[{"taxonomy":"product_brand","embeddable":true,"href":"https:\/\/uniest.it\/de\/wp-json\/wp\/v2\/product_brand?post=7216"},{"taxonomy":"product_cat","embeddable":true,"href":"https:\/\/uniest.it\/de\/wp-json\/wp\/v2\/product_cat?post=7216"},{"taxonomy":"product_tag","embeddable":true,"href":"https:\/\/uniest.it\/de\/wp-json\/wp\/v2\/product_tag?post=7216"}],"curies":[{"name":"wp","href":"https:\/\/api.w.org\/{rel}","templated":true}]}}