{"id":7219,"date":"2021-02-04T12:59:39","date_gmt":"2024-10-29T17:56:17","guid":{"rendered":"https:\/\/uniest.it\/prodotto\/dentifree-plus\/"},"modified":"2024-10-29T18:56:17","modified_gmt":"2024-10-29T17:56:17","slug":"dentifree-plus","status":"publish","type":"product","link":"https:\/\/uniest.it\/de\/prodotto\/dentifree-plus\/","title":{"rendered":"Dentifree Plus"},"content":{"rendered":"<p>Dentifree Plus ist eine nat\u00fcrliche Zahnpasta, die f\u00fcr die richtige t\u00e4gliche Mundhygiene der ganzen Familie entwickelt wurde; Enth\u00e4lt Inhaltsstoffe aus Rohstoffen pflanzlichen und nat\u00fcrlichen Ursprungs mit beruhigender und beruhigender Wirkung, st\u00e4rkt und strafft das Zahnfleisch, selbst das am st\u00e4rksten ger\u00f6tete und schmerzhafteste, mit erfrischender und regenerierender Wirkung f\u00fcr ein gesundes und nat\u00fcrlich perfektes L\u00e4cheln. Die st\u00e4ndige Anwendung von Dentifree Plus hinterl\u00e4sst eine zarte Frische und Hygiene, die durch das Vorhandensein des Minzaromas und des \u00e4therischen Pfefferminz\u00f6ls entsteht. Die richtige Mundhygiene wird durch die Kombination von Bio-Aloe* und Salbei-Pflanzenextrakt gew\u00e4hrleistet, der nachweislich eine bemerkenswerte nat\u00fcrliche antibakterielle Wirkung hat und dank der Anwesenheit von Spirulina-Algen und Glykosaminoglykanen das Zahnfleisch mit Feuchtigkeit versorgt und n\u00e4hrt. *aus biologischem Anbau.<\/p>\n","protected":false},"excerpt":{"rendered":"<p>Dentifree Plus ist eine nat\u00fcrliche Zahnpasta, die f\u00fcr die richtige t\u00e4gliche Mundhygiene der ganzen Familie entwickelt wurde; Enth\u00e4lt Inhaltsstoffe aus Rohstoffen pflanzlichen und nat\u00fcrlichen Ursprungs mit beruhigender und beruhigender Wirkung, st\u00e4rkt und strafft das Zahnfleisch, selbst das am st\u00e4rksten ger\u00f6tete und schmerzhafteste, mit erfrischender und regenerierender Wirkung f\u00fcr ein gesundes und nat\u00fcrlich perfektes L\u00e4cheln. Die [&hellip;]<\/p>\n","protected":false},"featured_media":7220,"template":"","meta":{"_acf_changed":false,"inline_featured_image":false},"product_brand":[],"product_cat":[1497,1489,1496],"product_tag":[],"class_list":{"0":"post-7219","1":"product","2":"type-product","3":"status-publish","4":"has-post-thumbnail","6":"product_beauty-detergere","7":"product_beauty-lenire","8":"product_beauty-proteggere","9":"product_skin-tutte-le-pelli","10":"product_kind-bagno","11":"product_kind-doccia-e-detergenza","12":"product_lines-igiene-e-protezione","13":"product_cat-viso-de","14":"product_cat-corpo-de","15":"product_cat-uomo-de","16":"pa_size-100-de","18":"first","19":"instock","20":"taxable","21":"shipping-taxable","22":"purchasable","23":"product-type-simple"},"acf":[],"yoast_head":"<!-- This site is optimized with the Yoast SEO plugin v24.6 - https:\/\/yoast.com\/wordpress\/plugins\/seo\/ -->\n<title>Dentifree Plus - Uniest<\/title>\n<meta name=\"robots\" content=\"index, follow, max-snippet:-1, max-image-preview:large, max-video-preview:-1\" \/>\n<link rel=\"canonical\" href=\"https:\/\/uniest.it\/prodotto\/dentifree-plus\/\" \/>\n<meta property=\"og:locale\" content=\"de_DE\" \/>\n<meta property=\"og:type\" content=\"article\" \/>\n<meta property=\"og:title\" content=\"Dentifree Plus - Uniest\" \/>\n<meta property=\"og:description\" content=\"Dentifree Plus ist eine nat\u00fcrliche Zahnpasta, die f\u00fcr die richtige t\u00e4gliche Mundhygiene der ganzen Familie entwickelt wurde; Enth\u00e4lt Inhaltsstoffe aus Rohstoffen pflanzlichen und nat\u00fcrlichen Ursprungs mit beruhigender und beruhigender Wirkung, st\u00e4rkt und strafft das Zahnfleisch, selbst das am st\u00e4rksten ger\u00f6tete und schmerzhafteste, mit erfrischender und regenerierender Wirkung f\u00fcr ein gesundes und nat\u00fcrlich perfektes L\u00e4cheln. Die [&hellip;]\" \/>\n<meta property=\"og:url\" content=\"https:\/\/uniest.it\/prodotto\/dentifree-plus\/\" \/>\n<meta property=\"og:site_name\" content=\"Uniest\" \/>\n<meta name=\"twitter:card\" content=\"summary_large_image\" \/>\n<meta name=\"twitter:label1\" content=\"Gesch\u00e4tzte Lesezeit\" \/>\n\t<meta name=\"twitter:data1\" content=\"1\u00a0Minute\" \/>\n<script type=\"application\/ld+json\" class=\"yoast-schema-graph\">{\"@context\":\"https:\/\/schema.org\",\"@graph\":[{\"@type\":\"WebPage\",\"@id\":\"https:\/\/uniest.it\/prodotto\/dentifree-plus\/\",\"url\":\"https:\/\/uniest.it\/prodotto\/dentifree-plus\/\",\"name\":\"Dentifree Plus - Uniest\",\"isPartOf\":{\"@id\":\"https:\/\/uniest.it\/#website\"},\"primaryImageOfPage\":{\"@id\":\"https:\/\/uniest.it\/prodotto\/dentifree-plus\/#primaryimage\"},\"image\":{\"@id\":\"https:\/\/uniest.it\/prodotto\/dentifree-plus\/#primaryimage\"},\"thumbnailUrl\":\"https:\/\/uniest.it\/wp-content\/uploads\/2020\/11\/190AAE.png\",\"datePublished\":\"2024-10-29T17:56:17+00:00\",\"breadcrumb\":{\"@id\":\"https:\/\/uniest.it\/prodotto\/dentifree-plus\/#breadcrumb\"},\"inLanguage\":\"de\",\"potentialAction\":[{\"@type\":\"ReadAction\",\"target\":[\"https:\/\/uniest.it\/prodotto\/dentifree-plus\/\"]}]},{\"@type\":\"ImageObject\",\"inLanguage\":\"de\",\"@id\":\"https:\/\/uniest.it\/prodotto\/dentifree-plus\/#primaryimage\",\"url\":\"https:\/\/uniest.it\/wp-content\/uploads\/2020\/11\/190AAE.png\",\"contentUrl\":\"https:\/\/uniest.it\/wp-content\/uploads\/2020\/11\/190AAE.png\",\"width\":1283,\"height\":2000},{\"@type\":\"BreadcrumbList\",\"@id\":\"https:\/\/uniest.it\/prodotto\/dentifree-plus\/#breadcrumb\",\"itemListElement\":[{\"@type\":\"ListItem\",\"position\":1,\"name\":\"Home\",\"item\":\"https:\/\/uniest.it\/de\/\"},{\"@type\":\"ListItem\",\"position\":2,\"name\":\"Shop\",\"item\":\"https:\/\/uniest.it\/shop\/\"},{\"@type\":\"ListItem\",\"position\":3,\"name\":\"Dentifree Plus\"}]},{\"@type\":\"WebSite\",\"@id\":\"https:\/\/uniest.it\/#website\",\"url\":\"https:\/\/uniest.it\/\",\"name\":\"Uniest\",\"description\":\"Cosmetici Naturali e Bio\",\"potentialAction\":[{\"@type\":\"SearchAction\",\"target\":{\"@type\":\"EntryPoint\",\"urlTemplate\":\"https:\/\/uniest.it\/?s={search_term_string}\"},\"query-input\":{\"@type\":\"PropertyValueSpecification\",\"valueRequired\":true,\"valueName\":\"search_term_string\"}}],\"inLanguage\":\"de\"}]}<\/script>\n<!-- \/ Yoast SEO plugin. -->","yoast_head_json":{"title":"Dentifree Plus - Uniest","robots":{"index":"index","follow":"follow","max-snippet":"max-snippet:-1","max-image-preview":"max-image-preview:large","max-video-preview":"max-video-preview:-1"},"canonical":"https:\/\/uniest.it\/prodotto\/dentifree-plus\/","og_locale":"de_DE","og_type":"article","og_title":"Dentifree Plus - Uniest","og_description":"Dentifree Plus ist eine nat\u00fcrliche Zahnpasta, die f\u00fcr die richtige t\u00e4gliche Mundhygiene der ganzen Familie entwickelt wurde; Enth\u00e4lt Inhaltsstoffe aus Rohstoffen pflanzlichen und nat\u00fcrlichen Ursprungs mit beruhigender und beruhigender Wirkung, st\u00e4rkt und strafft das Zahnfleisch, selbst das am st\u00e4rksten ger\u00f6tete und schmerzhafteste, mit erfrischender und regenerierender Wirkung f\u00fcr ein gesundes und nat\u00fcrlich perfektes L\u00e4cheln. Die [&hellip;]","og_url":"https:\/\/uniest.it\/prodotto\/dentifree-plus\/","og_site_name":"Uniest","twitter_card":"summary_large_image","twitter_misc":{"Gesch\u00e4tzte Lesezeit":"1\u00a0Minute"},"schema":{"@context":"https:\/\/schema.org","@graph":[{"@type":"WebPage","@id":"https:\/\/uniest.it\/prodotto\/dentifree-plus\/","url":"https:\/\/uniest.it\/prodotto\/dentifree-plus\/","name":"Dentifree Plus - Uniest","isPartOf":{"@id":"https:\/\/uniest.it\/#website"},"primaryImageOfPage":{"@id":"https:\/\/uniest.it\/prodotto\/dentifree-plus\/#primaryimage"},"image":{"@id":"https:\/\/uniest.it\/prodotto\/dentifree-plus\/#primaryimage"},"thumbnailUrl":"https:\/\/uniest.it\/wp-content\/uploads\/2020\/11\/190AAE.png","datePublished":"2024-10-29T17:56:17+00:00","breadcrumb":{"@id":"https:\/\/uniest.it\/prodotto\/dentifree-plus\/#breadcrumb"},"inLanguage":"de","potentialAction":[{"@type":"ReadAction","target":["https:\/\/uniest.it\/prodotto\/dentifree-plus\/"]}]},{"@type":"ImageObject","inLanguage":"de","@id":"https:\/\/uniest.it\/prodotto\/dentifree-plus\/#primaryimage","url":"https:\/\/uniest.it\/wp-content\/uploads\/2020\/11\/190AAE.png","contentUrl":"https:\/\/uniest.it\/wp-content\/uploads\/2020\/11\/190AAE.png","width":1283,"height":2000},{"@type":"BreadcrumbList","@id":"https:\/\/uniest.it\/prodotto\/dentifree-plus\/#breadcrumb","itemListElement":[{"@type":"ListItem","position":1,"name":"Home","item":"https:\/\/uniest.it\/de\/"},{"@type":"ListItem","position":2,"name":"Shop","item":"https:\/\/uniest.it\/shop\/"},{"@type":"ListItem","position":3,"name":"Dentifree Plus"}]},{"@type":"WebSite","@id":"https:\/\/uniest.it\/#website","url":"https:\/\/uniest.it\/","name":"Uniest","description":"Cosmetici Naturali e Bio","potentialAction":[{"@type":"SearchAction","target":{"@type":"EntryPoint","urlTemplate":"https:\/\/uniest.it\/?s={search_term_string}"},"query-input":{"@type":"PropertyValueSpecification","valueRequired":true,"valueName":"search_term_string"}}],"inLanguage":"de"}]}},"_links":{"self":[{"href":"https:\/\/uniest.it\/de\/wp-json\/wp\/v2\/product\/7219","targetHints":{"allow":["GET"]}}],"collection":[{"href":"https:\/\/uniest.it\/de\/wp-json\/wp\/v2\/product"}],"about":[{"href":"https:\/\/uniest.it\/de\/wp-json\/wp\/v2\/types\/product"}],"wp:featuredmedia":[{"embeddable":true,"href":"https:\/\/uniest.it\/de\/wp-json\/wp\/v2\/media\/7220"}],"wp:attachment":[{"href":"https:\/\/uniest.it\/de\/wp-json\/wp\/v2\/media?parent=7219"}],"wp:term":[{"taxonomy":"product_brand","embeddable":true,"href":"https:\/\/uniest.it\/de\/wp-json\/wp\/v2\/product_brand?post=7219"},{"taxonomy":"product_cat","embeddable":true,"href":"https:\/\/uniest.it\/de\/wp-json\/wp\/v2\/product_cat?post=7219"},{"taxonomy":"product_tag","embeddable":true,"href":"https:\/\/uniest.it\/de\/wp-json\/wp\/v2\/product_tag?post=7219"}],"curies":[{"name":"wp","href":"https:\/\/api.w.org\/{rel}","templated":true}]}}