{"id":7222,"date":"2021-02-04T12:59:39","date_gmt":"2024-10-29T17:56:17","guid":{"rendered":"https:\/\/uniest.it\/prodotto\/calendula-handcreme\/"},"modified":"2024-10-29T18:56:17","modified_gmt":"2024-10-29T17:56:17","slug":"calendula-handcreme","status":"publish","type":"product","link":"https:\/\/uniest.it\/de\/prodotto\/calendula-handcreme\/","title":{"rendered":"Calendula-Handcreme"},"content":{"rendered":"<p>Calendula-Handcreme ist eine zarte Creme auf Basis des wertvollen Pflanzenextrakts der Bio-Calendula, die die Eigenschaft hat, die Haut der H\u00e4nde weich zu machen. Es hat auch die Funktion, kleine Risse zu heilen, die durch klimatische Faktoren (K\u00e4lte und Wind) und h\u00e4ufiges Reinigen verursacht werden. Um die Wirkung von Calendula zu verst\u00e4rken, wurden Pflanzenextrakte aus Melisse und Propolis hinzugef\u00fcgt, hervorragende Anti-R\u00f6tungs- und Heilmittel, w\u00e4hrend Vitamin E antioxidative Eigenschaften aufweist. Bio-Sheabutter, Reiskleie\u00f6l, Karotten\u00f6l, Sojalecithin, Weizenkeimproteine und pflanzliches Glycerin stellen die Elastizit\u00e4t und Feuchtigkeit der Haut wieder her. Mit der Calendula-Handcreme vermeiden Sie Risse und Trockenheit und sorgen f\u00fcr immer weiche und samtige H\u00e4nde, die sich angenehm anf\u00fchlen.<\/p>\n","protected":false},"excerpt":{"rendered":"<p>Calendula-Handcreme ist eine zarte Creme auf Basis des wertvollen Pflanzenextrakts der Bio-Calendula, die die Eigenschaft hat, die Haut der H\u00e4nde weich zu machen. Es hat auch die Funktion, kleine Risse zu heilen, die durch klimatische Faktoren (K\u00e4lte und Wind) und h\u00e4ufiges Reinigen verursacht werden. Um die Wirkung von Calendula zu verst\u00e4rken, wurden Pflanzenextrakte aus Melisse [&hellip;]<\/p>\n","protected":false},"featured_media":7223,"template":"","meta":{"_acf_changed":false,"inline_featured_image":false},"product_brand":[],"product_cat":[1493],"product_tag":[],"class_list":{"0":"post-7222","1":"product","2":"type-product","3":"status-publish","4":"has-post-thumbnail","6":"product_beauty-antirughe","7":"product_beauty-idratare","8":"product_beauty-lenire","9":"product_beauty-nutrire-e-rigenerare","10":"product_beauty-proteggere","11":"product_beauty-schiarire","12":"product_skin-pelli-delicate-e-sensibili","13":"product_skin-pelli-giovani-e-prime-rughe","14":"product_skin-pelli-grasse-e-miste","15":"product_skin-pelli-mature-e-rughe","16":"product_skin-pelli-secche-e-normali","17":"product_skin-tutte-le-pelli","18":"product_kind-trattamenti-mani-e-piedi","19":"product_kind-tutte-le-creme-corpo","20":"product_lines-igiene-e-protezione","21":"product_cat-mani-e-piedi-de","22":"pa_size-75-de","24":"first","25":"instock","26":"taxable","27":"shipping-taxable","28":"purchasable","29":"product-type-simple"},"acf":[],"yoast_head":"<!-- This site is optimized with the Yoast SEO plugin v24.6 - https:\/\/yoast.com\/wordpress\/plugins\/seo\/ -->\n<title>Calendula-Handcreme - Uniest<\/title>\n<meta name=\"robots\" content=\"index, follow, max-snippet:-1, max-image-preview:large, max-video-preview:-1\" \/>\n<link rel=\"canonical\" href=\"https:\/\/uniest.it\/prodotto\/crema-mani-alla-calendula\/\" \/>\n<meta property=\"og:locale\" content=\"de_DE\" \/>\n<meta property=\"og:type\" content=\"article\" \/>\n<meta property=\"og:title\" content=\"Calendula-Handcreme - Uniest\" \/>\n<meta property=\"og:description\" content=\"Calendula-Handcreme ist eine zarte Creme auf Basis des wertvollen Pflanzenextrakts der Bio-Calendula, die die Eigenschaft hat, die Haut der H\u00e4nde weich zu machen. Es hat auch die Funktion, kleine Risse zu heilen, die durch klimatische Faktoren (K\u00e4lte und Wind) und h\u00e4ufiges Reinigen verursacht werden. Um die Wirkung von Calendula zu verst\u00e4rken, wurden Pflanzenextrakte aus Melisse [&hellip;]\" \/>\n<meta property=\"og:url\" content=\"https:\/\/uniest.it\/prodotto\/crema-mani-alla-calendula\/\" \/>\n<meta property=\"og:site_name\" content=\"Uniest\" \/>\n<meta property=\"og:image\" content=\"https:\/\/uniest.it\/wp-content\/uploads\/2020\/11\/192AAE.png\" \/>\n\t<meta property=\"og:image:width\" content=\"1283\" \/>\n\t<meta property=\"og:image:height\" content=\"2000\" \/>\n\t<meta property=\"og:image:type\" content=\"image\/png\" \/>\n<meta name=\"twitter:card\" content=\"summary_large_image\" \/>\n<meta name=\"twitter:label1\" content=\"Gesch\u00e4tzte Lesezeit\" \/>\n\t<meta name=\"twitter:data1\" content=\"1\u00a0Minute\" \/>\n<script type=\"application\/ld+json\" class=\"yoast-schema-graph\">{\"@context\":\"https:\/\/schema.org\",\"@graph\":[{\"@type\":\"WebPage\",\"@id\":\"https:\/\/uniest.it\/prodotto\/crema-mani-alla-calendula\/\",\"url\":\"https:\/\/uniest.it\/prodotto\/crema-mani-alla-calendula\/\",\"name\":\"Calendula-Handcreme - Uniest\",\"isPartOf\":{\"@id\":\"https:\/\/uniest.it\/#website\"},\"primaryImageOfPage\":{\"@id\":\"https:\/\/uniest.it\/prodotto\/crema-mani-alla-calendula\/#primaryimage\"},\"image\":{\"@id\":\"https:\/\/uniest.it\/prodotto\/crema-mani-alla-calendula\/#primaryimage\"},\"thumbnailUrl\":\"https:\/\/uniest.it\/wp-content\/uploads\/2020\/11\/192AAE.png\",\"datePublished\":\"2024-10-29T17:56:17+00:00\",\"breadcrumb\":{\"@id\":\"https:\/\/uniest.it\/prodotto\/crema-mani-alla-calendula\/#breadcrumb\"},\"inLanguage\":\"de\",\"potentialAction\":[{\"@type\":\"ReadAction\",\"target\":[\"https:\/\/uniest.it\/prodotto\/crema-mani-alla-calendula\/\"]}]},{\"@type\":\"ImageObject\",\"inLanguage\":\"de\",\"@id\":\"https:\/\/uniest.it\/prodotto\/crema-mani-alla-calendula\/#primaryimage\",\"url\":\"https:\/\/uniest.it\/wp-content\/uploads\/2020\/11\/192AAE.png\",\"contentUrl\":\"https:\/\/uniest.it\/wp-content\/uploads\/2020\/11\/192AAE.png\",\"width\":1283,\"height\":2000},{\"@type\":\"BreadcrumbList\",\"@id\":\"https:\/\/uniest.it\/prodotto\/crema-mani-alla-calendula\/#breadcrumb\",\"itemListElement\":[{\"@type\":\"ListItem\",\"position\":1,\"name\":\"Home\",\"item\":\"https:\/\/uniest.it\/de\/\"},{\"@type\":\"ListItem\",\"position\":2,\"name\":\"Shop\",\"item\":\"https:\/\/uniest.it\/shop\/\"},{\"@type\":\"ListItem\",\"position\":3,\"name\":\"Calendula-Handcreme\"}]},{\"@type\":\"WebSite\",\"@id\":\"https:\/\/uniest.it\/#website\",\"url\":\"https:\/\/uniest.it\/\",\"name\":\"Uniest\",\"description\":\"Cosmetici Naturali e Bio\",\"potentialAction\":[{\"@type\":\"SearchAction\",\"target\":{\"@type\":\"EntryPoint\",\"urlTemplate\":\"https:\/\/uniest.it\/?s={search_term_string}\"},\"query-input\":{\"@type\":\"PropertyValueSpecification\",\"valueRequired\":true,\"valueName\":\"search_term_string\"}}],\"inLanguage\":\"de\"}]}<\/script>\n<!-- \/ Yoast SEO plugin. -->","yoast_head_json":{"title":"Calendula-Handcreme - Uniest","robots":{"index":"index","follow":"follow","max-snippet":"max-snippet:-1","max-image-preview":"max-image-preview:large","max-video-preview":"max-video-preview:-1"},"canonical":"https:\/\/uniest.it\/prodotto\/crema-mani-alla-calendula\/","og_locale":"de_DE","og_type":"article","og_title":"Calendula-Handcreme - Uniest","og_description":"Calendula-Handcreme ist eine zarte Creme auf Basis des wertvollen Pflanzenextrakts der Bio-Calendula, die die Eigenschaft hat, die Haut der H\u00e4nde weich zu machen. Es hat auch die Funktion, kleine Risse zu heilen, die durch klimatische Faktoren (K\u00e4lte und Wind) und h\u00e4ufiges Reinigen verursacht werden. Um die Wirkung von Calendula zu verst\u00e4rken, wurden Pflanzenextrakte aus Melisse [&hellip;]","og_url":"https:\/\/uniest.it\/prodotto\/crema-mani-alla-calendula\/","og_site_name":"Uniest","og_image":[{"width":1283,"height":2000,"url":"https:\/\/uniest.it\/wp-content\/uploads\/2020\/11\/192AAE.png","type":"image\/png"}],"twitter_card":"summary_large_image","twitter_misc":{"Gesch\u00e4tzte Lesezeit":"1\u00a0Minute"},"schema":{"@context":"https:\/\/schema.org","@graph":[{"@type":"WebPage","@id":"https:\/\/uniest.it\/prodotto\/crema-mani-alla-calendula\/","url":"https:\/\/uniest.it\/prodotto\/crema-mani-alla-calendula\/","name":"Calendula-Handcreme - Uniest","isPartOf":{"@id":"https:\/\/uniest.it\/#website"},"primaryImageOfPage":{"@id":"https:\/\/uniest.it\/prodotto\/crema-mani-alla-calendula\/#primaryimage"},"image":{"@id":"https:\/\/uniest.it\/prodotto\/crema-mani-alla-calendula\/#primaryimage"},"thumbnailUrl":"https:\/\/uniest.it\/wp-content\/uploads\/2020\/11\/192AAE.png","datePublished":"2024-10-29T17:56:17+00:00","breadcrumb":{"@id":"https:\/\/uniest.it\/prodotto\/crema-mani-alla-calendula\/#breadcrumb"},"inLanguage":"de","potentialAction":[{"@type":"ReadAction","target":["https:\/\/uniest.it\/prodotto\/crema-mani-alla-calendula\/"]}]},{"@type":"ImageObject","inLanguage":"de","@id":"https:\/\/uniest.it\/prodotto\/crema-mani-alla-calendula\/#primaryimage","url":"https:\/\/uniest.it\/wp-content\/uploads\/2020\/11\/192AAE.png","contentUrl":"https:\/\/uniest.it\/wp-content\/uploads\/2020\/11\/192AAE.png","width":1283,"height":2000},{"@type":"BreadcrumbList","@id":"https:\/\/uniest.it\/prodotto\/crema-mani-alla-calendula\/#breadcrumb","itemListElement":[{"@type":"ListItem","position":1,"name":"Home","item":"https:\/\/uniest.it\/de\/"},{"@type":"ListItem","position":2,"name":"Shop","item":"https:\/\/uniest.it\/shop\/"},{"@type":"ListItem","position":3,"name":"Calendula-Handcreme"}]},{"@type":"WebSite","@id":"https:\/\/uniest.it\/#website","url":"https:\/\/uniest.it\/","name":"Uniest","description":"Cosmetici Naturali e Bio","potentialAction":[{"@type":"SearchAction","target":{"@type":"EntryPoint","urlTemplate":"https:\/\/uniest.it\/?s={search_term_string}"},"query-input":{"@type":"PropertyValueSpecification","valueRequired":true,"valueName":"search_term_string"}}],"inLanguage":"de"}]}},"_links":{"self":[{"href":"https:\/\/uniest.it\/de\/wp-json\/wp\/v2\/product\/7222","targetHints":{"allow":["GET"]}}],"collection":[{"href":"https:\/\/uniest.it\/de\/wp-json\/wp\/v2\/product"}],"about":[{"href":"https:\/\/uniest.it\/de\/wp-json\/wp\/v2\/types\/product"}],"wp:featuredmedia":[{"embeddable":true,"href":"https:\/\/uniest.it\/de\/wp-json\/wp\/v2\/media\/7223"}],"wp:attachment":[{"href":"https:\/\/uniest.it\/de\/wp-json\/wp\/v2\/media?parent=7222"}],"wp:term":[{"taxonomy":"product_brand","embeddable":true,"href":"https:\/\/uniest.it\/de\/wp-json\/wp\/v2\/product_brand?post=7222"},{"taxonomy":"product_cat","embeddable":true,"href":"https:\/\/uniest.it\/de\/wp-json\/wp\/v2\/product_cat?post=7222"},{"taxonomy":"product_tag","embeddable":true,"href":"https:\/\/uniest.it\/de\/wp-json\/wp\/v2\/product_tag?post=7222"}],"curies":[{"name":"wp","href":"https:\/\/api.w.org\/{rel}","templated":true}]}}