{"id":7225,"date":"2021-02-04T12:59:39","date_gmt":"2024-10-29T17:56:18","guid":{"rendered":"https:\/\/uniest.it\/prodotto\/fussweichmachende-creme\/"},"modified":"2024-10-29T18:56:18","modified_gmt":"2024-10-29T17:56:18","slug":"fussweichmachende-creme","status":"publish","type":"product","link":"https:\/\/uniest.it\/de\/prodotto\/fussweichmachende-creme\/","title":{"rendered":"Fu\u00dfweichmachende Creme"},"content":{"rendered":"<p>Weichmachende Creme f\u00fcr F\u00fc\u00dfe Dank ihrer speziellen Formulierung verleiht diese weiche Creme auf nat\u00fcrlicher Basis den F\u00fc\u00dfen Elastizit\u00e4t, Geschmeidigkeit, Spannkraft und Wohlbefinden. Es kombiniert die erweichenden und sch\u00fctzenden Eigenschaften von Reiskleie\u00f6l mit den n\u00e4hrenden und feuchtigkeitsspendenden Eigenschaften von pflanzlichem Glycerin und Glykols\u00e4ure. Dar\u00fcber hinaus verf\u00fcgt Kojis\u00e4ure \u00fcber antibakterielle Eigenschaften, die helfen k\u00f6nnen, l\u00e4stigen Mykosen vorzubeugen. \u00c4therische \u00d6le aus Menthol und Kampfer tonisieren und erfrischen die F\u00fc\u00dfe. Im Sommer, wenn wir Sandalen und Hausschuhe tragen m\u00fcssen, neigen wir eher dazu, unseren F\u00fc\u00dfen mehr Aufmerksamkeit zu schenken und Cremes, verschiedene Behandlungen und Peelings zu verwenden, damit sie immer weich und geschmeidig sind, ohne Anzeichen von Trockenheit. Der beste Weg, um immer gepflegte und glatte F\u00fc\u00dfe zu haben, besteht in der Tat darin, sie das ganze Jahr \u00fcber gut zu pflegen. &nbsp; &nbsp;<\/p>\n","protected":false},"excerpt":{"rendered":"<p>Weichmachende Creme f\u00fcr F\u00fc\u00dfe Dank ihrer speziellen Formulierung verleiht diese weiche Creme auf nat\u00fcrlicher Basis den F\u00fc\u00dfen Elastizit\u00e4t, Geschmeidigkeit, Spannkraft und Wohlbefinden. Es kombiniert die erweichenden und sch\u00fctzenden Eigenschaften von Reiskleie\u00f6l mit den n\u00e4hrenden und feuchtigkeitsspendenden Eigenschaften von pflanzlichem Glycerin und Glykols\u00e4ure. Dar\u00fcber hinaus verf\u00fcgt Kojis\u00e4ure \u00fcber antibakterielle Eigenschaften, die helfen k\u00f6nnen, l\u00e4stigen Mykosen vorzubeugen. [&hellip;]<\/p>\n","protected":false},"featured_media":7226,"template":"","meta":{"_acf_changed":false,"inline_featured_image":false},"product_brand":[],"product_cat":[1493],"product_tag":[],"class_list":{"0":"post-7225","1":"product","2":"type-product","3":"status-publish","4":"has-post-thumbnail","6":"product_beauty-idratare","7":"product_beauty-lenire","8":"product_beauty-nutrire-e-rigenerare","9":"product_beauty-proteggere","10":"product_beauty-schiarire","11":"product_skin-pelli-delicate-e-sensibili","12":"product_skin-pelli-giovani-e-prime-rughe","13":"product_skin-pelli-grasse-e-miste","14":"product_skin-pelli-mature-e-rughe","15":"product_skin-pelli-secche-e-normali","16":"product_skin-tutte-le-pelli","17":"product_kind-trattamenti-mani-e-piedi","18":"product_kind-tutte-le-creme-corpo","19":"product_lines-igiene-e-protezione","20":"product_cat-mani-e-piedi-de","21":"pa_size-75-de","23":"first","24":"instock","25":"taxable","26":"shipping-taxable","27":"purchasable","28":"product-type-simple"},"acf":[],"yoast_head":"<!-- This site is optimized with the Yoast SEO plugin v24.6 - https:\/\/yoast.com\/wordpress\/plugins\/seo\/ -->\n<title>Fu\u00dfweichmachende Creme - Uniest<\/title>\n<meta name=\"robots\" content=\"index, follow, max-snippet:-1, max-image-preview:large, max-video-preview:-1\" \/>\n<link rel=\"canonical\" href=\"https:\/\/uniest.it\/prodotto\/crema-ammorbidente-piedi\/\" \/>\n<meta property=\"og:locale\" content=\"de_DE\" \/>\n<meta property=\"og:type\" content=\"article\" \/>\n<meta property=\"og:title\" content=\"Fu\u00dfweichmachende Creme - Uniest\" \/>\n<meta property=\"og:description\" content=\"Weichmachende Creme f\u00fcr F\u00fc\u00dfe Dank ihrer speziellen Formulierung verleiht diese weiche Creme auf nat\u00fcrlicher Basis den F\u00fc\u00dfen Elastizit\u00e4t, Geschmeidigkeit, Spannkraft und Wohlbefinden. Es kombiniert die erweichenden und sch\u00fctzenden Eigenschaften von Reiskleie\u00f6l mit den n\u00e4hrenden und feuchtigkeitsspendenden Eigenschaften von pflanzlichem Glycerin und Glykols\u00e4ure. Dar\u00fcber hinaus verf\u00fcgt Kojis\u00e4ure \u00fcber antibakterielle Eigenschaften, die helfen k\u00f6nnen, l\u00e4stigen Mykosen vorzubeugen. [&hellip;]\" \/>\n<meta property=\"og:url\" content=\"https:\/\/uniest.it\/prodotto\/crema-ammorbidente-piedi\/\" \/>\n<meta property=\"og:site_name\" content=\"Uniest\" \/>\n<meta property=\"og:image\" content=\"https:\/\/uniest.it\/wp-content\/uploads\/2020\/11\/195AAE.png\" \/>\n\t<meta property=\"og:image:width\" content=\"1283\" \/>\n\t<meta property=\"og:image:height\" content=\"2000\" \/>\n\t<meta property=\"og:image:type\" content=\"image\/png\" \/>\n<meta name=\"twitter:card\" content=\"summary_large_image\" \/>\n<meta name=\"twitter:label1\" content=\"Gesch\u00e4tzte Lesezeit\" \/>\n\t<meta name=\"twitter:data1\" content=\"1\u00a0Minute\" \/>\n<script type=\"application\/ld+json\" class=\"yoast-schema-graph\">{\"@context\":\"https:\/\/schema.org\",\"@graph\":[{\"@type\":\"WebPage\",\"@id\":\"https:\/\/uniest.it\/prodotto\/crema-ammorbidente-piedi\/\",\"url\":\"https:\/\/uniest.it\/prodotto\/crema-ammorbidente-piedi\/\",\"name\":\"Fu\u00dfweichmachende Creme - Uniest\",\"isPartOf\":{\"@id\":\"https:\/\/uniest.it\/#website\"},\"primaryImageOfPage\":{\"@id\":\"https:\/\/uniest.it\/prodotto\/crema-ammorbidente-piedi\/#primaryimage\"},\"image\":{\"@id\":\"https:\/\/uniest.it\/prodotto\/crema-ammorbidente-piedi\/#primaryimage\"},\"thumbnailUrl\":\"https:\/\/uniest.it\/wp-content\/uploads\/2020\/11\/195AAE.png\",\"datePublished\":\"2024-10-29T17:56:18+00:00\",\"breadcrumb\":{\"@id\":\"https:\/\/uniest.it\/prodotto\/crema-ammorbidente-piedi\/#breadcrumb\"},\"inLanguage\":\"de\",\"potentialAction\":[{\"@type\":\"ReadAction\",\"target\":[\"https:\/\/uniest.it\/prodotto\/crema-ammorbidente-piedi\/\"]}]},{\"@type\":\"ImageObject\",\"inLanguage\":\"de\",\"@id\":\"https:\/\/uniest.it\/prodotto\/crema-ammorbidente-piedi\/#primaryimage\",\"url\":\"https:\/\/uniest.it\/wp-content\/uploads\/2020\/11\/195AAE.png\",\"contentUrl\":\"https:\/\/uniest.it\/wp-content\/uploads\/2020\/11\/195AAE.png\",\"width\":1283,\"height\":2000},{\"@type\":\"BreadcrumbList\",\"@id\":\"https:\/\/uniest.it\/prodotto\/crema-ammorbidente-piedi\/#breadcrumb\",\"itemListElement\":[{\"@type\":\"ListItem\",\"position\":1,\"name\":\"Home\",\"item\":\"https:\/\/uniest.it\/de\/\"},{\"@type\":\"ListItem\",\"position\":2,\"name\":\"Shop\",\"item\":\"https:\/\/uniest.it\/shop\/\"},{\"@type\":\"ListItem\",\"position\":3,\"name\":\"Fu\u00dfweichmachende Creme\"}]},{\"@type\":\"WebSite\",\"@id\":\"https:\/\/uniest.it\/#website\",\"url\":\"https:\/\/uniest.it\/\",\"name\":\"Uniest\",\"description\":\"Cosmetici Naturali e Bio\",\"potentialAction\":[{\"@type\":\"SearchAction\",\"target\":{\"@type\":\"EntryPoint\",\"urlTemplate\":\"https:\/\/uniest.it\/?s={search_term_string}\"},\"query-input\":{\"@type\":\"PropertyValueSpecification\",\"valueRequired\":true,\"valueName\":\"search_term_string\"}}],\"inLanguage\":\"de\"}]}<\/script>\n<!-- \/ Yoast SEO plugin. -->","yoast_head_json":{"title":"Fu\u00dfweichmachende Creme - Uniest","robots":{"index":"index","follow":"follow","max-snippet":"max-snippet:-1","max-image-preview":"max-image-preview:large","max-video-preview":"max-video-preview:-1"},"canonical":"https:\/\/uniest.it\/prodotto\/crema-ammorbidente-piedi\/","og_locale":"de_DE","og_type":"article","og_title":"Fu\u00dfweichmachende Creme - Uniest","og_description":"Weichmachende Creme f\u00fcr F\u00fc\u00dfe Dank ihrer speziellen Formulierung verleiht diese weiche Creme auf nat\u00fcrlicher Basis den F\u00fc\u00dfen Elastizit\u00e4t, Geschmeidigkeit, Spannkraft und Wohlbefinden. Es kombiniert die erweichenden und sch\u00fctzenden Eigenschaften von Reiskleie\u00f6l mit den n\u00e4hrenden und feuchtigkeitsspendenden Eigenschaften von pflanzlichem Glycerin und Glykols\u00e4ure. Dar\u00fcber hinaus verf\u00fcgt Kojis\u00e4ure \u00fcber antibakterielle Eigenschaften, die helfen k\u00f6nnen, l\u00e4stigen Mykosen vorzubeugen. [&hellip;]","og_url":"https:\/\/uniest.it\/prodotto\/crema-ammorbidente-piedi\/","og_site_name":"Uniest","og_image":[{"width":1283,"height":2000,"url":"https:\/\/uniest.it\/wp-content\/uploads\/2020\/11\/195AAE.png","type":"image\/png"}],"twitter_card":"summary_large_image","twitter_misc":{"Gesch\u00e4tzte Lesezeit":"1\u00a0Minute"},"schema":{"@context":"https:\/\/schema.org","@graph":[{"@type":"WebPage","@id":"https:\/\/uniest.it\/prodotto\/crema-ammorbidente-piedi\/","url":"https:\/\/uniest.it\/prodotto\/crema-ammorbidente-piedi\/","name":"Fu\u00dfweichmachende Creme - Uniest","isPartOf":{"@id":"https:\/\/uniest.it\/#website"},"primaryImageOfPage":{"@id":"https:\/\/uniest.it\/prodotto\/crema-ammorbidente-piedi\/#primaryimage"},"image":{"@id":"https:\/\/uniest.it\/prodotto\/crema-ammorbidente-piedi\/#primaryimage"},"thumbnailUrl":"https:\/\/uniest.it\/wp-content\/uploads\/2020\/11\/195AAE.png","datePublished":"2024-10-29T17:56:18+00:00","breadcrumb":{"@id":"https:\/\/uniest.it\/prodotto\/crema-ammorbidente-piedi\/#breadcrumb"},"inLanguage":"de","potentialAction":[{"@type":"ReadAction","target":["https:\/\/uniest.it\/prodotto\/crema-ammorbidente-piedi\/"]}]},{"@type":"ImageObject","inLanguage":"de","@id":"https:\/\/uniest.it\/prodotto\/crema-ammorbidente-piedi\/#primaryimage","url":"https:\/\/uniest.it\/wp-content\/uploads\/2020\/11\/195AAE.png","contentUrl":"https:\/\/uniest.it\/wp-content\/uploads\/2020\/11\/195AAE.png","width":1283,"height":2000},{"@type":"BreadcrumbList","@id":"https:\/\/uniest.it\/prodotto\/crema-ammorbidente-piedi\/#breadcrumb","itemListElement":[{"@type":"ListItem","position":1,"name":"Home","item":"https:\/\/uniest.it\/de\/"},{"@type":"ListItem","position":2,"name":"Shop","item":"https:\/\/uniest.it\/shop\/"},{"@type":"ListItem","position":3,"name":"Fu\u00dfweichmachende Creme"}]},{"@type":"WebSite","@id":"https:\/\/uniest.it\/#website","url":"https:\/\/uniest.it\/","name":"Uniest","description":"Cosmetici Naturali e Bio","potentialAction":[{"@type":"SearchAction","target":{"@type":"EntryPoint","urlTemplate":"https:\/\/uniest.it\/?s={search_term_string}"},"query-input":{"@type":"PropertyValueSpecification","valueRequired":true,"valueName":"search_term_string"}}],"inLanguage":"de"}]}},"_links":{"self":[{"href":"https:\/\/uniest.it\/de\/wp-json\/wp\/v2\/product\/7225","targetHints":{"allow":["GET"]}}],"collection":[{"href":"https:\/\/uniest.it\/de\/wp-json\/wp\/v2\/product"}],"about":[{"href":"https:\/\/uniest.it\/de\/wp-json\/wp\/v2\/types\/product"}],"wp:featuredmedia":[{"embeddable":true,"href":"https:\/\/uniest.it\/de\/wp-json\/wp\/v2\/media\/7226"}],"wp:attachment":[{"href":"https:\/\/uniest.it\/de\/wp-json\/wp\/v2\/media?parent=7225"}],"wp:term":[{"taxonomy":"product_brand","embeddable":true,"href":"https:\/\/uniest.it\/de\/wp-json\/wp\/v2\/product_brand?post=7225"},{"taxonomy":"product_cat","embeddable":true,"href":"https:\/\/uniest.it\/de\/wp-json\/wp\/v2\/product_cat?post=7225"},{"taxonomy":"product_tag","embeddable":true,"href":"https:\/\/uniest.it\/de\/wp-json\/wp\/v2\/product_tag?post=7225"}],"curies":[{"name":"wp","href":"https:\/\/api.w.org\/{rel}","templated":true}]}}