{"id":7228,"date":"2021-02-04T12:59:39","date_gmt":"2024-10-29T17:56:19","guid":{"rendered":"https:\/\/uniest.it\/prodotto\/creme-fuer-heisse-und-muede-fuesse\/"},"modified":"2024-10-29T18:56:19","modified_gmt":"2024-10-29T17:56:19","slug":"creme-fuer-heisse-und-muede-fuesse","status":"publish","type":"product","link":"https:\/\/uniest.it\/de\/prodotto\/creme-fuer-heisse-und-muede-fuesse\/","title":{"rendered":"Creme f\u00fcr hei\u00dfe und m\u00fcde F\u00fc\u00dfe"},"content":{"rendered":"<p>Hei\u00dfe Fu\u00dfcreme bek\u00e4mpft das Gef\u00fchl von hei\u00dfen, m\u00fcden und geschwollenen F\u00fc\u00dfen, die durch schlechte Durchblutung oder die Jahreszeit verursacht werden, und sorgt f\u00fcr ein Gef\u00fchl von Frische, Leichtigkeit und Wohlbefinden. Die \u00e4therischen \u00d6le von Menthol, Kampfer und Waldkiefer tonisieren und erfrischen die Haut der F\u00fc\u00dfe, beseitigen unangenehme Ger\u00fcche und helfen zudem, l\u00e4stigen Mykosen vorzubeugen. Der Bio-Birkenextrakt wirkt beruhigend und eignet sich hervorragend gegen Rheuma und Gelenkschmerzen, w\u00e4hrend das Reiskleie\u00f6l f\u00fcr Geschmeidigkeit und Elastizit\u00e4t sorgt. Bio-Aloe Barbadensis, Bio-Sheabutter, Bio-S\u00fc\u00dfmandel\u00f6l und pflanzliches Glycerin verleihen der Haut Weichheit und Feuchtigkeit.<\/p>\n","protected":false},"excerpt":{"rendered":"<p>Hei\u00dfe Fu\u00dfcreme bek\u00e4mpft das Gef\u00fchl von hei\u00dfen, m\u00fcden und geschwollenen F\u00fc\u00dfen, die durch schlechte Durchblutung oder die Jahreszeit verursacht werden, und sorgt f\u00fcr ein Gef\u00fchl von Frische, Leichtigkeit und Wohlbefinden. Die \u00e4therischen \u00d6le von Menthol, Kampfer und Waldkiefer tonisieren und erfrischen die Haut der F\u00fc\u00dfe, beseitigen unangenehme Ger\u00fcche und helfen zudem, l\u00e4stigen Mykosen vorzubeugen. Der [&hellip;]<\/p>\n","protected":false},"featured_media":7229,"template":"","meta":{"_acf_changed":false,"inline_featured_image":false},"product_brand":[],"product_cat":[1493],"product_tag":[],"class_list":{"0":"post-7228","1":"product","2":"type-product","3":"status-publish","4":"has-post-thumbnail","6":"product_beauty-balsamico","7":"product_beauty-idratare","8":"product_beauty-lenire","9":"product_beauty-nutrire-e-rigenerare","10":"product_beauty-proteggere","11":"product_beauty-rassodare-e-tonificare","12":"product_skin-pelli-delicate-e-sensibili","13":"product_skin-pelli-giovani-e-prime-rughe","14":"product_skin-pelli-grasse-e-miste","15":"product_skin-pelli-mature-e-rughe","16":"product_skin-pelli-secche-e-normali","17":"product_skin-tutte-le-pelli","18":"product_kind-trattamenti-mani-e-piedi","19":"product_kind-trattamenti-speciali","20":"product_kind-tutte-le-creme-corpo","21":"product_lines-igiene-e-protezione","22":"product_cat-mani-e-piedi-de","23":"pa_size-75-de","25":"first","26":"outofstock","27":"taxable","28":"shipping-taxable","29":"purchasable","30":"product-type-simple"},"acf":[],"yoast_head":"<!-- This site is optimized with the Yoast SEO plugin v24.6 - https:\/\/yoast.com\/wordpress\/plugins\/seo\/ -->\n<title>Creme f\u00fcr hei\u00dfe und m\u00fcde F\u00fc\u00dfe - Uniest<\/title>\n<meta name=\"robots\" content=\"index, follow, max-snippet:-1, max-image-preview:large, max-video-preview:-1\" \/>\n<link rel=\"canonical\" href=\"https:\/\/uniest.it\/prodotto\/creme-fuer-heisse-und-muede-fuesse\/\" \/>\n<meta property=\"og:locale\" content=\"de_DE\" \/>\n<meta property=\"og:type\" content=\"article\" \/>\n<meta property=\"og:title\" content=\"Creme f\u00fcr hei\u00dfe und m\u00fcde F\u00fc\u00dfe - Uniest\" \/>\n<meta property=\"og:description\" content=\"Hei\u00dfe Fu\u00dfcreme bek\u00e4mpft das Gef\u00fchl von hei\u00dfen, m\u00fcden und geschwollenen F\u00fc\u00dfen, die durch schlechte Durchblutung oder die Jahreszeit verursacht werden, und sorgt f\u00fcr ein Gef\u00fchl von Frische, Leichtigkeit und Wohlbefinden. Die \u00e4therischen \u00d6le von Menthol, Kampfer und Waldkiefer tonisieren und erfrischen die Haut der F\u00fc\u00dfe, beseitigen unangenehme Ger\u00fcche und helfen zudem, l\u00e4stigen Mykosen vorzubeugen. Der [&hellip;]\" \/>\n<meta property=\"og:url\" content=\"https:\/\/uniest.it\/prodotto\/creme-fuer-heisse-und-muede-fuesse\/\" \/>\n<meta property=\"og:site_name\" content=\"Uniest\" \/>\n<meta name=\"twitter:card\" content=\"summary_large_image\" \/>\n<meta name=\"twitter:label1\" content=\"Gesch\u00e4tzte Lesezeit\" \/>\n\t<meta name=\"twitter:data1\" content=\"1\u00a0Minute\" \/>\n<script type=\"application\/ld+json\" class=\"yoast-schema-graph\">{\"@context\":\"https:\/\/schema.org\",\"@graph\":[{\"@type\":\"WebPage\",\"@id\":\"https:\/\/uniest.it\/prodotto\/creme-fuer-heisse-und-muede-fuesse\/\",\"url\":\"https:\/\/uniest.it\/prodotto\/creme-fuer-heisse-und-muede-fuesse\/\",\"name\":\"Creme f\u00fcr hei\u00dfe und m\u00fcde F\u00fc\u00dfe - Uniest\",\"isPartOf\":{\"@id\":\"https:\/\/uniest.it\/#website\"},\"primaryImageOfPage\":{\"@id\":\"https:\/\/uniest.it\/prodotto\/creme-fuer-heisse-und-muede-fuesse\/#primaryimage\"},\"image\":{\"@id\":\"https:\/\/uniest.it\/prodotto\/creme-fuer-heisse-und-muede-fuesse\/#primaryimage\"},\"thumbnailUrl\":\"https:\/\/uniest.it\/wp-content\/uploads\/2020\/11\/198AAE.png\",\"datePublished\":\"2024-10-29T17:56:19+00:00\",\"breadcrumb\":{\"@id\":\"https:\/\/uniest.it\/prodotto\/creme-fuer-heisse-und-muede-fuesse\/#breadcrumb\"},\"inLanguage\":\"de\",\"potentialAction\":[{\"@type\":\"ReadAction\",\"target\":[\"https:\/\/uniest.it\/prodotto\/creme-fuer-heisse-und-muede-fuesse\/\"]}]},{\"@type\":\"ImageObject\",\"inLanguage\":\"de\",\"@id\":\"https:\/\/uniest.it\/prodotto\/creme-fuer-heisse-und-muede-fuesse\/#primaryimage\",\"url\":\"https:\/\/uniest.it\/wp-content\/uploads\/2020\/11\/198AAE.png\",\"contentUrl\":\"https:\/\/uniest.it\/wp-content\/uploads\/2020\/11\/198AAE.png\",\"width\":1283,\"height\":2000},{\"@type\":\"BreadcrumbList\",\"@id\":\"https:\/\/uniest.it\/prodotto\/creme-fuer-heisse-und-muede-fuesse\/#breadcrumb\",\"itemListElement\":[{\"@type\":\"ListItem\",\"position\":1,\"name\":\"Home\",\"item\":\"https:\/\/uniest.it\/de\/\"},{\"@type\":\"ListItem\",\"position\":2,\"name\":\"Shop\",\"item\":\"https:\/\/uniest.it\/shop\/\"},{\"@type\":\"ListItem\",\"position\":3,\"name\":\"Creme f\u00fcr hei\u00dfe und m\u00fcde F\u00fc\u00dfe\"}]},{\"@type\":\"WebSite\",\"@id\":\"https:\/\/uniest.it\/#website\",\"url\":\"https:\/\/uniest.it\/\",\"name\":\"Uniest\",\"description\":\"Cosmetici Naturali e Bio\",\"potentialAction\":[{\"@type\":\"SearchAction\",\"target\":{\"@type\":\"EntryPoint\",\"urlTemplate\":\"https:\/\/uniest.it\/?s={search_term_string}\"},\"query-input\":{\"@type\":\"PropertyValueSpecification\",\"valueRequired\":true,\"valueName\":\"search_term_string\"}}],\"inLanguage\":\"de\"}]}<\/script>\n<!-- \/ Yoast SEO plugin. -->","yoast_head_json":{"title":"Creme f\u00fcr hei\u00dfe und m\u00fcde F\u00fc\u00dfe - Uniest","robots":{"index":"index","follow":"follow","max-snippet":"max-snippet:-1","max-image-preview":"max-image-preview:large","max-video-preview":"max-video-preview:-1"},"canonical":"https:\/\/uniest.it\/prodotto\/creme-fuer-heisse-und-muede-fuesse\/","og_locale":"de_DE","og_type":"article","og_title":"Creme f\u00fcr hei\u00dfe und m\u00fcde F\u00fc\u00dfe - Uniest","og_description":"Hei\u00dfe Fu\u00dfcreme bek\u00e4mpft das Gef\u00fchl von hei\u00dfen, m\u00fcden und geschwollenen F\u00fc\u00dfen, die durch schlechte Durchblutung oder die Jahreszeit verursacht werden, und sorgt f\u00fcr ein Gef\u00fchl von Frische, Leichtigkeit und Wohlbefinden. Die \u00e4therischen \u00d6le von Menthol, Kampfer und Waldkiefer tonisieren und erfrischen die Haut der F\u00fc\u00dfe, beseitigen unangenehme Ger\u00fcche und helfen zudem, l\u00e4stigen Mykosen vorzubeugen. Der [&hellip;]","og_url":"https:\/\/uniest.it\/prodotto\/creme-fuer-heisse-und-muede-fuesse\/","og_site_name":"Uniest","twitter_card":"summary_large_image","twitter_misc":{"Gesch\u00e4tzte Lesezeit":"1\u00a0Minute"},"schema":{"@context":"https:\/\/schema.org","@graph":[{"@type":"WebPage","@id":"https:\/\/uniest.it\/prodotto\/creme-fuer-heisse-und-muede-fuesse\/","url":"https:\/\/uniest.it\/prodotto\/creme-fuer-heisse-und-muede-fuesse\/","name":"Creme f\u00fcr hei\u00dfe und m\u00fcde F\u00fc\u00dfe - Uniest","isPartOf":{"@id":"https:\/\/uniest.it\/#website"},"primaryImageOfPage":{"@id":"https:\/\/uniest.it\/prodotto\/creme-fuer-heisse-und-muede-fuesse\/#primaryimage"},"image":{"@id":"https:\/\/uniest.it\/prodotto\/creme-fuer-heisse-und-muede-fuesse\/#primaryimage"},"thumbnailUrl":"https:\/\/uniest.it\/wp-content\/uploads\/2020\/11\/198AAE.png","datePublished":"2024-10-29T17:56:19+00:00","breadcrumb":{"@id":"https:\/\/uniest.it\/prodotto\/creme-fuer-heisse-und-muede-fuesse\/#breadcrumb"},"inLanguage":"de","potentialAction":[{"@type":"ReadAction","target":["https:\/\/uniest.it\/prodotto\/creme-fuer-heisse-und-muede-fuesse\/"]}]},{"@type":"ImageObject","inLanguage":"de","@id":"https:\/\/uniest.it\/prodotto\/creme-fuer-heisse-und-muede-fuesse\/#primaryimage","url":"https:\/\/uniest.it\/wp-content\/uploads\/2020\/11\/198AAE.png","contentUrl":"https:\/\/uniest.it\/wp-content\/uploads\/2020\/11\/198AAE.png","width":1283,"height":2000},{"@type":"BreadcrumbList","@id":"https:\/\/uniest.it\/prodotto\/creme-fuer-heisse-und-muede-fuesse\/#breadcrumb","itemListElement":[{"@type":"ListItem","position":1,"name":"Home","item":"https:\/\/uniest.it\/de\/"},{"@type":"ListItem","position":2,"name":"Shop","item":"https:\/\/uniest.it\/shop\/"},{"@type":"ListItem","position":3,"name":"Creme f\u00fcr hei\u00dfe und m\u00fcde F\u00fc\u00dfe"}]},{"@type":"WebSite","@id":"https:\/\/uniest.it\/#website","url":"https:\/\/uniest.it\/","name":"Uniest","description":"Cosmetici Naturali e Bio","potentialAction":[{"@type":"SearchAction","target":{"@type":"EntryPoint","urlTemplate":"https:\/\/uniest.it\/?s={search_term_string}"},"query-input":{"@type":"PropertyValueSpecification","valueRequired":true,"valueName":"search_term_string"}}],"inLanguage":"de"}]}},"_links":{"self":[{"href":"https:\/\/uniest.it\/de\/wp-json\/wp\/v2\/product\/7228","targetHints":{"allow":["GET"]}}],"collection":[{"href":"https:\/\/uniest.it\/de\/wp-json\/wp\/v2\/product"}],"about":[{"href":"https:\/\/uniest.it\/de\/wp-json\/wp\/v2\/types\/product"}],"wp:featuredmedia":[{"embeddable":true,"href":"https:\/\/uniest.it\/de\/wp-json\/wp\/v2\/media\/7229"}],"wp:attachment":[{"href":"https:\/\/uniest.it\/de\/wp-json\/wp\/v2\/media?parent=7228"}],"wp:term":[{"taxonomy":"product_brand","embeddable":true,"href":"https:\/\/uniest.it\/de\/wp-json\/wp\/v2\/product_brand?post=7228"},{"taxonomy":"product_cat","embeddable":true,"href":"https:\/\/uniest.it\/de\/wp-json\/wp\/v2\/product_cat?post=7228"},{"taxonomy":"product_tag","embeddable":true,"href":"https:\/\/uniest.it\/de\/wp-json\/wp\/v2\/product_tag?post=7228"}],"curies":[{"name":"wp","href":"https:\/\/api.w.org\/{rel}","templated":true}]}}