{"id":7231,"date":"2021-02-04T12:59:39","date_gmt":"2024-10-29T17:56:19","guid":{"rendered":"https:\/\/uniest.it\/prodotto\/creme-fuer-kalte-fuesse\/"},"modified":"2024-10-29T18:56:19","modified_gmt":"2024-10-29T17:56:19","slug":"creme-fuer-kalte-fuesse","status":"publish","type":"product","link":"https:\/\/uniest.it\/de\/prodotto\/creme-fuer-kalte-fuesse\/","title":{"rendered":"Creme f\u00fcr kalte F\u00fc\u00dfe"},"content":{"rendered":"<p>Kalte Fu\u00dfcreme zur Bek\u00e4mpfung des l\u00e4stigen Gef\u00fchls kalter, trockener oder rissiger F\u00fc\u00dfe, das durch schlechte Durchblutung, emotionale Anspannung, K\u00e4lte und raues Klima verursacht wird. Es handelt sich um eine Verbindung aus einer Reihe nat\u00fcrlicher Elemente, die sich ideal f\u00fcr die Pflege unserer F\u00fc\u00dfe eignet und sofort ein gro\u00dfartiges Gef\u00fchl von W\u00e4rme und W\u00e4rme vermittelt. Dank der Verwendung von Zimt und Paprika, die bekannterma\u00dfen reibungsf\u00f6rdernde und w\u00e4rmende Eigenschaften haben, spendet es W\u00e4rme und N\u00e4hrstoffe an die Fu\u00dfspitzen. Beide regen die Durchblutung an, dar\u00fcber hinaus wirkt Zimt entz\u00fcndungshemmend und schmerzlindernd, aber auch bei Schmerzen aufgrund von Arthritis. Dar\u00fcber hinaus hat \u00e4therisches Kampfer\u00f6l antiseptische Eigenschaften, die helfen k\u00f6nnen, l\u00e4stigen Mykosen vorzubeugen. Reiskleie\u00f6l, pflanzliches Glycerin und Malvenextrakt machen die F\u00fc\u00dfe durch ihre erweichende und feuchtigkeitsspendende Wirkung weich und elastisch.<\/p>\n","protected":false},"excerpt":{"rendered":"<p>Kalte Fu\u00dfcreme zur Bek\u00e4mpfung des l\u00e4stigen Gef\u00fchls kalter, trockener oder rissiger F\u00fc\u00dfe, das durch schlechte Durchblutung, emotionale Anspannung, K\u00e4lte und raues Klima verursacht wird. Es handelt sich um eine Verbindung aus einer Reihe nat\u00fcrlicher Elemente, die sich ideal f\u00fcr die Pflege unserer F\u00fc\u00dfe eignet und sofort ein gro\u00dfartiges Gef\u00fchl von W\u00e4rme und W\u00e4rme vermittelt. Dank [&hellip;]<\/p>\n","protected":false},"featured_media":7232,"template":"","meta":{"_acf_changed":false,"inline_featured_image":false},"product_brand":[],"product_cat":[1493],"product_tag":[],"class_list":{"0":"post-7231","1":"product","2":"type-product","3":"status-publish","4":"has-post-thumbnail","6":"product_beauty-idratare","7":"product_beauty-nutrire-e-rigenerare","8":"product_beauty-proteggere","9":"product_skin-pelli-delicate-e-sensibili","10":"product_skin-pelli-giovani-e-prime-rughe","11":"product_skin-pelli-grasse-e-miste","12":"product_skin-pelli-mature-e-rughe","13":"product_skin-pelli-secche-e-normali","14":"product_skin-tutte-le-pelli","15":"product_kind-trattamenti-mani-e-piedi","16":"product_kind-trattamenti-speciali","17":"product_kind-tutte-le-creme-corpo","18":"product_lines-igiene-e-protezione","19":"product_cat-mani-e-piedi-de","20":"pa_size-75-de","22":"first","23":"instock","24":"taxable","25":"shipping-taxable","26":"purchasable","27":"product-type-simple"},"acf":[],"yoast_head":"<!-- This site is optimized with the Yoast SEO plugin v24.6 - https:\/\/yoast.com\/wordpress\/plugins\/seo\/ -->\n<title>Creme f\u00fcr kalte F\u00fc\u00dfe - Uniest<\/title>\n<meta name=\"robots\" content=\"index, follow, max-snippet:-1, max-image-preview:large, max-video-preview:-1\" \/>\n<link rel=\"canonical\" href=\"https:\/\/uniest.it\/prodotto\/creme-fuer-kalte-fuesse\/\" \/>\n<meta property=\"og:locale\" content=\"de_DE\" \/>\n<meta property=\"og:type\" content=\"article\" \/>\n<meta property=\"og:title\" content=\"Creme f\u00fcr kalte F\u00fc\u00dfe - Uniest\" \/>\n<meta property=\"og:description\" content=\"Kalte Fu\u00dfcreme zur Bek\u00e4mpfung des l\u00e4stigen Gef\u00fchls kalter, trockener oder rissiger F\u00fc\u00dfe, das durch schlechte Durchblutung, emotionale Anspannung, K\u00e4lte und raues Klima verursacht wird. Es handelt sich um eine Verbindung aus einer Reihe nat\u00fcrlicher Elemente, die sich ideal f\u00fcr die Pflege unserer F\u00fc\u00dfe eignet und sofort ein gro\u00dfartiges Gef\u00fchl von W\u00e4rme und W\u00e4rme vermittelt. Dank [&hellip;]\" \/>\n<meta property=\"og:url\" content=\"https:\/\/uniest.it\/prodotto\/creme-fuer-kalte-fuesse\/\" \/>\n<meta property=\"og:site_name\" content=\"Uniest\" \/>\n<meta name=\"twitter:card\" content=\"summary_large_image\" \/>\n<meta name=\"twitter:label1\" content=\"Gesch\u00e4tzte Lesezeit\" \/>\n\t<meta name=\"twitter:data1\" content=\"1\u00a0Minute\" \/>\n<script type=\"application\/ld+json\" class=\"yoast-schema-graph\">{\"@context\":\"https:\/\/schema.org\",\"@graph\":[{\"@type\":\"WebPage\",\"@id\":\"https:\/\/uniest.it\/prodotto\/creme-fuer-kalte-fuesse\/\",\"url\":\"https:\/\/uniest.it\/prodotto\/creme-fuer-kalte-fuesse\/\",\"name\":\"Creme f\u00fcr kalte F\u00fc\u00dfe - Uniest\",\"isPartOf\":{\"@id\":\"https:\/\/uniest.it\/#website\"},\"primaryImageOfPage\":{\"@id\":\"https:\/\/uniest.it\/prodotto\/creme-fuer-kalte-fuesse\/#primaryimage\"},\"image\":{\"@id\":\"https:\/\/uniest.it\/prodotto\/creme-fuer-kalte-fuesse\/#primaryimage\"},\"thumbnailUrl\":\"https:\/\/uniest.it\/wp-content\/uploads\/2020\/11\/204AAE.png\",\"datePublished\":\"2024-10-29T17:56:19+00:00\",\"breadcrumb\":{\"@id\":\"https:\/\/uniest.it\/prodotto\/creme-fuer-kalte-fuesse\/#breadcrumb\"},\"inLanguage\":\"de\",\"potentialAction\":[{\"@type\":\"ReadAction\",\"target\":[\"https:\/\/uniest.it\/prodotto\/creme-fuer-kalte-fuesse\/\"]}]},{\"@type\":\"ImageObject\",\"inLanguage\":\"de\",\"@id\":\"https:\/\/uniest.it\/prodotto\/creme-fuer-kalte-fuesse\/#primaryimage\",\"url\":\"https:\/\/uniest.it\/wp-content\/uploads\/2020\/11\/204AAE.png\",\"contentUrl\":\"https:\/\/uniest.it\/wp-content\/uploads\/2020\/11\/204AAE.png\",\"width\":1283,\"height\":2000},{\"@type\":\"BreadcrumbList\",\"@id\":\"https:\/\/uniest.it\/prodotto\/creme-fuer-kalte-fuesse\/#breadcrumb\",\"itemListElement\":[{\"@type\":\"ListItem\",\"position\":1,\"name\":\"Home\",\"item\":\"https:\/\/uniest.it\/de\/\"},{\"@type\":\"ListItem\",\"position\":2,\"name\":\"Shop\",\"item\":\"https:\/\/uniest.it\/shop\/\"},{\"@type\":\"ListItem\",\"position\":3,\"name\":\"Creme f\u00fcr kalte F\u00fc\u00dfe\"}]},{\"@type\":\"WebSite\",\"@id\":\"https:\/\/uniest.it\/#website\",\"url\":\"https:\/\/uniest.it\/\",\"name\":\"Uniest\",\"description\":\"Cosmetici Naturali e Bio\",\"potentialAction\":[{\"@type\":\"SearchAction\",\"target\":{\"@type\":\"EntryPoint\",\"urlTemplate\":\"https:\/\/uniest.it\/?s={search_term_string}\"},\"query-input\":{\"@type\":\"PropertyValueSpecification\",\"valueRequired\":true,\"valueName\":\"search_term_string\"}}],\"inLanguage\":\"de\"}]}<\/script>\n<!-- \/ Yoast SEO plugin. -->","yoast_head_json":{"title":"Creme f\u00fcr kalte F\u00fc\u00dfe - Uniest","robots":{"index":"index","follow":"follow","max-snippet":"max-snippet:-1","max-image-preview":"max-image-preview:large","max-video-preview":"max-video-preview:-1"},"canonical":"https:\/\/uniest.it\/prodotto\/creme-fuer-kalte-fuesse\/","og_locale":"de_DE","og_type":"article","og_title":"Creme f\u00fcr kalte F\u00fc\u00dfe - Uniest","og_description":"Kalte Fu\u00dfcreme zur Bek\u00e4mpfung des l\u00e4stigen Gef\u00fchls kalter, trockener oder rissiger F\u00fc\u00dfe, das durch schlechte Durchblutung, emotionale Anspannung, K\u00e4lte und raues Klima verursacht wird. Es handelt sich um eine Verbindung aus einer Reihe nat\u00fcrlicher Elemente, die sich ideal f\u00fcr die Pflege unserer F\u00fc\u00dfe eignet und sofort ein gro\u00dfartiges Gef\u00fchl von W\u00e4rme und W\u00e4rme vermittelt. Dank [&hellip;]","og_url":"https:\/\/uniest.it\/prodotto\/creme-fuer-kalte-fuesse\/","og_site_name":"Uniest","twitter_card":"summary_large_image","twitter_misc":{"Gesch\u00e4tzte Lesezeit":"1\u00a0Minute"},"schema":{"@context":"https:\/\/schema.org","@graph":[{"@type":"WebPage","@id":"https:\/\/uniest.it\/prodotto\/creme-fuer-kalte-fuesse\/","url":"https:\/\/uniest.it\/prodotto\/creme-fuer-kalte-fuesse\/","name":"Creme f\u00fcr kalte F\u00fc\u00dfe - Uniest","isPartOf":{"@id":"https:\/\/uniest.it\/#website"},"primaryImageOfPage":{"@id":"https:\/\/uniest.it\/prodotto\/creme-fuer-kalte-fuesse\/#primaryimage"},"image":{"@id":"https:\/\/uniest.it\/prodotto\/creme-fuer-kalte-fuesse\/#primaryimage"},"thumbnailUrl":"https:\/\/uniest.it\/wp-content\/uploads\/2020\/11\/204AAE.png","datePublished":"2024-10-29T17:56:19+00:00","breadcrumb":{"@id":"https:\/\/uniest.it\/prodotto\/creme-fuer-kalte-fuesse\/#breadcrumb"},"inLanguage":"de","potentialAction":[{"@type":"ReadAction","target":["https:\/\/uniest.it\/prodotto\/creme-fuer-kalte-fuesse\/"]}]},{"@type":"ImageObject","inLanguage":"de","@id":"https:\/\/uniest.it\/prodotto\/creme-fuer-kalte-fuesse\/#primaryimage","url":"https:\/\/uniest.it\/wp-content\/uploads\/2020\/11\/204AAE.png","contentUrl":"https:\/\/uniest.it\/wp-content\/uploads\/2020\/11\/204AAE.png","width":1283,"height":2000},{"@type":"BreadcrumbList","@id":"https:\/\/uniest.it\/prodotto\/creme-fuer-kalte-fuesse\/#breadcrumb","itemListElement":[{"@type":"ListItem","position":1,"name":"Home","item":"https:\/\/uniest.it\/de\/"},{"@type":"ListItem","position":2,"name":"Shop","item":"https:\/\/uniest.it\/shop\/"},{"@type":"ListItem","position":3,"name":"Creme f\u00fcr kalte F\u00fc\u00dfe"}]},{"@type":"WebSite","@id":"https:\/\/uniest.it\/#website","url":"https:\/\/uniest.it\/","name":"Uniest","description":"Cosmetici Naturali e Bio","potentialAction":[{"@type":"SearchAction","target":{"@type":"EntryPoint","urlTemplate":"https:\/\/uniest.it\/?s={search_term_string}"},"query-input":{"@type":"PropertyValueSpecification","valueRequired":true,"valueName":"search_term_string"}}],"inLanguage":"de"}]}},"_links":{"self":[{"href":"https:\/\/uniest.it\/de\/wp-json\/wp\/v2\/product\/7231","targetHints":{"allow":["GET"]}}],"collection":[{"href":"https:\/\/uniest.it\/de\/wp-json\/wp\/v2\/product"}],"about":[{"href":"https:\/\/uniest.it\/de\/wp-json\/wp\/v2\/types\/product"}],"wp:featuredmedia":[{"embeddable":true,"href":"https:\/\/uniest.it\/de\/wp-json\/wp\/v2\/media\/7232"}],"wp:attachment":[{"href":"https:\/\/uniest.it\/de\/wp-json\/wp\/v2\/media?parent=7231"}],"wp:term":[{"taxonomy":"product_brand","embeddable":true,"href":"https:\/\/uniest.it\/de\/wp-json\/wp\/v2\/product_brand?post=7231"},{"taxonomy":"product_cat","embeddable":true,"href":"https:\/\/uniest.it\/de\/wp-json\/wp\/v2\/product_cat?post=7231"},{"taxonomy":"product_tag","embeddable":true,"href":"https:\/\/uniest.it\/de\/wp-json\/wp\/v2\/product_tag?post=7231"}],"curies":[{"name":"wp","href":"https:\/\/api.w.org\/{rel}","templated":true}]}}