{"id":7234,"date":"2021-02-04T12:59:39","date_gmt":"2024-10-29T17:56:19","guid":{"rendered":"https:\/\/uniest.it\/prodotto\/intimbadeemulsion\/"},"modified":"2024-10-29T18:56:19","modified_gmt":"2024-10-29T17:56:19","slug":"intimbadeemulsion","status":"publish","type":"product","link":"https:\/\/uniest.it\/de\/prodotto\/intimbadeemulsion\/","title":{"rendered":"Intimbadeemulsion"},"content":{"rendered":"<p>*Es ist m\u00f6glich, dass die Verpackung vom Foto abweicht. Die Intimbademulsion ist ein wertvolles, hochkonzentriertes Intimreinigungsmittel auf Basis von Milchs\u00e4ure, das die Bakterienflora, den pH-Wert und die Physiologie der Schleimh\u00e4ute und der umgebenden Haut respektiert. Hergestellt aus Tensiden pflanzlichen Ursprungs, die f\u00fcr empfindliche Haut geeignet sind, um ein Produkt zu erhalten, das nicht sehr schaumig ist und empfindlich auf den Intimbereich wirkt.<\/p>\n","protected":false},"excerpt":{"rendered":"<p>*Es ist m\u00f6glich, dass die Verpackung vom Foto abweicht. Die Intimbademulsion ist ein wertvolles, hochkonzentriertes Intimreinigungsmittel auf Basis von Milchs\u00e4ure, das die Bakterienflora, den pH-Wert und die Physiologie der Schleimh\u00e4ute und der umgebenden Haut respektiert. Hergestellt aus Tensiden pflanzlichen Ursprungs, die f\u00fcr empfindliche Haut geeignet sind, um ein Produkt zu erhalten, das nicht sehr schaumig [&hellip;]<\/p>\n","protected":false},"featured_media":7235,"template":"","meta":{"_acf_changed":false,"inline_featured_image":false},"product_brand":[],"product_cat":[1489,1496],"product_tag":[],"class_list":{"0":"post-7234","1":"product","2":"type-product","3":"status-publish","4":"has-post-thumbnail","6":"product_beauty-detergere","7":"product_beauty-idratare","8":"product_beauty-lenire","9":"product_beauty-proteggere","10":"product_beauty-purificare","11":"product_beauty-riequilibrare","12":"product_skin-tutte-le-pelli","13":"product_kind-bagno","14":"product_kind-doccia","15":"product_kind-shampoo-e-detergenza","16":"product_lines-igiene-e-protezione","17":"product_cat-corpo-de","18":"product_cat-uomo-de","19":"pa_size-125-de","21":"first","22":"instock","23":"taxable","24":"shipping-taxable","25":"purchasable","26":"product-type-simple"},"acf":[],"yoast_head":"<!-- This site is optimized with the Yoast SEO plugin v24.6 - https:\/\/yoast.com\/wordpress\/plugins\/seo\/ -->\n<title>Intimbadeemulsion - Uniest<\/title>\n<meta name=\"robots\" content=\"index, follow, max-snippet:-1, max-image-preview:large, max-video-preview:-1\" \/>\n<link rel=\"canonical\" href=\"https:\/\/uniest.it\/prodotto\/emulsione-bagno-intimo\/\" \/>\n<meta property=\"og:locale\" content=\"de_DE\" \/>\n<meta property=\"og:type\" content=\"article\" \/>\n<meta property=\"og:title\" content=\"Intimbadeemulsion - Uniest\" \/>\n<meta property=\"og:description\" content=\"*Es ist m\u00f6glich, dass die Verpackung vom Foto abweicht. Die Intimbademulsion ist ein wertvolles, hochkonzentriertes Intimreinigungsmittel auf Basis von Milchs\u00e4ure, das die Bakterienflora, den pH-Wert und die Physiologie der Schleimh\u00e4ute und der umgebenden Haut respektiert. Hergestellt aus Tensiden pflanzlichen Ursprungs, die f\u00fcr empfindliche Haut geeignet sind, um ein Produkt zu erhalten, das nicht sehr schaumig [&hellip;]\" \/>\n<meta property=\"og:url\" content=\"https:\/\/uniest.it\/prodotto\/emulsione-bagno-intimo\/\" \/>\n<meta property=\"og:site_name\" content=\"Uniest\" \/>\n<meta property=\"og:image\" content=\"https:\/\/uniest.it\/wp-content\/uploads\/2020\/11\/216AAE.png\" \/>\n\t<meta property=\"og:image:width\" content=\"1283\" \/>\n\t<meta property=\"og:image:height\" content=\"2000\" \/>\n\t<meta property=\"og:image:type\" content=\"image\/png\" \/>\n<meta name=\"twitter:card\" content=\"summary_large_image\" \/>\n<script type=\"application\/ld+json\" class=\"yoast-schema-graph\">{\"@context\":\"https:\/\/schema.org\",\"@graph\":[{\"@type\":\"WebPage\",\"@id\":\"https:\/\/uniest.it\/prodotto\/emulsione-bagno-intimo\/\",\"url\":\"https:\/\/uniest.it\/prodotto\/emulsione-bagno-intimo\/\",\"name\":\"Intimbadeemulsion - Uniest\",\"isPartOf\":{\"@id\":\"https:\/\/uniest.it\/#website\"},\"primaryImageOfPage\":{\"@id\":\"https:\/\/uniest.it\/prodotto\/emulsione-bagno-intimo\/#primaryimage\"},\"image\":{\"@id\":\"https:\/\/uniest.it\/prodotto\/emulsione-bagno-intimo\/#primaryimage\"},\"thumbnailUrl\":\"https:\/\/uniest.it\/wp-content\/uploads\/2020\/11\/216AAE.png\",\"datePublished\":\"2024-10-29T17:56:19+00:00\",\"breadcrumb\":{\"@id\":\"https:\/\/uniest.it\/prodotto\/emulsione-bagno-intimo\/#breadcrumb\"},\"inLanguage\":\"de\",\"potentialAction\":[{\"@type\":\"ReadAction\",\"target\":[\"https:\/\/uniest.it\/prodotto\/emulsione-bagno-intimo\/\"]}]},{\"@type\":\"ImageObject\",\"inLanguage\":\"de\",\"@id\":\"https:\/\/uniest.it\/prodotto\/emulsione-bagno-intimo\/#primaryimage\",\"url\":\"https:\/\/uniest.it\/wp-content\/uploads\/2020\/11\/216AAE.png\",\"contentUrl\":\"https:\/\/uniest.it\/wp-content\/uploads\/2020\/11\/216AAE.png\",\"width\":1283,\"height\":2000},{\"@type\":\"BreadcrumbList\",\"@id\":\"https:\/\/uniest.it\/prodotto\/emulsione-bagno-intimo\/#breadcrumb\",\"itemListElement\":[{\"@type\":\"ListItem\",\"position\":1,\"name\":\"Home\",\"item\":\"https:\/\/uniest.it\/de\/\"},{\"@type\":\"ListItem\",\"position\":2,\"name\":\"Shop\",\"item\":\"https:\/\/uniest.it\/shop\/\"},{\"@type\":\"ListItem\",\"position\":3,\"name\":\"Intimbadeemulsion\"}]},{\"@type\":\"WebSite\",\"@id\":\"https:\/\/uniest.it\/#website\",\"url\":\"https:\/\/uniest.it\/\",\"name\":\"Uniest\",\"description\":\"Cosmetici Naturali e Bio\",\"potentialAction\":[{\"@type\":\"SearchAction\",\"target\":{\"@type\":\"EntryPoint\",\"urlTemplate\":\"https:\/\/uniest.it\/?s={search_term_string}\"},\"query-input\":{\"@type\":\"PropertyValueSpecification\",\"valueRequired\":true,\"valueName\":\"search_term_string\"}}],\"inLanguage\":\"de\"}]}<\/script>\n<!-- \/ Yoast SEO plugin. -->","yoast_head_json":{"title":"Intimbadeemulsion - Uniest","robots":{"index":"index","follow":"follow","max-snippet":"max-snippet:-1","max-image-preview":"max-image-preview:large","max-video-preview":"max-video-preview:-1"},"canonical":"https:\/\/uniest.it\/prodotto\/emulsione-bagno-intimo\/","og_locale":"de_DE","og_type":"article","og_title":"Intimbadeemulsion - Uniest","og_description":"*Es ist m\u00f6glich, dass die Verpackung vom Foto abweicht. Die Intimbademulsion ist ein wertvolles, hochkonzentriertes Intimreinigungsmittel auf Basis von Milchs\u00e4ure, das die Bakterienflora, den pH-Wert und die Physiologie der Schleimh\u00e4ute und der umgebenden Haut respektiert. Hergestellt aus Tensiden pflanzlichen Ursprungs, die f\u00fcr empfindliche Haut geeignet sind, um ein Produkt zu erhalten, das nicht sehr schaumig [&hellip;]","og_url":"https:\/\/uniest.it\/prodotto\/emulsione-bagno-intimo\/","og_site_name":"Uniest","og_image":[{"width":1283,"height":2000,"url":"https:\/\/uniest.it\/wp-content\/uploads\/2020\/11\/216AAE.png","type":"image\/png"}],"twitter_card":"summary_large_image","schema":{"@context":"https:\/\/schema.org","@graph":[{"@type":"WebPage","@id":"https:\/\/uniest.it\/prodotto\/emulsione-bagno-intimo\/","url":"https:\/\/uniest.it\/prodotto\/emulsione-bagno-intimo\/","name":"Intimbadeemulsion - Uniest","isPartOf":{"@id":"https:\/\/uniest.it\/#website"},"primaryImageOfPage":{"@id":"https:\/\/uniest.it\/prodotto\/emulsione-bagno-intimo\/#primaryimage"},"image":{"@id":"https:\/\/uniest.it\/prodotto\/emulsione-bagno-intimo\/#primaryimage"},"thumbnailUrl":"https:\/\/uniest.it\/wp-content\/uploads\/2020\/11\/216AAE.png","datePublished":"2024-10-29T17:56:19+00:00","breadcrumb":{"@id":"https:\/\/uniest.it\/prodotto\/emulsione-bagno-intimo\/#breadcrumb"},"inLanguage":"de","potentialAction":[{"@type":"ReadAction","target":["https:\/\/uniest.it\/prodotto\/emulsione-bagno-intimo\/"]}]},{"@type":"ImageObject","inLanguage":"de","@id":"https:\/\/uniest.it\/prodotto\/emulsione-bagno-intimo\/#primaryimage","url":"https:\/\/uniest.it\/wp-content\/uploads\/2020\/11\/216AAE.png","contentUrl":"https:\/\/uniest.it\/wp-content\/uploads\/2020\/11\/216AAE.png","width":1283,"height":2000},{"@type":"BreadcrumbList","@id":"https:\/\/uniest.it\/prodotto\/emulsione-bagno-intimo\/#breadcrumb","itemListElement":[{"@type":"ListItem","position":1,"name":"Home","item":"https:\/\/uniest.it\/de\/"},{"@type":"ListItem","position":2,"name":"Shop","item":"https:\/\/uniest.it\/shop\/"},{"@type":"ListItem","position":3,"name":"Intimbadeemulsion"}]},{"@type":"WebSite","@id":"https:\/\/uniest.it\/#website","url":"https:\/\/uniest.it\/","name":"Uniest","description":"Cosmetici Naturali e Bio","potentialAction":[{"@type":"SearchAction","target":{"@type":"EntryPoint","urlTemplate":"https:\/\/uniest.it\/?s={search_term_string}"},"query-input":{"@type":"PropertyValueSpecification","valueRequired":true,"valueName":"search_term_string"}}],"inLanguage":"de"}]}},"_links":{"self":[{"href":"https:\/\/uniest.it\/de\/wp-json\/wp\/v2\/product\/7234","targetHints":{"allow":["GET"]}}],"collection":[{"href":"https:\/\/uniest.it\/de\/wp-json\/wp\/v2\/product"}],"about":[{"href":"https:\/\/uniest.it\/de\/wp-json\/wp\/v2\/types\/product"}],"wp:featuredmedia":[{"embeddable":true,"href":"https:\/\/uniest.it\/de\/wp-json\/wp\/v2\/media\/7235"}],"wp:attachment":[{"href":"https:\/\/uniest.it\/de\/wp-json\/wp\/v2\/media?parent=7234"}],"wp:term":[{"taxonomy":"product_brand","embeddable":true,"href":"https:\/\/uniest.it\/de\/wp-json\/wp\/v2\/product_brand?post=7234"},{"taxonomy":"product_cat","embeddable":true,"href":"https:\/\/uniest.it\/de\/wp-json\/wp\/v2\/product_cat?post=7234"},{"taxonomy":"product_tag","embeddable":true,"href":"https:\/\/uniest.it\/de\/wp-json\/wp\/v2\/product_tag?post=7234"}],"curies":[{"name":"wp","href":"https:\/\/api.w.org\/{rel}","templated":true}]}}