{"id":7237,"date":"2021-02-04T12:59:39","date_gmt":"2024-10-29T17:56:20","guid":{"rendered":"https:\/\/uniest.it\/prodotto\/erbagel\/"},"modified":"2024-10-29T18:56:20","modified_gmt":"2024-10-29T17:56:20","slug":"erbagel","status":"publish","type":"product","link":"https:\/\/uniest.it\/de\/prodotto\/erbagel\/","title":{"rendered":"Erbagel"},"content":{"rendered":"<p>Erbagel ist ein Naturprodukt, das entwickelt wurde, um m\u00fcden Extremit\u00e4ten, angefangen bei den F\u00fc\u00dfen, Leichtigkeit und Frische zu verleihen und der Haut ein Gef\u00fchl von Spannkraft zu verleihen. \u00c4therische \u00d6le aus Pfefferminze und Menthol verleihen den Beinen ein zart erfrischendes und belebendes Gef\u00fchl. Die \u00f6demat\u00f6s wirkende Zypresse und die kapillarsch\u00fctzende Arnika tragen dazu bei, das Gef\u00fchl leichter und entbl\u00f6\u00dfter Beine zu vermitteln. Dar\u00fcber hinaus verleiht die \u00e4u\u00dferst wertvolle Hyalurons\u00e4ure mit niedrigem Molekulargewicht der Haut einen \u201eseidigen Hauteffekt\u201c, der typisch f\u00fcr junge und elastische Haut ist. Eigenschaften \u00c4therisches Pfefferminz\u00f6l hat balsamische, beruhigende, beruhigende, entw\u00e4ssernde, entw\u00e4ssernde, reinigende, erfrischende, gef\u00e4\u00dfbildende und anregende Eigenschaften. \u00c4therisches Menthol\u00f6l hat erfrischende, reinigende und antiseptische Eigenschaften. Der Arnika-Extrakt hat beruhigende, beruhigende, entw\u00e4ssernde, entw\u00e4ssernde und kapillarsch\u00fctzende Eigenschaften, w\u00e4hrend der Zypressenpflanzenextrakt adstringierende, vasokonstriktorische und anti\u00f6demat\u00f6se Eigenschaften hat. Hyalurons\u00e4ure st\u00e4rkt kurz- und langfristig die Hautfeuchtigkeit, verbessert die Barrierefunktion der Haut und verbessert ihre Elastizit\u00e4t deutlich.<\/p>\n","protected":false},"excerpt":{"rendered":"<p>Erbagel ist ein Naturprodukt, das entwickelt wurde, um m\u00fcden Extremit\u00e4ten, angefangen bei den F\u00fc\u00dfen, Leichtigkeit und Frische zu verleihen und der Haut ein Gef\u00fchl von Spannkraft zu verleihen. \u00c4therische \u00d6le aus Pfefferminze und Menthol verleihen den Beinen ein zart erfrischendes und belebendes Gef\u00fchl. Die \u00f6demat\u00f6s wirkende Zypresse und die kapillarsch\u00fctzende Arnika tragen dazu bei, das [&hellip;]<\/p>\n","protected":false},"featured_media":7238,"template":"","meta":{"_acf_changed":false,"inline_featured_image":false},"product_brand":[],"product_cat":[1491,1493,1489],"product_tag":[],"class_list":{"0":"post-7237","1":"product","2":"type-product","3":"status-publish","4":"has-post-thumbnail","6":"product_beauty-balsamico","7":"product_beauty-detox-e-dren","8":"product_beauty-idratare","9":"product_beauty-lenire","10":"product_beauty-proteggere","11":"product_beauty-rassodare-e-tonificare","12":"product_skin-tutte-le-pelli","13":"product_kind-trattamenti-speciali","14":"product_kind-tutte-le-creme-corpo","15":"product_lines-igiene-e-protezione","16":"product_cat-famiglia-e-pet-de","17":"product_cat-mani-e-piedi-de","18":"product_cat-corpo-de","19":"pa_size-150-de","21":"first","22":"instock","23":"taxable","24":"shipping-taxable","25":"purchasable","26":"product-type-simple"},"acf":[],"yoast_head":"<!-- This site is optimized with the Yoast SEO plugin v24.6 - https:\/\/yoast.com\/wordpress\/plugins\/seo\/ -->\n<title>Erbagel - Uniest<\/title>\n<meta name=\"robots\" content=\"index, follow, max-snippet:-1, max-image-preview:large, max-video-preview:-1\" \/>\n<link rel=\"canonical\" href=\"https:\/\/uniest.it\/prodotto\/erbagel\/\" \/>\n<meta property=\"og:locale\" content=\"de_DE\" \/>\n<meta property=\"og:type\" content=\"article\" \/>\n<meta property=\"og:title\" content=\"Erbagel - Uniest\" \/>\n<meta property=\"og:description\" content=\"Erbagel ist ein Naturprodukt, das entwickelt wurde, um m\u00fcden Extremit\u00e4ten, angefangen bei den F\u00fc\u00dfen, Leichtigkeit und Frische zu verleihen und der Haut ein Gef\u00fchl von Spannkraft zu verleihen. \u00c4therische \u00d6le aus Pfefferminze und Menthol verleihen den Beinen ein zart erfrischendes und belebendes Gef\u00fchl. Die \u00f6demat\u00f6s wirkende Zypresse und die kapillarsch\u00fctzende Arnika tragen dazu bei, das [&hellip;]\" \/>\n<meta property=\"og:url\" content=\"https:\/\/uniest.it\/prodotto\/erbagel\/\" \/>\n<meta property=\"og:site_name\" content=\"Uniest\" \/>\n<meta name=\"twitter:card\" content=\"summary_large_image\" \/>\n<meta name=\"twitter:label1\" content=\"Gesch\u00e4tzte Lesezeit\" \/>\n\t<meta name=\"twitter:data1\" content=\"1\u00a0Minute\" \/>\n<script type=\"application\/ld+json\" class=\"yoast-schema-graph\">{\"@context\":\"https:\/\/schema.org\",\"@graph\":[{\"@type\":\"WebPage\",\"@id\":\"https:\/\/uniest.it\/prodotto\/erbagel\/\",\"url\":\"https:\/\/uniest.it\/prodotto\/erbagel\/\",\"name\":\"Erbagel - Uniest\",\"isPartOf\":{\"@id\":\"https:\/\/uniest.it\/#website\"},\"primaryImageOfPage\":{\"@id\":\"https:\/\/uniest.it\/prodotto\/erbagel\/#primaryimage\"},\"image\":{\"@id\":\"https:\/\/uniest.it\/prodotto\/erbagel\/#primaryimage\"},\"thumbnailUrl\":\"https:\/\/uniest.it\/wp-content\/uploads\/2020\/11\/222AAE.png\",\"datePublished\":\"2024-10-29T17:56:20+00:00\",\"breadcrumb\":{\"@id\":\"https:\/\/uniest.it\/prodotto\/erbagel\/#breadcrumb\"},\"inLanguage\":\"de\",\"potentialAction\":[{\"@type\":\"ReadAction\",\"target\":[\"https:\/\/uniest.it\/prodotto\/erbagel\/\"]}]},{\"@type\":\"ImageObject\",\"inLanguage\":\"de\",\"@id\":\"https:\/\/uniest.it\/prodotto\/erbagel\/#primaryimage\",\"url\":\"https:\/\/uniest.it\/wp-content\/uploads\/2020\/11\/222AAE.png\",\"contentUrl\":\"https:\/\/uniest.it\/wp-content\/uploads\/2020\/11\/222AAE.png\",\"width\":1283,\"height\":2000},{\"@type\":\"BreadcrumbList\",\"@id\":\"https:\/\/uniest.it\/prodotto\/erbagel\/#breadcrumb\",\"itemListElement\":[{\"@type\":\"ListItem\",\"position\":1,\"name\":\"Home\",\"item\":\"https:\/\/uniest.it\/de\/\"},{\"@type\":\"ListItem\",\"position\":2,\"name\":\"Shop\",\"item\":\"https:\/\/uniest.it\/shop\/\"},{\"@type\":\"ListItem\",\"position\":3,\"name\":\"Erbagel\"}]},{\"@type\":\"WebSite\",\"@id\":\"https:\/\/uniest.it\/#website\",\"url\":\"https:\/\/uniest.it\/\",\"name\":\"Uniest\",\"description\":\"Cosmetici Naturali e Bio\",\"potentialAction\":[{\"@type\":\"SearchAction\",\"target\":{\"@type\":\"EntryPoint\",\"urlTemplate\":\"https:\/\/uniest.it\/?s={search_term_string}\"},\"query-input\":{\"@type\":\"PropertyValueSpecification\",\"valueRequired\":true,\"valueName\":\"search_term_string\"}}],\"inLanguage\":\"de\"}]}<\/script>\n<!-- \/ Yoast SEO plugin. -->","yoast_head_json":{"title":"Erbagel - Uniest","robots":{"index":"index","follow":"follow","max-snippet":"max-snippet:-1","max-image-preview":"max-image-preview:large","max-video-preview":"max-video-preview:-1"},"canonical":"https:\/\/uniest.it\/prodotto\/erbagel\/","og_locale":"de_DE","og_type":"article","og_title":"Erbagel - Uniest","og_description":"Erbagel ist ein Naturprodukt, das entwickelt wurde, um m\u00fcden Extremit\u00e4ten, angefangen bei den F\u00fc\u00dfen, Leichtigkeit und Frische zu verleihen und der Haut ein Gef\u00fchl von Spannkraft zu verleihen. \u00c4therische \u00d6le aus Pfefferminze und Menthol verleihen den Beinen ein zart erfrischendes und belebendes Gef\u00fchl. Die \u00f6demat\u00f6s wirkende Zypresse und die kapillarsch\u00fctzende Arnika tragen dazu bei, das [&hellip;]","og_url":"https:\/\/uniest.it\/prodotto\/erbagel\/","og_site_name":"Uniest","twitter_card":"summary_large_image","twitter_misc":{"Gesch\u00e4tzte Lesezeit":"1\u00a0Minute"},"schema":{"@context":"https:\/\/schema.org","@graph":[{"@type":"WebPage","@id":"https:\/\/uniest.it\/prodotto\/erbagel\/","url":"https:\/\/uniest.it\/prodotto\/erbagel\/","name":"Erbagel - Uniest","isPartOf":{"@id":"https:\/\/uniest.it\/#website"},"primaryImageOfPage":{"@id":"https:\/\/uniest.it\/prodotto\/erbagel\/#primaryimage"},"image":{"@id":"https:\/\/uniest.it\/prodotto\/erbagel\/#primaryimage"},"thumbnailUrl":"https:\/\/uniest.it\/wp-content\/uploads\/2020\/11\/222AAE.png","datePublished":"2024-10-29T17:56:20+00:00","breadcrumb":{"@id":"https:\/\/uniest.it\/prodotto\/erbagel\/#breadcrumb"},"inLanguage":"de","potentialAction":[{"@type":"ReadAction","target":["https:\/\/uniest.it\/prodotto\/erbagel\/"]}]},{"@type":"ImageObject","inLanguage":"de","@id":"https:\/\/uniest.it\/prodotto\/erbagel\/#primaryimage","url":"https:\/\/uniest.it\/wp-content\/uploads\/2020\/11\/222AAE.png","contentUrl":"https:\/\/uniest.it\/wp-content\/uploads\/2020\/11\/222AAE.png","width":1283,"height":2000},{"@type":"BreadcrumbList","@id":"https:\/\/uniest.it\/prodotto\/erbagel\/#breadcrumb","itemListElement":[{"@type":"ListItem","position":1,"name":"Home","item":"https:\/\/uniest.it\/de\/"},{"@type":"ListItem","position":2,"name":"Shop","item":"https:\/\/uniest.it\/shop\/"},{"@type":"ListItem","position":3,"name":"Erbagel"}]},{"@type":"WebSite","@id":"https:\/\/uniest.it\/#website","url":"https:\/\/uniest.it\/","name":"Uniest","description":"Cosmetici Naturali e Bio","potentialAction":[{"@type":"SearchAction","target":{"@type":"EntryPoint","urlTemplate":"https:\/\/uniest.it\/?s={search_term_string}"},"query-input":{"@type":"PropertyValueSpecification","valueRequired":true,"valueName":"search_term_string"}}],"inLanguage":"de"}]}},"_links":{"self":[{"href":"https:\/\/uniest.it\/de\/wp-json\/wp\/v2\/product\/7237","targetHints":{"allow":["GET"]}}],"collection":[{"href":"https:\/\/uniest.it\/de\/wp-json\/wp\/v2\/product"}],"about":[{"href":"https:\/\/uniest.it\/de\/wp-json\/wp\/v2\/types\/product"}],"wp:featuredmedia":[{"embeddable":true,"href":"https:\/\/uniest.it\/de\/wp-json\/wp\/v2\/media\/7238"}],"wp:attachment":[{"href":"https:\/\/uniest.it\/de\/wp-json\/wp\/v2\/media?parent=7237"}],"wp:term":[{"taxonomy":"product_brand","embeddable":true,"href":"https:\/\/uniest.it\/de\/wp-json\/wp\/v2\/product_brand?post=7237"},{"taxonomy":"product_cat","embeddable":true,"href":"https:\/\/uniest.it\/de\/wp-json\/wp\/v2\/product_cat?post=7237"},{"taxonomy":"product_tag","embeddable":true,"href":"https:\/\/uniest.it\/de\/wp-json\/wp\/v2\/product_tag?post=7237"}],"curies":[{"name":"wp","href":"https:\/\/api.w.org\/{rel}","templated":true}]}}