{"id":7240,"date":"2021-02-04T12:59:39","date_gmt":"2024-10-29T17:56:20","guid":{"rendered":"https:\/\/uniest.it\/prodotto\/gemuesepeeling\/"},"modified":"2024-10-29T18:56:20","modified_gmt":"2024-10-29T17:56:20","slug":"gemuesepeeling","status":"publish","type":"product","link":"https:\/\/uniest.it\/de\/prodotto\/gemuesepeeling\/","title":{"rendered":"Gem\u00fcsepeeling"},"content":{"rendered":"<p>Das pflanzliche Peeling hilft dank der Mikropeeling-Wirkung des S\u00fc\u00dfmandelpulvers, die Haut von Unreinheiten und abgestorbenen Zellen zu befreien. Die Haut erscheint dank der Wirkung der \u00e4therischen \u00d6le von Rosmarin und Zitrone strahlender, weicher und glatter. Neben der Gl\u00e4ttung und Aufhellung der Haut tr\u00e4gt die Anwendung des Gem\u00fcsepeelings auch zur Verbesserung der Sauerstoffversorgung der Haut und der Gewebeelastizit\u00e4t bei und erh\u00f6ht die Penetration der in den anschlie\u00dfend aufgetragenen Produkten enthaltenen Wirkstoffe. Die auf Reiskleie\u00f6l und Bio-Sheabutter basierende Cremeformulierung spendet Feuchtigkeit und verhindert das Austrocknen der Haut. Geeignet f\u00fcr Gesicht und K\u00f6rper.<\/p>\n","protected":false},"excerpt":{"rendered":"<p>Das pflanzliche Peeling hilft dank der Mikropeeling-Wirkung des S\u00fc\u00dfmandelpulvers, die Haut von Unreinheiten und abgestorbenen Zellen zu befreien. Die Haut erscheint dank der Wirkung der \u00e4therischen \u00d6le von Rosmarin und Zitrone strahlender, weicher und glatter. Neben der Gl\u00e4ttung und Aufhellung der Haut tr\u00e4gt die Anwendung des Gem\u00fcsepeelings auch zur Verbesserung der Sauerstoffversorgung der Haut und [&hellip;]<\/p>\n","protected":false},"featured_media":7241,"template":"","meta":{"_acf_changed":false,"inline_featured_image":false},"product_brand":[],"product_cat":[1497,1493,1489],"product_tag":[],"class_list":{"0":"post-7240","1":"product","2":"type-product","3":"status-publish","4":"has-post-thumbnail","6":"product_beauty-anti-cellulite","7":"product_beauty-antirughe","8":"product_beauty-esfoliare","9":"product_beauty-idratare","10":"product_beauty-nutrire-e-rigenerare","11":"product_beauty-rassodare-e-tonificare","12":"product_skin-tutte-le-pelli","13":"product_kind-maschere-ed-esfolianti-viso","14":"product_kind-trattamenti-mani-e-piedi","15":"product_kind-trattamenti-speciali","16":"product_lines-corpo-e-benessere","17":"product_cat-viso-de","18":"product_cat-mani-e-piedi-de","19":"product_cat-corpo-de","20":"pa_size-100-de","22":"first","23":"instock","24":"taxable","25":"shipping-taxable","26":"purchasable","27":"product-type-simple"},"acf":[],"yoast_head":"<!-- This site is optimized with the Yoast SEO plugin v24.6 - https:\/\/yoast.com\/wordpress\/plugins\/seo\/ -->\n<title>Gem\u00fcsepeeling - Uniest<\/title>\n<meta name=\"robots\" content=\"index, follow, max-snippet:-1, max-image-preview:large, max-video-preview:-1\" \/>\n<link rel=\"canonical\" href=\"https:\/\/uniest.it\/prodotto\/peeling-vegetale\/\" \/>\n<meta property=\"og:locale\" content=\"de_DE\" \/>\n<meta property=\"og:type\" content=\"article\" \/>\n<meta property=\"og:title\" content=\"Gem\u00fcsepeeling - Uniest\" \/>\n<meta property=\"og:description\" content=\"Das pflanzliche Peeling hilft dank der Mikropeeling-Wirkung des S\u00fc\u00dfmandelpulvers, die Haut von Unreinheiten und abgestorbenen Zellen zu befreien. Die Haut erscheint dank der Wirkung der \u00e4therischen \u00d6le von Rosmarin und Zitrone strahlender, weicher und glatter. Neben der Gl\u00e4ttung und Aufhellung der Haut tr\u00e4gt die Anwendung des Gem\u00fcsepeelings auch zur Verbesserung der Sauerstoffversorgung der Haut und [&hellip;]\" \/>\n<meta property=\"og:url\" content=\"https:\/\/uniest.it\/prodotto\/peeling-vegetale\/\" \/>\n<meta property=\"og:site_name\" content=\"Uniest\" \/>\n<meta property=\"og:image\" content=\"https:\/\/uniest.it\/wp-content\/uploads\/2020\/11\/223AAE.png\" \/>\n\t<meta property=\"og:image:width\" content=\"1283\" \/>\n\t<meta property=\"og:image:height\" content=\"2001\" \/>\n\t<meta property=\"og:image:type\" content=\"image\/png\" \/>\n<meta name=\"twitter:card\" content=\"summary_large_image\" \/>\n<meta name=\"twitter:label1\" content=\"Gesch\u00e4tzte Lesezeit\" \/>\n\t<meta name=\"twitter:data1\" content=\"1\u00a0Minute\" \/>\n<script type=\"application\/ld+json\" class=\"yoast-schema-graph\">{\"@context\":\"https:\/\/schema.org\",\"@graph\":[{\"@type\":\"WebPage\",\"@id\":\"https:\/\/uniest.it\/prodotto\/peeling-vegetale\/\",\"url\":\"https:\/\/uniest.it\/prodotto\/peeling-vegetale\/\",\"name\":\"Gem\u00fcsepeeling - Uniest\",\"isPartOf\":{\"@id\":\"https:\/\/uniest.it\/#website\"},\"primaryImageOfPage\":{\"@id\":\"https:\/\/uniest.it\/prodotto\/peeling-vegetale\/#primaryimage\"},\"image\":{\"@id\":\"https:\/\/uniest.it\/prodotto\/peeling-vegetale\/#primaryimage\"},\"thumbnailUrl\":\"https:\/\/uniest.it\/wp-content\/uploads\/2020\/11\/223AAE.png\",\"datePublished\":\"2024-10-29T17:56:20+00:00\",\"breadcrumb\":{\"@id\":\"https:\/\/uniest.it\/prodotto\/peeling-vegetale\/#breadcrumb\"},\"inLanguage\":\"de\",\"potentialAction\":[{\"@type\":\"ReadAction\",\"target\":[\"https:\/\/uniest.it\/prodotto\/peeling-vegetale\/\"]}]},{\"@type\":\"ImageObject\",\"inLanguage\":\"de\",\"@id\":\"https:\/\/uniest.it\/prodotto\/peeling-vegetale\/#primaryimage\",\"url\":\"https:\/\/uniest.it\/wp-content\/uploads\/2020\/11\/223AAE.png\",\"contentUrl\":\"https:\/\/uniest.it\/wp-content\/uploads\/2020\/11\/223AAE.png\",\"width\":1283,\"height\":2001},{\"@type\":\"BreadcrumbList\",\"@id\":\"https:\/\/uniest.it\/prodotto\/peeling-vegetale\/#breadcrumb\",\"itemListElement\":[{\"@type\":\"ListItem\",\"position\":1,\"name\":\"Home\",\"item\":\"https:\/\/uniest.it\/de\/\"},{\"@type\":\"ListItem\",\"position\":2,\"name\":\"Shop\",\"item\":\"https:\/\/uniest.it\/shop\/\"},{\"@type\":\"ListItem\",\"position\":3,\"name\":\"Gem\u00fcsepeeling\"}]},{\"@type\":\"WebSite\",\"@id\":\"https:\/\/uniest.it\/#website\",\"url\":\"https:\/\/uniest.it\/\",\"name\":\"Uniest\",\"description\":\"Cosmetici Naturali e Bio\",\"potentialAction\":[{\"@type\":\"SearchAction\",\"target\":{\"@type\":\"EntryPoint\",\"urlTemplate\":\"https:\/\/uniest.it\/?s={search_term_string}\"},\"query-input\":{\"@type\":\"PropertyValueSpecification\",\"valueRequired\":true,\"valueName\":\"search_term_string\"}}],\"inLanguage\":\"de\"}]}<\/script>\n<!-- \/ Yoast SEO plugin. -->","yoast_head_json":{"title":"Gem\u00fcsepeeling - Uniest","robots":{"index":"index","follow":"follow","max-snippet":"max-snippet:-1","max-image-preview":"max-image-preview:large","max-video-preview":"max-video-preview:-1"},"canonical":"https:\/\/uniest.it\/prodotto\/peeling-vegetale\/","og_locale":"de_DE","og_type":"article","og_title":"Gem\u00fcsepeeling - Uniest","og_description":"Das pflanzliche Peeling hilft dank der Mikropeeling-Wirkung des S\u00fc\u00dfmandelpulvers, die Haut von Unreinheiten und abgestorbenen Zellen zu befreien. Die Haut erscheint dank der Wirkung der \u00e4therischen \u00d6le von Rosmarin und Zitrone strahlender, weicher und glatter. Neben der Gl\u00e4ttung und Aufhellung der Haut tr\u00e4gt die Anwendung des Gem\u00fcsepeelings auch zur Verbesserung der Sauerstoffversorgung der Haut und [&hellip;]","og_url":"https:\/\/uniest.it\/prodotto\/peeling-vegetale\/","og_site_name":"Uniest","og_image":[{"width":1283,"height":2001,"url":"https:\/\/uniest.it\/wp-content\/uploads\/2020\/11\/223AAE.png","type":"image\/png"}],"twitter_card":"summary_large_image","twitter_misc":{"Gesch\u00e4tzte Lesezeit":"1\u00a0Minute"},"schema":{"@context":"https:\/\/schema.org","@graph":[{"@type":"WebPage","@id":"https:\/\/uniest.it\/prodotto\/peeling-vegetale\/","url":"https:\/\/uniest.it\/prodotto\/peeling-vegetale\/","name":"Gem\u00fcsepeeling - Uniest","isPartOf":{"@id":"https:\/\/uniest.it\/#website"},"primaryImageOfPage":{"@id":"https:\/\/uniest.it\/prodotto\/peeling-vegetale\/#primaryimage"},"image":{"@id":"https:\/\/uniest.it\/prodotto\/peeling-vegetale\/#primaryimage"},"thumbnailUrl":"https:\/\/uniest.it\/wp-content\/uploads\/2020\/11\/223AAE.png","datePublished":"2024-10-29T17:56:20+00:00","breadcrumb":{"@id":"https:\/\/uniest.it\/prodotto\/peeling-vegetale\/#breadcrumb"},"inLanguage":"de","potentialAction":[{"@type":"ReadAction","target":["https:\/\/uniest.it\/prodotto\/peeling-vegetale\/"]}]},{"@type":"ImageObject","inLanguage":"de","@id":"https:\/\/uniest.it\/prodotto\/peeling-vegetale\/#primaryimage","url":"https:\/\/uniest.it\/wp-content\/uploads\/2020\/11\/223AAE.png","contentUrl":"https:\/\/uniest.it\/wp-content\/uploads\/2020\/11\/223AAE.png","width":1283,"height":2001},{"@type":"BreadcrumbList","@id":"https:\/\/uniest.it\/prodotto\/peeling-vegetale\/#breadcrumb","itemListElement":[{"@type":"ListItem","position":1,"name":"Home","item":"https:\/\/uniest.it\/de\/"},{"@type":"ListItem","position":2,"name":"Shop","item":"https:\/\/uniest.it\/shop\/"},{"@type":"ListItem","position":3,"name":"Gem\u00fcsepeeling"}]},{"@type":"WebSite","@id":"https:\/\/uniest.it\/#website","url":"https:\/\/uniest.it\/","name":"Uniest","description":"Cosmetici Naturali e Bio","potentialAction":[{"@type":"SearchAction","target":{"@type":"EntryPoint","urlTemplate":"https:\/\/uniest.it\/?s={search_term_string}"},"query-input":{"@type":"PropertyValueSpecification","valueRequired":true,"valueName":"search_term_string"}}],"inLanguage":"de"}]}},"_links":{"self":[{"href":"https:\/\/uniest.it\/de\/wp-json\/wp\/v2\/product\/7240","targetHints":{"allow":["GET"]}}],"collection":[{"href":"https:\/\/uniest.it\/de\/wp-json\/wp\/v2\/product"}],"about":[{"href":"https:\/\/uniest.it\/de\/wp-json\/wp\/v2\/types\/product"}],"wp:featuredmedia":[{"embeddable":true,"href":"https:\/\/uniest.it\/de\/wp-json\/wp\/v2\/media\/7241"}],"wp:attachment":[{"href":"https:\/\/uniest.it\/de\/wp-json\/wp\/v2\/media?parent=7240"}],"wp:term":[{"taxonomy":"product_brand","embeddable":true,"href":"https:\/\/uniest.it\/de\/wp-json\/wp\/v2\/product_brand?post=7240"},{"taxonomy":"product_cat","embeddable":true,"href":"https:\/\/uniest.it\/de\/wp-json\/wp\/v2\/product_cat?post=7240"},{"taxonomy":"product_tag","embeddable":true,"href":"https:\/\/uniest.it\/de\/wp-json\/wp\/v2\/product_tag?post=7240"}],"curies":[{"name":"wp","href":"https:\/\/api.w.org\/{rel}","templated":true}]}}