{"id":7246,"date":"2021-02-04T13:00:05","date_gmt":"2024-10-29T17:56:21","guid":{"rendered":"https:\/\/uniest.it\/prodotto\/ausgleichendes-shampoo-aus-birke\/"},"modified":"2024-10-29T18:56:21","modified_gmt":"2024-10-29T17:56:21","slug":"ausgleichendes-shampoo-aus-birke","status":"publish","type":"product","link":"https:\/\/uniest.it\/de\/prodotto\/ausgleichendes-shampoo-aus-birke\/","title":{"rendered":"Ausgleichendes Shampoo aus Birke"},"content":{"rendered":"<p>Das ausgleichende Birkenshampoo wurde entwickelt, um das l\u00e4stige Problem der fettigen Kopfhaut zu l\u00f6sen und eignet sich hervorragend f\u00fcr Menschen mit fettigem Haar und Schuppen. Es hilft, \u00fcbersch\u00fcssigen Talg zu entfernen, ohne die Haut zu reizen. Seine st\u00e4rkenden und reinigenden Eigenschaften helfen jedoch bei der Bek\u00e4mpfung von Haarausfall. Die desinfizierenden und entz\u00fcndungshemmenden Eigenschaften der Birke machen sie zu einem n\u00fctzlichen Inhaltsstoff zur Wiederherstellung des Gleichgewichts bei fettiger Kopfhaut und fettigem Haar. Aus diesem Grund k\u00f6nnen sowohl M\u00e4nner als auch Frauen dieses Produkt sowohl in der Vorbeugungs- als auch in der Behandlungsphase verwenden. Da es sich um eine nat\u00fcrliche und reine Lotion handelt, gibt es keine Kontraindikationen. Die Pflanzenextrakte aus Bio-Birke, Brennnessel, Efeu und Wacholder stellen zusammen mit Milchs\u00e4ure nach und nach das nat\u00fcrliche Gleichgewicht der Kopfhaut wieder her. Es reinigt \u00e4u\u00dferst sanft, bringt die Talgproduktion wieder ins Gleichgewicht und beseitigt effektiv Schuppen. Da es pflanzlichen Ursprungs ist, macht es das Haar sehr gl\u00e4nzend, weich und seidig.<\/p>\n","protected":false},"excerpt":{"rendered":"<p>Das ausgleichende Birkenshampoo wurde entwickelt, um das l\u00e4stige Problem der fettigen Kopfhaut zu l\u00f6sen und eignet sich hervorragend f\u00fcr Menschen mit fettigem Haar und Schuppen. Es hilft, \u00fcbersch\u00fcssigen Talg zu entfernen, ohne die Haut zu reizen. Seine st\u00e4rkenden und reinigenden Eigenschaften helfen jedoch bei der Bek\u00e4mpfung von Haarausfall. Die desinfizierenden und entz\u00fcndungshemmenden Eigenschaften der Birke [&hellip;]<\/p>\n","protected":false},"featured_media":7247,"template":"","meta":{"_acf_changed":false,"inline_featured_image":false},"product_brand":[],"product_cat":[1487,1489],"product_tag":[],"class_list":{"0":"post-7246","1":"product","2":"type-product","3":"status-publish","4":"has-post-thumbnail","6":"product_beauty-detergere","7":"product_beauty-idratare","8":"product_beauty-lenire","9":"product_beauty-purificare","10":"product_beauty-riequilibrare","11":"product_skin-tutti-i-capelli","12":"product_kind-bagno","13":"product_kind-doccia","14":"product_kind-shampoo-e-detergenza","15":"product_lines-capelli","16":"product_cat-capelli-de","17":"product_cat-corpo-de","18":"pa_size-250-de","20":"first","21":"instock","22":"taxable","23":"shipping-taxable","24":"purchasable","25":"product-type-simple"},"acf":[],"yoast_head":"<!-- This site is optimized with the Yoast SEO plugin v24.6 - https:\/\/yoast.com\/wordpress\/plugins\/seo\/ -->\n<title>Ausgleichendes Shampoo aus Birke - Uniest<\/title>\n<meta name=\"robots\" content=\"index, follow, max-snippet:-1, max-image-preview:large, max-video-preview:-1\" \/>\n<link rel=\"canonical\" href=\"https:\/\/uniest.it\/prodotto\/ausgleichendes-shampoo-aus-birke\/\" \/>\n<meta property=\"og:locale\" content=\"de_DE\" \/>\n<meta property=\"og:type\" content=\"article\" \/>\n<meta property=\"og:title\" content=\"Ausgleichendes Shampoo aus Birke - Uniest\" \/>\n<meta property=\"og:description\" content=\"Das ausgleichende Birkenshampoo wurde entwickelt, um das l\u00e4stige Problem der fettigen Kopfhaut zu l\u00f6sen und eignet sich hervorragend f\u00fcr Menschen mit fettigem Haar und Schuppen. Es hilft, \u00fcbersch\u00fcssigen Talg zu entfernen, ohne die Haut zu reizen. Seine st\u00e4rkenden und reinigenden Eigenschaften helfen jedoch bei der Bek\u00e4mpfung von Haarausfall. Die desinfizierenden und entz\u00fcndungshemmenden Eigenschaften der Birke [&hellip;]\" \/>\n<meta property=\"og:url\" content=\"https:\/\/uniest.it\/prodotto\/ausgleichendes-shampoo-aus-birke\/\" \/>\n<meta property=\"og:site_name\" content=\"Uniest\" \/>\n<meta name=\"twitter:card\" content=\"summary_large_image\" \/>\n<meta name=\"twitter:label1\" content=\"Gesch\u00e4tzte Lesezeit\" \/>\n\t<meta name=\"twitter:data1\" content=\"1\u00a0Minute\" \/>\n<script type=\"application\/ld+json\" class=\"yoast-schema-graph\">{\"@context\":\"https:\/\/schema.org\",\"@graph\":[{\"@type\":\"WebPage\",\"@id\":\"https:\/\/uniest.it\/prodotto\/ausgleichendes-shampoo-aus-birke\/\",\"url\":\"https:\/\/uniest.it\/prodotto\/ausgleichendes-shampoo-aus-birke\/\",\"name\":\"Ausgleichendes Shampoo aus Birke - Uniest\",\"isPartOf\":{\"@id\":\"https:\/\/uniest.it\/#website\"},\"primaryImageOfPage\":{\"@id\":\"https:\/\/uniest.it\/prodotto\/ausgleichendes-shampoo-aus-birke\/#primaryimage\"},\"image\":{\"@id\":\"https:\/\/uniest.it\/prodotto\/ausgleichendes-shampoo-aus-birke\/#primaryimage\"},\"thumbnailUrl\":\"https:\/\/uniest.it\/wp-content\/uploads\/2020\/11\/257AAE.png\",\"datePublished\":\"2024-10-29T17:56:21+00:00\",\"breadcrumb\":{\"@id\":\"https:\/\/uniest.it\/prodotto\/ausgleichendes-shampoo-aus-birke\/#breadcrumb\"},\"inLanguage\":\"de\",\"potentialAction\":[{\"@type\":\"ReadAction\",\"target\":[\"https:\/\/uniest.it\/prodotto\/ausgleichendes-shampoo-aus-birke\/\"]}]},{\"@type\":\"ImageObject\",\"inLanguage\":\"de\",\"@id\":\"https:\/\/uniest.it\/prodotto\/ausgleichendes-shampoo-aus-birke\/#primaryimage\",\"url\":\"https:\/\/uniest.it\/wp-content\/uploads\/2020\/11\/257AAE.png\",\"contentUrl\":\"https:\/\/uniest.it\/wp-content\/uploads\/2020\/11\/257AAE.png\",\"width\":1283,\"height\":2000},{\"@type\":\"BreadcrumbList\",\"@id\":\"https:\/\/uniest.it\/prodotto\/ausgleichendes-shampoo-aus-birke\/#breadcrumb\",\"itemListElement\":[{\"@type\":\"ListItem\",\"position\":1,\"name\":\"Home\",\"item\":\"https:\/\/uniest.it\/de\/\"},{\"@type\":\"ListItem\",\"position\":2,\"name\":\"Shop\",\"item\":\"https:\/\/uniest.it\/shop\/\"},{\"@type\":\"ListItem\",\"position\":3,\"name\":\"Ausgleichendes Shampoo aus Birke\"}]},{\"@type\":\"WebSite\",\"@id\":\"https:\/\/uniest.it\/#website\",\"url\":\"https:\/\/uniest.it\/\",\"name\":\"Uniest\",\"description\":\"Cosmetici Naturali e Bio\",\"potentialAction\":[{\"@type\":\"SearchAction\",\"target\":{\"@type\":\"EntryPoint\",\"urlTemplate\":\"https:\/\/uniest.it\/?s={search_term_string}\"},\"query-input\":{\"@type\":\"PropertyValueSpecification\",\"valueRequired\":true,\"valueName\":\"search_term_string\"}}],\"inLanguage\":\"de\"}]}<\/script>\n<!-- \/ Yoast SEO plugin. -->","yoast_head_json":{"title":"Ausgleichendes Shampoo aus Birke - Uniest","robots":{"index":"index","follow":"follow","max-snippet":"max-snippet:-1","max-image-preview":"max-image-preview:large","max-video-preview":"max-video-preview:-1"},"canonical":"https:\/\/uniest.it\/prodotto\/ausgleichendes-shampoo-aus-birke\/","og_locale":"de_DE","og_type":"article","og_title":"Ausgleichendes Shampoo aus Birke - Uniest","og_description":"Das ausgleichende Birkenshampoo wurde entwickelt, um das l\u00e4stige Problem der fettigen Kopfhaut zu l\u00f6sen und eignet sich hervorragend f\u00fcr Menschen mit fettigem Haar und Schuppen. Es hilft, \u00fcbersch\u00fcssigen Talg zu entfernen, ohne die Haut zu reizen. Seine st\u00e4rkenden und reinigenden Eigenschaften helfen jedoch bei der Bek\u00e4mpfung von Haarausfall. Die desinfizierenden und entz\u00fcndungshemmenden Eigenschaften der Birke [&hellip;]","og_url":"https:\/\/uniest.it\/prodotto\/ausgleichendes-shampoo-aus-birke\/","og_site_name":"Uniest","twitter_card":"summary_large_image","twitter_misc":{"Gesch\u00e4tzte Lesezeit":"1\u00a0Minute"},"schema":{"@context":"https:\/\/schema.org","@graph":[{"@type":"WebPage","@id":"https:\/\/uniest.it\/prodotto\/ausgleichendes-shampoo-aus-birke\/","url":"https:\/\/uniest.it\/prodotto\/ausgleichendes-shampoo-aus-birke\/","name":"Ausgleichendes Shampoo aus Birke - Uniest","isPartOf":{"@id":"https:\/\/uniest.it\/#website"},"primaryImageOfPage":{"@id":"https:\/\/uniest.it\/prodotto\/ausgleichendes-shampoo-aus-birke\/#primaryimage"},"image":{"@id":"https:\/\/uniest.it\/prodotto\/ausgleichendes-shampoo-aus-birke\/#primaryimage"},"thumbnailUrl":"https:\/\/uniest.it\/wp-content\/uploads\/2020\/11\/257AAE.png","datePublished":"2024-10-29T17:56:21+00:00","breadcrumb":{"@id":"https:\/\/uniest.it\/prodotto\/ausgleichendes-shampoo-aus-birke\/#breadcrumb"},"inLanguage":"de","potentialAction":[{"@type":"ReadAction","target":["https:\/\/uniest.it\/prodotto\/ausgleichendes-shampoo-aus-birke\/"]}]},{"@type":"ImageObject","inLanguage":"de","@id":"https:\/\/uniest.it\/prodotto\/ausgleichendes-shampoo-aus-birke\/#primaryimage","url":"https:\/\/uniest.it\/wp-content\/uploads\/2020\/11\/257AAE.png","contentUrl":"https:\/\/uniest.it\/wp-content\/uploads\/2020\/11\/257AAE.png","width":1283,"height":2000},{"@type":"BreadcrumbList","@id":"https:\/\/uniest.it\/prodotto\/ausgleichendes-shampoo-aus-birke\/#breadcrumb","itemListElement":[{"@type":"ListItem","position":1,"name":"Home","item":"https:\/\/uniest.it\/de\/"},{"@type":"ListItem","position":2,"name":"Shop","item":"https:\/\/uniest.it\/shop\/"},{"@type":"ListItem","position":3,"name":"Ausgleichendes Shampoo aus Birke"}]},{"@type":"WebSite","@id":"https:\/\/uniest.it\/#website","url":"https:\/\/uniest.it\/","name":"Uniest","description":"Cosmetici Naturali e Bio","potentialAction":[{"@type":"SearchAction","target":{"@type":"EntryPoint","urlTemplate":"https:\/\/uniest.it\/?s={search_term_string}"},"query-input":{"@type":"PropertyValueSpecification","valueRequired":true,"valueName":"search_term_string"}}],"inLanguage":"de"}]}},"_links":{"self":[{"href":"https:\/\/uniest.it\/de\/wp-json\/wp\/v2\/product\/7246","targetHints":{"allow":["GET"]}}],"collection":[{"href":"https:\/\/uniest.it\/de\/wp-json\/wp\/v2\/product"}],"about":[{"href":"https:\/\/uniest.it\/de\/wp-json\/wp\/v2\/types\/product"}],"wp:featuredmedia":[{"embeddable":true,"href":"https:\/\/uniest.it\/de\/wp-json\/wp\/v2\/media\/7247"}],"wp:attachment":[{"href":"https:\/\/uniest.it\/de\/wp-json\/wp\/v2\/media?parent=7246"}],"wp:term":[{"taxonomy":"product_brand","embeddable":true,"href":"https:\/\/uniest.it\/de\/wp-json\/wp\/v2\/product_brand?post=7246"},{"taxonomy":"product_cat","embeddable":true,"href":"https:\/\/uniest.it\/de\/wp-json\/wp\/v2\/product_cat?post=7246"},{"taxonomy":"product_tag","embeddable":true,"href":"https:\/\/uniest.it\/de\/wp-json\/wp\/v2\/product_tag?post=7246"}],"curies":[{"name":"wp","href":"https:\/\/api.w.org\/{rel}","templated":true}]}}