{"id":7249,"date":"2021-02-04T13:00:05","date_gmt":"2024-10-29T17:56:22","guid":{"rendered":"https:\/\/uniest.it\/prodotto\/feuchtigkeitsspendendes-hamamelis-shampoo\/"},"modified":"2024-10-29T18:56:22","modified_gmt":"2024-10-29T17:56:22","slug":"feuchtigkeitsspendendes-hamamelis-shampoo","status":"publish","type":"product","link":"https:\/\/uniest.it\/de\/prodotto\/feuchtigkeitsspendendes-hamamelis-shampoo\/","title":{"rendered":"Feuchtigkeitsspendendes Hamamelis-Shampoo"},"content":{"rendered":"<p>*Es ist m\u00f6glich, dass die Verpackung vom Foto abweicht. Das feuchtigkeitsspendende Hamamelis-Shampoo eignet sich ideal f\u00fcr h\u00e4ufiges oder t\u00e4gliches Waschen, ist f\u00fcr alle Haartypen geeignet und verleiht stumpfem Haar Geschmeidigkeit, Vitalit\u00e4t und Glanz. Die Pflanzenextrakte aus Hamamelis, Eisenkraut, Helichrysum und Kiwi wirken von der Wurzel an sanft reinigend, n\u00e4hrend und ausgleichend. Die lindernden und beruhigenden Eigenschaften garantieren eine wirksame Anti-Juckreiz-Wirkung auf der empfindlichsten Haut, insbesondere bei Menschen, die unter Schuppen leiden und eindeutig zu d\u00fcnner werdender Haut neigen. Die reepithelisierenden Eigenschaften von Hamamelis, die auf einer Optimierung des Zellstoffwechsels beruhen, sind daher sehr n\u00fctzlich. Sanft auf der Kopfhaut hinterl\u00e4sst es ein wirklich gr\u00fcndlich gereinigtes, gereinigtes, weiches, volumin\u00f6ses und vor allem gl\u00e4nzendes Haar und verleiht ihm zudem einen s\u00fc\u00dfen und frischen Duft.<\/p>\n","protected":false},"excerpt":{"rendered":"<p>*Es ist m\u00f6glich, dass die Verpackung vom Foto abweicht. Das feuchtigkeitsspendende Hamamelis-Shampoo eignet sich ideal f\u00fcr h\u00e4ufiges oder t\u00e4gliches Waschen, ist f\u00fcr alle Haartypen geeignet und verleiht stumpfem Haar Geschmeidigkeit, Vitalit\u00e4t und Glanz. Die Pflanzenextrakte aus Hamamelis, Eisenkraut, Helichrysum und Kiwi wirken von der Wurzel an sanft reinigend, n\u00e4hrend und ausgleichend. Die lindernden und beruhigenden [&hellip;]<\/p>\n","protected":false},"featured_media":7250,"template":"","meta":{"_acf_changed":false,"inline_featured_image":false},"product_brand":[],"product_cat":[1487,1489],"product_tag":[],"class_list":{"0":"post-7249","1":"product","2":"type-product","3":"status-publish","4":"has-post-thumbnail","6":"product_beauty-detergere","7":"product_beauty-idratare","8":"product_beauty-lenire","9":"product_beauty-proteggere","10":"product_skin-tutti-i-capelli","11":"product_kind-bagno","12":"product_kind-doccia","13":"product_kind-shampoo-e-detergenza","14":"product_lines-capelli","15":"product_cat-capelli-de","16":"product_cat-corpo-de","17":"pa_size-250-de","19":"first","20":"instock","21":"taxable","22":"shipping-taxable","23":"purchasable","24":"product-type-simple"},"acf":[],"yoast_head":"<!-- This site is optimized with the Yoast SEO plugin v24.6 - https:\/\/yoast.com\/wordpress\/plugins\/seo\/ -->\n<title>Feuchtigkeitsspendendes Hamamelis-Shampoo - Uniest<\/title>\n<meta name=\"robots\" content=\"index, follow, max-snippet:-1, max-image-preview:large, max-video-preview:-1\" \/>\n<link rel=\"canonical\" href=\"https:\/\/uniest.it\/prodotto\/feuchtigkeitsspendendes-hamamelis-shampoo\/\" \/>\n<meta property=\"og:locale\" content=\"de_DE\" \/>\n<meta property=\"og:type\" content=\"article\" \/>\n<meta property=\"og:title\" content=\"Feuchtigkeitsspendendes Hamamelis-Shampoo - Uniest\" \/>\n<meta property=\"og:description\" content=\"*Es ist m\u00f6glich, dass die Verpackung vom Foto abweicht. Das feuchtigkeitsspendende Hamamelis-Shampoo eignet sich ideal f\u00fcr h\u00e4ufiges oder t\u00e4gliches Waschen, ist f\u00fcr alle Haartypen geeignet und verleiht stumpfem Haar Geschmeidigkeit, Vitalit\u00e4t und Glanz. Die Pflanzenextrakte aus Hamamelis, Eisenkraut, Helichrysum und Kiwi wirken von der Wurzel an sanft reinigend, n\u00e4hrend und ausgleichend. Die lindernden und beruhigenden [&hellip;]\" \/>\n<meta property=\"og:url\" content=\"https:\/\/uniest.it\/prodotto\/feuchtigkeitsspendendes-hamamelis-shampoo\/\" \/>\n<meta property=\"og:site_name\" content=\"Uniest\" \/>\n<meta name=\"twitter:card\" content=\"summary_large_image\" \/>\n<meta name=\"twitter:label1\" content=\"Gesch\u00e4tzte Lesezeit\" \/>\n\t<meta name=\"twitter:data1\" content=\"1\u00a0Minute\" \/>\n<script type=\"application\/ld+json\" class=\"yoast-schema-graph\">{\"@context\":\"https:\/\/schema.org\",\"@graph\":[{\"@type\":\"WebPage\",\"@id\":\"https:\/\/uniest.it\/prodotto\/feuchtigkeitsspendendes-hamamelis-shampoo\/\",\"url\":\"https:\/\/uniest.it\/prodotto\/feuchtigkeitsspendendes-hamamelis-shampoo\/\",\"name\":\"Feuchtigkeitsspendendes Hamamelis-Shampoo - Uniest\",\"isPartOf\":{\"@id\":\"https:\/\/uniest.it\/#website\"},\"primaryImageOfPage\":{\"@id\":\"https:\/\/uniest.it\/prodotto\/feuchtigkeitsspendendes-hamamelis-shampoo\/#primaryimage\"},\"image\":{\"@id\":\"https:\/\/uniest.it\/prodotto\/feuchtigkeitsspendendes-hamamelis-shampoo\/#primaryimage\"},\"thumbnailUrl\":\"https:\/\/uniest.it\/wp-content\/uploads\/2020\/11\/259AAE.png\",\"datePublished\":\"2024-10-29T17:56:22+00:00\",\"breadcrumb\":{\"@id\":\"https:\/\/uniest.it\/prodotto\/feuchtigkeitsspendendes-hamamelis-shampoo\/#breadcrumb\"},\"inLanguage\":\"de\",\"potentialAction\":[{\"@type\":\"ReadAction\",\"target\":[\"https:\/\/uniest.it\/prodotto\/feuchtigkeitsspendendes-hamamelis-shampoo\/\"]}]},{\"@type\":\"ImageObject\",\"inLanguage\":\"de\",\"@id\":\"https:\/\/uniest.it\/prodotto\/feuchtigkeitsspendendes-hamamelis-shampoo\/#primaryimage\",\"url\":\"https:\/\/uniest.it\/wp-content\/uploads\/2020\/11\/259AAE.png\",\"contentUrl\":\"https:\/\/uniest.it\/wp-content\/uploads\/2020\/11\/259AAE.png\",\"width\":1283,\"height\":2000},{\"@type\":\"BreadcrumbList\",\"@id\":\"https:\/\/uniest.it\/prodotto\/feuchtigkeitsspendendes-hamamelis-shampoo\/#breadcrumb\",\"itemListElement\":[{\"@type\":\"ListItem\",\"position\":1,\"name\":\"Home\",\"item\":\"https:\/\/uniest.it\/de\/\"},{\"@type\":\"ListItem\",\"position\":2,\"name\":\"Shop\",\"item\":\"https:\/\/uniest.it\/shop\/\"},{\"@type\":\"ListItem\",\"position\":3,\"name\":\"Feuchtigkeitsspendendes Hamamelis-Shampoo\"}]},{\"@type\":\"WebSite\",\"@id\":\"https:\/\/uniest.it\/#website\",\"url\":\"https:\/\/uniest.it\/\",\"name\":\"Uniest\",\"description\":\"Cosmetici Naturali e Bio\",\"potentialAction\":[{\"@type\":\"SearchAction\",\"target\":{\"@type\":\"EntryPoint\",\"urlTemplate\":\"https:\/\/uniest.it\/?s={search_term_string}\"},\"query-input\":{\"@type\":\"PropertyValueSpecification\",\"valueRequired\":true,\"valueName\":\"search_term_string\"}}],\"inLanguage\":\"de\"}]}<\/script>\n<!-- \/ Yoast SEO plugin. -->","yoast_head_json":{"title":"Feuchtigkeitsspendendes Hamamelis-Shampoo - Uniest","robots":{"index":"index","follow":"follow","max-snippet":"max-snippet:-1","max-image-preview":"max-image-preview:large","max-video-preview":"max-video-preview:-1"},"canonical":"https:\/\/uniest.it\/prodotto\/feuchtigkeitsspendendes-hamamelis-shampoo\/","og_locale":"de_DE","og_type":"article","og_title":"Feuchtigkeitsspendendes Hamamelis-Shampoo - Uniest","og_description":"*Es ist m\u00f6glich, dass die Verpackung vom Foto abweicht. Das feuchtigkeitsspendende Hamamelis-Shampoo eignet sich ideal f\u00fcr h\u00e4ufiges oder t\u00e4gliches Waschen, ist f\u00fcr alle Haartypen geeignet und verleiht stumpfem Haar Geschmeidigkeit, Vitalit\u00e4t und Glanz. Die Pflanzenextrakte aus Hamamelis, Eisenkraut, Helichrysum und Kiwi wirken von der Wurzel an sanft reinigend, n\u00e4hrend und ausgleichend. Die lindernden und beruhigenden [&hellip;]","og_url":"https:\/\/uniest.it\/prodotto\/feuchtigkeitsspendendes-hamamelis-shampoo\/","og_site_name":"Uniest","twitter_card":"summary_large_image","twitter_misc":{"Gesch\u00e4tzte Lesezeit":"1\u00a0Minute"},"schema":{"@context":"https:\/\/schema.org","@graph":[{"@type":"WebPage","@id":"https:\/\/uniest.it\/prodotto\/feuchtigkeitsspendendes-hamamelis-shampoo\/","url":"https:\/\/uniest.it\/prodotto\/feuchtigkeitsspendendes-hamamelis-shampoo\/","name":"Feuchtigkeitsspendendes Hamamelis-Shampoo - Uniest","isPartOf":{"@id":"https:\/\/uniest.it\/#website"},"primaryImageOfPage":{"@id":"https:\/\/uniest.it\/prodotto\/feuchtigkeitsspendendes-hamamelis-shampoo\/#primaryimage"},"image":{"@id":"https:\/\/uniest.it\/prodotto\/feuchtigkeitsspendendes-hamamelis-shampoo\/#primaryimage"},"thumbnailUrl":"https:\/\/uniest.it\/wp-content\/uploads\/2020\/11\/259AAE.png","datePublished":"2024-10-29T17:56:22+00:00","breadcrumb":{"@id":"https:\/\/uniest.it\/prodotto\/feuchtigkeitsspendendes-hamamelis-shampoo\/#breadcrumb"},"inLanguage":"de","potentialAction":[{"@type":"ReadAction","target":["https:\/\/uniest.it\/prodotto\/feuchtigkeitsspendendes-hamamelis-shampoo\/"]}]},{"@type":"ImageObject","inLanguage":"de","@id":"https:\/\/uniest.it\/prodotto\/feuchtigkeitsspendendes-hamamelis-shampoo\/#primaryimage","url":"https:\/\/uniest.it\/wp-content\/uploads\/2020\/11\/259AAE.png","contentUrl":"https:\/\/uniest.it\/wp-content\/uploads\/2020\/11\/259AAE.png","width":1283,"height":2000},{"@type":"BreadcrumbList","@id":"https:\/\/uniest.it\/prodotto\/feuchtigkeitsspendendes-hamamelis-shampoo\/#breadcrumb","itemListElement":[{"@type":"ListItem","position":1,"name":"Home","item":"https:\/\/uniest.it\/de\/"},{"@type":"ListItem","position":2,"name":"Shop","item":"https:\/\/uniest.it\/shop\/"},{"@type":"ListItem","position":3,"name":"Feuchtigkeitsspendendes Hamamelis-Shampoo"}]},{"@type":"WebSite","@id":"https:\/\/uniest.it\/#website","url":"https:\/\/uniest.it\/","name":"Uniest","description":"Cosmetici Naturali e Bio","potentialAction":[{"@type":"SearchAction","target":{"@type":"EntryPoint","urlTemplate":"https:\/\/uniest.it\/?s={search_term_string}"},"query-input":{"@type":"PropertyValueSpecification","valueRequired":true,"valueName":"search_term_string"}}],"inLanguage":"de"}]}},"_links":{"self":[{"href":"https:\/\/uniest.it\/de\/wp-json\/wp\/v2\/product\/7249","targetHints":{"allow":["GET"]}}],"collection":[{"href":"https:\/\/uniest.it\/de\/wp-json\/wp\/v2\/product"}],"about":[{"href":"https:\/\/uniest.it\/de\/wp-json\/wp\/v2\/types\/product"}],"wp:featuredmedia":[{"embeddable":true,"href":"https:\/\/uniest.it\/de\/wp-json\/wp\/v2\/media\/7250"}],"wp:attachment":[{"href":"https:\/\/uniest.it\/de\/wp-json\/wp\/v2\/media?parent=7249"}],"wp:term":[{"taxonomy":"product_brand","embeddable":true,"href":"https:\/\/uniest.it\/de\/wp-json\/wp\/v2\/product_brand?post=7249"},{"taxonomy":"product_cat","embeddable":true,"href":"https:\/\/uniest.it\/de\/wp-json\/wp\/v2\/product_cat?post=7249"},{"taxonomy":"product_tag","embeddable":true,"href":"https:\/\/uniest.it\/de\/wp-json\/wp\/v2\/product_tag?post=7249"}],"curies":[{"name":"wp","href":"https:\/\/api.w.org\/{rel}","templated":true}]}}