{"id":7252,"date":"2021-02-04T13:00:05","date_gmt":"2024-10-29T17:56:23","guid":{"rendered":"https:\/\/uniest.it\/prodotto\/zarte-kraeuter-haarspuelung\/"},"modified":"2024-10-29T18:56:23","modified_gmt":"2024-10-29T17:56:23","slug":"zarte-kraeuter-haarspuelung","status":"publish","type":"product","link":"https:\/\/uniest.it\/de\/prodotto\/zarte-kraeuter-haarspuelung\/","title":{"rendered":"Zarte Kr\u00e4uter-Haarsp\u00fclung"},"content":{"rendered":"<p>Delicate Herbal Hair Conditioner ist ein sanfter Conditioner, der alle Haartypen entwirrt, weich macht, mit Feuchtigkeit versorgt und ihm Volumen zur\u00fcckgibt. Argan\u00f6l und Lein\u00f6l in Kombination mit Melissenextrakt, Bio-Hafer* und Bio-Kamille* sch\u00fctzen das Haar und machen es weich, elastisch und gl\u00e4nzend. Die Basis ist v\u00f6llig nat\u00fcrlich und EcoCert- und Cosmos-zertifiziert. Sie hilft, den \u201eSpliss\u201c-Effekt zu verhindern und zu reduzieren, hilft gegen Haarbruch und macht sie kr\u00e4ftiger. Dank des Cocktails aus Aminos\u00e4uren und feuchtigkeitsspendenden Faktoren ist diese Sp\u00fclung auch f\u00fcr Menschen mit behandeltem, strapaziertem, gesch\u00e4digtem oder br\u00fcchigem Haar geeignet. Versorgt das Haar mit der richtigen Ern\u00e4hrung und Feuchtigkeit, die n\u00f6tig ist, um ihm Glanz zu verleihen und ihm Kraft, Vitalit\u00e4t, Feuchtigkeit und N\u00e4hrstoffe in der Tiefe zu verleihen.<\/p>\n","protected":false},"excerpt":{"rendered":"<p>Delicate Herbal Hair Conditioner ist ein sanfter Conditioner, der alle Haartypen entwirrt, weich macht, mit Feuchtigkeit versorgt und ihm Volumen zur\u00fcckgibt. Argan\u00f6l und Lein\u00f6l in Kombination mit Melissenextrakt, Bio-Hafer* und Bio-Kamille* sch\u00fctzen das Haar und machen es weich, elastisch und gl\u00e4nzend. Die Basis ist v\u00f6llig nat\u00fcrlich und EcoCert- und Cosmos-zertifiziert. Sie hilft, den \u201eSpliss\u201c-Effekt zu [&hellip;]<\/p>\n","protected":false},"featured_media":7253,"template":"","meta":{"_acf_changed":false,"inline_featured_image":false},"product_brand":[],"product_cat":[1487,1489,1496],"product_tag":[],"class_list":{"0":"post-7252","1":"product","2":"type-product","3":"status-publish","4":"has-post-thumbnail","6":"product_beauty-idratare","7":"product_beauty-nutrire-e-rigenerare","8":"product_beauty-proteggere","9":"product_skin-tutti-i-capelli","10":"product_kind-bagno","11":"product_kind-doccia","12":"product_kind-shampoo-e-detergenza","13":"product_lines-capelli","14":"product_cat-capelli-de","15":"product_cat-corpo-de","16":"product_cat-uomo-de","17":"pa_size-250-de","19":"first","20":"instock","21":"taxable","22":"shipping-taxable","23":"purchasable","24":"product-type-simple"},"acf":[],"yoast_head":"<!-- This site is optimized with the Yoast SEO plugin v24.6 - https:\/\/yoast.com\/wordpress\/plugins\/seo\/ -->\n<title>Zarte Kr\u00e4uter-Haarsp\u00fclung - Uniest<\/title>\n<meta name=\"robots\" content=\"index, follow, max-snippet:-1, max-image-preview:large, max-video-preview:-1\" \/>\n<link rel=\"canonical\" href=\"https:\/\/uniest.it\/prodotto\/zarte-kraeuter-haarspuelung\/\" \/>\n<meta property=\"og:locale\" content=\"de_DE\" \/>\n<meta property=\"og:type\" content=\"article\" \/>\n<meta property=\"og:title\" content=\"Zarte Kr\u00e4uter-Haarsp\u00fclung - Uniest\" \/>\n<meta property=\"og:description\" content=\"Delicate Herbal Hair Conditioner ist ein sanfter Conditioner, der alle Haartypen entwirrt, weich macht, mit Feuchtigkeit versorgt und ihm Volumen zur\u00fcckgibt. Argan\u00f6l und Lein\u00f6l in Kombination mit Melissenextrakt, Bio-Hafer* und Bio-Kamille* sch\u00fctzen das Haar und machen es weich, elastisch und gl\u00e4nzend. Die Basis ist v\u00f6llig nat\u00fcrlich und EcoCert- und Cosmos-zertifiziert. Sie hilft, den \u201eSpliss\u201c-Effekt zu [&hellip;]\" \/>\n<meta property=\"og:url\" content=\"https:\/\/uniest.it\/prodotto\/zarte-kraeuter-haarspuelung\/\" \/>\n<meta property=\"og:site_name\" content=\"Uniest\" \/>\n<meta name=\"twitter:card\" content=\"summary_large_image\" \/>\n<meta name=\"twitter:label1\" content=\"Gesch\u00e4tzte Lesezeit\" \/>\n\t<meta name=\"twitter:data1\" content=\"1\u00a0Minute\" \/>\n<script type=\"application\/ld+json\" class=\"yoast-schema-graph\">{\"@context\":\"https:\/\/schema.org\",\"@graph\":[{\"@type\":\"WebPage\",\"@id\":\"https:\/\/uniest.it\/prodotto\/zarte-kraeuter-haarspuelung\/\",\"url\":\"https:\/\/uniest.it\/prodotto\/zarte-kraeuter-haarspuelung\/\",\"name\":\"Zarte Kr\u00e4uter-Haarsp\u00fclung - Uniest\",\"isPartOf\":{\"@id\":\"https:\/\/uniest.it\/#website\"},\"primaryImageOfPage\":{\"@id\":\"https:\/\/uniest.it\/prodotto\/zarte-kraeuter-haarspuelung\/#primaryimage\"},\"image\":{\"@id\":\"https:\/\/uniest.it\/prodotto\/zarte-kraeuter-haarspuelung\/#primaryimage\"},\"thumbnailUrl\":\"https:\/\/uniest.it\/wp-content\/uploads\/2020\/11\/261AAE.png\",\"datePublished\":\"2024-10-29T17:56:23+00:00\",\"breadcrumb\":{\"@id\":\"https:\/\/uniest.it\/prodotto\/zarte-kraeuter-haarspuelung\/#breadcrumb\"},\"inLanguage\":\"de\",\"potentialAction\":[{\"@type\":\"ReadAction\",\"target\":[\"https:\/\/uniest.it\/prodotto\/zarte-kraeuter-haarspuelung\/\"]}]},{\"@type\":\"ImageObject\",\"inLanguage\":\"de\",\"@id\":\"https:\/\/uniest.it\/prodotto\/zarte-kraeuter-haarspuelung\/#primaryimage\",\"url\":\"https:\/\/uniest.it\/wp-content\/uploads\/2020\/11\/261AAE.png\",\"contentUrl\":\"https:\/\/uniest.it\/wp-content\/uploads\/2020\/11\/261AAE.png\",\"width\":1283,\"height\":2001},{\"@type\":\"BreadcrumbList\",\"@id\":\"https:\/\/uniest.it\/prodotto\/zarte-kraeuter-haarspuelung\/#breadcrumb\",\"itemListElement\":[{\"@type\":\"ListItem\",\"position\":1,\"name\":\"Home\",\"item\":\"https:\/\/uniest.it\/de\/\"},{\"@type\":\"ListItem\",\"position\":2,\"name\":\"Shop\",\"item\":\"https:\/\/uniest.it\/shop\/\"},{\"@type\":\"ListItem\",\"position\":3,\"name\":\"Zarte Kr\u00e4uter-Haarsp\u00fclung\"}]},{\"@type\":\"WebSite\",\"@id\":\"https:\/\/uniest.it\/#website\",\"url\":\"https:\/\/uniest.it\/\",\"name\":\"Uniest\",\"description\":\"Cosmetici Naturali e Bio\",\"potentialAction\":[{\"@type\":\"SearchAction\",\"target\":{\"@type\":\"EntryPoint\",\"urlTemplate\":\"https:\/\/uniest.it\/?s={search_term_string}\"},\"query-input\":{\"@type\":\"PropertyValueSpecification\",\"valueRequired\":true,\"valueName\":\"search_term_string\"}}],\"inLanguage\":\"de\"}]}<\/script>\n<!-- \/ Yoast SEO plugin. -->","yoast_head_json":{"title":"Zarte Kr\u00e4uter-Haarsp\u00fclung - Uniest","robots":{"index":"index","follow":"follow","max-snippet":"max-snippet:-1","max-image-preview":"max-image-preview:large","max-video-preview":"max-video-preview:-1"},"canonical":"https:\/\/uniest.it\/prodotto\/zarte-kraeuter-haarspuelung\/","og_locale":"de_DE","og_type":"article","og_title":"Zarte Kr\u00e4uter-Haarsp\u00fclung - Uniest","og_description":"Delicate Herbal Hair Conditioner ist ein sanfter Conditioner, der alle Haartypen entwirrt, weich macht, mit Feuchtigkeit versorgt und ihm Volumen zur\u00fcckgibt. Argan\u00f6l und Lein\u00f6l in Kombination mit Melissenextrakt, Bio-Hafer* und Bio-Kamille* sch\u00fctzen das Haar und machen es weich, elastisch und gl\u00e4nzend. Die Basis ist v\u00f6llig nat\u00fcrlich und EcoCert- und Cosmos-zertifiziert. Sie hilft, den \u201eSpliss\u201c-Effekt zu [&hellip;]","og_url":"https:\/\/uniest.it\/prodotto\/zarte-kraeuter-haarspuelung\/","og_site_name":"Uniest","twitter_card":"summary_large_image","twitter_misc":{"Gesch\u00e4tzte Lesezeit":"1\u00a0Minute"},"schema":{"@context":"https:\/\/schema.org","@graph":[{"@type":"WebPage","@id":"https:\/\/uniest.it\/prodotto\/zarte-kraeuter-haarspuelung\/","url":"https:\/\/uniest.it\/prodotto\/zarte-kraeuter-haarspuelung\/","name":"Zarte Kr\u00e4uter-Haarsp\u00fclung - Uniest","isPartOf":{"@id":"https:\/\/uniest.it\/#website"},"primaryImageOfPage":{"@id":"https:\/\/uniest.it\/prodotto\/zarte-kraeuter-haarspuelung\/#primaryimage"},"image":{"@id":"https:\/\/uniest.it\/prodotto\/zarte-kraeuter-haarspuelung\/#primaryimage"},"thumbnailUrl":"https:\/\/uniest.it\/wp-content\/uploads\/2020\/11\/261AAE.png","datePublished":"2024-10-29T17:56:23+00:00","breadcrumb":{"@id":"https:\/\/uniest.it\/prodotto\/zarte-kraeuter-haarspuelung\/#breadcrumb"},"inLanguage":"de","potentialAction":[{"@type":"ReadAction","target":["https:\/\/uniest.it\/prodotto\/zarte-kraeuter-haarspuelung\/"]}]},{"@type":"ImageObject","inLanguage":"de","@id":"https:\/\/uniest.it\/prodotto\/zarte-kraeuter-haarspuelung\/#primaryimage","url":"https:\/\/uniest.it\/wp-content\/uploads\/2020\/11\/261AAE.png","contentUrl":"https:\/\/uniest.it\/wp-content\/uploads\/2020\/11\/261AAE.png","width":1283,"height":2001},{"@type":"BreadcrumbList","@id":"https:\/\/uniest.it\/prodotto\/zarte-kraeuter-haarspuelung\/#breadcrumb","itemListElement":[{"@type":"ListItem","position":1,"name":"Home","item":"https:\/\/uniest.it\/de\/"},{"@type":"ListItem","position":2,"name":"Shop","item":"https:\/\/uniest.it\/shop\/"},{"@type":"ListItem","position":3,"name":"Zarte Kr\u00e4uter-Haarsp\u00fclung"}]},{"@type":"WebSite","@id":"https:\/\/uniest.it\/#website","url":"https:\/\/uniest.it\/","name":"Uniest","description":"Cosmetici Naturali e Bio","potentialAction":[{"@type":"SearchAction","target":{"@type":"EntryPoint","urlTemplate":"https:\/\/uniest.it\/?s={search_term_string}"},"query-input":{"@type":"PropertyValueSpecification","valueRequired":true,"valueName":"search_term_string"}}],"inLanguage":"de"}]}},"_links":{"self":[{"href":"https:\/\/uniest.it\/de\/wp-json\/wp\/v2\/product\/7252","targetHints":{"allow":["GET"]}}],"collection":[{"href":"https:\/\/uniest.it\/de\/wp-json\/wp\/v2\/product"}],"about":[{"href":"https:\/\/uniest.it\/de\/wp-json\/wp\/v2\/types\/product"}],"wp:featuredmedia":[{"embeddable":true,"href":"https:\/\/uniest.it\/de\/wp-json\/wp\/v2\/media\/7253"}],"wp:attachment":[{"href":"https:\/\/uniest.it\/de\/wp-json\/wp\/v2\/media?parent=7252"}],"wp:term":[{"taxonomy":"product_brand","embeddable":true,"href":"https:\/\/uniest.it\/de\/wp-json\/wp\/v2\/product_brand?post=7252"},{"taxonomy":"product_cat","embeddable":true,"href":"https:\/\/uniest.it\/de\/wp-json\/wp\/v2\/product_cat?post=7252"},{"taxonomy":"product_tag","embeddable":true,"href":"https:\/\/uniest.it\/de\/wp-json\/wp\/v2\/product_tag?post=7252"}],"curies":[{"name":"wp","href":"https:\/\/api.w.org\/{rel}","templated":true}]}}