{"id":7255,"date":"2024-10-29T18:56:24","date_gmt":"2024-10-29T17:56:24","guid":{"rendered":"https:\/\/uniest.it\/prodotto\/melissa-2\/"},"modified":"2024-10-29T18:56:24","modified_gmt":"2024-10-29T17:56:24","slug":"melissa-2","status":"publish","type":"product","link":"https:\/\/uniest.it\/de\/prodotto\/melissa-2\/","title":{"rendered":"Melissa"},"content":{"rendered":"<p>Der Name Melissa kommt aus dem Griechischen und bedeutet \u201eBiene\u201c oder \u201edie Honig spendende\u201c. Zweifellos lockt sein s\u00fc\u00dfer Nektar und sein berauschender Duft Bienen und Insekten aller Art an, die den Nektar saugen. Griechen, Araber und Lateiner empfahlen den Einsatz zur Beruhigung von Angstzust\u00e4nden und beschrieben sie sogar als \u201ePflanze, die das Herz aufmuntert und tr\u00f6stet\u201c. Ideal, um Melancholie zu beruhigen und die kritischsten Momente im Leben zu \u00fcberwinden. Zitronenmelisse wird auch Limoncina-Gras genannt und ist eine mehrj\u00e4hrige krautige Pflanze aus der Familie der Lippenbl\u00fctler (Lamiaceae). Seine Erkennung wird sowohl durch seine gestielten, ovalen, haarigen, netzf\u00f6rmigen und gezahnten Bl\u00e4tter als auch durch seinen zitronen\u00e4hnlichen Duft erleichtert. Es wird empfohlen, Letztere, die ihre heilenden Eigenschaften erhalten, vor der Bl\u00fcte zu ernten. Seine wohltuenden Eigenschaften k\u00f6nnen genutzt werden, um Verspannungen zu l\u00f6sen und Nervosit\u00e4t, Reizbarkeit, Unruhe und Stress zu reduzieren. Ideal auch zur Bew\u00e4ltigung von w\u00e4hrend der Arbeitszeit angesammeltem Stress oder Problemen im psychologischen Bereich. Seine beruhigende Wirkung ist auch wirksam bei der nat\u00fcrlichen Bek\u00e4mpfung von Schlaflosigkeit und Kopfschmerzen. Zu seinen Eigenschaften z\u00e4hlen krampfl\u00f6sende Eigenschaften, die die Verdauung verbessern, Bauchkr\u00e4mpfe und \u00dcbelkeit lindern und die Symptome des Reizdarmsyndroms lindern. Zitronenmelisse ist reich an Kaffees\u00e4ure und Rosmarins\u00e4ure, starken Antioxidantien, die reaktive Sauerstoffspezies neutralisieren. Zitronenmelisse enth\u00e4lt ein nat\u00fcrliches Schmerzmittel, Eugenol, das besonders bei der Bek\u00e4mpfung von Menstruationsbeschwerden hilfreich ist.<\/p>\n","protected":false},"excerpt":{"rendered":"<p>Der Name Melissa kommt aus dem Griechischen und bedeutet \u201eBiene\u201c oder \u201edie Honig spendende\u201c. Zweifellos lockt sein s\u00fc\u00dfer Nektar und sein berauschender Duft Bienen und Insekten aller Art an, die den Nektar saugen. Griechen, Araber und Lateiner empfahlen den Einsatz zur Beruhigung von Angstzust\u00e4nden und beschrieben sie sogar als \u201ePflanze, die das Herz aufmuntert und [&hellip;]<\/p>\n","protected":false},"featured_media":7256,"template":"","meta":{"_acf_changed":false,"inline_featured_image":false},"product_brand":[],"product_cat":[1486],"product_tag":[],"class_list":{"0":"post-7255","1":"product","2":"type-product","3":"status-publish","4":"has-post-thumbnail","6":"product_beauty-diuretico","7":"product_beauty-drenante","8":"product_beauty-insonnia","9":"product_beauty-intestino","10":"product_beauty-mal-di-testa","11":"product_beauty-menopausa","12":"product_beauty-mesturazioni","13":"product_beauty-rilassante","14":"product_beauty-stress","15":"product_beauty-umore","16":"product_beauty-vie-respiratorie","17":"product_kind-integrazione-alimentare","18":"product_lines-benessere","19":"product_cat-benessere-de","20":"pa_size-100-cps-de","22":"first","23":"outofstock","24":"taxable","25":"shipping-taxable","26":"purchasable","27":"product-type-simple"},"acf":[],"yoast_head":"<!-- This site is optimized with the Yoast SEO plugin v24.6 - https:\/\/yoast.com\/wordpress\/plugins\/seo\/ -->\n<title>Melissa - Uniest<\/title>\n<meta name=\"robots\" content=\"index, follow, max-snippet:-1, max-image-preview:large, max-video-preview:-1\" \/>\n<link rel=\"canonical\" href=\"https:\/\/uniest.it\/prodotto\/melissa-2\/\" \/>\n<meta property=\"og:locale\" content=\"de_DE\" \/>\n<meta property=\"og:type\" content=\"article\" \/>\n<meta property=\"og:title\" content=\"Melissa - Uniest\" \/>\n<meta property=\"og:description\" content=\"Der Name Melissa kommt aus dem Griechischen und bedeutet \u201eBiene\u201c oder \u201edie Honig spendende\u201c. Zweifellos lockt sein s\u00fc\u00dfer Nektar und sein berauschender Duft Bienen und Insekten aller Art an, die den Nektar saugen. Griechen, Araber und Lateiner empfahlen den Einsatz zur Beruhigung von Angstzust\u00e4nden und beschrieben sie sogar als \u201ePflanze, die das Herz aufmuntert und [&hellip;]\" \/>\n<meta property=\"og:url\" content=\"https:\/\/uniest.it\/prodotto\/melissa-2\/\" \/>\n<meta property=\"og:site_name\" content=\"Uniest\" \/>\n<meta name=\"twitter:card\" content=\"summary_large_image\" \/>\n<meta name=\"twitter:label1\" content=\"Gesch\u00e4tzte Lesezeit\" \/>\n\t<meta name=\"twitter:data1\" content=\"1\u00a0Minute\" \/>\n<script type=\"application\/ld+json\" class=\"yoast-schema-graph\">{\"@context\":\"https:\/\/schema.org\",\"@graph\":[{\"@type\":\"WebPage\",\"@id\":\"https:\/\/uniest.it\/prodotto\/melissa-2\/\",\"url\":\"https:\/\/uniest.it\/prodotto\/melissa-2\/\",\"name\":\"Melissa - Uniest\",\"isPartOf\":{\"@id\":\"https:\/\/uniest.it\/#website\"},\"primaryImageOfPage\":{\"@id\":\"https:\/\/uniest.it\/prodotto\/melissa-2\/#primaryimage\"},\"image\":{\"@id\":\"https:\/\/uniest.it\/prodotto\/melissa-2\/#primaryimage\"},\"thumbnailUrl\":\"https:\/\/uniest.it\/wp-content\/uploads\/2020\/12\/275ZOP.png\",\"datePublished\":\"2024-10-29T17:56:24+00:00\",\"breadcrumb\":{\"@id\":\"https:\/\/uniest.it\/prodotto\/melissa-2\/#breadcrumb\"},\"inLanguage\":\"de\",\"potentialAction\":[{\"@type\":\"ReadAction\",\"target\":[\"https:\/\/uniest.it\/prodotto\/melissa-2\/\"]}]},{\"@type\":\"ImageObject\",\"inLanguage\":\"de\",\"@id\":\"https:\/\/uniest.it\/prodotto\/melissa-2\/#primaryimage\",\"url\":\"https:\/\/uniest.it\/wp-content\/uploads\/2020\/12\/275ZOP.png\",\"contentUrl\":\"https:\/\/uniest.it\/wp-content\/uploads\/2020\/12\/275ZOP.png\",\"width\":1283,\"height\":2000},{\"@type\":\"BreadcrumbList\",\"@id\":\"https:\/\/uniest.it\/prodotto\/melissa-2\/#breadcrumb\",\"itemListElement\":[{\"@type\":\"ListItem\",\"position\":1,\"name\":\"Home\",\"item\":\"https:\/\/uniest.it\/de\/\"},{\"@type\":\"ListItem\",\"position\":2,\"name\":\"Shop\",\"item\":\"https:\/\/uniest.it\/shop\/\"},{\"@type\":\"ListItem\",\"position\":3,\"name\":\"Melissa\"}]},{\"@type\":\"WebSite\",\"@id\":\"https:\/\/uniest.it\/#website\",\"url\":\"https:\/\/uniest.it\/\",\"name\":\"Uniest\",\"description\":\"Cosmetici Naturali e Bio\",\"potentialAction\":[{\"@type\":\"SearchAction\",\"target\":{\"@type\":\"EntryPoint\",\"urlTemplate\":\"https:\/\/uniest.it\/?s={search_term_string}\"},\"query-input\":{\"@type\":\"PropertyValueSpecification\",\"valueRequired\":true,\"valueName\":\"search_term_string\"}}],\"inLanguage\":\"de\"}]}<\/script>\n<!-- \/ Yoast SEO plugin. -->","yoast_head_json":{"title":"Melissa - Uniest","robots":{"index":"index","follow":"follow","max-snippet":"max-snippet:-1","max-image-preview":"max-image-preview:large","max-video-preview":"max-video-preview:-1"},"canonical":"https:\/\/uniest.it\/prodotto\/melissa-2\/","og_locale":"de_DE","og_type":"article","og_title":"Melissa - Uniest","og_description":"Der Name Melissa kommt aus dem Griechischen und bedeutet \u201eBiene\u201c oder \u201edie Honig spendende\u201c. Zweifellos lockt sein s\u00fc\u00dfer Nektar und sein berauschender Duft Bienen und Insekten aller Art an, die den Nektar saugen. Griechen, Araber und Lateiner empfahlen den Einsatz zur Beruhigung von Angstzust\u00e4nden und beschrieben sie sogar als \u201ePflanze, die das Herz aufmuntert und [&hellip;]","og_url":"https:\/\/uniest.it\/prodotto\/melissa-2\/","og_site_name":"Uniest","twitter_card":"summary_large_image","twitter_misc":{"Gesch\u00e4tzte Lesezeit":"1\u00a0Minute"},"schema":{"@context":"https:\/\/schema.org","@graph":[{"@type":"WebPage","@id":"https:\/\/uniest.it\/prodotto\/melissa-2\/","url":"https:\/\/uniest.it\/prodotto\/melissa-2\/","name":"Melissa - Uniest","isPartOf":{"@id":"https:\/\/uniest.it\/#website"},"primaryImageOfPage":{"@id":"https:\/\/uniest.it\/prodotto\/melissa-2\/#primaryimage"},"image":{"@id":"https:\/\/uniest.it\/prodotto\/melissa-2\/#primaryimage"},"thumbnailUrl":"https:\/\/uniest.it\/wp-content\/uploads\/2020\/12\/275ZOP.png","datePublished":"2024-10-29T17:56:24+00:00","breadcrumb":{"@id":"https:\/\/uniest.it\/prodotto\/melissa-2\/#breadcrumb"},"inLanguage":"de","potentialAction":[{"@type":"ReadAction","target":["https:\/\/uniest.it\/prodotto\/melissa-2\/"]}]},{"@type":"ImageObject","inLanguage":"de","@id":"https:\/\/uniest.it\/prodotto\/melissa-2\/#primaryimage","url":"https:\/\/uniest.it\/wp-content\/uploads\/2020\/12\/275ZOP.png","contentUrl":"https:\/\/uniest.it\/wp-content\/uploads\/2020\/12\/275ZOP.png","width":1283,"height":2000},{"@type":"BreadcrumbList","@id":"https:\/\/uniest.it\/prodotto\/melissa-2\/#breadcrumb","itemListElement":[{"@type":"ListItem","position":1,"name":"Home","item":"https:\/\/uniest.it\/de\/"},{"@type":"ListItem","position":2,"name":"Shop","item":"https:\/\/uniest.it\/shop\/"},{"@type":"ListItem","position":3,"name":"Melissa"}]},{"@type":"WebSite","@id":"https:\/\/uniest.it\/#website","url":"https:\/\/uniest.it\/","name":"Uniest","description":"Cosmetici Naturali e Bio","potentialAction":[{"@type":"SearchAction","target":{"@type":"EntryPoint","urlTemplate":"https:\/\/uniest.it\/?s={search_term_string}"},"query-input":{"@type":"PropertyValueSpecification","valueRequired":true,"valueName":"search_term_string"}}],"inLanguage":"de"}]}},"_links":{"self":[{"href":"https:\/\/uniest.it\/de\/wp-json\/wp\/v2\/product\/7255","targetHints":{"allow":["GET"]}}],"collection":[{"href":"https:\/\/uniest.it\/de\/wp-json\/wp\/v2\/product"}],"about":[{"href":"https:\/\/uniest.it\/de\/wp-json\/wp\/v2\/types\/product"}],"wp:featuredmedia":[{"embeddable":true,"href":"https:\/\/uniest.it\/de\/wp-json\/wp\/v2\/media\/7256"}],"wp:attachment":[{"href":"https:\/\/uniest.it\/de\/wp-json\/wp\/v2\/media?parent=7255"}],"wp:term":[{"taxonomy":"product_brand","embeddable":true,"href":"https:\/\/uniest.it\/de\/wp-json\/wp\/v2\/product_brand?post=7255"},{"taxonomy":"product_cat","embeddable":true,"href":"https:\/\/uniest.it\/de\/wp-json\/wp\/v2\/product_cat?post=7255"},{"taxonomy":"product_tag","embeddable":true,"href":"https:\/\/uniest.it\/de\/wp-json\/wp\/v2\/product_tag?post=7255"}],"curies":[{"name":"wp","href":"https:\/\/api.w.org\/{rel}","templated":true}]}}