{"id":7261,"date":"2021-02-04T13:00:05","date_gmt":"2024-10-29T17:56:24","guid":{"rendered":"https:\/\/uniest.it\/prodotto\/schnelles-konzentriertes-natuerliches-desinfizierendes-handwaschgel-250-ml\/"},"modified":"2024-10-29T18:56:24","modified_gmt":"2024-10-29T17:56:24","slug":"schnelles-konzentriertes-natuerliches-desinfizierendes-handwaschgel-250-ml","status":"publish","type":"product","link":"https:\/\/uniest.it\/de\/prodotto\/schnelles-konzentriertes-natuerliches-desinfizierendes-handwaschgel-250-ml\/","title":{"rendered":"Schnelles, konzentriertes, nat\u00fcrliches, desinfizierendes Handwaschgel \u2013 250 ml"},"content":{"rendered":"<p>Rapid Sanitizing Hand Wash Gel besteht zu 95 % aus reinem Alkohol und ist mit \u00e4therischen \u00d6len aus Teebaum, Orange, Eukalyptus und Vitamin E angereichert. Das Vorhandensein weiterer Wirkstoffe sorgt daf\u00fcr, dass dieses Produkt nach dem Auftragen, Massieren und Trocknen die H\u00e4nde weich und geschmeidig macht seidig und nicht trocken. Es kann daher als ein Desinfektionsmittel definiert werden, das unsere Haut respektiert und sch\u00fctzt. Aufgrund seiner Wirkstoffkonzentration ist es in kleinen Dosen anzuwenden, ein paar Tropfen auf beide H\u00e4nde reichen aus, um die zu behandelnde Oberfl\u00e4che reichlich zu bedecken.<\/p>\n","protected":false},"excerpt":{"rendered":"<p>Rapid Sanitizing Hand Wash Gel besteht zu 95 % aus reinem Alkohol und ist mit \u00e4therischen \u00d6len aus Teebaum, Orange, Eukalyptus und Vitamin E angereichert. Das Vorhandensein weiterer Wirkstoffe sorgt daf\u00fcr, dass dieses Produkt nach dem Auftragen, Massieren und Trocknen die H\u00e4nde weich und geschmeidig macht seidig und nicht trocken. Es kann daher als ein [&hellip;]<\/p>\n","protected":false},"featured_media":7262,"template":"","meta":{"_acf_changed":false,"inline_featured_image":false},"product_brand":[],"product_cat":[1491,1493,1489,1496],"product_tag":[],"class_list":{"0":"post-7261","1":"product","2":"type-product","3":"status-publish","4":"has-post-thumbnail","6":"product_beauty-detergere","7":"product_beauty-idratare","8":"product_beauty-proteggere","9":"product_skin-tutte-le-pelli","10":"product_kind-bagno","11":"product_kind-doccia","12":"product_kind-shampoo-e-detergenza","13":"product_lines-igiene-e-protezione","14":"product_cat-famiglia-e-pet-de","15":"product_cat-mani-e-piedi-de","16":"product_cat-corpo-de","17":"product_cat-uomo-de","18":"pa_size-250-de","20":"first","21":"outofstock","22":"sale","23":"taxable","24":"shipping-taxable","25":"purchasable","26":"product-type-simple"},"acf":[],"yoast_head":"<!-- This site is optimized with the Yoast SEO plugin v24.6 - https:\/\/yoast.com\/wordpress\/plugins\/seo\/ -->\n<title>Schnelles, konzentriertes, nat\u00fcrliches, desinfizierendes Handwaschgel \u2013 250 ml - Uniest<\/title>\n<meta name=\"robots\" content=\"index, follow, max-snippet:-1, max-image-preview:large, max-video-preview:-1\" \/>\n<link rel=\"canonical\" href=\"https:\/\/uniest.it\/prodotto\/schnelles-konzentriertes-natuerliches-desinfizierendes-handwaschgel-250-ml\/\" \/>\n<meta property=\"og:locale\" content=\"de_DE\" \/>\n<meta property=\"og:type\" content=\"article\" \/>\n<meta property=\"og:title\" content=\"Schnelles, konzentriertes, nat\u00fcrliches, desinfizierendes Handwaschgel \u2013 250 ml - Uniest\" \/>\n<meta property=\"og:description\" content=\"Rapid Sanitizing Hand Wash Gel besteht zu 95 % aus reinem Alkohol und ist mit \u00e4therischen \u00d6len aus Teebaum, Orange, Eukalyptus und Vitamin E angereichert. Das Vorhandensein weiterer Wirkstoffe sorgt daf\u00fcr, dass dieses Produkt nach dem Auftragen, Massieren und Trocknen die H\u00e4nde weich und geschmeidig macht seidig und nicht trocken. Es kann daher als ein [&hellip;]\" \/>\n<meta property=\"og:url\" content=\"https:\/\/uniest.it\/prodotto\/schnelles-konzentriertes-natuerliches-desinfizierendes-handwaschgel-250-ml\/\" \/>\n<meta property=\"og:site_name\" content=\"Uniest\" \/>\n<meta name=\"twitter:card\" content=\"summary_large_image\" \/>\n<script type=\"application\/ld+json\" class=\"yoast-schema-graph\">{\"@context\":\"https:\/\/schema.org\",\"@graph\":[{\"@type\":\"WebPage\",\"@id\":\"https:\/\/uniest.it\/prodotto\/schnelles-konzentriertes-natuerliches-desinfizierendes-handwaschgel-250-ml\/\",\"url\":\"https:\/\/uniest.it\/prodotto\/schnelles-konzentriertes-natuerliches-desinfizierendes-handwaschgel-250-ml\/\",\"name\":\"Schnelles, konzentriertes, nat\u00fcrliches, desinfizierendes Handwaschgel \u2013 250 ml - Uniest\",\"isPartOf\":{\"@id\":\"https:\/\/uniest.it\/#website\"},\"primaryImageOfPage\":{\"@id\":\"https:\/\/uniest.it\/prodotto\/schnelles-konzentriertes-natuerliches-desinfizierendes-handwaschgel-250-ml\/#primaryimage\"},\"image\":{\"@id\":\"https:\/\/uniest.it\/prodotto\/schnelles-konzentriertes-natuerliches-desinfizierendes-handwaschgel-250-ml\/#primaryimage\"},\"thumbnailUrl\":\"https:\/\/uniest.it\/wp-content\/uploads\/2020\/11\/293AAE.png\",\"datePublished\":\"2024-10-29T17:56:24+00:00\",\"breadcrumb\":{\"@id\":\"https:\/\/uniest.it\/prodotto\/schnelles-konzentriertes-natuerliches-desinfizierendes-handwaschgel-250-ml\/#breadcrumb\"},\"inLanguage\":\"de\",\"potentialAction\":[{\"@type\":\"ReadAction\",\"target\":[\"https:\/\/uniest.it\/prodotto\/schnelles-konzentriertes-natuerliches-desinfizierendes-handwaschgel-250-ml\/\"]}]},{\"@type\":\"ImageObject\",\"inLanguage\":\"de\",\"@id\":\"https:\/\/uniest.it\/prodotto\/schnelles-konzentriertes-natuerliches-desinfizierendes-handwaschgel-250-ml\/#primaryimage\",\"url\":\"https:\/\/uniest.it\/wp-content\/uploads\/2020\/11\/293AAE.png\",\"contentUrl\":\"https:\/\/uniest.it\/wp-content\/uploads\/2020\/11\/293AAE.png\",\"width\":1283,\"height\":2000},{\"@type\":\"BreadcrumbList\",\"@id\":\"https:\/\/uniest.it\/prodotto\/schnelles-konzentriertes-natuerliches-desinfizierendes-handwaschgel-250-ml\/#breadcrumb\",\"itemListElement\":[{\"@type\":\"ListItem\",\"position\":1,\"name\":\"Home\",\"item\":\"https:\/\/uniest.it\/de\/\"},{\"@type\":\"ListItem\",\"position\":2,\"name\":\"Shop\",\"item\":\"https:\/\/uniest.it\/shop\/\"},{\"@type\":\"ListItem\",\"position\":3,\"name\":\"Schnelles, konzentriertes, nat\u00fcrliches, desinfizierendes Handwaschgel \u2013 250 ml\"}]},{\"@type\":\"WebSite\",\"@id\":\"https:\/\/uniest.it\/#website\",\"url\":\"https:\/\/uniest.it\/\",\"name\":\"Uniest\",\"description\":\"Cosmetici Naturali e Bio\",\"potentialAction\":[{\"@type\":\"SearchAction\",\"target\":{\"@type\":\"EntryPoint\",\"urlTemplate\":\"https:\/\/uniest.it\/?s={search_term_string}\"},\"query-input\":{\"@type\":\"PropertyValueSpecification\",\"valueRequired\":true,\"valueName\":\"search_term_string\"}}],\"inLanguage\":\"de\"}]}<\/script>\n<!-- \/ Yoast SEO plugin. -->","yoast_head_json":{"title":"Schnelles, konzentriertes, nat\u00fcrliches, desinfizierendes Handwaschgel \u2013 250 ml - Uniest","robots":{"index":"index","follow":"follow","max-snippet":"max-snippet:-1","max-image-preview":"max-image-preview:large","max-video-preview":"max-video-preview:-1"},"canonical":"https:\/\/uniest.it\/prodotto\/schnelles-konzentriertes-natuerliches-desinfizierendes-handwaschgel-250-ml\/","og_locale":"de_DE","og_type":"article","og_title":"Schnelles, konzentriertes, nat\u00fcrliches, desinfizierendes Handwaschgel \u2013 250 ml - Uniest","og_description":"Rapid Sanitizing Hand Wash Gel besteht zu 95 % aus reinem Alkohol und ist mit \u00e4therischen \u00d6len aus Teebaum, Orange, Eukalyptus und Vitamin E angereichert. Das Vorhandensein weiterer Wirkstoffe sorgt daf\u00fcr, dass dieses Produkt nach dem Auftragen, Massieren und Trocknen die H\u00e4nde weich und geschmeidig macht seidig und nicht trocken. Es kann daher als ein [&hellip;]","og_url":"https:\/\/uniest.it\/prodotto\/schnelles-konzentriertes-natuerliches-desinfizierendes-handwaschgel-250-ml\/","og_site_name":"Uniest","twitter_card":"summary_large_image","schema":{"@context":"https:\/\/schema.org","@graph":[{"@type":"WebPage","@id":"https:\/\/uniest.it\/prodotto\/schnelles-konzentriertes-natuerliches-desinfizierendes-handwaschgel-250-ml\/","url":"https:\/\/uniest.it\/prodotto\/schnelles-konzentriertes-natuerliches-desinfizierendes-handwaschgel-250-ml\/","name":"Schnelles, konzentriertes, nat\u00fcrliches, desinfizierendes Handwaschgel \u2013 250 ml - Uniest","isPartOf":{"@id":"https:\/\/uniest.it\/#website"},"primaryImageOfPage":{"@id":"https:\/\/uniest.it\/prodotto\/schnelles-konzentriertes-natuerliches-desinfizierendes-handwaschgel-250-ml\/#primaryimage"},"image":{"@id":"https:\/\/uniest.it\/prodotto\/schnelles-konzentriertes-natuerliches-desinfizierendes-handwaschgel-250-ml\/#primaryimage"},"thumbnailUrl":"https:\/\/uniest.it\/wp-content\/uploads\/2020\/11\/293AAE.png","datePublished":"2024-10-29T17:56:24+00:00","breadcrumb":{"@id":"https:\/\/uniest.it\/prodotto\/schnelles-konzentriertes-natuerliches-desinfizierendes-handwaschgel-250-ml\/#breadcrumb"},"inLanguage":"de","potentialAction":[{"@type":"ReadAction","target":["https:\/\/uniest.it\/prodotto\/schnelles-konzentriertes-natuerliches-desinfizierendes-handwaschgel-250-ml\/"]}]},{"@type":"ImageObject","inLanguage":"de","@id":"https:\/\/uniest.it\/prodotto\/schnelles-konzentriertes-natuerliches-desinfizierendes-handwaschgel-250-ml\/#primaryimage","url":"https:\/\/uniest.it\/wp-content\/uploads\/2020\/11\/293AAE.png","contentUrl":"https:\/\/uniest.it\/wp-content\/uploads\/2020\/11\/293AAE.png","width":1283,"height":2000},{"@type":"BreadcrumbList","@id":"https:\/\/uniest.it\/prodotto\/schnelles-konzentriertes-natuerliches-desinfizierendes-handwaschgel-250-ml\/#breadcrumb","itemListElement":[{"@type":"ListItem","position":1,"name":"Home","item":"https:\/\/uniest.it\/de\/"},{"@type":"ListItem","position":2,"name":"Shop","item":"https:\/\/uniest.it\/shop\/"},{"@type":"ListItem","position":3,"name":"Schnelles, konzentriertes, nat\u00fcrliches, desinfizierendes Handwaschgel \u2013 250 ml"}]},{"@type":"WebSite","@id":"https:\/\/uniest.it\/#website","url":"https:\/\/uniest.it\/","name":"Uniest","description":"Cosmetici Naturali e Bio","potentialAction":[{"@type":"SearchAction","target":{"@type":"EntryPoint","urlTemplate":"https:\/\/uniest.it\/?s={search_term_string}"},"query-input":{"@type":"PropertyValueSpecification","valueRequired":true,"valueName":"search_term_string"}}],"inLanguage":"de"}]}},"_links":{"self":[{"href":"https:\/\/uniest.it\/de\/wp-json\/wp\/v2\/product\/7261","targetHints":{"allow":["GET"]}}],"collection":[{"href":"https:\/\/uniest.it\/de\/wp-json\/wp\/v2\/product"}],"about":[{"href":"https:\/\/uniest.it\/de\/wp-json\/wp\/v2\/types\/product"}],"wp:featuredmedia":[{"embeddable":true,"href":"https:\/\/uniest.it\/de\/wp-json\/wp\/v2\/media\/7262"}],"wp:attachment":[{"href":"https:\/\/uniest.it\/de\/wp-json\/wp\/v2\/media?parent=7261"}],"wp:term":[{"taxonomy":"product_brand","embeddable":true,"href":"https:\/\/uniest.it\/de\/wp-json\/wp\/v2\/product_brand?post=7261"},{"taxonomy":"product_cat","embeddable":true,"href":"https:\/\/uniest.it\/de\/wp-json\/wp\/v2\/product_cat?post=7261"},{"taxonomy":"product_tag","embeddable":true,"href":"https:\/\/uniest.it\/de\/wp-json\/wp\/v2\/product_tag?post=7261"}],"curies":[{"name":"wp","href":"https:\/\/api.w.org\/{rel}","templated":true}]}}