{"id":7264,"date":"2024-10-29T18:56:25","date_gmt":"2024-10-29T17:56:25","guid":{"rendered":"https:\/\/uniest.it\/prodotto\/propolis-100-kapseln\/"},"modified":"2024-10-29T18:56:25","modified_gmt":"2024-10-29T17:56:25","slug":"propolis-100-kapseln","status":"publish","type":"product","link":"https:\/\/uniest.it\/de\/prodotto\/propolis-100-kapseln\/","title":{"rendered":"Propolis \u2013 100 Kapseln"},"content":{"rendered":"<p>Propolis ist eine harzige Substanz, die f\u00fcr unseren K\u00f6rper \u00e4u\u00dferst wohltuend ist. Seine Eigenschaften wurden durch wissenschaftliche Untersuchungen hinsichtlich seiner antibakteriellen, antiviralen und antimykotischen Wirkung best\u00e4tigt. Es gilt als nat\u00fcrliches Antibiotikum und hat sowohl eine bakteriostatische Wirkung, d. h. es verhindert die Vermehrung von Keimen, Bakterien und Viren; Es ist bakterizid, d. h. es ist in der Lage, diese Mikroorganismen abzut\u00f6ten. Propolis wird von Bienen am Ende der Pollensammelsaison produziert. Futterbienen haben die Aufgabe, Harz aus den Blattknospen und der Rinde einiger Baumarten zu sammeln. Diese kleinen und flei\u00dfigen Insekten nutzen Wachs, Pollen und Enzyme, um dieses v\u00f6llig nat\u00fcrliche Produkt herzustellen. Es scheint, dass sein Name von den griechischen W\u00f6rtern pro, \u201eVerteidigung\u201c und polis, \u201eStadt\u201c abgeleitet ist. Tats\u00e4chlich ist es kein Zufall, dass Bienen Propolis als Isolator gegen \u00e4u\u00dfere Einfl\u00fcsse und als Desinfektionsmittel f\u00fcr den Bienenstock verwenden. Es wird von Bienen verwendet, um die Innenw\u00e4nde des Bienenstocks, insbesondere die Kammer der K\u00f6nigin, zu \u201ebemalen\u201c und zu desinfizieren. Seine Farbe kann von gelbgr\u00fcn (wenn Kiefern vorherrschen) \u00fcber r\u00f6tlich (Pappeln) bis schwarz (Birken) variieren. Der Geschmack reicht von scharf-bitter bis s\u00fc\u00df.<\/p>\n","protected":false},"excerpt":{"rendered":"<p>Propolis ist eine harzige Substanz, die f\u00fcr unseren K\u00f6rper \u00e4u\u00dferst wohltuend ist. Seine Eigenschaften wurden durch wissenschaftliche Untersuchungen hinsichtlich seiner antibakteriellen, antiviralen und antimykotischen Wirkung best\u00e4tigt. Es gilt als nat\u00fcrliches Antibiotikum und hat sowohl eine bakteriostatische Wirkung, d. h. es verhindert die Vermehrung von Keimen, Bakterien und Viren; Es ist bakterizid, d. h. es ist [&hellip;]<\/p>\n","protected":false},"featured_media":7265,"template":"","meta":{"_acf_changed":false,"inline_featured_image":false},"product_brand":[],"product_cat":[1486],"product_tag":[],"class_list":{"0":"post-7264","1":"product","2":"type-product","3":"status-publish","4":"has-post-thumbnail","6":"product_beauty-antinfiammatoria","7":"product_beauty-gola","8":"product_beauty-lenitivo","9":"product_beauty-mineralizzante","10":"product_beauty-multivitaminico","11":"product_beauty-sistema-immunitario","12":"product_beauty-tratto-urinario","13":"product_beauty-vie-respiratorie","14":"product_kind-integrazione-alimentare","15":"product_lines-benessere","16":"product_cat-benessere-de","17":"pa_size-100-cps-de","19":"first","20":"outofstock","21":"taxable","22":"shipping-taxable","23":"purchasable","24":"product-type-simple"},"acf":[],"yoast_head":"<!-- This site is optimized with the Yoast SEO plugin v24.6 - https:\/\/yoast.com\/wordpress\/plugins\/seo\/ -->\n<title>Propolis \u2013 100 Kapseln - Uniest<\/title>\n<meta name=\"robots\" content=\"index, follow, max-snippet:-1, max-image-preview:large, max-video-preview:-1\" \/>\n<link rel=\"canonical\" href=\"https:\/\/uniest.it\/prodotto\/propolis-100-kapseln\/\" \/>\n<meta property=\"og:locale\" content=\"de_DE\" \/>\n<meta property=\"og:type\" content=\"article\" \/>\n<meta property=\"og:title\" content=\"Propolis \u2013 100 Kapseln - Uniest\" \/>\n<meta property=\"og:description\" content=\"Propolis ist eine harzige Substanz, die f\u00fcr unseren K\u00f6rper \u00e4u\u00dferst wohltuend ist. Seine Eigenschaften wurden durch wissenschaftliche Untersuchungen hinsichtlich seiner antibakteriellen, antiviralen und antimykotischen Wirkung best\u00e4tigt. Es gilt als nat\u00fcrliches Antibiotikum und hat sowohl eine bakteriostatische Wirkung, d. h. es verhindert die Vermehrung von Keimen, Bakterien und Viren; Es ist bakterizid, d. h. es ist [&hellip;]\" \/>\n<meta property=\"og:url\" content=\"https:\/\/uniest.it\/prodotto\/propolis-100-kapseln\/\" \/>\n<meta property=\"og:site_name\" content=\"Uniest\" \/>\n<meta name=\"twitter:card\" content=\"summary_large_image\" \/>\n<meta name=\"twitter:label1\" content=\"Gesch\u00e4tzte Lesezeit\" \/>\n\t<meta name=\"twitter:data1\" content=\"1\u00a0Minute\" \/>\n<script type=\"application\/ld+json\" class=\"yoast-schema-graph\">{\"@context\":\"https:\/\/schema.org\",\"@graph\":[{\"@type\":\"WebPage\",\"@id\":\"https:\/\/uniest.it\/prodotto\/propolis-100-kapseln\/\",\"url\":\"https:\/\/uniest.it\/prodotto\/propolis-100-kapseln\/\",\"name\":\"Propolis \u2013 100 Kapseln - Uniest\",\"isPartOf\":{\"@id\":\"https:\/\/uniest.it\/#website\"},\"primaryImageOfPage\":{\"@id\":\"https:\/\/uniest.it\/prodotto\/propolis-100-kapseln\/#primaryimage\"},\"image\":{\"@id\":\"https:\/\/uniest.it\/prodotto\/propolis-100-kapseln\/#primaryimage\"},\"thumbnailUrl\":\"https:\/\/uniest.it\/wp-content\/uploads\/2020\/12\/328ZOP.png\",\"datePublished\":\"2024-10-29T17:56:25+00:00\",\"breadcrumb\":{\"@id\":\"https:\/\/uniest.it\/prodotto\/propolis-100-kapseln\/#breadcrumb\"},\"inLanguage\":\"de\",\"potentialAction\":[{\"@type\":\"ReadAction\",\"target\":[\"https:\/\/uniest.it\/prodotto\/propolis-100-kapseln\/\"]}]},{\"@type\":\"ImageObject\",\"inLanguage\":\"de\",\"@id\":\"https:\/\/uniest.it\/prodotto\/propolis-100-kapseln\/#primaryimage\",\"url\":\"https:\/\/uniest.it\/wp-content\/uploads\/2020\/12\/328ZOP.png\",\"contentUrl\":\"https:\/\/uniest.it\/wp-content\/uploads\/2020\/12\/328ZOP.png\",\"width\":1283,\"height\":2000},{\"@type\":\"BreadcrumbList\",\"@id\":\"https:\/\/uniest.it\/prodotto\/propolis-100-kapseln\/#breadcrumb\",\"itemListElement\":[{\"@type\":\"ListItem\",\"position\":1,\"name\":\"Home\",\"item\":\"https:\/\/uniest.it\/de\/\"},{\"@type\":\"ListItem\",\"position\":2,\"name\":\"Shop\",\"item\":\"https:\/\/uniest.it\/shop\/\"},{\"@type\":\"ListItem\",\"position\":3,\"name\":\"Propolis \u2013 100 Kapseln\"}]},{\"@type\":\"WebSite\",\"@id\":\"https:\/\/uniest.it\/#website\",\"url\":\"https:\/\/uniest.it\/\",\"name\":\"Uniest\",\"description\":\"Cosmetici Naturali e Bio\",\"potentialAction\":[{\"@type\":\"SearchAction\",\"target\":{\"@type\":\"EntryPoint\",\"urlTemplate\":\"https:\/\/uniest.it\/?s={search_term_string}\"},\"query-input\":{\"@type\":\"PropertyValueSpecification\",\"valueRequired\":true,\"valueName\":\"search_term_string\"}}],\"inLanguage\":\"de\"}]}<\/script>\n<!-- \/ Yoast SEO plugin. -->","yoast_head_json":{"title":"Propolis \u2013 100 Kapseln - Uniest","robots":{"index":"index","follow":"follow","max-snippet":"max-snippet:-1","max-image-preview":"max-image-preview:large","max-video-preview":"max-video-preview:-1"},"canonical":"https:\/\/uniest.it\/prodotto\/propolis-100-kapseln\/","og_locale":"de_DE","og_type":"article","og_title":"Propolis \u2013 100 Kapseln - Uniest","og_description":"Propolis ist eine harzige Substanz, die f\u00fcr unseren K\u00f6rper \u00e4u\u00dferst wohltuend ist. Seine Eigenschaften wurden durch wissenschaftliche Untersuchungen hinsichtlich seiner antibakteriellen, antiviralen und antimykotischen Wirkung best\u00e4tigt. Es gilt als nat\u00fcrliches Antibiotikum und hat sowohl eine bakteriostatische Wirkung, d. h. es verhindert die Vermehrung von Keimen, Bakterien und Viren; Es ist bakterizid, d. h. es ist [&hellip;]","og_url":"https:\/\/uniest.it\/prodotto\/propolis-100-kapseln\/","og_site_name":"Uniest","twitter_card":"summary_large_image","twitter_misc":{"Gesch\u00e4tzte Lesezeit":"1\u00a0Minute"},"schema":{"@context":"https:\/\/schema.org","@graph":[{"@type":"WebPage","@id":"https:\/\/uniest.it\/prodotto\/propolis-100-kapseln\/","url":"https:\/\/uniest.it\/prodotto\/propolis-100-kapseln\/","name":"Propolis \u2013 100 Kapseln - Uniest","isPartOf":{"@id":"https:\/\/uniest.it\/#website"},"primaryImageOfPage":{"@id":"https:\/\/uniest.it\/prodotto\/propolis-100-kapseln\/#primaryimage"},"image":{"@id":"https:\/\/uniest.it\/prodotto\/propolis-100-kapseln\/#primaryimage"},"thumbnailUrl":"https:\/\/uniest.it\/wp-content\/uploads\/2020\/12\/328ZOP.png","datePublished":"2024-10-29T17:56:25+00:00","breadcrumb":{"@id":"https:\/\/uniest.it\/prodotto\/propolis-100-kapseln\/#breadcrumb"},"inLanguage":"de","potentialAction":[{"@type":"ReadAction","target":["https:\/\/uniest.it\/prodotto\/propolis-100-kapseln\/"]}]},{"@type":"ImageObject","inLanguage":"de","@id":"https:\/\/uniest.it\/prodotto\/propolis-100-kapseln\/#primaryimage","url":"https:\/\/uniest.it\/wp-content\/uploads\/2020\/12\/328ZOP.png","contentUrl":"https:\/\/uniest.it\/wp-content\/uploads\/2020\/12\/328ZOP.png","width":1283,"height":2000},{"@type":"BreadcrumbList","@id":"https:\/\/uniest.it\/prodotto\/propolis-100-kapseln\/#breadcrumb","itemListElement":[{"@type":"ListItem","position":1,"name":"Home","item":"https:\/\/uniest.it\/de\/"},{"@type":"ListItem","position":2,"name":"Shop","item":"https:\/\/uniest.it\/shop\/"},{"@type":"ListItem","position":3,"name":"Propolis \u2013 100 Kapseln"}]},{"@type":"WebSite","@id":"https:\/\/uniest.it\/#website","url":"https:\/\/uniest.it\/","name":"Uniest","description":"Cosmetici Naturali e Bio","potentialAction":[{"@type":"SearchAction","target":{"@type":"EntryPoint","urlTemplate":"https:\/\/uniest.it\/?s={search_term_string}"},"query-input":{"@type":"PropertyValueSpecification","valueRequired":true,"valueName":"search_term_string"}}],"inLanguage":"de"}]}},"_links":{"self":[{"href":"https:\/\/uniest.it\/de\/wp-json\/wp\/v2\/product\/7264","targetHints":{"allow":["GET"]}}],"collection":[{"href":"https:\/\/uniest.it\/de\/wp-json\/wp\/v2\/product"}],"about":[{"href":"https:\/\/uniest.it\/de\/wp-json\/wp\/v2\/types\/product"}],"wp:featuredmedia":[{"embeddable":true,"href":"https:\/\/uniest.it\/de\/wp-json\/wp\/v2\/media\/7265"}],"wp:attachment":[{"href":"https:\/\/uniest.it\/de\/wp-json\/wp\/v2\/media?parent=7264"}],"wp:term":[{"taxonomy":"product_brand","embeddable":true,"href":"https:\/\/uniest.it\/de\/wp-json\/wp\/v2\/product_brand?post=7264"},{"taxonomy":"product_cat","embeddable":true,"href":"https:\/\/uniest.it\/de\/wp-json\/wp\/v2\/product_cat?post=7264"},{"taxonomy":"product_tag","embeddable":true,"href":"https:\/\/uniest.it\/de\/wp-json\/wp\/v2\/product_tag?post=7264"}],"curies":[{"name":"wp","href":"https:\/\/api.w.org\/{rel}","templated":true}]}}