{"id":7267,"date":"2024-10-29T18:56:25","date_gmt":"2024-10-29T17:56:25","guid":{"rendered":"https:\/\/uniest.it\/prodotto\/rhabarber\/"},"modified":"2024-10-29T18:56:25","modified_gmt":"2024-10-29T17:56:25","slug":"rhabarber","status":"publish","type":"product","link":"https:\/\/uniest.it\/de\/prodotto\/rhabarber\/","title":{"rendered":"Rhabarber"},"content":{"rendered":"<p>Rhabarber, dessen wissenschaftlicher Name Rheum Officinale ist, geh\u00f6rt zur Familie der Polygoniaceae und ist eine mehrj\u00e4hrige Pflanze, die im Allgemeinen sehr gro\u00df ist und eine H\u00f6he von mehr als zwei Metern erreichen kann. Es hat eine grundst\u00e4ndige Rosette mit gro\u00dfen, handf\u00f6rmig gelappten Bl\u00e4ttern, die bis zu 80 Zentimeter lang werden und einen ganzen oder gezackten Rand haben. Aus der Basis der Bl\u00e4tter ragen lange r\u00f6tliche St\u00e4ngel hervor, an deren Spitze eine bisexuelle Bl\u00fcte h\u00e4ngt, mit einer radialen Form \u00e4hnlich einer Rispe und einer variablen Farbe von Wei\u00df bis Rosa, von Gelb bis Gr\u00fcn, je nach Rhabarbersorte. Seine Wurzel ist sehr gro\u00df mit einem fleischigen und robusten Rhizom, das zur Drogengewinnung verwendet wird. Aus dem Rhizom schl\u00fcpfen jedes Jahr beim vegetativen Wachstum die Bl\u00e4tter der Grundrosette, w\u00e4hrend die Ernte des Rhizoms im Herbst ab dem zweiten Vegetationsjahr erfolgt.<\/p>\n","protected":false},"excerpt":{"rendered":"<p>Rhabarber, dessen wissenschaftlicher Name Rheum Officinale ist, geh\u00f6rt zur Familie der Polygoniaceae und ist eine mehrj\u00e4hrige Pflanze, die im Allgemeinen sehr gro\u00df ist und eine H\u00f6he von mehr als zwei Metern erreichen kann. Es hat eine grundst\u00e4ndige Rosette mit gro\u00dfen, handf\u00f6rmig gelappten Bl\u00e4ttern, die bis zu 80 Zentimeter lang werden und einen ganzen oder gezackten [&hellip;]<\/p>\n","protected":false},"featured_media":7268,"template":"","meta":{"_acf_changed":false,"inline_featured_image":false},"product_brand":[],"product_cat":[1486],"product_tag":[],"class_list":{"0":"post-7267","1":"product","2":"type-product","3":"status-publish","4":"has-post-thumbnail","6":"product_beauty-detox-e-dren","7":"product_beauty-digestivo","8":"product_beauty-intestino","9":"product_beauty-mineralizzante","10":"product_beauty-multivitaminico","11":"product_beauty-perdita-peso","12":"product_beauty-tratto-intestinale","13":"product_kind-integrazione-alimentare","14":"product_lines-benessere","15":"product_cat-benessere-de","16":"pa_size-100-cps-de","18":"first","19":"outofstock","20":"taxable","21":"shipping-taxable","22":"purchasable","23":"product-type-simple"},"acf":[],"yoast_head":"<!-- This site is optimized with the Yoast SEO plugin v24.6 - https:\/\/yoast.com\/wordpress\/plugins\/seo\/ -->\n<title>Rhabarber - Uniest<\/title>\n<meta name=\"robots\" content=\"index, follow, max-snippet:-1, max-image-preview:large, max-video-preview:-1\" \/>\n<link rel=\"canonical\" href=\"https:\/\/uniest.it\/prodotto\/rhabarber\/\" \/>\n<meta property=\"og:locale\" content=\"de_DE\" \/>\n<meta property=\"og:type\" content=\"article\" \/>\n<meta property=\"og:title\" content=\"Rhabarber - Uniest\" \/>\n<meta property=\"og:description\" content=\"Rhabarber, dessen wissenschaftlicher Name Rheum Officinale ist, geh\u00f6rt zur Familie der Polygoniaceae und ist eine mehrj\u00e4hrige Pflanze, die im Allgemeinen sehr gro\u00df ist und eine H\u00f6he von mehr als zwei Metern erreichen kann. Es hat eine grundst\u00e4ndige Rosette mit gro\u00dfen, handf\u00f6rmig gelappten Bl\u00e4ttern, die bis zu 80 Zentimeter lang werden und einen ganzen oder gezackten [&hellip;]\" \/>\n<meta property=\"og:url\" content=\"https:\/\/uniest.it\/prodotto\/rhabarber\/\" \/>\n<meta property=\"og:site_name\" content=\"Uniest\" \/>\n<meta name=\"twitter:card\" content=\"summary_large_image\" \/>\n<meta name=\"twitter:label1\" content=\"Gesch\u00e4tzte Lesezeit\" \/>\n\t<meta name=\"twitter:data1\" content=\"1\u00a0Minute\" \/>\n<script type=\"application\/ld+json\" class=\"yoast-schema-graph\">{\"@context\":\"https:\/\/schema.org\",\"@graph\":[{\"@type\":\"WebPage\",\"@id\":\"https:\/\/uniest.it\/prodotto\/rhabarber\/\",\"url\":\"https:\/\/uniest.it\/prodotto\/rhabarber\/\",\"name\":\"Rhabarber - Uniest\",\"isPartOf\":{\"@id\":\"https:\/\/uniest.it\/#website\"},\"primaryImageOfPage\":{\"@id\":\"https:\/\/uniest.it\/prodotto\/rhabarber\/#primaryimage\"},\"image\":{\"@id\":\"https:\/\/uniest.it\/prodotto\/rhabarber\/#primaryimage\"},\"thumbnailUrl\":\"https:\/\/uniest.it\/wp-content\/uploads\/2020\/12\/334ZOP.png\",\"datePublished\":\"2024-10-29T17:56:25+00:00\",\"breadcrumb\":{\"@id\":\"https:\/\/uniest.it\/prodotto\/rhabarber\/#breadcrumb\"},\"inLanguage\":\"de\",\"potentialAction\":[{\"@type\":\"ReadAction\",\"target\":[\"https:\/\/uniest.it\/prodotto\/rhabarber\/\"]}]},{\"@type\":\"ImageObject\",\"inLanguage\":\"de\",\"@id\":\"https:\/\/uniest.it\/prodotto\/rhabarber\/#primaryimage\",\"url\":\"https:\/\/uniest.it\/wp-content\/uploads\/2020\/12\/334ZOP.png\",\"contentUrl\":\"https:\/\/uniest.it\/wp-content\/uploads\/2020\/12\/334ZOP.png\",\"width\":1283,\"height\":2000},{\"@type\":\"BreadcrumbList\",\"@id\":\"https:\/\/uniest.it\/prodotto\/rhabarber\/#breadcrumb\",\"itemListElement\":[{\"@type\":\"ListItem\",\"position\":1,\"name\":\"Home\",\"item\":\"https:\/\/uniest.it\/de\/\"},{\"@type\":\"ListItem\",\"position\":2,\"name\":\"Shop\",\"item\":\"https:\/\/uniest.it\/shop\/\"},{\"@type\":\"ListItem\",\"position\":3,\"name\":\"Rhabarber\"}]},{\"@type\":\"WebSite\",\"@id\":\"https:\/\/uniest.it\/#website\",\"url\":\"https:\/\/uniest.it\/\",\"name\":\"Uniest\",\"description\":\"Cosmetici Naturali e Bio\",\"potentialAction\":[{\"@type\":\"SearchAction\",\"target\":{\"@type\":\"EntryPoint\",\"urlTemplate\":\"https:\/\/uniest.it\/?s={search_term_string}\"},\"query-input\":{\"@type\":\"PropertyValueSpecification\",\"valueRequired\":true,\"valueName\":\"search_term_string\"}}],\"inLanguage\":\"de\"}]}<\/script>\n<!-- \/ Yoast SEO plugin. -->","yoast_head_json":{"title":"Rhabarber - Uniest","robots":{"index":"index","follow":"follow","max-snippet":"max-snippet:-1","max-image-preview":"max-image-preview:large","max-video-preview":"max-video-preview:-1"},"canonical":"https:\/\/uniest.it\/prodotto\/rhabarber\/","og_locale":"de_DE","og_type":"article","og_title":"Rhabarber - Uniest","og_description":"Rhabarber, dessen wissenschaftlicher Name Rheum Officinale ist, geh\u00f6rt zur Familie der Polygoniaceae und ist eine mehrj\u00e4hrige Pflanze, die im Allgemeinen sehr gro\u00df ist und eine H\u00f6he von mehr als zwei Metern erreichen kann. Es hat eine grundst\u00e4ndige Rosette mit gro\u00dfen, handf\u00f6rmig gelappten Bl\u00e4ttern, die bis zu 80 Zentimeter lang werden und einen ganzen oder gezackten [&hellip;]","og_url":"https:\/\/uniest.it\/prodotto\/rhabarber\/","og_site_name":"Uniest","twitter_card":"summary_large_image","twitter_misc":{"Gesch\u00e4tzte Lesezeit":"1\u00a0Minute"},"schema":{"@context":"https:\/\/schema.org","@graph":[{"@type":"WebPage","@id":"https:\/\/uniest.it\/prodotto\/rhabarber\/","url":"https:\/\/uniest.it\/prodotto\/rhabarber\/","name":"Rhabarber - Uniest","isPartOf":{"@id":"https:\/\/uniest.it\/#website"},"primaryImageOfPage":{"@id":"https:\/\/uniest.it\/prodotto\/rhabarber\/#primaryimage"},"image":{"@id":"https:\/\/uniest.it\/prodotto\/rhabarber\/#primaryimage"},"thumbnailUrl":"https:\/\/uniest.it\/wp-content\/uploads\/2020\/12\/334ZOP.png","datePublished":"2024-10-29T17:56:25+00:00","breadcrumb":{"@id":"https:\/\/uniest.it\/prodotto\/rhabarber\/#breadcrumb"},"inLanguage":"de","potentialAction":[{"@type":"ReadAction","target":["https:\/\/uniest.it\/prodotto\/rhabarber\/"]}]},{"@type":"ImageObject","inLanguage":"de","@id":"https:\/\/uniest.it\/prodotto\/rhabarber\/#primaryimage","url":"https:\/\/uniest.it\/wp-content\/uploads\/2020\/12\/334ZOP.png","contentUrl":"https:\/\/uniest.it\/wp-content\/uploads\/2020\/12\/334ZOP.png","width":1283,"height":2000},{"@type":"BreadcrumbList","@id":"https:\/\/uniest.it\/prodotto\/rhabarber\/#breadcrumb","itemListElement":[{"@type":"ListItem","position":1,"name":"Home","item":"https:\/\/uniest.it\/de\/"},{"@type":"ListItem","position":2,"name":"Shop","item":"https:\/\/uniest.it\/shop\/"},{"@type":"ListItem","position":3,"name":"Rhabarber"}]},{"@type":"WebSite","@id":"https:\/\/uniest.it\/#website","url":"https:\/\/uniest.it\/","name":"Uniest","description":"Cosmetici Naturali e Bio","potentialAction":[{"@type":"SearchAction","target":{"@type":"EntryPoint","urlTemplate":"https:\/\/uniest.it\/?s={search_term_string}"},"query-input":{"@type":"PropertyValueSpecification","valueRequired":true,"valueName":"search_term_string"}}],"inLanguage":"de"}]}},"_links":{"self":[{"href":"https:\/\/uniest.it\/de\/wp-json\/wp\/v2\/product\/7267","targetHints":{"allow":["GET"]}}],"collection":[{"href":"https:\/\/uniest.it\/de\/wp-json\/wp\/v2\/product"}],"about":[{"href":"https:\/\/uniest.it\/de\/wp-json\/wp\/v2\/types\/product"}],"wp:featuredmedia":[{"embeddable":true,"href":"https:\/\/uniest.it\/de\/wp-json\/wp\/v2\/media\/7268"}],"wp:attachment":[{"href":"https:\/\/uniest.it\/de\/wp-json\/wp\/v2\/media?parent=7267"}],"wp:term":[{"taxonomy":"product_brand","embeddable":true,"href":"https:\/\/uniest.it\/de\/wp-json\/wp\/v2\/product_brand?post=7267"},{"taxonomy":"product_cat","embeddable":true,"href":"https:\/\/uniest.it\/de\/wp-json\/wp\/v2\/product_cat?post=7267"},{"taxonomy":"product_tag","embeddable":true,"href":"https:\/\/uniest.it\/de\/wp-json\/wp\/v2\/product_tag?post=7267"}],"curies":[{"name":"wp","href":"https:\/\/api.w.org\/{rel}","templated":true}]}}