{"id":7282,"date":"2024-10-29T18:56:28","date_gmt":"2024-10-29T17:56:28","guid":{"rendered":"https:\/\/uniest.it\/prodotto\/lila-emotionsbad\/"},"modified":"2024-10-29T18:56:28","modified_gmt":"2024-10-29T17:56:28","slug":"lila-emotionsbad","status":"publish","type":"product","link":"https:\/\/uniest.it\/de\/prodotto\/lila-emotionsbad\/","title":{"rendered":"Lila Emotionsbad"},"content":{"rendered":"<p>Lila: steht oft f\u00fcr Reichtum, Gerechtigkeit, Passivit\u00e4t und \u201ekalte\u201c Energie, es ist die Farbe der Metamorphose, des \u00dcbergangs, des Mysteriums und der Magie. Es ist die Farbe der Spiritualit\u00e4t, aber auch der erotischen Faszination. Sie zeigt die Vereinigung von Gegens\u00e4tzen und die Suggestibilit\u00e4t an, die auf das Unbewusste einwirkt und spirituelle Kraft und Inspiration verleiht. Sie stellt den Mittelwert zwischen Erde und Himmel, zwischen Leidenschaft und Intelligenz, zwischen Liebe und Weisheit dar und ist dar\u00fcber hinaus die Farbe von Kunst, Fantasie, Traum und Altruismus.<\/p>\n","protected":false},"excerpt":{"rendered":"<p>Lila: steht oft f\u00fcr Reichtum, Gerechtigkeit, Passivit\u00e4t und \u201ekalte\u201c Energie, es ist die Farbe der Metamorphose, des \u00dcbergangs, des Mysteriums und der Magie. Es ist die Farbe der Spiritualit\u00e4t, aber auch der erotischen Faszination. Sie zeigt die Vereinigung von Gegens\u00e4tzen und die Suggestibilit\u00e4t an, die auf das Unbewusste einwirkt und spirituelle Kraft und Inspiration verleiht. [&hellip;]<\/p>\n","protected":false},"featured_media":7283,"template":"","meta":{"_acf_changed":false,"inline_featured_image":false},"product_brand":[],"product_cat":[1489,1496],"product_tag":[],"class_list":{"0":"post-7282","1":"product","2":"type-product","3":"status-publish","4":"has-post-thumbnail","6":"product_beauty-aromatizzare-e-profumare","7":"product_beauty-detergere","8":"product_beauty-idratare","9":"product_beauty-nutrire-e-rigenerare","10":"product_beauty-rassodare-e-tonificare","11":"product_beauty-riequilibrare","12":"product_skin-pelli-delicate-e-sensibili","13":"product_skin-pelli-giovani-e-prime-rughe","14":"product_skin-pelli-grasse-e-miste","15":"product_skin-pelli-mature-e-rughe","16":"product_skin-pelli-secche-e-normali","17":"product_skin-tutte-le-pelli","18":"product_skin-tutti-i-capelli","19":"product_kind-bagno","20":"product_kind-doccia","21":"product_kind-shampoo-e-detergenza","22":"product_lines-home-spa","23":"product_cat-corpo-de","24":"product_cat-uomo-de","25":"pa_size-50-de","27":"first","28":"instock","29":"taxable","30":"shipping-taxable","31":"purchasable","32":"product-type-simple"},"acf":[],"yoast_head":"<!-- This site is optimized with the Yoast SEO plugin v24.6 - https:\/\/yoast.com\/wordpress\/plugins\/seo\/ -->\n<title>Lila Emotionsbad - Uniest<\/title>\n<meta name=\"robots\" content=\"index, follow, max-snippet:-1, max-image-preview:large, max-video-preview:-1\" \/>\n<link rel=\"canonical\" href=\"https:\/\/uniest.it\/prodotto\/lila-emotionsbad\/\" \/>\n<meta property=\"og:locale\" content=\"de_DE\" \/>\n<meta property=\"og:type\" content=\"article\" \/>\n<meta property=\"og:title\" content=\"Lila Emotionsbad - Uniest\" \/>\n<meta property=\"og:description\" content=\"Lila: steht oft f\u00fcr Reichtum, Gerechtigkeit, Passivit\u00e4t und \u201ekalte\u201c Energie, es ist die Farbe der Metamorphose, des \u00dcbergangs, des Mysteriums und der Magie. Es ist die Farbe der Spiritualit\u00e4t, aber auch der erotischen Faszination. Sie zeigt die Vereinigung von Gegens\u00e4tzen und die Suggestibilit\u00e4t an, die auf das Unbewusste einwirkt und spirituelle Kraft und Inspiration verleiht. [&hellip;]\" \/>\n<meta property=\"og:url\" content=\"https:\/\/uniest.it\/prodotto\/lila-emotionsbad\/\" \/>\n<meta property=\"og:site_name\" content=\"Uniest\" \/>\n<meta name=\"twitter:card\" content=\"summary_large_image\" \/>\n<script type=\"application\/ld+json\" class=\"yoast-schema-graph\">{\"@context\":\"https:\/\/schema.org\",\"@graph\":[{\"@type\":\"WebPage\",\"@id\":\"https:\/\/uniest.it\/prodotto\/lila-emotionsbad\/\",\"url\":\"https:\/\/uniest.it\/prodotto\/lila-emotionsbad\/\",\"name\":\"Lila Emotionsbad - Uniest\",\"isPartOf\":{\"@id\":\"https:\/\/uniest.it\/#website\"},\"primaryImageOfPage\":{\"@id\":\"https:\/\/uniest.it\/prodotto\/lila-emotionsbad\/#primaryimage\"},\"image\":{\"@id\":\"https:\/\/uniest.it\/prodotto\/lila-emotionsbad\/#primaryimage\"},\"thumbnailUrl\":\"https:\/\/uniest.it\/wp-content\/uploads\/2020\/12\/374AAE.png\",\"datePublished\":\"2024-10-29T17:56:28+00:00\",\"breadcrumb\":{\"@id\":\"https:\/\/uniest.it\/prodotto\/lila-emotionsbad\/#breadcrumb\"},\"inLanguage\":\"de\",\"potentialAction\":[{\"@type\":\"ReadAction\",\"target\":[\"https:\/\/uniest.it\/prodotto\/lila-emotionsbad\/\"]}]},{\"@type\":\"ImageObject\",\"inLanguage\":\"de\",\"@id\":\"https:\/\/uniest.it\/prodotto\/lila-emotionsbad\/#primaryimage\",\"url\":\"https:\/\/uniest.it\/wp-content\/uploads\/2020\/12\/374AAE.png\",\"contentUrl\":\"https:\/\/uniest.it\/wp-content\/uploads\/2020\/12\/374AAE.png\",\"width\":1283,\"height\":2000},{\"@type\":\"BreadcrumbList\",\"@id\":\"https:\/\/uniest.it\/prodotto\/lila-emotionsbad\/#breadcrumb\",\"itemListElement\":[{\"@type\":\"ListItem\",\"position\":1,\"name\":\"Home\",\"item\":\"https:\/\/uniest.it\/de\/\"},{\"@type\":\"ListItem\",\"position\":2,\"name\":\"Shop\",\"item\":\"https:\/\/uniest.it\/shop\/\"},{\"@type\":\"ListItem\",\"position\":3,\"name\":\"Lila Emotionsbad\"}]},{\"@type\":\"WebSite\",\"@id\":\"https:\/\/uniest.it\/#website\",\"url\":\"https:\/\/uniest.it\/\",\"name\":\"Uniest\",\"description\":\"Cosmetici Naturali e Bio\",\"potentialAction\":[{\"@type\":\"SearchAction\",\"target\":{\"@type\":\"EntryPoint\",\"urlTemplate\":\"https:\/\/uniest.it\/?s={search_term_string}\"},\"query-input\":{\"@type\":\"PropertyValueSpecification\",\"valueRequired\":true,\"valueName\":\"search_term_string\"}}],\"inLanguage\":\"de\"}]}<\/script>\n<!-- \/ Yoast SEO plugin. -->","yoast_head_json":{"title":"Lila Emotionsbad - Uniest","robots":{"index":"index","follow":"follow","max-snippet":"max-snippet:-1","max-image-preview":"max-image-preview:large","max-video-preview":"max-video-preview:-1"},"canonical":"https:\/\/uniest.it\/prodotto\/lila-emotionsbad\/","og_locale":"de_DE","og_type":"article","og_title":"Lila Emotionsbad - Uniest","og_description":"Lila: steht oft f\u00fcr Reichtum, Gerechtigkeit, Passivit\u00e4t und \u201ekalte\u201c Energie, es ist die Farbe der Metamorphose, des \u00dcbergangs, des Mysteriums und der Magie. Es ist die Farbe der Spiritualit\u00e4t, aber auch der erotischen Faszination. Sie zeigt die Vereinigung von Gegens\u00e4tzen und die Suggestibilit\u00e4t an, die auf das Unbewusste einwirkt und spirituelle Kraft und Inspiration verleiht. [&hellip;]","og_url":"https:\/\/uniest.it\/prodotto\/lila-emotionsbad\/","og_site_name":"Uniest","twitter_card":"summary_large_image","schema":{"@context":"https:\/\/schema.org","@graph":[{"@type":"WebPage","@id":"https:\/\/uniest.it\/prodotto\/lila-emotionsbad\/","url":"https:\/\/uniest.it\/prodotto\/lila-emotionsbad\/","name":"Lila Emotionsbad - Uniest","isPartOf":{"@id":"https:\/\/uniest.it\/#website"},"primaryImageOfPage":{"@id":"https:\/\/uniest.it\/prodotto\/lila-emotionsbad\/#primaryimage"},"image":{"@id":"https:\/\/uniest.it\/prodotto\/lila-emotionsbad\/#primaryimage"},"thumbnailUrl":"https:\/\/uniest.it\/wp-content\/uploads\/2020\/12\/374AAE.png","datePublished":"2024-10-29T17:56:28+00:00","breadcrumb":{"@id":"https:\/\/uniest.it\/prodotto\/lila-emotionsbad\/#breadcrumb"},"inLanguage":"de","potentialAction":[{"@type":"ReadAction","target":["https:\/\/uniest.it\/prodotto\/lila-emotionsbad\/"]}]},{"@type":"ImageObject","inLanguage":"de","@id":"https:\/\/uniest.it\/prodotto\/lila-emotionsbad\/#primaryimage","url":"https:\/\/uniest.it\/wp-content\/uploads\/2020\/12\/374AAE.png","contentUrl":"https:\/\/uniest.it\/wp-content\/uploads\/2020\/12\/374AAE.png","width":1283,"height":2000},{"@type":"BreadcrumbList","@id":"https:\/\/uniest.it\/prodotto\/lila-emotionsbad\/#breadcrumb","itemListElement":[{"@type":"ListItem","position":1,"name":"Home","item":"https:\/\/uniest.it\/de\/"},{"@type":"ListItem","position":2,"name":"Shop","item":"https:\/\/uniest.it\/shop\/"},{"@type":"ListItem","position":3,"name":"Lila Emotionsbad"}]},{"@type":"WebSite","@id":"https:\/\/uniest.it\/#website","url":"https:\/\/uniest.it\/","name":"Uniest","description":"Cosmetici Naturali e Bio","potentialAction":[{"@type":"SearchAction","target":{"@type":"EntryPoint","urlTemplate":"https:\/\/uniest.it\/?s={search_term_string}"},"query-input":{"@type":"PropertyValueSpecification","valueRequired":true,"valueName":"search_term_string"}}],"inLanguage":"de"}]}},"_links":{"self":[{"href":"https:\/\/uniest.it\/de\/wp-json\/wp\/v2\/product\/7282","targetHints":{"allow":["GET"]}}],"collection":[{"href":"https:\/\/uniest.it\/de\/wp-json\/wp\/v2\/product"}],"about":[{"href":"https:\/\/uniest.it\/de\/wp-json\/wp\/v2\/types\/product"}],"wp:featuredmedia":[{"embeddable":true,"href":"https:\/\/uniest.it\/de\/wp-json\/wp\/v2\/media\/7283"}],"wp:attachment":[{"href":"https:\/\/uniest.it\/de\/wp-json\/wp\/v2\/media?parent=7282"}],"wp:term":[{"taxonomy":"product_brand","embeddable":true,"href":"https:\/\/uniest.it\/de\/wp-json\/wp\/v2\/product_brand?post=7282"},{"taxonomy":"product_cat","embeddable":true,"href":"https:\/\/uniest.it\/de\/wp-json\/wp\/v2\/product_cat?post=7282"},{"taxonomy":"product_tag","embeddable":true,"href":"https:\/\/uniest.it\/de\/wp-json\/wp\/v2\/product_tag?post=7282"}],"curies":[{"name":"wp","href":"https:\/\/api.w.org\/{rel}","templated":true}]}}