{"id":7291,"date":"2024-10-29T18:56:29","date_gmt":"2024-10-29T17:56:29","guid":{"rendered":"https:\/\/uniest.it\/prodotto\/spirulina-alge\/"},"modified":"2024-10-29T18:56:29","modified_gmt":"2024-10-29T17:56:29","slug":"spirulina-alge","status":"publish","type":"product","link":"https:\/\/uniest.it\/de\/prodotto\/spirulina-alge\/","title":{"rendered":"Spirulina-Alge"},"content":{"rendered":"<p>Spirulina gilt als vollwertiges Lebensmittel, da es Proteine, Aminos\u00e4uren, Eisen, Kalzium, Magnesium, Kalium, Selen und Omega-6 enth\u00e4lt. Au\u00dferdem enth\u00e4lt sie viele Vitamine, darunter die der Gruppen A und B, Vitamin D, Vitamin K und Vitamin E. Durch die hohe Konzentration dieser N\u00e4hrstoffe eignet sich die Meeresalge ideal w\u00e4hrend der Rekonvaleszenz, als Unterst\u00fctzung nach Operationen oder bei Bedarf f\u00fcr das Immunsystem helfen. Antioxidative Substanzen wie Beta-Carotin, Ascorbins\u00e4ure und Tocopherol machen es zu einem hervorragenden Mittel, um freien Radikalen und Alterungsprozessen entgegenzuwirken. Dank der gro\u00dfen Menge an Beta-Carotin eignet es sich hervorragend als Br\u00e4unungsaktivator.<\/p>\n","protected":false},"excerpt":{"rendered":"<p>Spirulina gilt als vollwertiges Lebensmittel, da es Proteine, Aminos\u00e4uren, Eisen, Kalzium, Magnesium, Kalium, Selen und Omega-6 enth\u00e4lt. Au\u00dferdem enth\u00e4lt sie viele Vitamine, darunter die der Gruppen A und B, Vitamin D, Vitamin K und Vitamin E. Durch die hohe Konzentration dieser N\u00e4hrstoffe eignet sich die Meeresalge ideal w\u00e4hrend der Rekonvaleszenz, als Unterst\u00fctzung nach Operationen oder [&hellip;]<\/p>\n","protected":false},"featured_media":7292,"template":"","meta":{"_acf_changed":false,"inline_featured_image":false},"product_brand":[],"product_cat":[1486],"product_tag":[],"class_list":{"0":"post-7291","1":"product","2":"type-product","3":"status-publish","4":"has-post-thumbnail","6":"product_beauty-antiossidante","7":"product_beauty-attivatore-abbronzatura","8":"product_beauty-detox-e-dren","9":"product_beauty-diuretico","10":"product_beauty-drenante","11":"product_beauty-mineralizzante","12":"product_beauty-multivitaminico","13":"product_kind-integrazione-alimentare","14":"product_lines-benessere","15":"product_cat-benessere-de","16":"pa_size-100-cps-de","18":"first","19":"outofstock","20":"taxable","21":"shipping-taxable","22":"purchasable","23":"product-type-simple"},"acf":[],"yoast_head":"<!-- This site is optimized with the Yoast SEO plugin v24.6 - https:\/\/yoast.com\/wordpress\/plugins\/seo\/ -->\n<title>Spirulina-Alge - Uniest<\/title>\n<meta name=\"robots\" content=\"index, follow, max-snippet:-1, max-image-preview:large, max-video-preview:-1\" \/>\n<link rel=\"canonical\" href=\"https:\/\/uniest.it\/prodotto\/spirulina-alge\/\" \/>\n<meta property=\"og:locale\" content=\"de_DE\" \/>\n<meta property=\"og:type\" content=\"article\" \/>\n<meta property=\"og:title\" content=\"Spirulina-Alge - Uniest\" \/>\n<meta property=\"og:description\" content=\"Spirulina gilt als vollwertiges Lebensmittel, da es Proteine, Aminos\u00e4uren, Eisen, Kalzium, Magnesium, Kalium, Selen und Omega-6 enth\u00e4lt. Au\u00dferdem enth\u00e4lt sie viele Vitamine, darunter die der Gruppen A und B, Vitamin D, Vitamin K und Vitamin E. Durch die hohe Konzentration dieser N\u00e4hrstoffe eignet sich die Meeresalge ideal w\u00e4hrend der Rekonvaleszenz, als Unterst\u00fctzung nach Operationen oder [&hellip;]\" \/>\n<meta property=\"og:url\" content=\"https:\/\/uniest.it\/prodotto\/spirulina-alge\/\" \/>\n<meta property=\"og:site_name\" content=\"Uniest\" \/>\n<meta name=\"twitter:card\" content=\"summary_large_image\" \/>\n<meta name=\"twitter:label1\" content=\"Gesch\u00e4tzte Lesezeit\" \/>\n\t<meta name=\"twitter:data1\" content=\"1\u00a0Minute\" \/>\n<script type=\"application\/ld+json\" class=\"yoast-schema-graph\">{\"@context\":\"https:\/\/schema.org\",\"@graph\":[{\"@type\":\"WebPage\",\"@id\":\"https:\/\/uniest.it\/prodotto\/spirulina-alge\/\",\"url\":\"https:\/\/uniest.it\/prodotto\/spirulina-alge\/\",\"name\":\"Spirulina-Alge - Uniest\",\"isPartOf\":{\"@id\":\"https:\/\/uniest.it\/#website\"},\"primaryImageOfPage\":{\"@id\":\"https:\/\/uniest.it\/prodotto\/spirulina-alge\/#primaryimage\"},\"image\":{\"@id\":\"https:\/\/uniest.it\/prodotto\/spirulina-alge\/#primaryimage\"},\"thumbnailUrl\":\"https:\/\/uniest.it\/wp-content\/uploads\/2020\/12\/383ZOP.png\",\"datePublished\":\"2024-10-29T17:56:29+00:00\",\"breadcrumb\":{\"@id\":\"https:\/\/uniest.it\/prodotto\/spirulina-alge\/#breadcrumb\"},\"inLanguage\":\"de\",\"potentialAction\":[{\"@type\":\"ReadAction\",\"target\":[\"https:\/\/uniest.it\/prodotto\/spirulina-alge\/\"]}]},{\"@type\":\"ImageObject\",\"inLanguage\":\"de\",\"@id\":\"https:\/\/uniest.it\/prodotto\/spirulina-alge\/#primaryimage\",\"url\":\"https:\/\/uniest.it\/wp-content\/uploads\/2020\/12\/383ZOP.png\",\"contentUrl\":\"https:\/\/uniest.it\/wp-content\/uploads\/2020\/12\/383ZOP.png\",\"width\":1283,\"height\":2000},{\"@type\":\"BreadcrumbList\",\"@id\":\"https:\/\/uniest.it\/prodotto\/spirulina-alge\/#breadcrumb\",\"itemListElement\":[{\"@type\":\"ListItem\",\"position\":1,\"name\":\"Home\",\"item\":\"https:\/\/uniest.it\/de\/\"},{\"@type\":\"ListItem\",\"position\":2,\"name\":\"Shop\",\"item\":\"https:\/\/uniest.it\/shop\/\"},{\"@type\":\"ListItem\",\"position\":3,\"name\":\"Spirulina-Alge\"}]},{\"@type\":\"WebSite\",\"@id\":\"https:\/\/uniest.it\/#website\",\"url\":\"https:\/\/uniest.it\/\",\"name\":\"Uniest\",\"description\":\"Cosmetici Naturali e Bio\",\"potentialAction\":[{\"@type\":\"SearchAction\",\"target\":{\"@type\":\"EntryPoint\",\"urlTemplate\":\"https:\/\/uniest.it\/?s={search_term_string}\"},\"query-input\":{\"@type\":\"PropertyValueSpecification\",\"valueRequired\":true,\"valueName\":\"search_term_string\"}}],\"inLanguage\":\"de\"}]}<\/script>\n<!-- \/ Yoast SEO plugin. -->","yoast_head_json":{"title":"Spirulina-Alge - Uniest","robots":{"index":"index","follow":"follow","max-snippet":"max-snippet:-1","max-image-preview":"max-image-preview:large","max-video-preview":"max-video-preview:-1"},"canonical":"https:\/\/uniest.it\/prodotto\/spirulina-alge\/","og_locale":"de_DE","og_type":"article","og_title":"Spirulina-Alge - Uniest","og_description":"Spirulina gilt als vollwertiges Lebensmittel, da es Proteine, Aminos\u00e4uren, Eisen, Kalzium, Magnesium, Kalium, Selen und Omega-6 enth\u00e4lt. Au\u00dferdem enth\u00e4lt sie viele Vitamine, darunter die der Gruppen A und B, Vitamin D, Vitamin K und Vitamin E. Durch die hohe Konzentration dieser N\u00e4hrstoffe eignet sich die Meeresalge ideal w\u00e4hrend der Rekonvaleszenz, als Unterst\u00fctzung nach Operationen oder [&hellip;]","og_url":"https:\/\/uniest.it\/prodotto\/spirulina-alge\/","og_site_name":"Uniest","twitter_card":"summary_large_image","twitter_misc":{"Gesch\u00e4tzte Lesezeit":"1\u00a0Minute"},"schema":{"@context":"https:\/\/schema.org","@graph":[{"@type":"WebPage","@id":"https:\/\/uniest.it\/prodotto\/spirulina-alge\/","url":"https:\/\/uniest.it\/prodotto\/spirulina-alge\/","name":"Spirulina-Alge - Uniest","isPartOf":{"@id":"https:\/\/uniest.it\/#website"},"primaryImageOfPage":{"@id":"https:\/\/uniest.it\/prodotto\/spirulina-alge\/#primaryimage"},"image":{"@id":"https:\/\/uniest.it\/prodotto\/spirulina-alge\/#primaryimage"},"thumbnailUrl":"https:\/\/uniest.it\/wp-content\/uploads\/2020\/12\/383ZOP.png","datePublished":"2024-10-29T17:56:29+00:00","breadcrumb":{"@id":"https:\/\/uniest.it\/prodotto\/spirulina-alge\/#breadcrumb"},"inLanguage":"de","potentialAction":[{"@type":"ReadAction","target":["https:\/\/uniest.it\/prodotto\/spirulina-alge\/"]}]},{"@type":"ImageObject","inLanguage":"de","@id":"https:\/\/uniest.it\/prodotto\/spirulina-alge\/#primaryimage","url":"https:\/\/uniest.it\/wp-content\/uploads\/2020\/12\/383ZOP.png","contentUrl":"https:\/\/uniest.it\/wp-content\/uploads\/2020\/12\/383ZOP.png","width":1283,"height":2000},{"@type":"BreadcrumbList","@id":"https:\/\/uniest.it\/prodotto\/spirulina-alge\/#breadcrumb","itemListElement":[{"@type":"ListItem","position":1,"name":"Home","item":"https:\/\/uniest.it\/de\/"},{"@type":"ListItem","position":2,"name":"Shop","item":"https:\/\/uniest.it\/shop\/"},{"@type":"ListItem","position":3,"name":"Spirulina-Alge"}]},{"@type":"WebSite","@id":"https:\/\/uniest.it\/#website","url":"https:\/\/uniest.it\/","name":"Uniest","description":"Cosmetici Naturali e Bio","potentialAction":[{"@type":"SearchAction","target":{"@type":"EntryPoint","urlTemplate":"https:\/\/uniest.it\/?s={search_term_string}"},"query-input":{"@type":"PropertyValueSpecification","valueRequired":true,"valueName":"search_term_string"}}],"inLanguage":"de"}]}},"_links":{"self":[{"href":"https:\/\/uniest.it\/de\/wp-json\/wp\/v2\/product\/7291","targetHints":{"allow":["GET"]}}],"collection":[{"href":"https:\/\/uniest.it\/de\/wp-json\/wp\/v2\/product"}],"about":[{"href":"https:\/\/uniest.it\/de\/wp-json\/wp\/v2\/types\/product"}],"wp:featuredmedia":[{"embeddable":true,"href":"https:\/\/uniest.it\/de\/wp-json\/wp\/v2\/media\/7292"}],"wp:attachment":[{"href":"https:\/\/uniest.it\/de\/wp-json\/wp\/v2\/media?parent=7291"}],"wp:term":[{"taxonomy":"product_brand","embeddable":true,"href":"https:\/\/uniest.it\/de\/wp-json\/wp\/v2\/product_brand?post=7291"},{"taxonomy":"product_cat","embeddable":true,"href":"https:\/\/uniest.it\/de\/wp-json\/wp\/v2\/product_cat?post=7291"},{"taxonomy":"product_tag","embeddable":true,"href":"https:\/\/uniest.it\/de\/wp-json\/wp\/v2\/product_tag?post=7291"}],"curies":[{"name":"wp","href":"https:\/\/api.w.org\/{rel}","templated":true}]}}