{"id":7294,"date":"2024-10-29T18:56:30","date_gmt":"2024-10-29T17:56:30","guid":{"rendered":"https:\/\/uniest.it\/prodotto\/loewenzahn-2\/"},"modified":"2024-10-29T18:56:30","modified_gmt":"2024-10-29T17:56:30","slug":"loewenzahn-2","status":"publish","type":"product","link":"https:\/\/uniest.it\/de\/prodotto\/loewenzahn-2\/","title":{"rendered":"L\u00f6wenzahn"},"content":{"rendered":"<p>L\u00f6wenzahn ist eine krautige Pflanze, die in fast allen gem\u00e4\u00dfigten L\u00e4ndern der Welt verbreitet ist und dort von Februar bis Mai bl\u00fcht. Sie ist auch als L\u00f6wenzahn, L\u00f6wenzahn, Hundezahn und verr\u00fcckter Chicor\u00e9e bekannt. Diese Pflanze wird von vielen untersch\u00e4tzt und nur als Unkraut betrachtet, obwohl sie in Wirklichkeit unz\u00e4hlige wohltuende Eigenschaften besitzt. Tats\u00e4chlich sind seine medizinischen Eigenschaften seit der Antike bekannt, so dass \u201eTaraxakos\u201c auf Griechisch \u201eIch heile\u201c bedeutet. Die Wirkstoffe sind in den Wurzeln und Bl\u00e4ttern konzentriert, die gelben Bl\u00fcten k\u00f6nnen aber auch gesammelt und zur Zubereitung von Aufg\u00fcssen oder Kr\u00e4utertees verwendet werden. Die Wurzeln und Bl\u00e4tter sind reich an Bitterstoffen, die die Arbeit der Leber unterst\u00fctzen, einem der Organe, die f\u00fcr die Entgiftung unseres K\u00f6rpers verantwortlich sind. L\u00f6wenzahn tr\u00e4gt daher zur Unterst\u00fctzung der Leber und der Gallenblase bei und stimuliert auch die Arbeit der Nieren, die \u00fcber den Urin unerw\u00fcnschte Substanzen ausscheiden. Es ist daher ein nat\u00fcrliches reinigendes und harntreibendes Mittel. L\u00f6wenzahn ist auch ein gutes Heilmittel f\u00fcr Menschen mit hohem Cholesterinspiegel, da er der Leber hilft, \u00fcbersch\u00fcssiges Fett auszuscheiden. Diese Pflanze hat au\u00dferdem verdauungsf\u00f6rdernde und leicht abf\u00fchrende Eigenschaften und ist au\u00dferdem n\u00fctzlich, um die Wirkung unseres Immunsystems zu st\u00e4rken.<\/p>\n","protected":false},"excerpt":{"rendered":"<p>L\u00f6wenzahn ist eine krautige Pflanze, die in fast allen gem\u00e4\u00dfigten L\u00e4ndern der Welt verbreitet ist und dort von Februar bis Mai bl\u00fcht. Sie ist auch als L\u00f6wenzahn, L\u00f6wenzahn, Hundezahn und verr\u00fcckter Chicor\u00e9e bekannt. Diese Pflanze wird von vielen untersch\u00e4tzt und nur als Unkraut betrachtet, obwohl sie in Wirklichkeit unz\u00e4hlige wohltuende Eigenschaften besitzt. Tats\u00e4chlich sind seine [&hellip;]<\/p>\n","protected":false},"featured_media":7295,"template":"","meta":{"_acf_changed":false,"inline_featured_image":false},"product_brand":[],"product_cat":[1486],"product_tag":[],"class_list":{"0":"post-7294","1":"product","2":"type-product","3":"status-publish","4":"has-post-thumbnail","6":"product_beauty-colesterolo","7":"product_beauty-detox-e-dren","8":"product_beauty-diabete","9":"product_beauty-digestivo","10":"product_beauty-diuretico","11":"product_beauty-drenante","12":"product_beauty-epatoprotettore","13":"product_beauty-intestino","14":"product_beauty-pressione","15":"product_kind-integrazione-alimentare","16":"product_lines-benessere","17":"product_cat-benessere-de","18":"pa_size-100-cps-de","20":"first","21":"outofstock","22":"taxable","23":"shipping-taxable","24":"purchasable","25":"product-type-simple"},"acf":[],"yoast_head":"<!-- This site is optimized with the Yoast SEO plugin v24.6 - https:\/\/yoast.com\/wordpress\/plugins\/seo\/ -->\n<title>L\u00f6wenzahn - Uniest<\/title>\n<meta name=\"robots\" content=\"index, follow, max-snippet:-1, max-image-preview:large, max-video-preview:-1\" \/>\n<link rel=\"canonical\" href=\"https:\/\/uniest.it\/prodotto\/loewenzahn-2\/\" \/>\n<meta property=\"og:locale\" content=\"de_DE\" \/>\n<meta property=\"og:type\" content=\"article\" \/>\n<meta property=\"og:title\" content=\"L\u00f6wenzahn - Uniest\" \/>\n<meta property=\"og:description\" content=\"L\u00f6wenzahn ist eine krautige Pflanze, die in fast allen gem\u00e4\u00dfigten L\u00e4ndern der Welt verbreitet ist und dort von Februar bis Mai bl\u00fcht. Sie ist auch als L\u00f6wenzahn, L\u00f6wenzahn, Hundezahn und verr\u00fcckter Chicor\u00e9e bekannt. Diese Pflanze wird von vielen untersch\u00e4tzt und nur als Unkraut betrachtet, obwohl sie in Wirklichkeit unz\u00e4hlige wohltuende Eigenschaften besitzt. Tats\u00e4chlich sind seine [&hellip;]\" \/>\n<meta property=\"og:url\" content=\"https:\/\/uniest.it\/prodotto\/loewenzahn-2\/\" \/>\n<meta property=\"og:site_name\" content=\"Uniest\" \/>\n<meta name=\"twitter:card\" content=\"summary_large_image\" \/>\n<meta name=\"twitter:label1\" content=\"Gesch\u00e4tzte Lesezeit\" \/>\n\t<meta name=\"twitter:data1\" content=\"1\u00a0Minute\" \/>\n<script type=\"application\/ld+json\" class=\"yoast-schema-graph\">{\"@context\":\"https:\/\/schema.org\",\"@graph\":[{\"@type\":\"WebPage\",\"@id\":\"https:\/\/uniest.it\/prodotto\/loewenzahn-2\/\",\"url\":\"https:\/\/uniest.it\/prodotto\/loewenzahn-2\/\",\"name\":\"L\u00f6wenzahn - Uniest\",\"isPartOf\":{\"@id\":\"https:\/\/uniest.it\/#website\"},\"primaryImageOfPage\":{\"@id\":\"https:\/\/uniest.it\/prodotto\/loewenzahn-2\/#primaryimage\"},\"image\":{\"@id\":\"https:\/\/uniest.it\/prodotto\/loewenzahn-2\/#primaryimage\"},\"thumbnailUrl\":\"https:\/\/uniest.it\/wp-content\/uploads\/2020\/12\/390ZOP.png\",\"datePublished\":\"2024-10-29T17:56:30+00:00\",\"breadcrumb\":{\"@id\":\"https:\/\/uniest.it\/prodotto\/loewenzahn-2\/#breadcrumb\"},\"inLanguage\":\"de\",\"potentialAction\":[{\"@type\":\"ReadAction\",\"target\":[\"https:\/\/uniest.it\/prodotto\/loewenzahn-2\/\"]}]},{\"@type\":\"ImageObject\",\"inLanguage\":\"de\",\"@id\":\"https:\/\/uniest.it\/prodotto\/loewenzahn-2\/#primaryimage\",\"url\":\"https:\/\/uniest.it\/wp-content\/uploads\/2020\/12\/390ZOP.png\",\"contentUrl\":\"https:\/\/uniest.it\/wp-content\/uploads\/2020\/12\/390ZOP.png\",\"width\":1283,\"height\":2000},{\"@type\":\"BreadcrumbList\",\"@id\":\"https:\/\/uniest.it\/prodotto\/loewenzahn-2\/#breadcrumb\",\"itemListElement\":[{\"@type\":\"ListItem\",\"position\":1,\"name\":\"Home\",\"item\":\"https:\/\/uniest.it\/de\/\"},{\"@type\":\"ListItem\",\"position\":2,\"name\":\"Shop\",\"item\":\"https:\/\/uniest.it\/shop\/\"},{\"@type\":\"ListItem\",\"position\":3,\"name\":\"L\u00f6wenzahn\"}]},{\"@type\":\"WebSite\",\"@id\":\"https:\/\/uniest.it\/#website\",\"url\":\"https:\/\/uniest.it\/\",\"name\":\"Uniest\",\"description\":\"Cosmetici Naturali e Bio\",\"potentialAction\":[{\"@type\":\"SearchAction\",\"target\":{\"@type\":\"EntryPoint\",\"urlTemplate\":\"https:\/\/uniest.it\/?s={search_term_string}\"},\"query-input\":{\"@type\":\"PropertyValueSpecification\",\"valueRequired\":true,\"valueName\":\"search_term_string\"}}],\"inLanguage\":\"de\"}]}<\/script>\n<!-- \/ Yoast SEO plugin. -->","yoast_head_json":{"title":"L\u00f6wenzahn - Uniest","robots":{"index":"index","follow":"follow","max-snippet":"max-snippet:-1","max-image-preview":"max-image-preview:large","max-video-preview":"max-video-preview:-1"},"canonical":"https:\/\/uniest.it\/prodotto\/loewenzahn-2\/","og_locale":"de_DE","og_type":"article","og_title":"L\u00f6wenzahn - Uniest","og_description":"L\u00f6wenzahn ist eine krautige Pflanze, die in fast allen gem\u00e4\u00dfigten L\u00e4ndern der Welt verbreitet ist und dort von Februar bis Mai bl\u00fcht. Sie ist auch als L\u00f6wenzahn, L\u00f6wenzahn, Hundezahn und verr\u00fcckter Chicor\u00e9e bekannt. Diese Pflanze wird von vielen untersch\u00e4tzt und nur als Unkraut betrachtet, obwohl sie in Wirklichkeit unz\u00e4hlige wohltuende Eigenschaften besitzt. Tats\u00e4chlich sind seine [&hellip;]","og_url":"https:\/\/uniest.it\/prodotto\/loewenzahn-2\/","og_site_name":"Uniest","twitter_card":"summary_large_image","twitter_misc":{"Gesch\u00e4tzte Lesezeit":"1\u00a0Minute"},"schema":{"@context":"https:\/\/schema.org","@graph":[{"@type":"WebPage","@id":"https:\/\/uniest.it\/prodotto\/loewenzahn-2\/","url":"https:\/\/uniest.it\/prodotto\/loewenzahn-2\/","name":"L\u00f6wenzahn - Uniest","isPartOf":{"@id":"https:\/\/uniest.it\/#website"},"primaryImageOfPage":{"@id":"https:\/\/uniest.it\/prodotto\/loewenzahn-2\/#primaryimage"},"image":{"@id":"https:\/\/uniest.it\/prodotto\/loewenzahn-2\/#primaryimage"},"thumbnailUrl":"https:\/\/uniest.it\/wp-content\/uploads\/2020\/12\/390ZOP.png","datePublished":"2024-10-29T17:56:30+00:00","breadcrumb":{"@id":"https:\/\/uniest.it\/prodotto\/loewenzahn-2\/#breadcrumb"},"inLanguage":"de","potentialAction":[{"@type":"ReadAction","target":["https:\/\/uniest.it\/prodotto\/loewenzahn-2\/"]}]},{"@type":"ImageObject","inLanguage":"de","@id":"https:\/\/uniest.it\/prodotto\/loewenzahn-2\/#primaryimage","url":"https:\/\/uniest.it\/wp-content\/uploads\/2020\/12\/390ZOP.png","contentUrl":"https:\/\/uniest.it\/wp-content\/uploads\/2020\/12\/390ZOP.png","width":1283,"height":2000},{"@type":"BreadcrumbList","@id":"https:\/\/uniest.it\/prodotto\/loewenzahn-2\/#breadcrumb","itemListElement":[{"@type":"ListItem","position":1,"name":"Home","item":"https:\/\/uniest.it\/de\/"},{"@type":"ListItem","position":2,"name":"Shop","item":"https:\/\/uniest.it\/shop\/"},{"@type":"ListItem","position":3,"name":"L\u00f6wenzahn"}]},{"@type":"WebSite","@id":"https:\/\/uniest.it\/#website","url":"https:\/\/uniest.it\/","name":"Uniest","description":"Cosmetici Naturali e Bio","potentialAction":[{"@type":"SearchAction","target":{"@type":"EntryPoint","urlTemplate":"https:\/\/uniest.it\/?s={search_term_string}"},"query-input":{"@type":"PropertyValueSpecification","valueRequired":true,"valueName":"search_term_string"}}],"inLanguage":"de"}]}},"_links":{"self":[{"href":"https:\/\/uniest.it\/de\/wp-json\/wp\/v2\/product\/7294","targetHints":{"allow":["GET"]}}],"collection":[{"href":"https:\/\/uniest.it\/de\/wp-json\/wp\/v2\/product"}],"about":[{"href":"https:\/\/uniest.it\/de\/wp-json\/wp\/v2\/types\/product"}],"wp:featuredmedia":[{"embeddable":true,"href":"https:\/\/uniest.it\/de\/wp-json\/wp\/v2\/media\/7295"}],"wp:attachment":[{"href":"https:\/\/uniest.it\/de\/wp-json\/wp\/v2\/media?parent=7294"}],"wp:term":[{"taxonomy":"product_brand","embeddable":true,"href":"https:\/\/uniest.it\/de\/wp-json\/wp\/v2\/product_brand?post=7294"},{"taxonomy":"product_cat","embeddable":true,"href":"https:\/\/uniest.it\/de\/wp-json\/wp\/v2\/product_cat?post=7294"},{"taxonomy":"product_tag","embeddable":true,"href":"https:\/\/uniest.it\/de\/wp-json\/wp\/v2\/product_tag?post=7294"}],"curies":[{"name":"wp","href":"https:\/\/api.w.org\/{rel}","templated":true}]}}