{"id":7297,"date":"2024-10-29T18:56:30","date_gmt":"2024-10-29T17:56:30","guid":{"rendered":"https:\/\/uniest.it\/prodotto\/rote-rebe\/"},"modified":"2024-10-29T18:56:30","modified_gmt":"2024-10-29T17:56:30","slug":"rote-rebe","status":"publish","type":"product","link":"https:\/\/uniest.it\/de\/prodotto\/rote-rebe\/","title":{"rendered":"Rote Rebe"},"content":{"rendered":"<p>Die Rote Rebe, deren botanischer Name Vitis Vinifera ist, ist eine Pflanze aus der Familie der Vitaceae. Vitis Vinfera ist ein unregelm\u00e4\u00dfiger Kletterstrauch mit sp\u00e4rlicher Verzweigung, aber sehr langer L\u00e4nge. Der Stiel ist verdreht und unregelm\u00e4\u00dfig. Die jungen Zweige haben einen Zirrus, der es der Pflanze erm\u00f6glicht, sich an St\u00fctzen zu befestigen. Am Ende ihres Lebenszyklus verlieren die Bl\u00e4tter ihre normale gr\u00fcne Farbe und nehmen die typische rote Farbe an. Die Rote Rebe ist eine in S\u00fcdeuropa und Westasien beheimatete Pflanze. Heute wird es auf der ganzen Welt wegen seiner Fr\u00fcchte und zur Herstellung von Wein angebaut. Die Wirkstoffe sind in den im Herbst gesammelten Bl\u00e4ttern enthalten, wenn diese einen r\u00f6tlichen Farbton annehmen. Dank des sehr hohen Gehalts an antioxidativen Molek\u00fclen haben sie wohltuende Eigenschaften f\u00fcr unseren K\u00f6rper. Bioflavonoide \u00fcben eine intensive antioxidative Wirkung auf der Ebene der Zellmembranen aus. Diese Molek\u00fcle \u00fcben eine phlebotonische Wirkung aus und wirken bei Veneninsuffizienz und allen Problemen im Zusammenhang mit dem Kreislaufsystem, indem sie die W\u00e4nde der Blutgef\u00e4\u00dfe st\u00e4rken. Ihre wichtigste Wirkung ist tonisierend und gef\u00e4\u00dfsch\u00fctzend und beugt \u00d6demen und Schwellungen vor. Die Rote Rebe ist daher bei allen Formen von Krampfadern, Venenentz\u00fcndungen, Kapillarbr\u00fcchigkeit, Rosacea, \u00d6demen, H\u00e4morrhoiden, Cellulite, Wassereinlagerungen, Blutstau und Schweregef\u00fchl in den unteren Gliedma\u00dfen angezeigt. Die Rote Rebe bringt auch interessante Vorteile bei Bluthochdruck. Cholesterin und Diabetes. Nahrungserg\u00e4nzungsmittel mit Roter Rebe helfen, einer Verh\u00e4rtung der Arterienw\u00e4nde vorzubeugen und hohen Blutdruck zu senken. Der Verzehr dieser Nahrungserg\u00e4nzungsmittel wird auch Frauen in den Wechseljahren empfohlen, um einigen Symptomen wie Herzrasen, Schwellungen und M\u00fcdigkeit entgegenzuwirken.<\/p>\n","protected":false},"excerpt":{"rendered":"<p>Die Rote Rebe, deren botanischer Name Vitis Vinifera ist, ist eine Pflanze aus der Familie der Vitaceae. Vitis Vinfera ist ein unregelm\u00e4\u00dfiger Kletterstrauch mit sp\u00e4rlicher Verzweigung, aber sehr langer L\u00e4nge. Der Stiel ist verdreht und unregelm\u00e4\u00dfig. Die jungen Zweige haben einen Zirrus, der es der Pflanze erm\u00f6glicht, sich an St\u00fctzen zu befestigen. Am Ende ihres [&hellip;]<\/p>\n","protected":false},"featured_media":7298,"template":"","meta":{"_acf_changed":false,"inline_featured_image":false},"product_brand":[],"product_cat":[1486],"product_tag":[],"class_list":{"0":"post-7297","1":"product","2":"type-product","3":"status-publish","4":"has-post-thumbnail","6":"product_beauty-antinfiammatoria","7":"product_beauty-antiossidante","8":"product_beauty-antireumatiche","9":"product_beauty-cellulite","10":"product_beauty-circolazione","11":"product_beauty-colesterolo","12":"product_beauty-diabete","13":"product_beauty-diuretico","14":"product_beauty-drenante","15":"product_beauty-insufficienza-venosa","16":"product_beauty-intestino","17":"product_beauty-lenitivo","18":"product_beauty-menopausa","19":"product_beauty-mesturazioni","20":"product_beauty-pressione","21":"product_kind-integrazione-alimentare","22":"product_lines-benessere","23":"product_cat-benessere-de","24":"pa_size-100-cps-de","26":"first","27":"outofstock","28":"taxable","29":"shipping-taxable","30":"purchasable","31":"product-type-simple"},"acf":[],"yoast_head":"<!-- This site is optimized with the Yoast SEO plugin v24.6 - https:\/\/yoast.com\/wordpress\/plugins\/seo\/ -->\n<title>Rote Rebe - Uniest<\/title>\n<meta name=\"robots\" content=\"index, follow, max-snippet:-1, max-image-preview:large, max-video-preview:-1\" \/>\n<link rel=\"canonical\" href=\"https:\/\/uniest.it\/prodotto\/rote-rebe\/\" \/>\n<meta property=\"og:locale\" content=\"de_DE\" \/>\n<meta property=\"og:type\" content=\"article\" \/>\n<meta property=\"og:title\" content=\"Rote Rebe - Uniest\" \/>\n<meta property=\"og:description\" content=\"Die Rote Rebe, deren botanischer Name Vitis Vinifera ist, ist eine Pflanze aus der Familie der Vitaceae. Vitis Vinfera ist ein unregelm\u00e4\u00dfiger Kletterstrauch mit sp\u00e4rlicher Verzweigung, aber sehr langer L\u00e4nge. Der Stiel ist verdreht und unregelm\u00e4\u00dfig. Die jungen Zweige haben einen Zirrus, der es der Pflanze erm\u00f6glicht, sich an St\u00fctzen zu befestigen. Am Ende ihres [&hellip;]\" \/>\n<meta property=\"og:url\" content=\"https:\/\/uniest.it\/prodotto\/rote-rebe\/\" \/>\n<meta property=\"og:site_name\" content=\"Uniest\" \/>\n<meta name=\"twitter:card\" content=\"summary_large_image\" \/>\n<meta name=\"twitter:label1\" content=\"Gesch\u00e4tzte Lesezeit\" \/>\n\t<meta name=\"twitter:data1\" content=\"1\u00a0Minute\" \/>\n<script type=\"application\/ld+json\" class=\"yoast-schema-graph\">{\"@context\":\"https:\/\/schema.org\",\"@graph\":[{\"@type\":\"WebPage\",\"@id\":\"https:\/\/uniest.it\/prodotto\/rote-rebe\/\",\"url\":\"https:\/\/uniest.it\/prodotto\/rote-rebe\/\",\"name\":\"Rote Rebe - Uniest\",\"isPartOf\":{\"@id\":\"https:\/\/uniest.it\/#website\"},\"primaryImageOfPage\":{\"@id\":\"https:\/\/uniest.it\/prodotto\/rote-rebe\/#primaryimage\"},\"image\":{\"@id\":\"https:\/\/uniest.it\/prodotto\/rote-rebe\/#primaryimage\"},\"thumbnailUrl\":\"https:\/\/uniest.it\/wp-content\/uploads\/2020\/12\/426ZOP.png\",\"datePublished\":\"2024-10-29T17:56:30+00:00\",\"breadcrumb\":{\"@id\":\"https:\/\/uniest.it\/prodotto\/rote-rebe\/#breadcrumb\"},\"inLanguage\":\"de\",\"potentialAction\":[{\"@type\":\"ReadAction\",\"target\":[\"https:\/\/uniest.it\/prodotto\/rote-rebe\/\"]}]},{\"@type\":\"ImageObject\",\"inLanguage\":\"de\",\"@id\":\"https:\/\/uniest.it\/prodotto\/rote-rebe\/#primaryimage\",\"url\":\"https:\/\/uniest.it\/wp-content\/uploads\/2020\/12\/426ZOP.png\",\"contentUrl\":\"https:\/\/uniest.it\/wp-content\/uploads\/2020\/12\/426ZOP.png\",\"width\":1283,\"height\":2000},{\"@type\":\"BreadcrumbList\",\"@id\":\"https:\/\/uniest.it\/prodotto\/rote-rebe\/#breadcrumb\",\"itemListElement\":[{\"@type\":\"ListItem\",\"position\":1,\"name\":\"Home\",\"item\":\"https:\/\/uniest.it\/de\/\"},{\"@type\":\"ListItem\",\"position\":2,\"name\":\"Shop\",\"item\":\"https:\/\/uniest.it\/shop\/\"},{\"@type\":\"ListItem\",\"position\":3,\"name\":\"Rote Rebe\"}]},{\"@type\":\"WebSite\",\"@id\":\"https:\/\/uniest.it\/#website\",\"url\":\"https:\/\/uniest.it\/\",\"name\":\"Uniest\",\"description\":\"Cosmetici Naturali e Bio\",\"potentialAction\":[{\"@type\":\"SearchAction\",\"target\":{\"@type\":\"EntryPoint\",\"urlTemplate\":\"https:\/\/uniest.it\/?s={search_term_string}\"},\"query-input\":{\"@type\":\"PropertyValueSpecification\",\"valueRequired\":true,\"valueName\":\"search_term_string\"}}],\"inLanguage\":\"de\"}]}<\/script>\n<!-- \/ Yoast SEO plugin. -->","yoast_head_json":{"title":"Rote Rebe - Uniest","robots":{"index":"index","follow":"follow","max-snippet":"max-snippet:-1","max-image-preview":"max-image-preview:large","max-video-preview":"max-video-preview:-1"},"canonical":"https:\/\/uniest.it\/prodotto\/rote-rebe\/","og_locale":"de_DE","og_type":"article","og_title":"Rote Rebe - Uniest","og_description":"Die Rote Rebe, deren botanischer Name Vitis Vinifera ist, ist eine Pflanze aus der Familie der Vitaceae. Vitis Vinfera ist ein unregelm\u00e4\u00dfiger Kletterstrauch mit sp\u00e4rlicher Verzweigung, aber sehr langer L\u00e4nge. Der Stiel ist verdreht und unregelm\u00e4\u00dfig. Die jungen Zweige haben einen Zirrus, der es der Pflanze erm\u00f6glicht, sich an St\u00fctzen zu befestigen. Am Ende ihres [&hellip;]","og_url":"https:\/\/uniest.it\/prodotto\/rote-rebe\/","og_site_name":"Uniest","twitter_card":"summary_large_image","twitter_misc":{"Gesch\u00e4tzte Lesezeit":"1\u00a0Minute"},"schema":{"@context":"https:\/\/schema.org","@graph":[{"@type":"WebPage","@id":"https:\/\/uniest.it\/prodotto\/rote-rebe\/","url":"https:\/\/uniest.it\/prodotto\/rote-rebe\/","name":"Rote Rebe - Uniest","isPartOf":{"@id":"https:\/\/uniest.it\/#website"},"primaryImageOfPage":{"@id":"https:\/\/uniest.it\/prodotto\/rote-rebe\/#primaryimage"},"image":{"@id":"https:\/\/uniest.it\/prodotto\/rote-rebe\/#primaryimage"},"thumbnailUrl":"https:\/\/uniest.it\/wp-content\/uploads\/2020\/12\/426ZOP.png","datePublished":"2024-10-29T17:56:30+00:00","breadcrumb":{"@id":"https:\/\/uniest.it\/prodotto\/rote-rebe\/#breadcrumb"},"inLanguage":"de","potentialAction":[{"@type":"ReadAction","target":["https:\/\/uniest.it\/prodotto\/rote-rebe\/"]}]},{"@type":"ImageObject","inLanguage":"de","@id":"https:\/\/uniest.it\/prodotto\/rote-rebe\/#primaryimage","url":"https:\/\/uniest.it\/wp-content\/uploads\/2020\/12\/426ZOP.png","contentUrl":"https:\/\/uniest.it\/wp-content\/uploads\/2020\/12\/426ZOP.png","width":1283,"height":2000},{"@type":"BreadcrumbList","@id":"https:\/\/uniest.it\/prodotto\/rote-rebe\/#breadcrumb","itemListElement":[{"@type":"ListItem","position":1,"name":"Home","item":"https:\/\/uniest.it\/de\/"},{"@type":"ListItem","position":2,"name":"Shop","item":"https:\/\/uniest.it\/shop\/"},{"@type":"ListItem","position":3,"name":"Rote Rebe"}]},{"@type":"WebSite","@id":"https:\/\/uniest.it\/#website","url":"https:\/\/uniest.it\/","name":"Uniest","description":"Cosmetici Naturali e Bio","potentialAction":[{"@type":"SearchAction","target":{"@type":"EntryPoint","urlTemplate":"https:\/\/uniest.it\/?s={search_term_string}"},"query-input":{"@type":"PropertyValueSpecification","valueRequired":true,"valueName":"search_term_string"}}],"inLanguage":"de"}]}},"_links":{"self":[{"href":"https:\/\/uniest.it\/de\/wp-json\/wp\/v2\/product\/7297","targetHints":{"allow":["GET"]}}],"collection":[{"href":"https:\/\/uniest.it\/de\/wp-json\/wp\/v2\/product"}],"about":[{"href":"https:\/\/uniest.it\/de\/wp-json\/wp\/v2\/types\/product"}],"wp:featuredmedia":[{"embeddable":true,"href":"https:\/\/uniest.it\/de\/wp-json\/wp\/v2\/media\/7298"}],"wp:attachment":[{"href":"https:\/\/uniest.it\/de\/wp-json\/wp\/v2\/media?parent=7297"}],"wp:term":[{"taxonomy":"product_brand","embeddable":true,"href":"https:\/\/uniest.it\/de\/wp-json\/wp\/v2\/product_brand?post=7297"},{"taxonomy":"product_cat","embeddable":true,"href":"https:\/\/uniest.it\/de\/wp-json\/wp\/v2\/product_cat?post=7297"},{"taxonomy":"product_tag","embeddable":true,"href":"https:\/\/uniest.it\/de\/wp-json\/wp\/v2\/product_tag?post=7297"}],"curies":[{"name":"wp","href":"https:\/\/api.w.org\/{rel}","templated":true}]}}