{"id":7312,"date":"2021-02-04T13:00:25","date_gmt":"2024-10-29T17:56:32","guid":{"rendered":"https:\/\/uniest.it\/prodotto\/leinoel\/"},"modified":"2024-10-29T18:56:32","modified_gmt":"2024-10-29T17:56:32","slug":"leinoel","status":"publish","type":"product","link":"https:\/\/uniest.it\/de\/prodotto\/leinoel\/","title":{"rendered":"Lein\u00f6l"},"content":{"rendered":"<p>Reines Lein\u00f6l in Sonnenblumen\u00f6l aus biologischem Anbau. Dieses \u00d6l ist sehr reich an Omega 3 und dank des Vitamin E auch f\u00fcr seine antioxidativen Eigenschaften bekannt. Es ist eine wunderbare Quelle n\u00fctzlicher N\u00e4hrstoffe f\u00fcr die Haut, hat eine feuchtigkeitsspendende Wirkung und verbessert ihre Elastizit\u00e4t, wodurch sie weich und samtig wird. Seit Jahrtausenden wird dieses \u00d6l als Elixier verwendet, das selbst der am st\u00e4rksten gesch\u00e4digten Haut Festigkeit und Elastizit\u00e4t zur\u00fcckgibt, die Austrocknung verlangsamt und das Gewebe tiefgehend n\u00e4hrt. Aufgrund seiner bemerkenswerten restrukturierenden Eigenschaften wird es auch h\u00e4ufig zur Haarpflege verwendet, es stellt das Volumen wieder her und liefert die essentiellen N\u00e4hrstoffe, die bei h\u00e4ufigem Waschen verloren gehen. Eine Kompresse etwa 30 Minuten vor der Haarw\u00e4sche kann das Haar weicher, gl\u00e4nzender, gepflegter und kompakter machen.<\/p>\n","protected":false},"excerpt":{"rendered":"<p>Reines Lein\u00f6l in Sonnenblumen\u00f6l aus biologischem Anbau. Dieses \u00d6l ist sehr reich an Omega 3 und dank des Vitamin E auch f\u00fcr seine antioxidativen Eigenschaften bekannt. Es ist eine wunderbare Quelle n\u00fctzlicher N\u00e4hrstoffe f\u00fcr die Haut, hat eine feuchtigkeitsspendende Wirkung und verbessert ihre Elastizit\u00e4t, wodurch sie weich und samtig wird. Seit Jahrtausenden wird dieses \u00d6l [&hellip;]<\/p>\n","protected":false},"featured_media":7313,"template":"","meta":{"_acf_changed":false,"inline_featured_image":false},"product_brand":[],"product_cat":[1487,1489],"product_tag":[],"class_list":{"0":"post-7312","1":"product","2":"type-product","3":"status-publish","4":"has-post-thumbnail","6":"product_beauty-idratare","7":"product_beauty-nutrire-e-rigenerare","8":"product_beauty-proteggere","9":"product_beauty-riequilibrare","10":"product_skin-tutte-le-pelli","11":"product_skin-tutti-i-capelli","12":"product_kind-oli-e-burri","13":"product_kind-trattamenti-speciali","14":"product_lines-oli-pregiati-puri","15":"product_cat-capelli-de","16":"product_cat-corpo-de","17":"pa_size-100-de","19":"first","20":"instock","21":"taxable","22":"shipping-taxable","23":"purchasable","24":"product-type-simple"},"acf":[],"yoast_head":"<!-- This site is optimized with the Yoast SEO plugin v24.6 - https:\/\/yoast.com\/wordpress\/plugins\/seo\/ -->\n<title>Lein\u00f6l - Uniest<\/title>\n<meta name=\"robots\" content=\"index, follow, max-snippet:-1, max-image-preview:large, max-video-preview:-1\" \/>\n<link rel=\"canonical\" href=\"https:\/\/uniest.it\/prodotto\/leinoel\/\" \/>\n<meta property=\"og:locale\" content=\"de_DE\" \/>\n<meta property=\"og:type\" content=\"article\" \/>\n<meta property=\"og:title\" content=\"Lein\u00f6l - Uniest\" \/>\n<meta property=\"og:description\" content=\"Reines Lein\u00f6l in Sonnenblumen\u00f6l aus biologischem Anbau. Dieses \u00d6l ist sehr reich an Omega 3 und dank des Vitamin E auch f\u00fcr seine antioxidativen Eigenschaften bekannt. Es ist eine wunderbare Quelle n\u00fctzlicher N\u00e4hrstoffe f\u00fcr die Haut, hat eine feuchtigkeitsspendende Wirkung und verbessert ihre Elastizit\u00e4t, wodurch sie weich und samtig wird. Seit Jahrtausenden wird dieses \u00d6l [&hellip;]\" \/>\n<meta property=\"og:url\" content=\"https:\/\/uniest.it\/prodotto\/leinoel\/\" \/>\n<meta property=\"og:site_name\" content=\"Uniest\" \/>\n<meta name=\"twitter:card\" content=\"summary_large_image\" \/>\n<meta name=\"twitter:label1\" content=\"Gesch\u00e4tzte Lesezeit\" \/>\n\t<meta name=\"twitter:data1\" content=\"1\u00a0Minute\" \/>\n<script type=\"application\/ld+json\" class=\"yoast-schema-graph\">{\"@context\":\"https:\/\/schema.org\",\"@graph\":[{\"@type\":\"WebPage\",\"@id\":\"https:\/\/uniest.it\/prodotto\/leinoel\/\",\"url\":\"https:\/\/uniest.it\/prodotto\/leinoel\/\",\"name\":\"Lein\u00f6l - Uniest\",\"isPartOf\":{\"@id\":\"https:\/\/uniest.it\/#website\"},\"primaryImageOfPage\":{\"@id\":\"https:\/\/uniest.it\/prodotto\/leinoel\/#primaryimage\"},\"image\":{\"@id\":\"https:\/\/uniest.it\/prodotto\/leinoel\/#primaryimage\"},\"thumbnailUrl\":\"https:\/\/uniest.it\/wp-content\/uploads\/2020\/11\/505AAM.png\",\"datePublished\":\"2024-10-29T17:56:32+00:00\",\"breadcrumb\":{\"@id\":\"https:\/\/uniest.it\/prodotto\/leinoel\/#breadcrumb\"},\"inLanguage\":\"de\",\"potentialAction\":[{\"@type\":\"ReadAction\",\"target\":[\"https:\/\/uniest.it\/prodotto\/leinoel\/\"]}]},{\"@type\":\"ImageObject\",\"inLanguage\":\"de\",\"@id\":\"https:\/\/uniest.it\/prodotto\/leinoel\/#primaryimage\",\"url\":\"https:\/\/uniest.it\/wp-content\/uploads\/2020\/11\/505AAM.png\",\"contentUrl\":\"https:\/\/uniest.it\/wp-content\/uploads\/2020\/11\/505AAM.png\",\"width\":1283,\"height\":2001},{\"@type\":\"BreadcrumbList\",\"@id\":\"https:\/\/uniest.it\/prodotto\/leinoel\/#breadcrumb\",\"itemListElement\":[{\"@type\":\"ListItem\",\"position\":1,\"name\":\"Home\",\"item\":\"https:\/\/uniest.it\/de\/\"},{\"@type\":\"ListItem\",\"position\":2,\"name\":\"Shop\",\"item\":\"https:\/\/uniest.it\/shop\/\"},{\"@type\":\"ListItem\",\"position\":3,\"name\":\"Lein\u00f6l\"}]},{\"@type\":\"WebSite\",\"@id\":\"https:\/\/uniest.it\/#website\",\"url\":\"https:\/\/uniest.it\/\",\"name\":\"Uniest\",\"description\":\"Cosmetici Naturali e Bio\",\"potentialAction\":[{\"@type\":\"SearchAction\",\"target\":{\"@type\":\"EntryPoint\",\"urlTemplate\":\"https:\/\/uniest.it\/?s={search_term_string}\"},\"query-input\":{\"@type\":\"PropertyValueSpecification\",\"valueRequired\":true,\"valueName\":\"search_term_string\"}}],\"inLanguage\":\"de\"}]}<\/script>\n<!-- \/ Yoast SEO plugin. -->","yoast_head_json":{"title":"Lein\u00f6l - Uniest","robots":{"index":"index","follow":"follow","max-snippet":"max-snippet:-1","max-image-preview":"max-image-preview:large","max-video-preview":"max-video-preview:-1"},"canonical":"https:\/\/uniest.it\/prodotto\/leinoel\/","og_locale":"de_DE","og_type":"article","og_title":"Lein\u00f6l - Uniest","og_description":"Reines Lein\u00f6l in Sonnenblumen\u00f6l aus biologischem Anbau. Dieses \u00d6l ist sehr reich an Omega 3 und dank des Vitamin E auch f\u00fcr seine antioxidativen Eigenschaften bekannt. Es ist eine wunderbare Quelle n\u00fctzlicher N\u00e4hrstoffe f\u00fcr die Haut, hat eine feuchtigkeitsspendende Wirkung und verbessert ihre Elastizit\u00e4t, wodurch sie weich und samtig wird. Seit Jahrtausenden wird dieses \u00d6l [&hellip;]","og_url":"https:\/\/uniest.it\/prodotto\/leinoel\/","og_site_name":"Uniest","twitter_card":"summary_large_image","twitter_misc":{"Gesch\u00e4tzte Lesezeit":"1\u00a0Minute"},"schema":{"@context":"https:\/\/schema.org","@graph":[{"@type":"WebPage","@id":"https:\/\/uniest.it\/prodotto\/leinoel\/","url":"https:\/\/uniest.it\/prodotto\/leinoel\/","name":"Lein\u00f6l - Uniest","isPartOf":{"@id":"https:\/\/uniest.it\/#website"},"primaryImageOfPage":{"@id":"https:\/\/uniest.it\/prodotto\/leinoel\/#primaryimage"},"image":{"@id":"https:\/\/uniest.it\/prodotto\/leinoel\/#primaryimage"},"thumbnailUrl":"https:\/\/uniest.it\/wp-content\/uploads\/2020\/11\/505AAM.png","datePublished":"2024-10-29T17:56:32+00:00","breadcrumb":{"@id":"https:\/\/uniest.it\/prodotto\/leinoel\/#breadcrumb"},"inLanguage":"de","potentialAction":[{"@type":"ReadAction","target":["https:\/\/uniest.it\/prodotto\/leinoel\/"]}]},{"@type":"ImageObject","inLanguage":"de","@id":"https:\/\/uniest.it\/prodotto\/leinoel\/#primaryimage","url":"https:\/\/uniest.it\/wp-content\/uploads\/2020\/11\/505AAM.png","contentUrl":"https:\/\/uniest.it\/wp-content\/uploads\/2020\/11\/505AAM.png","width":1283,"height":2001},{"@type":"BreadcrumbList","@id":"https:\/\/uniest.it\/prodotto\/leinoel\/#breadcrumb","itemListElement":[{"@type":"ListItem","position":1,"name":"Home","item":"https:\/\/uniest.it\/de\/"},{"@type":"ListItem","position":2,"name":"Shop","item":"https:\/\/uniest.it\/shop\/"},{"@type":"ListItem","position":3,"name":"Lein\u00f6l"}]},{"@type":"WebSite","@id":"https:\/\/uniest.it\/#website","url":"https:\/\/uniest.it\/","name":"Uniest","description":"Cosmetici Naturali e Bio","potentialAction":[{"@type":"SearchAction","target":{"@type":"EntryPoint","urlTemplate":"https:\/\/uniest.it\/?s={search_term_string}"},"query-input":{"@type":"PropertyValueSpecification","valueRequired":true,"valueName":"search_term_string"}}],"inLanguage":"de"}]}},"_links":{"self":[{"href":"https:\/\/uniest.it\/de\/wp-json\/wp\/v2\/product\/7312","targetHints":{"allow":["GET"]}}],"collection":[{"href":"https:\/\/uniest.it\/de\/wp-json\/wp\/v2\/product"}],"about":[{"href":"https:\/\/uniest.it\/de\/wp-json\/wp\/v2\/types\/product"}],"wp:featuredmedia":[{"embeddable":true,"href":"https:\/\/uniest.it\/de\/wp-json\/wp\/v2\/media\/7313"}],"wp:attachment":[{"href":"https:\/\/uniest.it\/de\/wp-json\/wp\/v2\/media?parent=7312"}],"wp:term":[{"taxonomy":"product_brand","embeddable":true,"href":"https:\/\/uniest.it\/de\/wp-json\/wp\/v2\/product_brand?post=7312"},{"taxonomy":"product_cat","embeddable":true,"href":"https:\/\/uniest.it\/de\/wp-json\/wp\/v2\/product_cat?post=7312"},{"taxonomy":"product_tag","embeddable":true,"href":"https:\/\/uniest.it\/de\/wp-json\/wp\/v2\/product_tag?post=7312"}],"curies":[{"name":"wp","href":"https:\/\/api.w.org\/{rel}","templated":true}]}}