{"id":7318,"date":"2024-10-29T18:56:33","date_gmt":"2024-10-29T17:56:33","guid":{"rendered":"https:\/\/uniest.it\/prodotto\/dermocreme-2\/"},"modified":"2024-10-29T18:56:33","modified_gmt":"2024-10-29T17:56:33","slug":"dermocreme-2","status":"publish","type":"product","link":"https:\/\/uniest.it\/de\/prodotto\/dermocreme-2\/","title":{"rendered":"Dermocreme"},"content":{"rendered":"<p>Dermocream: ist eine regenerierende Creme, die dank ihrer Verbindungen die schnelle Heilung gesch\u00e4digten Gewebes f\u00f6rdert und so die Heilung f\u00f6rdert. N\u00fctzlich in allen F\u00e4llen von: &#8211; Absch\u00fcrfungen verschiedener Art; &#8211; Risse; &#8211; Wunden; &#8211; Sonnenbrand; &#8211; Dellen. Die richtige und regelm\u00e4\u00dfige Anwendung hilft, Entz\u00fcndungen zu reduzieren, sorgt f\u00fcr ein angenehmes Wohlbefinden und f\u00f6rdert au\u00dferdem das Nachwachsen von Haaren mit der gleichen Pigmentierung. Sch\u00fctzt und pflegt die Haut.<\/p>\n","protected":false},"excerpt":{"rendered":"<p>Dermocream: ist eine regenerierende Creme, die dank ihrer Verbindungen die schnelle Heilung gesch\u00e4digten Gewebes f\u00f6rdert und so die Heilung f\u00f6rdert. N\u00fctzlich in allen F\u00e4llen von: &#8211; Absch\u00fcrfungen verschiedener Art; &#8211; Risse; &#8211; Wunden; &#8211; Sonnenbrand; &#8211; Dellen. Die richtige und regelm\u00e4\u00dfige Anwendung hilft, Entz\u00fcndungen zu reduzieren, sorgt f\u00fcr ein angenehmes Wohlbefinden und f\u00f6rdert au\u00dferdem das [&hellip;]<\/p>\n","protected":false},"featured_media":7319,"template":"","meta":{"_acf_changed":false,"inline_featured_image":false},"product_brand":[],"product_cat":[1491],"product_tag":[],"class_list":{"0":"post-7318","1":"product","2":"type-product","3":"status-publish","4":"has-post-thumbnail","6":"product_beauty-idratare","7":"product_beauty-nutrire-e-rigenerare","8":"product_skin-tutti-gli-animali","9":"product_kind-trattamenti-speciali","10":"product_kind_pets-trattamenti-speciali","11":"product_lines-animal-care","12":"product_cat-famiglia-e-pet-de","13":"pa_size-1000-de","15":"first","16":"instock","17":"taxable","18":"shipping-taxable","19":"purchasable","20":"product-type-simple"},"acf":[],"yoast_head":"<!-- This site is optimized with the Yoast SEO plugin v24.6 - https:\/\/yoast.com\/wordpress\/plugins\/seo\/ -->\n<title>Dermocreme - Uniest<\/title>\n<meta name=\"robots\" content=\"index, follow, max-snippet:-1, max-image-preview:large, max-video-preview:-1\" \/>\n<link rel=\"canonical\" href=\"https:\/\/uniest.it\/prodotto\/dermocreme-2\/\" \/>\n<meta property=\"og:locale\" content=\"de_DE\" \/>\n<meta property=\"og:type\" content=\"article\" \/>\n<meta property=\"og:title\" content=\"Dermocreme - Uniest\" \/>\n<meta property=\"og:description\" content=\"Dermocream: ist eine regenerierende Creme, die dank ihrer Verbindungen die schnelle Heilung gesch\u00e4digten Gewebes f\u00f6rdert und so die Heilung f\u00f6rdert. N\u00fctzlich in allen F\u00e4llen von: &#8211; Absch\u00fcrfungen verschiedener Art; &#8211; Risse; &#8211; Wunden; &#8211; Sonnenbrand; &#8211; Dellen. Die richtige und regelm\u00e4\u00dfige Anwendung hilft, Entz\u00fcndungen zu reduzieren, sorgt f\u00fcr ein angenehmes Wohlbefinden und f\u00f6rdert au\u00dferdem das [&hellip;]\" \/>\n<meta property=\"og:url\" content=\"https:\/\/uniest.it\/prodotto\/dermocreme-2\/\" \/>\n<meta property=\"og:site_name\" content=\"Uniest\" \/>\n<meta name=\"twitter:card\" content=\"summary_large_image\" \/>\n<script type=\"application\/ld+json\" class=\"yoast-schema-graph\">{\"@context\":\"https:\/\/schema.org\",\"@graph\":[{\"@type\":\"WebPage\",\"@id\":\"https:\/\/uniest.it\/prodotto\/dermocreme-2\/\",\"url\":\"https:\/\/uniest.it\/prodotto\/dermocreme-2\/\",\"name\":\"Dermocreme - Uniest\",\"isPartOf\":{\"@id\":\"https:\/\/uniest.it\/#website\"},\"primaryImageOfPage\":{\"@id\":\"https:\/\/uniest.it\/prodotto\/dermocreme-2\/#primaryimage\"},\"image\":{\"@id\":\"https:\/\/uniest.it\/prodotto\/dermocreme-2\/#primaryimage\"},\"thumbnailUrl\":\"https:\/\/uniest.it\/wp-content\/uploads\/2020\/12\/507AAC.png\",\"datePublished\":\"2024-10-29T17:56:33+00:00\",\"breadcrumb\":{\"@id\":\"https:\/\/uniest.it\/prodotto\/dermocreme-2\/#breadcrumb\"},\"inLanguage\":\"de\",\"potentialAction\":[{\"@type\":\"ReadAction\",\"target\":[\"https:\/\/uniest.it\/prodotto\/dermocreme-2\/\"]}]},{\"@type\":\"ImageObject\",\"inLanguage\":\"de\",\"@id\":\"https:\/\/uniest.it\/prodotto\/dermocreme-2\/#primaryimage\",\"url\":\"https:\/\/uniest.it\/wp-content\/uploads\/2020\/12\/507AAC.png\",\"contentUrl\":\"https:\/\/uniest.it\/wp-content\/uploads\/2020\/12\/507AAC.png\",\"width\":1283,\"height\":2000},{\"@type\":\"BreadcrumbList\",\"@id\":\"https:\/\/uniest.it\/prodotto\/dermocreme-2\/#breadcrumb\",\"itemListElement\":[{\"@type\":\"ListItem\",\"position\":1,\"name\":\"Home\",\"item\":\"https:\/\/uniest.it\/de\/\"},{\"@type\":\"ListItem\",\"position\":2,\"name\":\"Shop\",\"item\":\"https:\/\/uniest.it\/shop\/\"},{\"@type\":\"ListItem\",\"position\":3,\"name\":\"Dermocreme\"}]},{\"@type\":\"WebSite\",\"@id\":\"https:\/\/uniest.it\/#website\",\"url\":\"https:\/\/uniest.it\/\",\"name\":\"Uniest\",\"description\":\"Cosmetici Naturali e Bio\",\"potentialAction\":[{\"@type\":\"SearchAction\",\"target\":{\"@type\":\"EntryPoint\",\"urlTemplate\":\"https:\/\/uniest.it\/?s={search_term_string}\"},\"query-input\":{\"@type\":\"PropertyValueSpecification\",\"valueRequired\":true,\"valueName\":\"search_term_string\"}}],\"inLanguage\":\"de\"}]}<\/script>\n<!-- \/ Yoast SEO plugin. -->","yoast_head_json":{"title":"Dermocreme - Uniest","robots":{"index":"index","follow":"follow","max-snippet":"max-snippet:-1","max-image-preview":"max-image-preview:large","max-video-preview":"max-video-preview:-1"},"canonical":"https:\/\/uniest.it\/prodotto\/dermocreme-2\/","og_locale":"de_DE","og_type":"article","og_title":"Dermocreme - Uniest","og_description":"Dermocream: ist eine regenerierende Creme, die dank ihrer Verbindungen die schnelle Heilung gesch\u00e4digten Gewebes f\u00f6rdert und so die Heilung f\u00f6rdert. N\u00fctzlich in allen F\u00e4llen von: &#8211; Absch\u00fcrfungen verschiedener Art; &#8211; Risse; &#8211; Wunden; &#8211; Sonnenbrand; &#8211; Dellen. Die richtige und regelm\u00e4\u00dfige Anwendung hilft, Entz\u00fcndungen zu reduzieren, sorgt f\u00fcr ein angenehmes Wohlbefinden und f\u00f6rdert au\u00dferdem das [&hellip;]","og_url":"https:\/\/uniest.it\/prodotto\/dermocreme-2\/","og_site_name":"Uniest","twitter_card":"summary_large_image","schema":{"@context":"https:\/\/schema.org","@graph":[{"@type":"WebPage","@id":"https:\/\/uniest.it\/prodotto\/dermocreme-2\/","url":"https:\/\/uniest.it\/prodotto\/dermocreme-2\/","name":"Dermocreme - Uniest","isPartOf":{"@id":"https:\/\/uniest.it\/#website"},"primaryImageOfPage":{"@id":"https:\/\/uniest.it\/prodotto\/dermocreme-2\/#primaryimage"},"image":{"@id":"https:\/\/uniest.it\/prodotto\/dermocreme-2\/#primaryimage"},"thumbnailUrl":"https:\/\/uniest.it\/wp-content\/uploads\/2020\/12\/507AAC.png","datePublished":"2024-10-29T17:56:33+00:00","breadcrumb":{"@id":"https:\/\/uniest.it\/prodotto\/dermocreme-2\/#breadcrumb"},"inLanguage":"de","potentialAction":[{"@type":"ReadAction","target":["https:\/\/uniest.it\/prodotto\/dermocreme-2\/"]}]},{"@type":"ImageObject","inLanguage":"de","@id":"https:\/\/uniest.it\/prodotto\/dermocreme-2\/#primaryimage","url":"https:\/\/uniest.it\/wp-content\/uploads\/2020\/12\/507AAC.png","contentUrl":"https:\/\/uniest.it\/wp-content\/uploads\/2020\/12\/507AAC.png","width":1283,"height":2000},{"@type":"BreadcrumbList","@id":"https:\/\/uniest.it\/prodotto\/dermocreme-2\/#breadcrumb","itemListElement":[{"@type":"ListItem","position":1,"name":"Home","item":"https:\/\/uniest.it\/de\/"},{"@type":"ListItem","position":2,"name":"Shop","item":"https:\/\/uniest.it\/shop\/"},{"@type":"ListItem","position":3,"name":"Dermocreme"}]},{"@type":"WebSite","@id":"https:\/\/uniest.it\/#website","url":"https:\/\/uniest.it\/","name":"Uniest","description":"Cosmetici Naturali e Bio","potentialAction":[{"@type":"SearchAction","target":{"@type":"EntryPoint","urlTemplate":"https:\/\/uniest.it\/?s={search_term_string}"},"query-input":{"@type":"PropertyValueSpecification","valueRequired":true,"valueName":"search_term_string"}}],"inLanguage":"de"}]}},"_links":{"self":[{"href":"https:\/\/uniest.it\/de\/wp-json\/wp\/v2\/product\/7318","targetHints":{"allow":["GET"]}}],"collection":[{"href":"https:\/\/uniest.it\/de\/wp-json\/wp\/v2\/product"}],"about":[{"href":"https:\/\/uniest.it\/de\/wp-json\/wp\/v2\/types\/product"}],"wp:featuredmedia":[{"embeddable":true,"href":"https:\/\/uniest.it\/de\/wp-json\/wp\/v2\/media\/7319"}],"wp:attachment":[{"href":"https:\/\/uniest.it\/de\/wp-json\/wp\/v2\/media?parent=7318"}],"wp:term":[{"taxonomy":"product_brand","embeddable":true,"href":"https:\/\/uniest.it\/de\/wp-json\/wp\/v2\/product_brand?post=7318"},{"taxonomy":"product_cat","embeddable":true,"href":"https:\/\/uniest.it\/de\/wp-json\/wp\/v2\/product_cat?post=7318"},{"taxonomy":"product_tag","embeddable":true,"href":"https:\/\/uniest.it\/de\/wp-json\/wp\/v2\/product_tag?post=7318"}],"curies":[{"name":"wp","href":"https:\/\/api.w.org\/{rel}","templated":true}]}}