{"id":7324,"date":"2021-02-04T13:00:25","date_gmt":"2024-10-29T17:56:34","guid":{"rendered":"https:\/\/uniest.it\/prodotto\/jojobaoel\/"},"modified":"2024-10-29T18:56:34","modified_gmt":"2024-10-29T17:56:34","slug":"jojobaoel","status":"publish","type":"product","link":"https:\/\/uniest.it\/de\/prodotto\/jojobaoel\/","title":{"rendered":"Jojoba\u00f6l"},"content":{"rendered":"<p>Reines Jojoba\u00f6l. Dieses Produkt ist ein zart aromatisiertes Jojoba\u00f6l, das hervorragend in die Haut einzieht und die Haut strahlend und elastisch macht. Aufgrund des Vorhandenseins nat\u00fcrlicher Tocopherole ist es f\u00fcr seine antioxidativen Eigenschaften bekannt und bei vorzeitiger Hautalterung unerl\u00e4sslich, um bestehende Falten zu bek\u00e4mpfen und deren Entstehung vorzubeugen. Es hat geschmeidig machende Eigenschaften und eignet sich als sch\u00fctzender Weichmacher f\u00fcr die Lippen und kann auch als Hilfsmittel bei der Behandlung von zu Akne neigender Haut eingesetzt werden. Seine Funktion ist haupts\u00e4chlich hautermisch, d. ohne zu verhindern, dass das Wasser regelm\u00e4\u00dfig in die Haut eindringt. Dehydrierung ist eine der Hauptursachen f\u00fcr Hautalterung. Jojoba\u00f6l ist daher auch ein hervorragendes Anti-Aging-, Elastizit\u00e4ts- und Antioxidans. Aufgrund seiner n\u00e4hrenden, gl\u00e4nzenden, Anti-Frizz-, entwirrenden, sch\u00fctzenden und reinigenden Wirkung auf die Kopfhaut ist es auch sehr gut f\u00fcr die Haargesundheit geeignet.<\/p>\n","protected":false},"excerpt":{"rendered":"<p>Reines Jojoba\u00f6l. Dieses Produkt ist ein zart aromatisiertes Jojoba\u00f6l, das hervorragend in die Haut einzieht und die Haut strahlend und elastisch macht. Aufgrund des Vorhandenseins nat\u00fcrlicher Tocopherole ist es f\u00fcr seine antioxidativen Eigenschaften bekannt und bei vorzeitiger Hautalterung unerl\u00e4sslich, um bestehende Falten zu bek\u00e4mpfen und deren Entstehung vorzubeugen. Es hat geschmeidig machende Eigenschaften und eignet [&hellip;]<\/p>\n","protected":false},"featured_media":7325,"template":"","meta":{"_acf_changed":false,"inline_featured_image":false},"product_brand":[],"product_cat":[1497,1489],"product_tag":[],"class_list":{"0":"post-7324","1":"product","2":"type-product","3":"status-publish","4":"has-post-thumbnail","6":"product_beauty-antirughe","7":"product_beauty-idratare","8":"product_beauty-nutrire-e-rigenerare","9":"product_beauty-proteggere","10":"product_beauty-purificare","11":"product_beauty-rassodare-e-tonificare","12":"product_beauty-riequilibrare","13":"product_skin-tutte-le-pelli","14":"product_kind-oli-e-burri","15":"product_kind-trattamenti-speciali","16":"product_lines-oli-pregiati-puri","17":"product_cat-viso-de","18":"product_cat-corpo-de","19":"pa_size-100-de","21":"first","22":"instock","23":"taxable","24":"shipping-taxable","25":"purchasable","26":"product-type-simple"},"acf":[],"yoast_head":"<!-- This site is optimized with the Yoast SEO plugin v24.6 - https:\/\/yoast.com\/wordpress\/plugins\/seo\/ -->\n<title>Jojoba\u00f6l - Uniest<\/title>\n<meta name=\"robots\" content=\"index, follow, max-snippet:-1, max-image-preview:large, max-video-preview:-1\" \/>\n<link rel=\"canonical\" href=\"https:\/\/uniest.it\/prodotto\/jojobaoel\/\" \/>\n<meta property=\"og:locale\" content=\"de_DE\" \/>\n<meta property=\"og:type\" content=\"article\" \/>\n<meta property=\"og:title\" content=\"Jojoba\u00f6l - Uniest\" \/>\n<meta property=\"og:description\" content=\"Reines Jojoba\u00f6l. Dieses Produkt ist ein zart aromatisiertes Jojoba\u00f6l, das hervorragend in die Haut einzieht und die Haut strahlend und elastisch macht. Aufgrund des Vorhandenseins nat\u00fcrlicher Tocopherole ist es f\u00fcr seine antioxidativen Eigenschaften bekannt und bei vorzeitiger Hautalterung unerl\u00e4sslich, um bestehende Falten zu bek\u00e4mpfen und deren Entstehung vorzubeugen. Es hat geschmeidig machende Eigenschaften und eignet [&hellip;]\" \/>\n<meta property=\"og:url\" content=\"https:\/\/uniest.it\/prodotto\/jojobaoel\/\" \/>\n<meta property=\"og:site_name\" content=\"Uniest\" \/>\n<meta name=\"twitter:card\" content=\"summary_large_image\" \/>\n<meta name=\"twitter:label1\" content=\"Gesch\u00e4tzte Lesezeit\" \/>\n\t<meta name=\"twitter:data1\" content=\"1\u00a0Minute\" \/>\n<script type=\"application\/ld+json\" class=\"yoast-schema-graph\">{\"@context\":\"https:\/\/schema.org\",\"@graph\":[{\"@type\":\"WebPage\",\"@id\":\"https:\/\/uniest.it\/prodotto\/jojobaoel\/\",\"url\":\"https:\/\/uniest.it\/prodotto\/jojobaoel\/\",\"name\":\"Jojoba\u00f6l - Uniest\",\"isPartOf\":{\"@id\":\"https:\/\/uniest.it\/#website\"},\"primaryImageOfPage\":{\"@id\":\"https:\/\/uniest.it\/prodotto\/jojobaoel\/#primaryimage\"},\"image\":{\"@id\":\"https:\/\/uniest.it\/prodotto\/jojobaoel\/#primaryimage\"},\"thumbnailUrl\":\"https:\/\/uniest.it\/wp-content\/uploads\/2020\/11\/510AAM.png\",\"datePublished\":\"2024-10-29T17:56:34+00:00\",\"breadcrumb\":{\"@id\":\"https:\/\/uniest.it\/prodotto\/jojobaoel\/#breadcrumb\"},\"inLanguage\":\"de\",\"potentialAction\":[{\"@type\":\"ReadAction\",\"target\":[\"https:\/\/uniest.it\/prodotto\/jojobaoel\/\"]}]},{\"@type\":\"ImageObject\",\"inLanguage\":\"de\",\"@id\":\"https:\/\/uniest.it\/prodotto\/jojobaoel\/#primaryimage\",\"url\":\"https:\/\/uniest.it\/wp-content\/uploads\/2020\/11\/510AAM.png\",\"contentUrl\":\"https:\/\/uniest.it\/wp-content\/uploads\/2020\/11\/510AAM.png\",\"width\":1283,\"height\":2000},{\"@type\":\"BreadcrumbList\",\"@id\":\"https:\/\/uniest.it\/prodotto\/jojobaoel\/#breadcrumb\",\"itemListElement\":[{\"@type\":\"ListItem\",\"position\":1,\"name\":\"Home\",\"item\":\"https:\/\/uniest.it\/de\/\"},{\"@type\":\"ListItem\",\"position\":2,\"name\":\"Shop\",\"item\":\"https:\/\/uniest.it\/shop\/\"},{\"@type\":\"ListItem\",\"position\":3,\"name\":\"Jojoba\u00f6l\"}]},{\"@type\":\"WebSite\",\"@id\":\"https:\/\/uniest.it\/#website\",\"url\":\"https:\/\/uniest.it\/\",\"name\":\"Uniest\",\"description\":\"Cosmetici Naturali e Bio\",\"potentialAction\":[{\"@type\":\"SearchAction\",\"target\":{\"@type\":\"EntryPoint\",\"urlTemplate\":\"https:\/\/uniest.it\/?s={search_term_string}\"},\"query-input\":{\"@type\":\"PropertyValueSpecification\",\"valueRequired\":true,\"valueName\":\"search_term_string\"}}],\"inLanguage\":\"de\"}]}<\/script>\n<!-- \/ Yoast SEO plugin. -->","yoast_head_json":{"title":"Jojoba\u00f6l - Uniest","robots":{"index":"index","follow":"follow","max-snippet":"max-snippet:-1","max-image-preview":"max-image-preview:large","max-video-preview":"max-video-preview:-1"},"canonical":"https:\/\/uniest.it\/prodotto\/jojobaoel\/","og_locale":"de_DE","og_type":"article","og_title":"Jojoba\u00f6l - Uniest","og_description":"Reines Jojoba\u00f6l. Dieses Produkt ist ein zart aromatisiertes Jojoba\u00f6l, das hervorragend in die Haut einzieht und die Haut strahlend und elastisch macht. Aufgrund des Vorhandenseins nat\u00fcrlicher Tocopherole ist es f\u00fcr seine antioxidativen Eigenschaften bekannt und bei vorzeitiger Hautalterung unerl\u00e4sslich, um bestehende Falten zu bek\u00e4mpfen und deren Entstehung vorzubeugen. Es hat geschmeidig machende Eigenschaften und eignet [&hellip;]","og_url":"https:\/\/uniest.it\/prodotto\/jojobaoel\/","og_site_name":"Uniest","twitter_card":"summary_large_image","twitter_misc":{"Gesch\u00e4tzte Lesezeit":"1\u00a0Minute"},"schema":{"@context":"https:\/\/schema.org","@graph":[{"@type":"WebPage","@id":"https:\/\/uniest.it\/prodotto\/jojobaoel\/","url":"https:\/\/uniest.it\/prodotto\/jojobaoel\/","name":"Jojoba\u00f6l - Uniest","isPartOf":{"@id":"https:\/\/uniest.it\/#website"},"primaryImageOfPage":{"@id":"https:\/\/uniest.it\/prodotto\/jojobaoel\/#primaryimage"},"image":{"@id":"https:\/\/uniest.it\/prodotto\/jojobaoel\/#primaryimage"},"thumbnailUrl":"https:\/\/uniest.it\/wp-content\/uploads\/2020\/11\/510AAM.png","datePublished":"2024-10-29T17:56:34+00:00","breadcrumb":{"@id":"https:\/\/uniest.it\/prodotto\/jojobaoel\/#breadcrumb"},"inLanguage":"de","potentialAction":[{"@type":"ReadAction","target":["https:\/\/uniest.it\/prodotto\/jojobaoel\/"]}]},{"@type":"ImageObject","inLanguage":"de","@id":"https:\/\/uniest.it\/prodotto\/jojobaoel\/#primaryimage","url":"https:\/\/uniest.it\/wp-content\/uploads\/2020\/11\/510AAM.png","contentUrl":"https:\/\/uniest.it\/wp-content\/uploads\/2020\/11\/510AAM.png","width":1283,"height":2000},{"@type":"BreadcrumbList","@id":"https:\/\/uniest.it\/prodotto\/jojobaoel\/#breadcrumb","itemListElement":[{"@type":"ListItem","position":1,"name":"Home","item":"https:\/\/uniest.it\/de\/"},{"@type":"ListItem","position":2,"name":"Shop","item":"https:\/\/uniest.it\/shop\/"},{"@type":"ListItem","position":3,"name":"Jojoba\u00f6l"}]},{"@type":"WebSite","@id":"https:\/\/uniest.it\/#website","url":"https:\/\/uniest.it\/","name":"Uniest","description":"Cosmetici Naturali e Bio","potentialAction":[{"@type":"SearchAction","target":{"@type":"EntryPoint","urlTemplate":"https:\/\/uniest.it\/?s={search_term_string}"},"query-input":{"@type":"PropertyValueSpecification","valueRequired":true,"valueName":"search_term_string"}}],"inLanguage":"de"}]}},"_links":{"self":[{"href":"https:\/\/uniest.it\/de\/wp-json\/wp\/v2\/product\/7324","targetHints":{"allow":["GET"]}}],"collection":[{"href":"https:\/\/uniest.it\/de\/wp-json\/wp\/v2\/product"}],"about":[{"href":"https:\/\/uniest.it\/de\/wp-json\/wp\/v2\/types\/product"}],"wp:featuredmedia":[{"embeddable":true,"href":"https:\/\/uniest.it\/de\/wp-json\/wp\/v2\/media\/7325"}],"wp:attachment":[{"href":"https:\/\/uniest.it\/de\/wp-json\/wp\/v2\/media?parent=7324"}],"wp:term":[{"taxonomy":"product_brand","embeddable":true,"href":"https:\/\/uniest.it\/de\/wp-json\/wp\/v2\/product_brand?post=7324"},{"taxonomy":"product_cat","embeddable":true,"href":"https:\/\/uniest.it\/de\/wp-json\/wp\/v2\/product_cat?post=7324"},{"taxonomy":"product_tag","embeddable":true,"href":"https:\/\/uniest.it\/de\/wp-json\/wp\/v2\/product_tag?post=7324"}],"curies":[{"name":"wp","href":"https:\/\/api.w.org\/{rel}","templated":true}]}}