{"id":7327,"date":"2021-02-04T13:00:25","date_gmt":"2024-10-29T17:56:35","guid":{"rendered":"https:\/\/uniest.it\/prodotto\/bio-suessmandeloel-vitamin-e\/"},"modified":"2024-10-29T18:56:35","modified_gmt":"2024-10-29T17:56:35","slug":"bio-suessmandeloel-vitamin-e","status":"publish","type":"product","link":"https:\/\/uniest.it\/de\/prodotto\/bio-suessmandeloel-vitamin-e\/","title":{"rendered":"BIO-S\u00fc\u00dfmandel\u00f6l + Vitamin E"},"content":{"rendered":"<p>Hochreines s\u00fc\u00dfes Mandel\u00f6l aus biologischem Anbau. Es hat einen feinen Geschmack und wird aus dem Kern der Mandelfrucht gewonnen. Dank seiner erweichenden, weichmachenden, n\u00e4hrenden und beruhigenden Eigenschaften eignet sich S\u00fc\u00dfmandel\u00f6l besonders f\u00fcr empfindliche und empfindliche Haut wie die von Neugeborenen, Kindern und \u00e4lteren Menschen sowie f\u00fcr trockene und ger\u00f6tete Haut. Wirksam bei der Behandlung von Dehnungsstreifen wird die Anwendung w\u00e4hrend der Schwangerschaft ab dem dritten Monat auf Bauch, Br\u00fcsten, H\u00fcften und Oberschenkeln empfohlen. Es ist reich an Vitamin E, B und Mineralien und eignet sich hervorragend zur Behandlung von Schwellungen, Verbrennungen und elastischem Gewebe. Es wird auch zur Pflege von trockenem, krausem Haar verwendet, das durch Sonne und Salz geschw\u00e4cht ist, und stellt seine Geschmeidigkeit und seinen Glanz wieder her. Eine Kompresse etwa 30 Minuten vor der Haarw\u00e4sche kann das Haar weicher und gl\u00e4nzender, gepflegter und kompakter machen.<\/p>\n","protected":false},"excerpt":{"rendered":"<p>Hochreines s\u00fc\u00dfes Mandel\u00f6l aus biologischem Anbau. Es hat einen feinen Geschmack und wird aus dem Kern der Mandelfrucht gewonnen. Dank seiner erweichenden, weichmachenden, n\u00e4hrenden und beruhigenden Eigenschaften eignet sich S\u00fc\u00dfmandel\u00f6l besonders f\u00fcr empfindliche und empfindliche Haut wie die von Neugeborenen, Kindern und \u00e4lteren Menschen sowie f\u00fcr trockene und ger\u00f6tete Haut. Wirksam bei der Behandlung von [&hellip;]<\/p>\n","protected":false},"featured_media":7328,"template":"","meta":{"_acf_changed":false,"inline_featured_image":false},"product_brand":[],"product_cat":[1491,1497,1489],"product_tag":[],"class_list":{"0":"post-7327","1":"product","2":"type-product","3":"status-publish","4":"has-post-thumbnail","6":"product_beauty-antirughe","7":"product_beauty-idratare","8":"product_beauty-lenire","9":"product_beauty-nutrire-e-rigenerare","10":"product_beauty-proteggere","11":"product_beauty-rassodare-e-tonificare","12":"product_beauty-schiarire","13":"product_skin-tutte-le-pelli","14":"product_kind-creme-antieta-e-prime-rughe","15":"product_kind-oli-e-burri","16":"product_kind-trattamenti-speciali","17":"product_lines-oli-pregiati-puri","18":"product_cat-famiglia-e-pet-de","19":"product_cat-viso-de","20":"product_cat-corpo-de","21":"pa_size-100-de","23":"first","24":"instock","25":"taxable","26":"shipping-taxable","27":"purchasable","28":"product-type-simple"},"acf":[],"yoast_head":"<!-- This site is optimized with the Yoast SEO plugin v24.6 - https:\/\/yoast.com\/wordpress\/plugins\/seo\/ -->\n<title>BIO-S\u00fc\u00dfmandel\u00f6l + Vitamin E - Uniest<\/title>\n<meta name=\"robots\" content=\"index, follow, max-snippet:-1, max-image-preview:large, max-video-preview:-1\" \/>\n<link rel=\"canonical\" href=\"https:\/\/uniest.it\/prodotto\/bio-suessmandeloel-vitamin-e\/\" \/>\n<meta property=\"og:locale\" content=\"de_DE\" \/>\n<meta property=\"og:type\" content=\"article\" \/>\n<meta property=\"og:title\" content=\"BIO-S\u00fc\u00dfmandel\u00f6l + Vitamin E - Uniest\" \/>\n<meta property=\"og:description\" content=\"Hochreines s\u00fc\u00dfes Mandel\u00f6l aus biologischem Anbau. Es hat einen feinen Geschmack und wird aus dem Kern der Mandelfrucht gewonnen. Dank seiner erweichenden, weichmachenden, n\u00e4hrenden und beruhigenden Eigenschaften eignet sich S\u00fc\u00dfmandel\u00f6l besonders f\u00fcr empfindliche und empfindliche Haut wie die von Neugeborenen, Kindern und \u00e4lteren Menschen sowie f\u00fcr trockene und ger\u00f6tete Haut. Wirksam bei der Behandlung von [&hellip;]\" \/>\n<meta property=\"og:url\" content=\"https:\/\/uniest.it\/prodotto\/bio-suessmandeloel-vitamin-e\/\" \/>\n<meta property=\"og:site_name\" content=\"Uniest\" \/>\n<meta name=\"twitter:card\" content=\"summary_large_image\" \/>\n<meta name=\"twitter:label1\" content=\"Gesch\u00e4tzte Lesezeit\" \/>\n\t<meta name=\"twitter:data1\" content=\"1\u00a0Minute\" \/>\n<script type=\"application\/ld+json\" class=\"yoast-schema-graph\">{\"@context\":\"https:\/\/schema.org\",\"@graph\":[{\"@type\":\"WebPage\",\"@id\":\"https:\/\/uniest.it\/prodotto\/bio-suessmandeloel-vitamin-e\/\",\"url\":\"https:\/\/uniest.it\/prodotto\/bio-suessmandeloel-vitamin-e\/\",\"name\":\"BIO-S\u00fc\u00dfmandel\u00f6l + Vitamin E - Uniest\",\"isPartOf\":{\"@id\":\"https:\/\/uniest.it\/#website\"},\"primaryImageOfPage\":{\"@id\":\"https:\/\/uniest.it\/prodotto\/bio-suessmandeloel-vitamin-e\/#primaryimage\"},\"image\":{\"@id\":\"https:\/\/uniest.it\/prodotto\/bio-suessmandeloel-vitamin-e\/#primaryimage\"},\"thumbnailUrl\":\"https:\/\/uniest.it\/wp-content\/uploads\/2020\/11\/512AAM.png\",\"datePublished\":\"2024-10-29T17:56:35+00:00\",\"breadcrumb\":{\"@id\":\"https:\/\/uniest.it\/prodotto\/bio-suessmandeloel-vitamin-e\/#breadcrumb\"},\"inLanguage\":\"de\",\"potentialAction\":[{\"@type\":\"ReadAction\",\"target\":[\"https:\/\/uniest.it\/prodotto\/bio-suessmandeloel-vitamin-e\/\"]}]},{\"@type\":\"ImageObject\",\"inLanguage\":\"de\",\"@id\":\"https:\/\/uniest.it\/prodotto\/bio-suessmandeloel-vitamin-e\/#primaryimage\",\"url\":\"https:\/\/uniest.it\/wp-content\/uploads\/2020\/11\/512AAM.png\",\"contentUrl\":\"https:\/\/uniest.it\/wp-content\/uploads\/2020\/11\/512AAM.png\",\"width\":1283,\"height\":2000},{\"@type\":\"BreadcrumbList\",\"@id\":\"https:\/\/uniest.it\/prodotto\/bio-suessmandeloel-vitamin-e\/#breadcrumb\",\"itemListElement\":[{\"@type\":\"ListItem\",\"position\":1,\"name\":\"Home\",\"item\":\"https:\/\/uniest.it\/de\/\"},{\"@type\":\"ListItem\",\"position\":2,\"name\":\"Shop\",\"item\":\"https:\/\/uniest.it\/shop\/\"},{\"@type\":\"ListItem\",\"position\":3,\"name\":\"BIO-S\u00fc\u00dfmandel\u00f6l + Vitamin E\"}]},{\"@type\":\"WebSite\",\"@id\":\"https:\/\/uniest.it\/#website\",\"url\":\"https:\/\/uniest.it\/\",\"name\":\"Uniest\",\"description\":\"Cosmetici Naturali e Bio\",\"potentialAction\":[{\"@type\":\"SearchAction\",\"target\":{\"@type\":\"EntryPoint\",\"urlTemplate\":\"https:\/\/uniest.it\/?s={search_term_string}\"},\"query-input\":{\"@type\":\"PropertyValueSpecification\",\"valueRequired\":true,\"valueName\":\"search_term_string\"}}],\"inLanguage\":\"de\"}]}<\/script>\n<!-- \/ Yoast SEO plugin. -->","yoast_head_json":{"title":"BIO-S\u00fc\u00dfmandel\u00f6l + Vitamin E - Uniest","robots":{"index":"index","follow":"follow","max-snippet":"max-snippet:-1","max-image-preview":"max-image-preview:large","max-video-preview":"max-video-preview:-1"},"canonical":"https:\/\/uniest.it\/prodotto\/bio-suessmandeloel-vitamin-e\/","og_locale":"de_DE","og_type":"article","og_title":"BIO-S\u00fc\u00dfmandel\u00f6l + Vitamin E - Uniest","og_description":"Hochreines s\u00fc\u00dfes Mandel\u00f6l aus biologischem Anbau. Es hat einen feinen Geschmack und wird aus dem Kern der Mandelfrucht gewonnen. Dank seiner erweichenden, weichmachenden, n\u00e4hrenden und beruhigenden Eigenschaften eignet sich S\u00fc\u00dfmandel\u00f6l besonders f\u00fcr empfindliche und empfindliche Haut wie die von Neugeborenen, Kindern und \u00e4lteren Menschen sowie f\u00fcr trockene und ger\u00f6tete Haut. Wirksam bei der Behandlung von [&hellip;]","og_url":"https:\/\/uniest.it\/prodotto\/bio-suessmandeloel-vitamin-e\/","og_site_name":"Uniest","twitter_card":"summary_large_image","twitter_misc":{"Gesch\u00e4tzte Lesezeit":"1\u00a0Minute"},"schema":{"@context":"https:\/\/schema.org","@graph":[{"@type":"WebPage","@id":"https:\/\/uniest.it\/prodotto\/bio-suessmandeloel-vitamin-e\/","url":"https:\/\/uniest.it\/prodotto\/bio-suessmandeloel-vitamin-e\/","name":"BIO-S\u00fc\u00dfmandel\u00f6l + Vitamin E - Uniest","isPartOf":{"@id":"https:\/\/uniest.it\/#website"},"primaryImageOfPage":{"@id":"https:\/\/uniest.it\/prodotto\/bio-suessmandeloel-vitamin-e\/#primaryimage"},"image":{"@id":"https:\/\/uniest.it\/prodotto\/bio-suessmandeloel-vitamin-e\/#primaryimage"},"thumbnailUrl":"https:\/\/uniest.it\/wp-content\/uploads\/2020\/11\/512AAM.png","datePublished":"2024-10-29T17:56:35+00:00","breadcrumb":{"@id":"https:\/\/uniest.it\/prodotto\/bio-suessmandeloel-vitamin-e\/#breadcrumb"},"inLanguage":"de","potentialAction":[{"@type":"ReadAction","target":["https:\/\/uniest.it\/prodotto\/bio-suessmandeloel-vitamin-e\/"]}]},{"@type":"ImageObject","inLanguage":"de","@id":"https:\/\/uniest.it\/prodotto\/bio-suessmandeloel-vitamin-e\/#primaryimage","url":"https:\/\/uniest.it\/wp-content\/uploads\/2020\/11\/512AAM.png","contentUrl":"https:\/\/uniest.it\/wp-content\/uploads\/2020\/11\/512AAM.png","width":1283,"height":2000},{"@type":"BreadcrumbList","@id":"https:\/\/uniest.it\/prodotto\/bio-suessmandeloel-vitamin-e\/#breadcrumb","itemListElement":[{"@type":"ListItem","position":1,"name":"Home","item":"https:\/\/uniest.it\/de\/"},{"@type":"ListItem","position":2,"name":"Shop","item":"https:\/\/uniest.it\/shop\/"},{"@type":"ListItem","position":3,"name":"BIO-S\u00fc\u00dfmandel\u00f6l + Vitamin E"}]},{"@type":"WebSite","@id":"https:\/\/uniest.it\/#website","url":"https:\/\/uniest.it\/","name":"Uniest","description":"Cosmetici Naturali e Bio","potentialAction":[{"@type":"SearchAction","target":{"@type":"EntryPoint","urlTemplate":"https:\/\/uniest.it\/?s={search_term_string}"},"query-input":{"@type":"PropertyValueSpecification","valueRequired":true,"valueName":"search_term_string"}}],"inLanguage":"de"}]}},"_links":{"self":[{"href":"https:\/\/uniest.it\/de\/wp-json\/wp\/v2\/product\/7327","targetHints":{"allow":["GET"]}}],"collection":[{"href":"https:\/\/uniest.it\/de\/wp-json\/wp\/v2\/product"}],"about":[{"href":"https:\/\/uniest.it\/de\/wp-json\/wp\/v2\/types\/product"}],"wp:featuredmedia":[{"embeddable":true,"href":"https:\/\/uniest.it\/de\/wp-json\/wp\/v2\/media\/7328"}],"wp:attachment":[{"href":"https:\/\/uniest.it\/de\/wp-json\/wp\/v2\/media?parent=7327"}],"wp:term":[{"taxonomy":"product_brand","embeddable":true,"href":"https:\/\/uniest.it\/de\/wp-json\/wp\/v2\/product_brand?post=7327"},{"taxonomy":"product_cat","embeddable":true,"href":"https:\/\/uniest.it\/de\/wp-json\/wp\/v2\/product_cat?post=7327"},{"taxonomy":"product_tag","embeddable":true,"href":"https:\/\/uniest.it\/de\/wp-json\/wp\/v2\/product_tag?post=7327"}],"curies":[{"name":"wp","href":"https:\/\/api.w.org\/{rel}","templated":true}]}}