{"id":7330,"date":"2021-02-04T13:00:25","date_gmt":"2024-10-29T17:56:35","guid":{"rendered":"https:\/\/uniest.it\/prodotto\/reiskleieoel-vitamin-c\/"},"modified":"2024-10-29T18:56:35","modified_gmt":"2024-10-29T17:56:35","slug":"reiskleieoel-vitamin-c","status":"publish","type":"product","link":"https:\/\/uniest.it\/de\/prodotto\/reiskleieoel-vitamin-c\/","title":{"rendered":"Reiskleie\u00f6l + Vitamin C"},"content":{"rendered":"<p>Extrem reines Reiskleie\u00f6l Reiskleie\u00f6l ist auf nat\u00fcrliche Weise mit Gamma-Oryzanol und Vitamin E angereichert, was es zu einem Produkt mit erweichenden, beruhigenden, sch\u00fctzenden und antioxidativen Eigenschaften macht. Seine perfekt ausgewogene Zusammensetzung aus \u00d6ls\u00e4ure, Linols\u00e4ure, Palmitins\u00e4ure und Vitamin E macht es zu einem besonders geeigneten \u00d6l zur Bek\u00e4mpfung der Hautalterung. Es sch\u00fctzt vor Sonnenstrahlen, da seine nat\u00fcrlichen Bestandteile die Br\u00e4unung der Haut f\u00f6rdern und der Bildung freier Radikale entgegenwirken. Es hat eine tiefgreifende erweichende Wirkung und macht die Haut Tag f\u00fcr Tag glatt, strahlend, hydratisiert und gen\u00e4hrt. Reis\u00f6l eignet sich sehr gut zur Behandlung reifer, gereizter und fahler Haut sowie zur Pflege der Augenkontur.<\/p>\n","protected":false},"excerpt":{"rendered":"<p>Extrem reines Reiskleie\u00f6l Reiskleie\u00f6l ist auf nat\u00fcrliche Weise mit Gamma-Oryzanol und Vitamin E angereichert, was es zu einem Produkt mit erweichenden, beruhigenden, sch\u00fctzenden und antioxidativen Eigenschaften macht. Seine perfekt ausgewogene Zusammensetzung aus \u00d6ls\u00e4ure, Linols\u00e4ure, Palmitins\u00e4ure und Vitamin E macht es zu einem besonders geeigneten \u00d6l zur Bek\u00e4mpfung der Hautalterung. Es sch\u00fctzt vor Sonnenstrahlen, da seine [&hellip;]<\/p>\n","protected":false},"featured_media":7331,"template":"","meta":{"_acf_changed":false,"inline_featured_image":false},"product_brand":[],"product_cat":[1497,1493,1489],"product_tag":[],"class_list":{"0":"post-7330","1":"product","2":"type-product","3":"status-publish","4":"has-post-thumbnail","6":"product_beauty-antirughe","7":"product_beauty-detergere","8":"product_beauty-detox-e-dren","9":"product_beauty-esfoliare","10":"product_beauty-idratare","11":"product_beauty-nutrire-e-rigenerare","12":"product_beauty-rassodare-e-tonificare","13":"product_skin-tutte-le-pelli","14":"product_kind-creme-antieta-e-prime-rughe","15":"product_kind-oli-e-burri","16":"product_kind-trattamenti-speciali","17":"product_lines-oli-pregiati-puri","18":"product_cat-viso-de","19":"product_cat-mani-e-piedi-de","20":"product_cat-corpo-de","21":"pa_size-100-de","23":"first","24":"instock","25":"taxable","26":"shipping-taxable","27":"purchasable","28":"product-type-simple"},"acf":[],"yoast_head":"<!-- This site is optimized with the Yoast SEO plugin v24.6 - https:\/\/yoast.com\/wordpress\/plugins\/seo\/ -->\n<title>Reiskleie\u00f6l + Vitamin C - Uniest<\/title>\n<meta name=\"robots\" content=\"index, follow, max-snippet:-1, max-image-preview:large, max-video-preview:-1\" \/>\n<link rel=\"canonical\" href=\"https:\/\/uniest.it\/prodotto\/reiskleieoel-vitamin-c\/\" \/>\n<meta property=\"og:locale\" content=\"de_DE\" \/>\n<meta property=\"og:type\" content=\"article\" \/>\n<meta property=\"og:title\" content=\"Reiskleie\u00f6l + Vitamin C - Uniest\" \/>\n<meta property=\"og:description\" content=\"Extrem reines Reiskleie\u00f6l Reiskleie\u00f6l ist auf nat\u00fcrliche Weise mit Gamma-Oryzanol und Vitamin E angereichert, was es zu einem Produkt mit erweichenden, beruhigenden, sch\u00fctzenden und antioxidativen Eigenschaften macht. Seine perfekt ausgewogene Zusammensetzung aus \u00d6ls\u00e4ure, Linols\u00e4ure, Palmitins\u00e4ure und Vitamin E macht es zu einem besonders geeigneten \u00d6l zur Bek\u00e4mpfung der Hautalterung. Es sch\u00fctzt vor Sonnenstrahlen, da seine [&hellip;]\" \/>\n<meta property=\"og:url\" content=\"https:\/\/uniest.it\/prodotto\/reiskleieoel-vitamin-c\/\" \/>\n<meta property=\"og:site_name\" content=\"Uniest\" \/>\n<meta name=\"twitter:card\" content=\"summary_large_image\" \/>\n<meta name=\"twitter:label1\" content=\"Gesch\u00e4tzte Lesezeit\" \/>\n\t<meta name=\"twitter:data1\" content=\"1\u00a0Minute\" \/>\n<script type=\"application\/ld+json\" class=\"yoast-schema-graph\">{\"@context\":\"https:\/\/schema.org\",\"@graph\":[{\"@type\":\"WebPage\",\"@id\":\"https:\/\/uniest.it\/prodotto\/reiskleieoel-vitamin-c\/\",\"url\":\"https:\/\/uniest.it\/prodotto\/reiskleieoel-vitamin-c\/\",\"name\":\"Reiskleie\u00f6l + Vitamin C - Uniest\",\"isPartOf\":{\"@id\":\"https:\/\/uniest.it\/#website\"},\"primaryImageOfPage\":{\"@id\":\"https:\/\/uniest.it\/prodotto\/reiskleieoel-vitamin-c\/#primaryimage\"},\"image\":{\"@id\":\"https:\/\/uniest.it\/prodotto\/reiskleieoel-vitamin-c\/#primaryimage\"},\"thumbnailUrl\":\"https:\/\/uniest.it\/wp-content\/uploads\/2020\/11\/514AAM.png\",\"datePublished\":\"2024-10-29T17:56:35+00:00\",\"breadcrumb\":{\"@id\":\"https:\/\/uniest.it\/prodotto\/reiskleieoel-vitamin-c\/#breadcrumb\"},\"inLanguage\":\"de\",\"potentialAction\":[{\"@type\":\"ReadAction\",\"target\":[\"https:\/\/uniest.it\/prodotto\/reiskleieoel-vitamin-c\/\"]}]},{\"@type\":\"ImageObject\",\"inLanguage\":\"de\",\"@id\":\"https:\/\/uniest.it\/prodotto\/reiskleieoel-vitamin-c\/#primaryimage\",\"url\":\"https:\/\/uniest.it\/wp-content\/uploads\/2020\/11\/514AAM.png\",\"contentUrl\":\"https:\/\/uniest.it\/wp-content\/uploads\/2020\/11\/514AAM.png\",\"width\":1283,\"height\":2000},{\"@type\":\"BreadcrumbList\",\"@id\":\"https:\/\/uniest.it\/prodotto\/reiskleieoel-vitamin-c\/#breadcrumb\",\"itemListElement\":[{\"@type\":\"ListItem\",\"position\":1,\"name\":\"Home\",\"item\":\"https:\/\/uniest.it\/de\/\"},{\"@type\":\"ListItem\",\"position\":2,\"name\":\"Shop\",\"item\":\"https:\/\/uniest.it\/shop\/\"},{\"@type\":\"ListItem\",\"position\":3,\"name\":\"Reiskleie\u00f6l + Vitamin C\"}]},{\"@type\":\"WebSite\",\"@id\":\"https:\/\/uniest.it\/#website\",\"url\":\"https:\/\/uniest.it\/\",\"name\":\"Uniest\",\"description\":\"Cosmetici Naturali e Bio\",\"potentialAction\":[{\"@type\":\"SearchAction\",\"target\":{\"@type\":\"EntryPoint\",\"urlTemplate\":\"https:\/\/uniest.it\/?s={search_term_string}\"},\"query-input\":{\"@type\":\"PropertyValueSpecification\",\"valueRequired\":true,\"valueName\":\"search_term_string\"}}],\"inLanguage\":\"de\"}]}<\/script>\n<!-- \/ Yoast SEO plugin. -->","yoast_head_json":{"title":"Reiskleie\u00f6l + Vitamin C - Uniest","robots":{"index":"index","follow":"follow","max-snippet":"max-snippet:-1","max-image-preview":"max-image-preview:large","max-video-preview":"max-video-preview:-1"},"canonical":"https:\/\/uniest.it\/prodotto\/reiskleieoel-vitamin-c\/","og_locale":"de_DE","og_type":"article","og_title":"Reiskleie\u00f6l + Vitamin C - Uniest","og_description":"Extrem reines Reiskleie\u00f6l Reiskleie\u00f6l ist auf nat\u00fcrliche Weise mit Gamma-Oryzanol und Vitamin E angereichert, was es zu einem Produkt mit erweichenden, beruhigenden, sch\u00fctzenden und antioxidativen Eigenschaften macht. Seine perfekt ausgewogene Zusammensetzung aus \u00d6ls\u00e4ure, Linols\u00e4ure, Palmitins\u00e4ure und Vitamin E macht es zu einem besonders geeigneten \u00d6l zur Bek\u00e4mpfung der Hautalterung. Es sch\u00fctzt vor Sonnenstrahlen, da seine [&hellip;]","og_url":"https:\/\/uniest.it\/prodotto\/reiskleieoel-vitamin-c\/","og_site_name":"Uniest","twitter_card":"summary_large_image","twitter_misc":{"Gesch\u00e4tzte Lesezeit":"1\u00a0Minute"},"schema":{"@context":"https:\/\/schema.org","@graph":[{"@type":"WebPage","@id":"https:\/\/uniest.it\/prodotto\/reiskleieoel-vitamin-c\/","url":"https:\/\/uniest.it\/prodotto\/reiskleieoel-vitamin-c\/","name":"Reiskleie\u00f6l + Vitamin C - Uniest","isPartOf":{"@id":"https:\/\/uniest.it\/#website"},"primaryImageOfPage":{"@id":"https:\/\/uniest.it\/prodotto\/reiskleieoel-vitamin-c\/#primaryimage"},"image":{"@id":"https:\/\/uniest.it\/prodotto\/reiskleieoel-vitamin-c\/#primaryimage"},"thumbnailUrl":"https:\/\/uniest.it\/wp-content\/uploads\/2020\/11\/514AAM.png","datePublished":"2024-10-29T17:56:35+00:00","breadcrumb":{"@id":"https:\/\/uniest.it\/prodotto\/reiskleieoel-vitamin-c\/#breadcrumb"},"inLanguage":"de","potentialAction":[{"@type":"ReadAction","target":["https:\/\/uniest.it\/prodotto\/reiskleieoel-vitamin-c\/"]}]},{"@type":"ImageObject","inLanguage":"de","@id":"https:\/\/uniest.it\/prodotto\/reiskleieoel-vitamin-c\/#primaryimage","url":"https:\/\/uniest.it\/wp-content\/uploads\/2020\/11\/514AAM.png","contentUrl":"https:\/\/uniest.it\/wp-content\/uploads\/2020\/11\/514AAM.png","width":1283,"height":2000},{"@type":"BreadcrumbList","@id":"https:\/\/uniest.it\/prodotto\/reiskleieoel-vitamin-c\/#breadcrumb","itemListElement":[{"@type":"ListItem","position":1,"name":"Home","item":"https:\/\/uniest.it\/de\/"},{"@type":"ListItem","position":2,"name":"Shop","item":"https:\/\/uniest.it\/shop\/"},{"@type":"ListItem","position":3,"name":"Reiskleie\u00f6l + Vitamin C"}]},{"@type":"WebSite","@id":"https:\/\/uniest.it\/#website","url":"https:\/\/uniest.it\/","name":"Uniest","description":"Cosmetici Naturali e Bio","potentialAction":[{"@type":"SearchAction","target":{"@type":"EntryPoint","urlTemplate":"https:\/\/uniest.it\/?s={search_term_string}"},"query-input":{"@type":"PropertyValueSpecification","valueRequired":true,"valueName":"search_term_string"}}],"inLanguage":"de"}]}},"_links":{"self":[{"href":"https:\/\/uniest.it\/de\/wp-json\/wp\/v2\/product\/7330","targetHints":{"allow":["GET"]}}],"collection":[{"href":"https:\/\/uniest.it\/de\/wp-json\/wp\/v2\/product"}],"about":[{"href":"https:\/\/uniest.it\/de\/wp-json\/wp\/v2\/types\/product"}],"wp:featuredmedia":[{"embeddable":true,"href":"https:\/\/uniest.it\/de\/wp-json\/wp\/v2\/media\/7331"}],"wp:attachment":[{"href":"https:\/\/uniest.it\/de\/wp-json\/wp\/v2\/media?parent=7330"}],"wp:term":[{"taxonomy":"product_brand","embeddable":true,"href":"https:\/\/uniest.it\/de\/wp-json\/wp\/v2\/product_brand?post=7330"},{"taxonomy":"product_cat","embeddable":true,"href":"https:\/\/uniest.it\/de\/wp-json\/wp\/v2\/product_cat?post=7330"},{"taxonomy":"product_tag","embeddable":true,"href":"https:\/\/uniest.it\/de\/wp-json\/wp\/v2\/product_tag?post=7330"}],"curies":[{"name":"wp","href":"https:\/\/api.w.org\/{rel}","templated":true}]}}