{"id":7333,"date":"2021-02-04T13:00:25","date_gmt":"2024-10-29T17:56:36","guid":{"rendered":"https:\/\/uniest.it\/prodotto\/walnussschalenoel\/"},"modified":"2024-10-29T18:56:36","modified_gmt":"2024-10-29T17:56:36","slug":"walnussschalenoel","status":"publish","type":"product","link":"https:\/\/uniest.it\/de\/prodotto\/walnussschalenoel\/","title":{"rendered":"Walnussschalen\u00f6l"},"content":{"rendered":"<p>\u00c4u\u00dferst reines Walnussschalen\u00f6l, zart aromatisiert und reich an einem nat\u00fcrlichen Farbstoff namens Juglone mit keratinisierenden Eigenschaften, der die Erneuerung der Epidermis f\u00f6rdert. Diese Substanz reagiert mit dem in der Epidermis vorhandenen Keratin und bildet einen braunen Pigmentkomplex. Tats\u00e4chlich f\u00f6rdert die Kombination dieses \u00d6ls mit Sonnenschutzprodukten sowohl die nat\u00fcrliche als auch die k\u00fcnstliche Br\u00e4unung, sch\u00fctzt und n\u00e4hrt die Haut und verleiht ihr einen beneidenswerten Teint. Es ist ein feuchtigkeitsspendendes und n\u00e4hrendes \u00d6l, das zusammen mit der Gesichtscreme, die Sie normalerweise verwenden, zu einer Sch\u00f6nheitsroutine f\u00fcr trockene Haut hinzugef\u00fcgt werden kann. Dar\u00fcber hinaus eignet es sich aufgrund seiner antibakteriellen und adstringierenden Eigenschaften zur Behandlung von zu Akne neigender und fettiger Haut sowie zur Behandlung von Babyekzemen. Aufgrund seiner leichten Textur und seiner durchblutungsf\u00f6rdernden Wirkung kann es auch bei K\u00f6rpermassagen verwendet werden. Zu den kosmetischen Vorteilen geh\u00f6rt auch der Schutz des Haares, wodurch Glanz und F\u00fclle gef\u00f6rdert werden.<\/p>\n","protected":false},"excerpt":{"rendered":"<p>\u00c4u\u00dferst reines Walnussschalen\u00f6l, zart aromatisiert und reich an einem nat\u00fcrlichen Farbstoff namens Juglone mit keratinisierenden Eigenschaften, der die Erneuerung der Epidermis f\u00f6rdert. Diese Substanz reagiert mit dem in der Epidermis vorhandenen Keratin und bildet einen braunen Pigmentkomplex. Tats\u00e4chlich f\u00f6rdert die Kombination dieses \u00d6ls mit Sonnenschutzprodukten sowohl die nat\u00fcrliche als auch die k\u00fcnstliche Br\u00e4unung, sch\u00fctzt und [&hellip;]<\/p>\n","protected":false},"featured_media":7334,"template":"","meta":{"_acf_changed":false,"inline_featured_image":false},"product_brand":[],"product_cat":[1489],"product_tag":[],"class_list":{"0":"post-7333","1":"product","2":"type-product","3":"status-publish","4":"has-post-thumbnail","6":"product_beauty-antirughe","7":"product_beauty-idratare","8":"product_beauty-nutrire-e-rigenerare","9":"product_beauty-proteggere","10":"product_beauty-purificare","11":"product_beauty-rassodare-e-tonificare","12":"product_beauty-riequilibrare","13":"product_skin-tutte-le-pelli","14":"product_kind-oli-e-burri","15":"product_kind-trattamenti-speciali","16":"product_lines-oli-pregiati-puri","17":"product_cat-corpo-de","18":"pa_size-100-de","20":"first","21":"instock","22":"taxable","23":"shipping-taxable","24":"purchasable","25":"product-type-simple"},"acf":[],"yoast_head":"<!-- This site is optimized with the Yoast SEO plugin v24.6 - https:\/\/yoast.com\/wordpress\/plugins\/seo\/ -->\n<title>Walnussschalen\u00f6l - Uniest<\/title>\n<meta name=\"robots\" content=\"index, follow, max-snippet:-1, max-image-preview:large, max-video-preview:-1\" \/>\n<link rel=\"canonical\" href=\"https:\/\/uniest.it\/prodotto\/walnussschalenoel\/\" \/>\n<meta property=\"og:locale\" content=\"de_DE\" \/>\n<meta property=\"og:type\" content=\"article\" \/>\n<meta property=\"og:title\" content=\"Walnussschalen\u00f6l - Uniest\" \/>\n<meta property=\"og:description\" content=\"\u00c4u\u00dferst reines Walnussschalen\u00f6l, zart aromatisiert und reich an einem nat\u00fcrlichen Farbstoff namens Juglone mit keratinisierenden Eigenschaften, der die Erneuerung der Epidermis f\u00f6rdert. Diese Substanz reagiert mit dem in der Epidermis vorhandenen Keratin und bildet einen braunen Pigmentkomplex. Tats\u00e4chlich f\u00f6rdert die Kombination dieses \u00d6ls mit Sonnenschutzprodukten sowohl die nat\u00fcrliche als auch die k\u00fcnstliche Br\u00e4unung, sch\u00fctzt und [&hellip;]\" \/>\n<meta property=\"og:url\" content=\"https:\/\/uniest.it\/prodotto\/walnussschalenoel\/\" \/>\n<meta property=\"og:site_name\" content=\"Uniest\" \/>\n<meta name=\"twitter:card\" content=\"summary_large_image\" \/>\n<meta name=\"twitter:label1\" content=\"Gesch\u00e4tzte Lesezeit\" \/>\n\t<meta name=\"twitter:data1\" content=\"1\u00a0Minute\" \/>\n<script type=\"application\/ld+json\" class=\"yoast-schema-graph\">{\"@context\":\"https:\/\/schema.org\",\"@graph\":[{\"@type\":\"WebPage\",\"@id\":\"https:\/\/uniest.it\/prodotto\/walnussschalenoel\/\",\"url\":\"https:\/\/uniest.it\/prodotto\/walnussschalenoel\/\",\"name\":\"Walnussschalen\u00f6l - Uniest\",\"isPartOf\":{\"@id\":\"https:\/\/uniest.it\/#website\"},\"primaryImageOfPage\":{\"@id\":\"https:\/\/uniest.it\/prodotto\/walnussschalenoel\/#primaryimage\"},\"image\":{\"@id\":\"https:\/\/uniest.it\/prodotto\/walnussschalenoel\/#primaryimage\"},\"thumbnailUrl\":\"https:\/\/uniest.it\/wp-content\/uploads\/2020\/11\/516AAM.png\",\"datePublished\":\"2024-10-29T17:56:36+00:00\",\"breadcrumb\":{\"@id\":\"https:\/\/uniest.it\/prodotto\/walnussschalenoel\/#breadcrumb\"},\"inLanguage\":\"de\",\"potentialAction\":[{\"@type\":\"ReadAction\",\"target\":[\"https:\/\/uniest.it\/prodotto\/walnussschalenoel\/\"]}]},{\"@type\":\"ImageObject\",\"inLanguage\":\"de\",\"@id\":\"https:\/\/uniest.it\/prodotto\/walnussschalenoel\/#primaryimage\",\"url\":\"https:\/\/uniest.it\/wp-content\/uploads\/2020\/11\/516AAM.png\",\"contentUrl\":\"https:\/\/uniest.it\/wp-content\/uploads\/2020\/11\/516AAM.png\",\"width\":1283,\"height\":2000},{\"@type\":\"BreadcrumbList\",\"@id\":\"https:\/\/uniest.it\/prodotto\/walnussschalenoel\/#breadcrumb\",\"itemListElement\":[{\"@type\":\"ListItem\",\"position\":1,\"name\":\"Home\",\"item\":\"https:\/\/uniest.it\/de\/\"},{\"@type\":\"ListItem\",\"position\":2,\"name\":\"Shop\",\"item\":\"https:\/\/uniest.it\/shop\/\"},{\"@type\":\"ListItem\",\"position\":3,\"name\":\"Walnussschalen\u00f6l\"}]},{\"@type\":\"WebSite\",\"@id\":\"https:\/\/uniest.it\/#website\",\"url\":\"https:\/\/uniest.it\/\",\"name\":\"Uniest\",\"description\":\"Cosmetici Naturali e Bio\",\"potentialAction\":[{\"@type\":\"SearchAction\",\"target\":{\"@type\":\"EntryPoint\",\"urlTemplate\":\"https:\/\/uniest.it\/?s={search_term_string}\"},\"query-input\":{\"@type\":\"PropertyValueSpecification\",\"valueRequired\":true,\"valueName\":\"search_term_string\"}}],\"inLanguage\":\"de\"}]}<\/script>\n<!-- \/ Yoast SEO plugin. -->","yoast_head_json":{"title":"Walnussschalen\u00f6l - Uniest","robots":{"index":"index","follow":"follow","max-snippet":"max-snippet:-1","max-image-preview":"max-image-preview:large","max-video-preview":"max-video-preview:-1"},"canonical":"https:\/\/uniest.it\/prodotto\/walnussschalenoel\/","og_locale":"de_DE","og_type":"article","og_title":"Walnussschalen\u00f6l - Uniest","og_description":"\u00c4u\u00dferst reines Walnussschalen\u00f6l, zart aromatisiert und reich an einem nat\u00fcrlichen Farbstoff namens Juglone mit keratinisierenden Eigenschaften, der die Erneuerung der Epidermis f\u00f6rdert. Diese Substanz reagiert mit dem in der Epidermis vorhandenen Keratin und bildet einen braunen Pigmentkomplex. Tats\u00e4chlich f\u00f6rdert die Kombination dieses \u00d6ls mit Sonnenschutzprodukten sowohl die nat\u00fcrliche als auch die k\u00fcnstliche Br\u00e4unung, sch\u00fctzt und [&hellip;]","og_url":"https:\/\/uniest.it\/prodotto\/walnussschalenoel\/","og_site_name":"Uniest","twitter_card":"summary_large_image","twitter_misc":{"Gesch\u00e4tzte Lesezeit":"1\u00a0Minute"},"schema":{"@context":"https:\/\/schema.org","@graph":[{"@type":"WebPage","@id":"https:\/\/uniest.it\/prodotto\/walnussschalenoel\/","url":"https:\/\/uniest.it\/prodotto\/walnussschalenoel\/","name":"Walnussschalen\u00f6l - Uniest","isPartOf":{"@id":"https:\/\/uniest.it\/#website"},"primaryImageOfPage":{"@id":"https:\/\/uniest.it\/prodotto\/walnussschalenoel\/#primaryimage"},"image":{"@id":"https:\/\/uniest.it\/prodotto\/walnussschalenoel\/#primaryimage"},"thumbnailUrl":"https:\/\/uniest.it\/wp-content\/uploads\/2020\/11\/516AAM.png","datePublished":"2024-10-29T17:56:36+00:00","breadcrumb":{"@id":"https:\/\/uniest.it\/prodotto\/walnussschalenoel\/#breadcrumb"},"inLanguage":"de","potentialAction":[{"@type":"ReadAction","target":["https:\/\/uniest.it\/prodotto\/walnussschalenoel\/"]}]},{"@type":"ImageObject","inLanguage":"de","@id":"https:\/\/uniest.it\/prodotto\/walnussschalenoel\/#primaryimage","url":"https:\/\/uniest.it\/wp-content\/uploads\/2020\/11\/516AAM.png","contentUrl":"https:\/\/uniest.it\/wp-content\/uploads\/2020\/11\/516AAM.png","width":1283,"height":2000},{"@type":"BreadcrumbList","@id":"https:\/\/uniest.it\/prodotto\/walnussschalenoel\/#breadcrumb","itemListElement":[{"@type":"ListItem","position":1,"name":"Home","item":"https:\/\/uniest.it\/de\/"},{"@type":"ListItem","position":2,"name":"Shop","item":"https:\/\/uniest.it\/shop\/"},{"@type":"ListItem","position":3,"name":"Walnussschalen\u00f6l"}]},{"@type":"WebSite","@id":"https:\/\/uniest.it\/#website","url":"https:\/\/uniest.it\/","name":"Uniest","description":"Cosmetici Naturali e Bio","potentialAction":[{"@type":"SearchAction","target":{"@type":"EntryPoint","urlTemplate":"https:\/\/uniest.it\/?s={search_term_string}"},"query-input":{"@type":"PropertyValueSpecification","valueRequired":true,"valueName":"search_term_string"}}],"inLanguage":"de"}]}},"_links":{"self":[{"href":"https:\/\/uniest.it\/de\/wp-json\/wp\/v2\/product\/7333","targetHints":{"allow":["GET"]}}],"collection":[{"href":"https:\/\/uniest.it\/de\/wp-json\/wp\/v2\/product"}],"about":[{"href":"https:\/\/uniest.it\/de\/wp-json\/wp\/v2\/types\/product"}],"wp:featuredmedia":[{"embeddable":true,"href":"https:\/\/uniest.it\/de\/wp-json\/wp\/v2\/media\/7334"}],"wp:attachment":[{"href":"https:\/\/uniest.it\/de\/wp-json\/wp\/v2\/media?parent=7333"}],"wp:term":[{"taxonomy":"product_brand","embeddable":true,"href":"https:\/\/uniest.it\/de\/wp-json\/wp\/v2\/product_brand?post=7333"},{"taxonomy":"product_cat","embeddable":true,"href":"https:\/\/uniest.it\/de\/wp-json\/wp\/v2\/product_cat?post=7333"},{"taxonomy":"product_tag","embeddable":true,"href":"https:\/\/uniest.it\/de\/wp-json\/wp\/v2\/product_tag?post=7333"}],"curies":[{"name":"wp","href":"https:\/\/api.w.org\/{rel}","templated":true}]}}