{"id":7336,"date":"2021-02-04T13:00:25","date_gmt":"2024-10-29T17:56:37","guid":{"rendered":"https:\/\/uniest.it\/prodotto\/weizenkeimoel-vitamin-a\/"},"modified":"2024-10-29T18:56:37","modified_gmt":"2024-10-29T17:56:37","slug":"weizenkeimoel-vitamin-a","status":"publish","type":"product","link":"https:\/\/uniest.it\/de\/prodotto\/weizenkeimoel-vitamin-a\/","title":{"rendered":"Weizenkeim\u00f6l + Vitamin A"},"content":{"rendered":"<p>Extrem reines, zart aromatisiertes Weizenkeim\u00f6l wird dank seiner intensiv feuchtigkeitsspendenden und n\u00e4hrenden Wirkung zur Bek\u00e4mpfung der Trockenheit trockener Haut empfohlen. Weizenkeim\u00f6l st\u00e4rkt trockene und empfindliche Haut, die t\u00e4glich durch Umweltverschmutzung oder austrocknende Einfl\u00fcsse wie Wind, K\u00e4lte und Sonne beansprucht wird. Es ist auch ein hervorragendes Hilfsmittel bei der Behandlung von Falten und Dehnungsstreifen, da es der Bildung freier Radikale entgegenwirkt, die zu vorzeitiger Hautalterung f\u00fchren. Es ist stark reepithelisierend und wird auch im Sommer als nat\u00fcrliches After-Sun-Produkt direkt auf die Haut aufgetragen, spendet ihr Feuchtigkeit und sch\u00fctzt sie vor Rissen durch Sonnenstrahlen.<\/p>\n","protected":false},"excerpt":{"rendered":"<p>Extrem reines, zart aromatisiertes Weizenkeim\u00f6l wird dank seiner intensiv feuchtigkeitsspendenden und n\u00e4hrenden Wirkung zur Bek\u00e4mpfung der Trockenheit trockener Haut empfohlen. Weizenkeim\u00f6l st\u00e4rkt trockene und empfindliche Haut, die t\u00e4glich durch Umweltverschmutzung oder austrocknende Einfl\u00fcsse wie Wind, K\u00e4lte und Sonne beansprucht wird. Es ist auch ein hervorragendes Hilfsmittel bei der Behandlung von Falten und Dehnungsstreifen, da es [&hellip;]<\/p>\n","protected":false},"featured_media":7337,"template":"","meta":{"_acf_changed":false,"inline_featured_image":false},"product_brand":[],"product_cat":[1491,1497,1489],"product_tag":[],"class_list":{"0":"post-7336","1":"product","2":"type-product","3":"status-publish","4":"has-post-thumbnail","6":"product_beauty-antirughe","7":"product_beauty-idratare","8":"product_beauty-lenire","9":"product_beauty-nutrire-e-rigenerare","10":"product_beauty-proteggere","11":"product_beauty-rassodare-e-tonificare","12":"product_beauty-schiarire","13":"product_skin-tutte-le-pelli","14":"product_kind-creme-antieta-e-prime-rughe","15":"product_kind-oli-e-burri","16":"product_kind-trattamenti-speciali","17":"product_lines-oli-pregiati-puri","18":"product_cat-famiglia-e-pet-de","19":"product_cat-viso-de","20":"product_cat-corpo-de","21":"pa_size-100-de","23":"first","24":"instock","25":"taxable","26":"shipping-taxable","27":"purchasable","28":"product-type-simple"},"acf":[],"yoast_head":"<!-- This site is optimized with the Yoast SEO plugin v24.6 - https:\/\/yoast.com\/wordpress\/plugins\/seo\/ -->\n<title>Weizenkeim\u00f6l + Vitamin A - Uniest<\/title>\n<meta name=\"robots\" content=\"index, follow, max-snippet:-1, max-image-preview:large, max-video-preview:-1\" \/>\n<link rel=\"canonical\" href=\"https:\/\/uniest.it\/prodotto\/weizenkeimoel-vitamin-a\/\" \/>\n<meta property=\"og:locale\" content=\"de_DE\" \/>\n<meta property=\"og:type\" content=\"article\" \/>\n<meta property=\"og:title\" content=\"Weizenkeim\u00f6l + Vitamin A - Uniest\" \/>\n<meta property=\"og:description\" content=\"Extrem reines, zart aromatisiertes Weizenkeim\u00f6l wird dank seiner intensiv feuchtigkeitsspendenden und n\u00e4hrenden Wirkung zur Bek\u00e4mpfung der Trockenheit trockener Haut empfohlen. Weizenkeim\u00f6l st\u00e4rkt trockene und empfindliche Haut, die t\u00e4glich durch Umweltverschmutzung oder austrocknende Einfl\u00fcsse wie Wind, K\u00e4lte und Sonne beansprucht wird. Es ist auch ein hervorragendes Hilfsmittel bei der Behandlung von Falten und Dehnungsstreifen, da es [&hellip;]\" \/>\n<meta property=\"og:url\" content=\"https:\/\/uniest.it\/prodotto\/weizenkeimoel-vitamin-a\/\" \/>\n<meta property=\"og:site_name\" content=\"Uniest\" \/>\n<meta name=\"twitter:card\" content=\"summary_large_image\" \/>\n<meta name=\"twitter:label1\" content=\"Gesch\u00e4tzte Lesezeit\" \/>\n\t<meta name=\"twitter:data1\" content=\"1\u00a0Minute\" \/>\n<script type=\"application\/ld+json\" class=\"yoast-schema-graph\">{\"@context\":\"https:\/\/schema.org\",\"@graph\":[{\"@type\":\"WebPage\",\"@id\":\"https:\/\/uniest.it\/prodotto\/weizenkeimoel-vitamin-a\/\",\"url\":\"https:\/\/uniest.it\/prodotto\/weizenkeimoel-vitamin-a\/\",\"name\":\"Weizenkeim\u00f6l + Vitamin A - Uniest\",\"isPartOf\":{\"@id\":\"https:\/\/uniest.it\/#website\"},\"primaryImageOfPage\":{\"@id\":\"https:\/\/uniest.it\/prodotto\/weizenkeimoel-vitamin-a\/#primaryimage\"},\"image\":{\"@id\":\"https:\/\/uniest.it\/prodotto\/weizenkeimoel-vitamin-a\/#primaryimage\"},\"thumbnailUrl\":\"https:\/\/uniest.it\/wp-content\/uploads\/2020\/11\/522AAM.png\",\"datePublished\":\"2024-10-29T17:56:37+00:00\",\"breadcrumb\":{\"@id\":\"https:\/\/uniest.it\/prodotto\/weizenkeimoel-vitamin-a\/#breadcrumb\"},\"inLanguage\":\"de\",\"potentialAction\":[{\"@type\":\"ReadAction\",\"target\":[\"https:\/\/uniest.it\/prodotto\/weizenkeimoel-vitamin-a\/\"]}]},{\"@type\":\"ImageObject\",\"inLanguage\":\"de\",\"@id\":\"https:\/\/uniest.it\/prodotto\/weizenkeimoel-vitamin-a\/#primaryimage\",\"url\":\"https:\/\/uniest.it\/wp-content\/uploads\/2020\/11\/522AAM.png\",\"contentUrl\":\"https:\/\/uniest.it\/wp-content\/uploads\/2020\/11\/522AAM.png\",\"width\":1283,\"height\":2000},{\"@type\":\"BreadcrumbList\",\"@id\":\"https:\/\/uniest.it\/prodotto\/weizenkeimoel-vitamin-a\/#breadcrumb\",\"itemListElement\":[{\"@type\":\"ListItem\",\"position\":1,\"name\":\"Home\",\"item\":\"https:\/\/uniest.it\/de\/\"},{\"@type\":\"ListItem\",\"position\":2,\"name\":\"Shop\",\"item\":\"https:\/\/uniest.it\/shop\/\"},{\"@type\":\"ListItem\",\"position\":3,\"name\":\"Weizenkeim\u00f6l + Vitamin A\"}]},{\"@type\":\"WebSite\",\"@id\":\"https:\/\/uniest.it\/#website\",\"url\":\"https:\/\/uniest.it\/\",\"name\":\"Uniest\",\"description\":\"Cosmetici Naturali e Bio\",\"potentialAction\":[{\"@type\":\"SearchAction\",\"target\":{\"@type\":\"EntryPoint\",\"urlTemplate\":\"https:\/\/uniest.it\/?s={search_term_string}\"},\"query-input\":{\"@type\":\"PropertyValueSpecification\",\"valueRequired\":true,\"valueName\":\"search_term_string\"}}],\"inLanguage\":\"de\"}]}<\/script>\n<!-- \/ Yoast SEO plugin. -->","yoast_head_json":{"title":"Weizenkeim\u00f6l + Vitamin A - Uniest","robots":{"index":"index","follow":"follow","max-snippet":"max-snippet:-1","max-image-preview":"max-image-preview:large","max-video-preview":"max-video-preview:-1"},"canonical":"https:\/\/uniest.it\/prodotto\/weizenkeimoel-vitamin-a\/","og_locale":"de_DE","og_type":"article","og_title":"Weizenkeim\u00f6l + Vitamin A - Uniest","og_description":"Extrem reines, zart aromatisiertes Weizenkeim\u00f6l wird dank seiner intensiv feuchtigkeitsspendenden und n\u00e4hrenden Wirkung zur Bek\u00e4mpfung der Trockenheit trockener Haut empfohlen. Weizenkeim\u00f6l st\u00e4rkt trockene und empfindliche Haut, die t\u00e4glich durch Umweltverschmutzung oder austrocknende Einfl\u00fcsse wie Wind, K\u00e4lte und Sonne beansprucht wird. Es ist auch ein hervorragendes Hilfsmittel bei der Behandlung von Falten und Dehnungsstreifen, da es [&hellip;]","og_url":"https:\/\/uniest.it\/prodotto\/weizenkeimoel-vitamin-a\/","og_site_name":"Uniest","twitter_card":"summary_large_image","twitter_misc":{"Gesch\u00e4tzte Lesezeit":"1\u00a0Minute"},"schema":{"@context":"https:\/\/schema.org","@graph":[{"@type":"WebPage","@id":"https:\/\/uniest.it\/prodotto\/weizenkeimoel-vitamin-a\/","url":"https:\/\/uniest.it\/prodotto\/weizenkeimoel-vitamin-a\/","name":"Weizenkeim\u00f6l + Vitamin A - Uniest","isPartOf":{"@id":"https:\/\/uniest.it\/#website"},"primaryImageOfPage":{"@id":"https:\/\/uniest.it\/prodotto\/weizenkeimoel-vitamin-a\/#primaryimage"},"image":{"@id":"https:\/\/uniest.it\/prodotto\/weizenkeimoel-vitamin-a\/#primaryimage"},"thumbnailUrl":"https:\/\/uniest.it\/wp-content\/uploads\/2020\/11\/522AAM.png","datePublished":"2024-10-29T17:56:37+00:00","breadcrumb":{"@id":"https:\/\/uniest.it\/prodotto\/weizenkeimoel-vitamin-a\/#breadcrumb"},"inLanguage":"de","potentialAction":[{"@type":"ReadAction","target":["https:\/\/uniest.it\/prodotto\/weizenkeimoel-vitamin-a\/"]}]},{"@type":"ImageObject","inLanguage":"de","@id":"https:\/\/uniest.it\/prodotto\/weizenkeimoel-vitamin-a\/#primaryimage","url":"https:\/\/uniest.it\/wp-content\/uploads\/2020\/11\/522AAM.png","contentUrl":"https:\/\/uniest.it\/wp-content\/uploads\/2020\/11\/522AAM.png","width":1283,"height":2000},{"@type":"BreadcrumbList","@id":"https:\/\/uniest.it\/prodotto\/weizenkeimoel-vitamin-a\/#breadcrumb","itemListElement":[{"@type":"ListItem","position":1,"name":"Home","item":"https:\/\/uniest.it\/de\/"},{"@type":"ListItem","position":2,"name":"Shop","item":"https:\/\/uniest.it\/shop\/"},{"@type":"ListItem","position":3,"name":"Weizenkeim\u00f6l + Vitamin A"}]},{"@type":"WebSite","@id":"https:\/\/uniest.it\/#website","url":"https:\/\/uniest.it\/","name":"Uniest","description":"Cosmetici Naturali e Bio","potentialAction":[{"@type":"SearchAction","target":{"@type":"EntryPoint","urlTemplate":"https:\/\/uniest.it\/?s={search_term_string}"},"query-input":{"@type":"PropertyValueSpecification","valueRequired":true,"valueName":"search_term_string"}}],"inLanguage":"de"}]}},"_links":{"self":[{"href":"https:\/\/uniest.it\/de\/wp-json\/wp\/v2\/product\/7336","targetHints":{"allow":["GET"]}}],"collection":[{"href":"https:\/\/uniest.it\/de\/wp-json\/wp\/v2\/product"}],"about":[{"href":"https:\/\/uniest.it\/de\/wp-json\/wp\/v2\/types\/product"}],"wp:featuredmedia":[{"embeddable":true,"href":"https:\/\/uniest.it\/de\/wp-json\/wp\/v2\/media\/7337"}],"wp:attachment":[{"href":"https:\/\/uniest.it\/de\/wp-json\/wp\/v2\/media?parent=7336"}],"wp:term":[{"taxonomy":"product_brand","embeddable":true,"href":"https:\/\/uniest.it\/de\/wp-json\/wp\/v2\/product_brand?post=7336"},{"taxonomy":"product_cat","embeddable":true,"href":"https:\/\/uniest.it\/de\/wp-json\/wp\/v2\/product_cat?post=7336"},{"taxonomy":"product_tag","embeddable":true,"href":"https:\/\/uniest.it\/de\/wp-json\/wp\/v2\/product_tag?post=7336"}],"curies":[{"name":"wp","href":"https:\/\/api.w.org\/{rel}","templated":true}]}}