{"id":7339,"date":"2021-02-04T13:00:25","date_gmt":"2024-10-29T17:56:37","guid":{"rendered":"https:\/\/uniest.it\/prodotto\/arganoel\/"},"modified":"2024-10-29T18:56:37","modified_gmt":"2024-10-29T17:56:37","slug":"arganoel","status":"publish","type":"product","link":"https:\/\/uniest.it\/de\/prodotto\/arganoel\/","title":{"rendered":"Argan\u00f6l"},"content":{"rendered":"<p>Reines Argan\u00f6l mit anerkannten antioxidativen, erweichenden, feuchtigkeitsspendenden und hochelastischen Eigenschaften. Es hat einen delikaten Geschmack und ist reich an unges\u00e4ttigten Fetts\u00e4uren und Vitamin E, n\u00fctzliche Verb\u00fcndete bei der Bek\u00e4mpfung der sch\u00e4dlichen Wirkung freier Radikale. Es hat eine synergistische Wirkung, um der Hautalterung vorzubeugen. Sobald es auf die Haut aufgetragen wird, kann es bis in die tiefsten Schichten vordringen, ohne einen Fettfilm auf der Hautoberfl\u00e4che zu hinterlassen, wodurch der Bildung von Dehnungsstreifen bei den ersten Anwendungen entgegengewirkt wird. Seine Verwendung wird auch empfohlen, um devitalisiertes, spr\u00f6des, trockenes und glanzloses Haar zu n\u00e4hren und zu regenerieren und ihm Glanz und Geschmeidigkeit zu verleihen. Dieses \u00d6l eignet sich auch zur Befeuchtung rissiger und trockener Haut, insbesondere nach Sonneneinstrahlung. Durch die st\u00e4ndige Anwendung im Sommer wird die Haut auf den Temperaturwechsel in der kalten Jahreszeit vorbereitet.<\/p>\n","protected":false},"excerpt":{"rendered":"<p>Reines Argan\u00f6l mit anerkannten antioxidativen, erweichenden, feuchtigkeitsspendenden und hochelastischen Eigenschaften. Es hat einen delikaten Geschmack und ist reich an unges\u00e4ttigten Fetts\u00e4uren und Vitamin E, n\u00fctzliche Verb\u00fcndete bei der Bek\u00e4mpfung der sch\u00e4dlichen Wirkung freier Radikale. Es hat eine synergistische Wirkung, um der Hautalterung vorzubeugen. Sobald es auf die Haut aufgetragen wird, kann es bis in die [&hellip;]<\/p>\n","protected":false},"featured_media":7340,"template":"","meta":{"_acf_changed":false,"inline_featured_image":false},"product_brand":[],"product_cat":[1497,1493,1489],"product_tag":[],"class_list":{"0":"post-7339","1":"product","2":"type-product","3":"status-publish","4":"has-post-thumbnail","6":"product_beauty-antirughe","7":"product_beauty-idratare","8":"product_beauty-lenire","9":"product_beauty-nutrire-e-rigenerare","10":"product_beauty-proteggere","11":"product_beauty-purificare","12":"product_beauty-riequilibrare","13":"product_skin-tutte-le-pelli","14":"product_kind-oli-e-burri","15":"product_kind-trattamenti-speciali","16":"product_lines-oli-pregiati-puri","17":"product_cat-viso-de","18":"product_cat-mani-e-piedi-de","19":"product_cat-corpo-de","20":"pa_size-100-de","22":"first","23":"outofstock","24":"taxable","25":"shipping-taxable","26":"purchasable","27":"product-type-simple"},"acf":[],"yoast_head":"<!-- This site is optimized with the Yoast SEO plugin v24.6 - https:\/\/yoast.com\/wordpress\/plugins\/seo\/ -->\n<title>Argan\u00f6l - Uniest<\/title>\n<meta name=\"robots\" content=\"index, follow, max-snippet:-1, max-image-preview:large, max-video-preview:-1\" \/>\n<link rel=\"canonical\" href=\"https:\/\/uniest.it\/prodotto\/arganoel\/\" \/>\n<meta property=\"og:locale\" content=\"de_DE\" \/>\n<meta property=\"og:type\" content=\"article\" \/>\n<meta property=\"og:title\" content=\"Argan\u00f6l - Uniest\" \/>\n<meta property=\"og:description\" content=\"Reines Argan\u00f6l mit anerkannten antioxidativen, erweichenden, feuchtigkeitsspendenden und hochelastischen Eigenschaften. Es hat einen delikaten Geschmack und ist reich an unges\u00e4ttigten Fetts\u00e4uren und Vitamin E, n\u00fctzliche Verb\u00fcndete bei der Bek\u00e4mpfung der sch\u00e4dlichen Wirkung freier Radikale. Es hat eine synergistische Wirkung, um der Hautalterung vorzubeugen. Sobald es auf die Haut aufgetragen wird, kann es bis in die [&hellip;]\" \/>\n<meta property=\"og:url\" content=\"https:\/\/uniest.it\/prodotto\/arganoel\/\" \/>\n<meta property=\"og:site_name\" content=\"Uniest\" \/>\n<meta name=\"twitter:card\" content=\"summary_large_image\" \/>\n<meta name=\"twitter:label1\" content=\"Gesch\u00e4tzte Lesezeit\" \/>\n\t<meta name=\"twitter:data1\" content=\"1\u00a0Minute\" \/>\n<script type=\"application\/ld+json\" class=\"yoast-schema-graph\">{\"@context\":\"https:\/\/schema.org\",\"@graph\":[{\"@type\":\"WebPage\",\"@id\":\"https:\/\/uniest.it\/prodotto\/arganoel\/\",\"url\":\"https:\/\/uniest.it\/prodotto\/arganoel\/\",\"name\":\"Argan\u00f6l - Uniest\",\"isPartOf\":{\"@id\":\"https:\/\/uniest.it\/#website\"},\"primaryImageOfPage\":{\"@id\":\"https:\/\/uniest.it\/prodotto\/arganoel\/#primaryimage\"},\"image\":{\"@id\":\"https:\/\/uniest.it\/prodotto\/arganoel\/#primaryimage\"},\"thumbnailUrl\":\"https:\/\/uniest.it\/wp-content\/uploads\/2020\/11\/532AAM.png\",\"datePublished\":\"2024-10-29T17:56:37+00:00\",\"breadcrumb\":{\"@id\":\"https:\/\/uniest.it\/prodotto\/arganoel\/#breadcrumb\"},\"inLanguage\":\"de\",\"potentialAction\":[{\"@type\":\"ReadAction\",\"target\":[\"https:\/\/uniest.it\/prodotto\/arganoel\/\"]}]},{\"@type\":\"ImageObject\",\"inLanguage\":\"de\",\"@id\":\"https:\/\/uniest.it\/prodotto\/arganoel\/#primaryimage\",\"url\":\"https:\/\/uniest.it\/wp-content\/uploads\/2020\/11\/532AAM.png\",\"contentUrl\":\"https:\/\/uniest.it\/wp-content\/uploads\/2020\/11\/532AAM.png\",\"width\":1283,\"height\":2001},{\"@type\":\"BreadcrumbList\",\"@id\":\"https:\/\/uniest.it\/prodotto\/arganoel\/#breadcrumb\",\"itemListElement\":[{\"@type\":\"ListItem\",\"position\":1,\"name\":\"Home\",\"item\":\"https:\/\/uniest.it\/de\/\"},{\"@type\":\"ListItem\",\"position\":2,\"name\":\"Shop\",\"item\":\"https:\/\/uniest.it\/shop\/\"},{\"@type\":\"ListItem\",\"position\":3,\"name\":\"Argan\u00f6l\"}]},{\"@type\":\"WebSite\",\"@id\":\"https:\/\/uniest.it\/#website\",\"url\":\"https:\/\/uniest.it\/\",\"name\":\"Uniest\",\"description\":\"Cosmetici Naturali e Bio\",\"potentialAction\":[{\"@type\":\"SearchAction\",\"target\":{\"@type\":\"EntryPoint\",\"urlTemplate\":\"https:\/\/uniest.it\/?s={search_term_string}\"},\"query-input\":{\"@type\":\"PropertyValueSpecification\",\"valueRequired\":true,\"valueName\":\"search_term_string\"}}],\"inLanguage\":\"de\"}]}<\/script>\n<!-- \/ Yoast SEO plugin. -->","yoast_head_json":{"title":"Argan\u00f6l - Uniest","robots":{"index":"index","follow":"follow","max-snippet":"max-snippet:-1","max-image-preview":"max-image-preview:large","max-video-preview":"max-video-preview:-1"},"canonical":"https:\/\/uniest.it\/prodotto\/arganoel\/","og_locale":"de_DE","og_type":"article","og_title":"Argan\u00f6l - Uniest","og_description":"Reines Argan\u00f6l mit anerkannten antioxidativen, erweichenden, feuchtigkeitsspendenden und hochelastischen Eigenschaften. Es hat einen delikaten Geschmack und ist reich an unges\u00e4ttigten Fetts\u00e4uren und Vitamin E, n\u00fctzliche Verb\u00fcndete bei der Bek\u00e4mpfung der sch\u00e4dlichen Wirkung freier Radikale. Es hat eine synergistische Wirkung, um der Hautalterung vorzubeugen. Sobald es auf die Haut aufgetragen wird, kann es bis in die [&hellip;]","og_url":"https:\/\/uniest.it\/prodotto\/arganoel\/","og_site_name":"Uniest","twitter_card":"summary_large_image","twitter_misc":{"Gesch\u00e4tzte Lesezeit":"1\u00a0Minute"},"schema":{"@context":"https:\/\/schema.org","@graph":[{"@type":"WebPage","@id":"https:\/\/uniest.it\/prodotto\/arganoel\/","url":"https:\/\/uniest.it\/prodotto\/arganoel\/","name":"Argan\u00f6l - Uniest","isPartOf":{"@id":"https:\/\/uniest.it\/#website"},"primaryImageOfPage":{"@id":"https:\/\/uniest.it\/prodotto\/arganoel\/#primaryimage"},"image":{"@id":"https:\/\/uniest.it\/prodotto\/arganoel\/#primaryimage"},"thumbnailUrl":"https:\/\/uniest.it\/wp-content\/uploads\/2020\/11\/532AAM.png","datePublished":"2024-10-29T17:56:37+00:00","breadcrumb":{"@id":"https:\/\/uniest.it\/prodotto\/arganoel\/#breadcrumb"},"inLanguage":"de","potentialAction":[{"@type":"ReadAction","target":["https:\/\/uniest.it\/prodotto\/arganoel\/"]}]},{"@type":"ImageObject","inLanguage":"de","@id":"https:\/\/uniest.it\/prodotto\/arganoel\/#primaryimage","url":"https:\/\/uniest.it\/wp-content\/uploads\/2020\/11\/532AAM.png","contentUrl":"https:\/\/uniest.it\/wp-content\/uploads\/2020\/11\/532AAM.png","width":1283,"height":2001},{"@type":"BreadcrumbList","@id":"https:\/\/uniest.it\/prodotto\/arganoel\/#breadcrumb","itemListElement":[{"@type":"ListItem","position":1,"name":"Home","item":"https:\/\/uniest.it\/de\/"},{"@type":"ListItem","position":2,"name":"Shop","item":"https:\/\/uniest.it\/shop\/"},{"@type":"ListItem","position":3,"name":"Argan\u00f6l"}]},{"@type":"WebSite","@id":"https:\/\/uniest.it\/#website","url":"https:\/\/uniest.it\/","name":"Uniest","description":"Cosmetici Naturali e Bio","potentialAction":[{"@type":"SearchAction","target":{"@type":"EntryPoint","urlTemplate":"https:\/\/uniest.it\/?s={search_term_string}"},"query-input":{"@type":"PropertyValueSpecification","valueRequired":true,"valueName":"search_term_string"}}],"inLanguage":"de"}]}},"_links":{"self":[{"href":"https:\/\/uniest.it\/de\/wp-json\/wp\/v2\/product\/7339","targetHints":{"allow":["GET"]}}],"collection":[{"href":"https:\/\/uniest.it\/de\/wp-json\/wp\/v2\/product"}],"about":[{"href":"https:\/\/uniest.it\/de\/wp-json\/wp\/v2\/types\/product"}],"wp:featuredmedia":[{"embeddable":true,"href":"https:\/\/uniest.it\/de\/wp-json\/wp\/v2\/media\/7340"}],"wp:attachment":[{"href":"https:\/\/uniest.it\/de\/wp-json\/wp\/v2\/media?parent=7339"}],"wp:term":[{"taxonomy":"product_brand","embeddable":true,"href":"https:\/\/uniest.it\/de\/wp-json\/wp\/v2\/product_brand?post=7339"},{"taxonomy":"product_cat","embeddable":true,"href":"https:\/\/uniest.it\/de\/wp-json\/wp\/v2\/product_cat?post=7339"},{"taxonomy":"product_tag","embeddable":true,"href":"https:\/\/uniest.it\/de\/wp-json\/wp\/v2\/product_tag?post=7339"}],"curies":[{"name":"wp","href":"https:\/\/api.w.org\/{rel}","templated":true}]}}