{"id":7346,"date":"2024-10-29T18:56:38","date_gmt":"2024-10-29T17:56:38","guid":{"rendered":"https:\/\/uniest.it\/prodotto\/arnika-gel-1000-ml\/"},"modified":"2024-10-29T18:56:38","modified_gmt":"2024-10-29T17:56:38","slug":"arnika-gel-1000-ml","status":"publish","type":"product","link":"https:\/\/uniest.it\/de\/prodotto\/arnika-gel-1000-ml\/","title":{"rendered":"Arnika-Gel &#8211; 1000 ml"},"content":{"rendered":"<p>Arnica Gel Ricarica ist ein Anti-M\u00fcdigkeits-Mittel schlechthin, es hilft: &#8211; die Bildung von H\u00e4matomen zu mildern; &#8211; Schwellungen reduzieren; &#8211; Schmerzen aufgrund eines Traumas lindern; &#8211; Linderung von Schmerzen aufgrund \u00fcberm\u00e4\u00dfiger Arbeit. Die reibende Wirkung von Arnika regt die Durchblutung an und f\u00f6rdert die Resorption von Traumata. Die bekannte erm\u00fcdungshemmende und abschwellende Wirkung der hochgesch\u00e4tzten \u00e4therischen \u00d6le Menthol und Pfefferminze hilft daher, Schwellungen zu reduzieren und sorgt f\u00fcr ein angenehmes Gef\u00fchl von Frische und Wohlbefinden.<\/p>\n","protected":false},"excerpt":{"rendered":"<p>Arnica Gel Ricarica ist ein Anti-M\u00fcdigkeits-Mittel schlechthin, es hilft: &#8211; die Bildung von H\u00e4matomen zu mildern; &#8211; Schwellungen reduzieren; &#8211; Schmerzen aufgrund eines Traumas lindern; &#8211; Linderung von Schmerzen aufgrund \u00fcberm\u00e4\u00dfiger Arbeit. Die reibende Wirkung von Arnika regt die Durchblutung an und f\u00f6rdert die Resorption von Traumata. Die bekannte erm\u00fcdungshemmende und abschwellende Wirkung der hochgesch\u00e4tzten [&hellip;]<\/p>\n","protected":false},"featured_media":7347,"template":"","meta":{"_acf_changed":false,"inline_featured_image":false},"product_brand":[],"product_cat":[1491],"product_tag":[],"class_list":{"0":"post-7346","1":"product","2":"type-product","3":"status-publish","4":"has-post-thumbnail","6":"product_beauty-detox-e-dren","7":"product_beauty-idratare","8":"product_beauty-lenire","9":"product_beauty-proteggere","10":"product_skin-tutti-gli-animali","11":"product_kind-trattamenti-speciali","12":"product_kind_pets-trattamenti-speciali","13":"product_lines-animal-care","14":"product_cat-famiglia-e-pet-de","15":"pa_size-1000-de","17":"first","18":"instock","19":"taxable","20":"shipping-taxable","21":"purchasable","22":"product-type-simple"},"acf":[],"yoast_head":"<!-- This site is optimized with the Yoast SEO plugin v24.6 - https:\/\/yoast.com\/wordpress\/plugins\/seo\/ -->\n<title>Arnika-Gel - 1000 ml - Uniest<\/title>\n<meta name=\"robots\" content=\"index, follow, max-snippet:-1, max-image-preview:large, max-video-preview:-1\" \/>\n<link rel=\"canonical\" href=\"https:\/\/uniest.it\/prodotto\/arnika-gel-1000-ml\/\" \/>\n<meta property=\"og:locale\" content=\"de_DE\" \/>\n<meta property=\"og:type\" content=\"article\" \/>\n<meta property=\"og:title\" content=\"Arnika-Gel - 1000 ml - Uniest\" \/>\n<meta property=\"og:description\" content=\"Arnica Gel Ricarica ist ein Anti-M\u00fcdigkeits-Mittel schlechthin, es hilft: &#8211; die Bildung von H\u00e4matomen zu mildern; &#8211; Schwellungen reduzieren; &#8211; Schmerzen aufgrund eines Traumas lindern; &#8211; Linderung von Schmerzen aufgrund \u00fcberm\u00e4\u00dfiger Arbeit. Die reibende Wirkung von Arnika regt die Durchblutung an und f\u00f6rdert die Resorption von Traumata. Die bekannte erm\u00fcdungshemmende und abschwellende Wirkung der hochgesch\u00e4tzten [&hellip;]\" \/>\n<meta property=\"og:url\" content=\"https:\/\/uniest.it\/prodotto\/arnika-gel-1000-ml\/\" \/>\n<meta property=\"og:site_name\" content=\"Uniest\" \/>\n<meta name=\"twitter:card\" content=\"summary_large_image\" \/>\n<script type=\"application\/ld+json\" class=\"yoast-schema-graph\">{\"@context\":\"https:\/\/schema.org\",\"@graph\":[{\"@type\":\"WebPage\",\"@id\":\"https:\/\/uniest.it\/prodotto\/arnika-gel-1000-ml\/\",\"url\":\"https:\/\/uniest.it\/prodotto\/arnika-gel-1000-ml\/\",\"name\":\"Arnika-Gel - 1000 ml - Uniest\",\"isPartOf\":{\"@id\":\"https:\/\/uniest.it\/#website\"},\"primaryImageOfPage\":{\"@id\":\"https:\/\/uniest.it\/prodotto\/arnika-gel-1000-ml\/#primaryimage\"},\"image\":{\"@id\":\"https:\/\/uniest.it\/prodotto\/arnika-gel-1000-ml\/#primaryimage\"},\"thumbnailUrl\":\"https:\/\/uniest.it\/wp-content\/uploads\/2020\/12\/606AAC.png\",\"datePublished\":\"2024-10-29T17:56:38+00:00\",\"breadcrumb\":{\"@id\":\"https:\/\/uniest.it\/prodotto\/arnika-gel-1000-ml\/#breadcrumb\"},\"inLanguage\":\"de\",\"potentialAction\":[{\"@type\":\"ReadAction\",\"target\":[\"https:\/\/uniest.it\/prodotto\/arnika-gel-1000-ml\/\"]}]},{\"@type\":\"ImageObject\",\"inLanguage\":\"de\",\"@id\":\"https:\/\/uniest.it\/prodotto\/arnika-gel-1000-ml\/#primaryimage\",\"url\":\"https:\/\/uniest.it\/wp-content\/uploads\/2020\/12\/606AAC.png\",\"contentUrl\":\"https:\/\/uniest.it\/wp-content\/uploads\/2020\/12\/606AAC.png\",\"width\":1283,\"height\":2000},{\"@type\":\"BreadcrumbList\",\"@id\":\"https:\/\/uniest.it\/prodotto\/arnika-gel-1000-ml\/#breadcrumb\",\"itemListElement\":[{\"@type\":\"ListItem\",\"position\":1,\"name\":\"Home\",\"item\":\"https:\/\/uniest.it\/de\/\"},{\"@type\":\"ListItem\",\"position\":2,\"name\":\"Shop\",\"item\":\"https:\/\/uniest.it\/shop\/\"},{\"@type\":\"ListItem\",\"position\":3,\"name\":\"Arnika-Gel &#8211; 1000 ml\"}]},{\"@type\":\"WebSite\",\"@id\":\"https:\/\/uniest.it\/#website\",\"url\":\"https:\/\/uniest.it\/\",\"name\":\"Uniest\",\"description\":\"Cosmetici Naturali e Bio\",\"potentialAction\":[{\"@type\":\"SearchAction\",\"target\":{\"@type\":\"EntryPoint\",\"urlTemplate\":\"https:\/\/uniest.it\/?s={search_term_string}\"},\"query-input\":{\"@type\":\"PropertyValueSpecification\",\"valueRequired\":true,\"valueName\":\"search_term_string\"}}],\"inLanguage\":\"de\"}]}<\/script>\n<!-- \/ Yoast SEO plugin. -->","yoast_head_json":{"title":"Arnika-Gel - 1000 ml - Uniest","robots":{"index":"index","follow":"follow","max-snippet":"max-snippet:-1","max-image-preview":"max-image-preview:large","max-video-preview":"max-video-preview:-1"},"canonical":"https:\/\/uniest.it\/prodotto\/arnika-gel-1000-ml\/","og_locale":"de_DE","og_type":"article","og_title":"Arnika-Gel - 1000 ml - Uniest","og_description":"Arnica Gel Ricarica ist ein Anti-M\u00fcdigkeits-Mittel schlechthin, es hilft: &#8211; die Bildung von H\u00e4matomen zu mildern; &#8211; Schwellungen reduzieren; &#8211; Schmerzen aufgrund eines Traumas lindern; &#8211; Linderung von Schmerzen aufgrund \u00fcberm\u00e4\u00dfiger Arbeit. Die reibende Wirkung von Arnika regt die Durchblutung an und f\u00f6rdert die Resorption von Traumata. Die bekannte erm\u00fcdungshemmende und abschwellende Wirkung der hochgesch\u00e4tzten [&hellip;]","og_url":"https:\/\/uniest.it\/prodotto\/arnika-gel-1000-ml\/","og_site_name":"Uniest","twitter_card":"summary_large_image","schema":{"@context":"https:\/\/schema.org","@graph":[{"@type":"WebPage","@id":"https:\/\/uniest.it\/prodotto\/arnika-gel-1000-ml\/","url":"https:\/\/uniest.it\/prodotto\/arnika-gel-1000-ml\/","name":"Arnika-Gel - 1000 ml - Uniest","isPartOf":{"@id":"https:\/\/uniest.it\/#website"},"primaryImageOfPage":{"@id":"https:\/\/uniest.it\/prodotto\/arnika-gel-1000-ml\/#primaryimage"},"image":{"@id":"https:\/\/uniest.it\/prodotto\/arnika-gel-1000-ml\/#primaryimage"},"thumbnailUrl":"https:\/\/uniest.it\/wp-content\/uploads\/2020\/12\/606AAC.png","datePublished":"2024-10-29T17:56:38+00:00","breadcrumb":{"@id":"https:\/\/uniest.it\/prodotto\/arnika-gel-1000-ml\/#breadcrumb"},"inLanguage":"de","potentialAction":[{"@type":"ReadAction","target":["https:\/\/uniest.it\/prodotto\/arnika-gel-1000-ml\/"]}]},{"@type":"ImageObject","inLanguage":"de","@id":"https:\/\/uniest.it\/prodotto\/arnika-gel-1000-ml\/#primaryimage","url":"https:\/\/uniest.it\/wp-content\/uploads\/2020\/12\/606AAC.png","contentUrl":"https:\/\/uniest.it\/wp-content\/uploads\/2020\/12\/606AAC.png","width":1283,"height":2000},{"@type":"BreadcrumbList","@id":"https:\/\/uniest.it\/prodotto\/arnika-gel-1000-ml\/#breadcrumb","itemListElement":[{"@type":"ListItem","position":1,"name":"Home","item":"https:\/\/uniest.it\/de\/"},{"@type":"ListItem","position":2,"name":"Shop","item":"https:\/\/uniest.it\/shop\/"},{"@type":"ListItem","position":3,"name":"Arnika-Gel &#8211; 1000 ml"}]},{"@type":"WebSite","@id":"https:\/\/uniest.it\/#website","url":"https:\/\/uniest.it\/","name":"Uniest","description":"Cosmetici Naturali e Bio","potentialAction":[{"@type":"SearchAction","target":{"@type":"EntryPoint","urlTemplate":"https:\/\/uniest.it\/?s={search_term_string}"},"query-input":{"@type":"PropertyValueSpecification","valueRequired":true,"valueName":"search_term_string"}}],"inLanguage":"de"}]}},"_links":{"self":[{"href":"https:\/\/uniest.it\/de\/wp-json\/wp\/v2\/product\/7346","targetHints":{"allow":["GET"]}}],"collection":[{"href":"https:\/\/uniest.it\/de\/wp-json\/wp\/v2\/product"}],"about":[{"href":"https:\/\/uniest.it\/de\/wp-json\/wp\/v2\/types\/product"}],"wp:featuredmedia":[{"embeddable":true,"href":"https:\/\/uniest.it\/de\/wp-json\/wp\/v2\/media\/7347"}],"wp:attachment":[{"href":"https:\/\/uniest.it\/de\/wp-json\/wp\/v2\/media?parent=7346"}],"wp:term":[{"taxonomy":"product_brand","embeddable":true,"href":"https:\/\/uniest.it\/de\/wp-json\/wp\/v2\/product_brand?post=7346"},{"taxonomy":"product_cat","embeddable":true,"href":"https:\/\/uniest.it\/de\/wp-json\/wp\/v2\/product_cat?post=7346"},{"taxonomy":"product_tag","embeddable":true,"href":"https:\/\/uniest.it\/de\/wp-json\/wp\/v2\/product_tag?post=7346"}],"curies":[{"name":"wp","href":"https:\/\/api.w.org\/{rel}","templated":true}]}}