{"id":7349,"date":"2024-10-29T18:56:39","date_gmt":"2024-10-29T17:56:39","guid":{"rendered":"https:\/\/uniest.it\/prodotto\/bio-shampoo-5000-ml\/"},"modified":"2024-10-29T18:56:39","modified_gmt":"2024-10-29T17:56:39","slug":"bio-shampoo-5000-ml","status":"publish","type":"product","link":"https:\/\/uniest.it\/de\/prodotto\/bio-shampoo-5000-ml\/","title":{"rendered":"Bio-Shampoo &#8211; 5000 ml"},"content":{"rendered":"<p>Bio Natural Shampoo for Animals ist ein sehr sanftes Shampoo, das als echte Sch\u00f6nheitsbehandlung f\u00fcr unsere tierischen Freunde entwickelt wurde. Formuliert mit den besten Rohstoffen, die f\u00fcr N\u00e4hrstoffe, Weichheit und Schutz sorgen und gleichzeitig den nat\u00fcrlichen physiologischen pH-Wert respektieren. Angereichert mit Milchs\u00e4ure reguliert und normalisiert es den physiologischen pH-Wert; Bio-Aloe* in Synergie mit Bio-Kamillenextrakt* und Panthenol sind in der Lage, selbst Tieren, die sanften Schutz und Reinigung ben\u00f6tigen, die richtige Ern\u00e4hrung zu bieten.<\/p>\n","protected":false},"excerpt":{"rendered":"<p>Bio Natural Shampoo for Animals ist ein sehr sanftes Shampoo, das als echte Sch\u00f6nheitsbehandlung f\u00fcr unsere tierischen Freunde entwickelt wurde. Formuliert mit den besten Rohstoffen, die f\u00fcr N\u00e4hrstoffe, Weichheit und Schutz sorgen und gleichzeitig den nat\u00fcrlichen physiologischen pH-Wert respektieren. Angereichert mit Milchs\u00e4ure reguliert und normalisiert es den physiologischen pH-Wert; Bio-Aloe* in Synergie mit Bio-Kamillenextrakt* und [&hellip;]<\/p>\n","protected":false},"featured_media":7350,"template":"","meta":{"_acf_changed":false,"inline_featured_image":false},"product_brand":[],"product_cat":[1491],"product_tag":[],"class_list":{"0":"post-7349","1":"product","2":"type-product","3":"status-publish","4":"has-post-thumbnail","6":"product_beauty-aromatizzare-e-profumare","7":"product_beauty-detergere","8":"product_beauty-idratare","9":"product_skin-tutti-gli-animali","10":"product_kind-trattamenti-speciali","11":"product_kind_pets-detergenti-animali","12":"product_lines-animal-care","13":"product_cat-famiglia-e-pet-de","14":"pa_size-5000-de","16":"first","17":"instock","18":"taxable","19":"shipping-taxable","20":"purchasable","21":"product-type-simple"},"acf":[],"yoast_head":"<!-- This site is optimized with the Yoast SEO plugin v24.6 - https:\/\/yoast.com\/wordpress\/plugins\/seo\/ -->\n<title>Bio-Shampoo - 5000 ml - Uniest<\/title>\n<meta name=\"robots\" content=\"index, follow, max-snippet:-1, max-image-preview:large, max-video-preview:-1\" \/>\n<link rel=\"canonical\" href=\"https:\/\/uniest.it\/prodotto\/bio-shampoo-5000-ml\/\" \/>\n<meta property=\"og:locale\" content=\"de_DE\" \/>\n<meta property=\"og:type\" content=\"article\" \/>\n<meta property=\"og:title\" content=\"Bio-Shampoo - 5000 ml - Uniest\" \/>\n<meta property=\"og:description\" content=\"Bio Natural Shampoo for Animals ist ein sehr sanftes Shampoo, das als echte Sch\u00f6nheitsbehandlung f\u00fcr unsere tierischen Freunde entwickelt wurde. Formuliert mit den besten Rohstoffen, die f\u00fcr N\u00e4hrstoffe, Weichheit und Schutz sorgen und gleichzeitig den nat\u00fcrlichen physiologischen pH-Wert respektieren. Angereichert mit Milchs\u00e4ure reguliert und normalisiert es den physiologischen pH-Wert; Bio-Aloe* in Synergie mit Bio-Kamillenextrakt* und [&hellip;]\" \/>\n<meta property=\"og:url\" content=\"https:\/\/uniest.it\/prodotto\/bio-shampoo-5000-ml\/\" \/>\n<meta property=\"og:site_name\" content=\"Uniest\" \/>\n<meta name=\"twitter:card\" content=\"summary_large_image\" \/>\n<script type=\"application\/ld+json\" class=\"yoast-schema-graph\">{\"@context\":\"https:\/\/schema.org\",\"@graph\":[{\"@type\":\"WebPage\",\"@id\":\"https:\/\/uniest.it\/prodotto\/bio-shampoo-5000-ml\/\",\"url\":\"https:\/\/uniest.it\/prodotto\/bio-shampoo-5000-ml\/\",\"name\":\"Bio-Shampoo - 5000 ml - Uniest\",\"isPartOf\":{\"@id\":\"https:\/\/uniest.it\/#website\"},\"primaryImageOfPage\":{\"@id\":\"https:\/\/uniest.it\/prodotto\/bio-shampoo-5000-ml\/#primaryimage\"},\"image\":{\"@id\":\"https:\/\/uniest.it\/prodotto\/bio-shampoo-5000-ml\/#primaryimage\"},\"thumbnailUrl\":\"https:\/\/uniest.it\/wp-content\/uploads\/2020\/12\/609AAC.png\",\"datePublished\":\"2024-10-29T17:56:39+00:00\",\"breadcrumb\":{\"@id\":\"https:\/\/uniest.it\/prodotto\/bio-shampoo-5000-ml\/#breadcrumb\"},\"inLanguage\":\"de\",\"potentialAction\":[{\"@type\":\"ReadAction\",\"target\":[\"https:\/\/uniest.it\/prodotto\/bio-shampoo-5000-ml\/\"]}]},{\"@type\":\"ImageObject\",\"inLanguage\":\"de\",\"@id\":\"https:\/\/uniest.it\/prodotto\/bio-shampoo-5000-ml\/#primaryimage\",\"url\":\"https:\/\/uniest.it\/wp-content\/uploads\/2020\/12\/609AAC.png\",\"contentUrl\":\"https:\/\/uniest.it\/wp-content\/uploads\/2020\/12\/609AAC.png\",\"width\":1283,\"height\":2000},{\"@type\":\"BreadcrumbList\",\"@id\":\"https:\/\/uniest.it\/prodotto\/bio-shampoo-5000-ml\/#breadcrumb\",\"itemListElement\":[{\"@type\":\"ListItem\",\"position\":1,\"name\":\"Home\",\"item\":\"https:\/\/uniest.it\/de\/\"},{\"@type\":\"ListItem\",\"position\":2,\"name\":\"Shop\",\"item\":\"https:\/\/uniest.it\/shop\/\"},{\"@type\":\"ListItem\",\"position\":3,\"name\":\"Bio-Shampoo &#8211; 5000 ml\"}]},{\"@type\":\"WebSite\",\"@id\":\"https:\/\/uniest.it\/#website\",\"url\":\"https:\/\/uniest.it\/\",\"name\":\"Uniest\",\"description\":\"Cosmetici Naturali e Bio\",\"potentialAction\":[{\"@type\":\"SearchAction\",\"target\":{\"@type\":\"EntryPoint\",\"urlTemplate\":\"https:\/\/uniest.it\/?s={search_term_string}\"},\"query-input\":{\"@type\":\"PropertyValueSpecification\",\"valueRequired\":true,\"valueName\":\"search_term_string\"}}],\"inLanguage\":\"de\"}]}<\/script>\n<!-- \/ Yoast SEO plugin. -->","yoast_head_json":{"title":"Bio-Shampoo - 5000 ml - Uniest","robots":{"index":"index","follow":"follow","max-snippet":"max-snippet:-1","max-image-preview":"max-image-preview:large","max-video-preview":"max-video-preview:-1"},"canonical":"https:\/\/uniest.it\/prodotto\/bio-shampoo-5000-ml\/","og_locale":"de_DE","og_type":"article","og_title":"Bio-Shampoo - 5000 ml - Uniest","og_description":"Bio Natural Shampoo for Animals ist ein sehr sanftes Shampoo, das als echte Sch\u00f6nheitsbehandlung f\u00fcr unsere tierischen Freunde entwickelt wurde. Formuliert mit den besten Rohstoffen, die f\u00fcr N\u00e4hrstoffe, Weichheit und Schutz sorgen und gleichzeitig den nat\u00fcrlichen physiologischen pH-Wert respektieren. Angereichert mit Milchs\u00e4ure reguliert und normalisiert es den physiologischen pH-Wert; Bio-Aloe* in Synergie mit Bio-Kamillenextrakt* und [&hellip;]","og_url":"https:\/\/uniest.it\/prodotto\/bio-shampoo-5000-ml\/","og_site_name":"Uniest","twitter_card":"summary_large_image","schema":{"@context":"https:\/\/schema.org","@graph":[{"@type":"WebPage","@id":"https:\/\/uniest.it\/prodotto\/bio-shampoo-5000-ml\/","url":"https:\/\/uniest.it\/prodotto\/bio-shampoo-5000-ml\/","name":"Bio-Shampoo - 5000 ml - Uniest","isPartOf":{"@id":"https:\/\/uniest.it\/#website"},"primaryImageOfPage":{"@id":"https:\/\/uniest.it\/prodotto\/bio-shampoo-5000-ml\/#primaryimage"},"image":{"@id":"https:\/\/uniest.it\/prodotto\/bio-shampoo-5000-ml\/#primaryimage"},"thumbnailUrl":"https:\/\/uniest.it\/wp-content\/uploads\/2020\/12\/609AAC.png","datePublished":"2024-10-29T17:56:39+00:00","breadcrumb":{"@id":"https:\/\/uniest.it\/prodotto\/bio-shampoo-5000-ml\/#breadcrumb"},"inLanguage":"de","potentialAction":[{"@type":"ReadAction","target":["https:\/\/uniest.it\/prodotto\/bio-shampoo-5000-ml\/"]}]},{"@type":"ImageObject","inLanguage":"de","@id":"https:\/\/uniest.it\/prodotto\/bio-shampoo-5000-ml\/#primaryimage","url":"https:\/\/uniest.it\/wp-content\/uploads\/2020\/12\/609AAC.png","contentUrl":"https:\/\/uniest.it\/wp-content\/uploads\/2020\/12\/609AAC.png","width":1283,"height":2000},{"@type":"BreadcrumbList","@id":"https:\/\/uniest.it\/prodotto\/bio-shampoo-5000-ml\/#breadcrumb","itemListElement":[{"@type":"ListItem","position":1,"name":"Home","item":"https:\/\/uniest.it\/de\/"},{"@type":"ListItem","position":2,"name":"Shop","item":"https:\/\/uniest.it\/shop\/"},{"@type":"ListItem","position":3,"name":"Bio-Shampoo &#8211; 5000 ml"}]},{"@type":"WebSite","@id":"https:\/\/uniest.it\/#website","url":"https:\/\/uniest.it\/","name":"Uniest","description":"Cosmetici Naturali e Bio","potentialAction":[{"@type":"SearchAction","target":{"@type":"EntryPoint","urlTemplate":"https:\/\/uniest.it\/?s={search_term_string}"},"query-input":{"@type":"PropertyValueSpecification","valueRequired":true,"valueName":"search_term_string"}}],"inLanguage":"de"}]}},"_links":{"self":[{"href":"https:\/\/uniest.it\/de\/wp-json\/wp\/v2\/product\/7349","targetHints":{"allow":["GET"]}}],"collection":[{"href":"https:\/\/uniest.it\/de\/wp-json\/wp\/v2\/product"}],"about":[{"href":"https:\/\/uniest.it\/de\/wp-json\/wp\/v2\/types\/product"}],"wp:featuredmedia":[{"embeddable":true,"href":"https:\/\/uniest.it\/de\/wp-json\/wp\/v2\/media\/7350"}],"wp:attachment":[{"href":"https:\/\/uniest.it\/de\/wp-json\/wp\/v2\/media?parent=7349"}],"wp:term":[{"taxonomy":"product_brand","embeddable":true,"href":"https:\/\/uniest.it\/de\/wp-json\/wp\/v2\/product_brand?post=7349"},{"taxonomy":"product_cat","embeddable":true,"href":"https:\/\/uniest.it\/de\/wp-json\/wp\/v2\/product_cat?post=7349"},{"taxonomy":"product_tag","embeddable":true,"href":"https:\/\/uniest.it\/de\/wp-json\/wp\/v2\/product_tag?post=7349"}],"curies":[{"name":"wp","href":"https:\/\/api.w.org\/{rel}","templated":true}]}}