{"id":7352,"date":"2021-02-04T13:00:25","date_gmt":"2024-10-29T17:56:39","guid":{"rendered":"https:\/\/uniest.it\/prodotto\/kraeftigende-und-verdickende-maske\/"},"modified":"2024-10-29T18:56:39","modified_gmt":"2024-10-29T17:56:39","slug":"kraeftigende-und-verdickende-maske","status":"publish","type":"product","link":"https:\/\/uniest.it\/de\/prodotto\/kraeftigende-und-verdickende-maske\/","title":{"rendered":"Kr\u00e4ftigende und verdickende Maske"},"content":{"rendered":"<p>Kr\u00e4ftigende und verdickende Maske, die so konzipiert ist, dass sie sowohl als Pre-Shampoo als auch als Kompresse verwendet werden kann, um die Kopfhaut zu n\u00e4hren und zu regenerieren, mit Feuchtigkeit zu versorgen und auch zu stimulieren. Direkt nach der Haarw\u00e4sche wird das Haar gepflegt, gest\u00e4rkt und entwirrt. wirkt auch als Balsam. Die st\u00e4rkende und verdichtende Maske ist eine echte Sch\u00f6nheitsbehandlung zur Reduzierung von d\u00fcnner werdendem Haar, das zu jeder Jahreszeit in gro\u00dfen Mengen verloren geht. Die spezielle nat\u00fcrliche Formel wurde jedoch mit den Wirkstoffen Maca und Dermosacchariden angereichert und mit Substanzen mit n\u00e4hrenden, feuchtigkeitsspendenden und dermoprotektiven Funktionen angereichert. Durch die st\u00e4ndige Anwendung dieser Maske wird Ihr Haar weich, volumin\u00f6s und gl\u00e4nzend.<\/p>\n","protected":false},"excerpt":{"rendered":"<p>Kr\u00e4ftigende und verdickende Maske, die so konzipiert ist, dass sie sowohl als Pre-Shampoo als auch als Kompresse verwendet werden kann, um die Kopfhaut zu n\u00e4hren und zu regenerieren, mit Feuchtigkeit zu versorgen und auch zu stimulieren. Direkt nach der Haarw\u00e4sche wird das Haar gepflegt, gest\u00e4rkt und entwirrt. wirkt auch als Balsam. Die st\u00e4rkende und verdichtende [&hellip;]<\/p>\n","protected":false},"featured_media":7353,"template":"","meta":{"_acf_changed":false,"inline_featured_image":false},"product_brand":[],"product_cat":[1487,1489,1496],"product_tag":[],"class_list":{"0":"post-7352","1":"product","2":"type-product","3":"status-publish","4":"has-post-thumbnail","6":"product_beauty-idratare","7":"product_beauty-lenire","8":"product_beauty-nutrire-e-rigenerare","9":"product_beauty-proteggere","10":"product_skin-tutti-i-capelli","11":"product_kind-bagno","12":"product_kind-doccia","13":"product_kind-shampoo-e-detergenza","14":"product_kind-trattamenti-speciali","15":"product_lines-capelli","16":"product_cat-capelli-de","17":"product_cat-corpo-de","18":"product_cat-uomo-de","19":"pa_size-250-de","21":"first","22":"instock","23":"taxable","24":"shipping-taxable","25":"purchasable","26":"product-type-simple"},"acf":[],"yoast_head":"<!-- This site is optimized with the Yoast SEO plugin v24.6 - https:\/\/yoast.com\/wordpress\/plugins\/seo\/ -->\n<title>Kr\u00e4ftigende und verdickende Maske - Uniest<\/title>\n<meta name=\"robots\" content=\"index, follow, max-snippet:-1, max-image-preview:large, max-video-preview:-1\" \/>\n<link rel=\"canonical\" href=\"https:\/\/uniest.it\/prodotto\/kraeftigende-und-verdickende-maske\/\" \/>\n<meta property=\"og:locale\" content=\"de_DE\" \/>\n<meta property=\"og:type\" content=\"article\" \/>\n<meta property=\"og:title\" content=\"Kr\u00e4ftigende und verdickende Maske - Uniest\" \/>\n<meta property=\"og:description\" content=\"Kr\u00e4ftigende und verdickende Maske, die so konzipiert ist, dass sie sowohl als Pre-Shampoo als auch als Kompresse verwendet werden kann, um die Kopfhaut zu n\u00e4hren und zu regenerieren, mit Feuchtigkeit zu versorgen und auch zu stimulieren. Direkt nach der Haarw\u00e4sche wird das Haar gepflegt, gest\u00e4rkt und entwirrt. wirkt auch als Balsam. Die st\u00e4rkende und verdichtende [&hellip;]\" \/>\n<meta property=\"og:url\" content=\"https:\/\/uniest.it\/prodotto\/kraeftigende-und-verdickende-maske\/\" \/>\n<meta property=\"og:site_name\" content=\"Uniest\" \/>\n<meta name=\"twitter:card\" content=\"summary_large_image\" \/>\n<meta name=\"twitter:label1\" content=\"Gesch\u00e4tzte Lesezeit\" \/>\n\t<meta name=\"twitter:data1\" content=\"1\u00a0Minute\" \/>\n<script type=\"application\/ld+json\" class=\"yoast-schema-graph\">{\"@context\":\"https:\/\/schema.org\",\"@graph\":[{\"@type\":\"WebPage\",\"@id\":\"https:\/\/uniest.it\/prodotto\/kraeftigende-und-verdickende-maske\/\",\"url\":\"https:\/\/uniest.it\/prodotto\/kraeftigende-und-verdickende-maske\/\",\"name\":\"Kr\u00e4ftigende und verdickende Maske - Uniest\",\"isPartOf\":{\"@id\":\"https:\/\/uniest.it\/#website\"},\"primaryImageOfPage\":{\"@id\":\"https:\/\/uniest.it\/prodotto\/kraeftigende-und-verdickende-maske\/#primaryimage\"},\"image\":{\"@id\":\"https:\/\/uniest.it\/prodotto\/kraeftigende-und-verdickende-maske\/#primaryimage\"},\"thumbnailUrl\":\"https:\/\/uniest.it\/wp-content\/uploads\/2020\/11\/746AAE.png\",\"datePublished\":\"2024-10-29T17:56:39+00:00\",\"breadcrumb\":{\"@id\":\"https:\/\/uniest.it\/prodotto\/kraeftigende-und-verdickende-maske\/#breadcrumb\"},\"inLanguage\":\"de\",\"potentialAction\":[{\"@type\":\"ReadAction\",\"target\":[\"https:\/\/uniest.it\/prodotto\/kraeftigende-und-verdickende-maske\/\"]}]},{\"@type\":\"ImageObject\",\"inLanguage\":\"de\",\"@id\":\"https:\/\/uniest.it\/prodotto\/kraeftigende-und-verdickende-maske\/#primaryimage\",\"url\":\"https:\/\/uniest.it\/wp-content\/uploads\/2020\/11\/746AAE.png\",\"contentUrl\":\"https:\/\/uniest.it\/wp-content\/uploads\/2020\/11\/746AAE.png\",\"width\":1283,\"height\":2000},{\"@type\":\"BreadcrumbList\",\"@id\":\"https:\/\/uniest.it\/prodotto\/kraeftigende-und-verdickende-maske\/#breadcrumb\",\"itemListElement\":[{\"@type\":\"ListItem\",\"position\":1,\"name\":\"Home\",\"item\":\"https:\/\/uniest.it\/de\/\"},{\"@type\":\"ListItem\",\"position\":2,\"name\":\"Shop\",\"item\":\"https:\/\/uniest.it\/shop\/\"},{\"@type\":\"ListItem\",\"position\":3,\"name\":\"Kr\u00e4ftigende und verdickende Maske\"}]},{\"@type\":\"WebSite\",\"@id\":\"https:\/\/uniest.it\/#website\",\"url\":\"https:\/\/uniest.it\/\",\"name\":\"Uniest\",\"description\":\"Cosmetici Naturali e Bio\",\"potentialAction\":[{\"@type\":\"SearchAction\",\"target\":{\"@type\":\"EntryPoint\",\"urlTemplate\":\"https:\/\/uniest.it\/?s={search_term_string}\"},\"query-input\":{\"@type\":\"PropertyValueSpecification\",\"valueRequired\":true,\"valueName\":\"search_term_string\"}}],\"inLanguage\":\"de\"}]}<\/script>\n<!-- \/ Yoast SEO plugin. -->","yoast_head_json":{"title":"Kr\u00e4ftigende und verdickende Maske - Uniest","robots":{"index":"index","follow":"follow","max-snippet":"max-snippet:-1","max-image-preview":"max-image-preview:large","max-video-preview":"max-video-preview:-1"},"canonical":"https:\/\/uniest.it\/prodotto\/kraeftigende-und-verdickende-maske\/","og_locale":"de_DE","og_type":"article","og_title":"Kr\u00e4ftigende und verdickende Maske - Uniest","og_description":"Kr\u00e4ftigende und verdickende Maske, die so konzipiert ist, dass sie sowohl als Pre-Shampoo als auch als Kompresse verwendet werden kann, um die Kopfhaut zu n\u00e4hren und zu regenerieren, mit Feuchtigkeit zu versorgen und auch zu stimulieren. Direkt nach der Haarw\u00e4sche wird das Haar gepflegt, gest\u00e4rkt und entwirrt. wirkt auch als Balsam. Die st\u00e4rkende und verdichtende [&hellip;]","og_url":"https:\/\/uniest.it\/prodotto\/kraeftigende-und-verdickende-maske\/","og_site_name":"Uniest","twitter_card":"summary_large_image","twitter_misc":{"Gesch\u00e4tzte Lesezeit":"1\u00a0Minute"},"schema":{"@context":"https:\/\/schema.org","@graph":[{"@type":"WebPage","@id":"https:\/\/uniest.it\/prodotto\/kraeftigende-und-verdickende-maske\/","url":"https:\/\/uniest.it\/prodotto\/kraeftigende-und-verdickende-maske\/","name":"Kr\u00e4ftigende und verdickende Maske - Uniest","isPartOf":{"@id":"https:\/\/uniest.it\/#website"},"primaryImageOfPage":{"@id":"https:\/\/uniest.it\/prodotto\/kraeftigende-und-verdickende-maske\/#primaryimage"},"image":{"@id":"https:\/\/uniest.it\/prodotto\/kraeftigende-und-verdickende-maske\/#primaryimage"},"thumbnailUrl":"https:\/\/uniest.it\/wp-content\/uploads\/2020\/11\/746AAE.png","datePublished":"2024-10-29T17:56:39+00:00","breadcrumb":{"@id":"https:\/\/uniest.it\/prodotto\/kraeftigende-und-verdickende-maske\/#breadcrumb"},"inLanguage":"de","potentialAction":[{"@type":"ReadAction","target":["https:\/\/uniest.it\/prodotto\/kraeftigende-und-verdickende-maske\/"]}]},{"@type":"ImageObject","inLanguage":"de","@id":"https:\/\/uniest.it\/prodotto\/kraeftigende-und-verdickende-maske\/#primaryimage","url":"https:\/\/uniest.it\/wp-content\/uploads\/2020\/11\/746AAE.png","contentUrl":"https:\/\/uniest.it\/wp-content\/uploads\/2020\/11\/746AAE.png","width":1283,"height":2000},{"@type":"BreadcrumbList","@id":"https:\/\/uniest.it\/prodotto\/kraeftigende-und-verdickende-maske\/#breadcrumb","itemListElement":[{"@type":"ListItem","position":1,"name":"Home","item":"https:\/\/uniest.it\/de\/"},{"@type":"ListItem","position":2,"name":"Shop","item":"https:\/\/uniest.it\/shop\/"},{"@type":"ListItem","position":3,"name":"Kr\u00e4ftigende und verdickende Maske"}]},{"@type":"WebSite","@id":"https:\/\/uniest.it\/#website","url":"https:\/\/uniest.it\/","name":"Uniest","description":"Cosmetici Naturali e Bio","potentialAction":[{"@type":"SearchAction","target":{"@type":"EntryPoint","urlTemplate":"https:\/\/uniest.it\/?s={search_term_string}"},"query-input":{"@type":"PropertyValueSpecification","valueRequired":true,"valueName":"search_term_string"}}],"inLanguage":"de"}]}},"_links":{"self":[{"href":"https:\/\/uniest.it\/de\/wp-json\/wp\/v2\/product\/7352","targetHints":{"allow":["GET"]}}],"collection":[{"href":"https:\/\/uniest.it\/de\/wp-json\/wp\/v2\/product"}],"about":[{"href":"https:\/\/uniest.it\/de\/wp-json\/wp\/v2\/types\/product"}],"wp:featuredmedia":[{"embeddable":true,"href":"https:\/\/uniest.it\/de\/wp-json\/wp\/v2\/media\/7353"}],"wp:attachment":[{"href":"https:\/\/uniest.it\/de\/wp-json\/wp\/v2\/media?parent=7352"}],"wp:term":[{"taxonomy":"product_brand","embeddable":true,"href":"https:\/\/uniest.it\/de\/wp-json\/wp\/v2\/product_brand?post=7352"},{"taxonomy":"product_cat","embeddable":true,"href":"https:\/\/uniest.it\/de\/wp-json\/wp\/v2\/product_cat?post=7352"},{"taxonomy":"product_tag","embeddable":true,"href":"https:\/\/uniest.it\/de\/wp-json\/wp\/v2\/product_tag?post=7352"}],"curies":[{"name":"wp","href":"https:\/\/api.w.org\/{rel}","templated":true}]}}