{"id":7355,"date":"2021-02-04T13:00:44","date_gmt":"2024-10-29T17:56:40","guid":{"rendered":"https:\/\/uniest.it\/prodotto\/kraeftigende-und-verdickende-lotion\/"},"modified":"2024-10-29T18:56:40","modified_gmt":"2024-10-29T17:56:40","slug":"kraeftigende-und-verdickende-lotion","status":"publish","type":"product","link":"https:\/\/uniest.it\/de\/prodotto\/kraeftigende-und-verdickende-lotion\/","title":{"rendered":"Kr\u00e4ftigende und verdickende Lotion"},"content":{"rendered":"<p>Die Kr\u00e4ftigungs- und Verdickungslotion ist eine Lotion f\u00fcr das Haar, die dazu beitr\u00e4gt, das Haar gesund und gut verwurzelt zu halten, und durch die Stimulierung der Kopfhaut auch das Nachwachsen unterst\u00fctzt. Angereichert mit Capsicum-Pflanzenextrakt, Menthol und AC Love Complex sorgt es f\u00fcr gesundes, kr\u00e4ftiges und dickes Haar und pflegt die Kopfhaut. Seine spezielle nat\u00fcrliche Formel wurde mit den Wirkstoffen Maca und Dermosacchariden sowie mit Substanzen mit n\u00e4hrenden, feuchtigkeitsspendenden und dermoprotektiven Funktionen angereichert. Die Wachstumsphase und die Haarausfallresistenz der Haarzwiebel werden angeregt und diese dadurch robuster und f\u00fclliger.<\/p>\n","protected":false},"excerpt":{"rendered":"<p>Die Kr\u00e4ftigungs- und Verdickungslotion ist eine Lotion f\u00fcr das Haar, die dazu beitr\u00e4gt, das Haar gesund und gut verwurzelt zu halten, und durch die Stimulierung der Kopfhaut auch das Nachwachsen unterst\u00fctzt. Angereichert mit Capsicum-Pflanzenextrakt, Menthol und AC Love Complex sorgt es f\u00fcr gesundes, kr\u00e4ftiges und dickes Haar und pflegt die Kopfhaut. Seine spezielle nat\u00fcrliche Formel [&hellip;]<\/p>\n","protected":false},"featured_media":7356,"template":"","meta":{"_acf_changed":false,"inline_featured_image":false},"product_brand":[],"product_cat":[1487,1489,1496],"product_tag":[],"class_list":{"0":"post-7355","1":"product","2":"type-product","3":"status-publish","4":"has-post-thumbnail","6":"product_beauty-idratare","7":"product_beauty-lenire","8":"product_beauty-nutrire-e-rigenerare","9":"product_beauty-proteggere","10":"product_skin-tutti-i-capelli","11":"product_kind-bagno","12":"product_kind-doccia","13":"product_kind-shampoo-e-detergenza","14":"product_kind-trattamenti-speciali","15":"product_lines-capelli","16":"product_cat-capelli-de","17":"product_cat-corpo-de","18":"product_cat-uomo-de","19":"pa_size-50-de","21":"first","22":"instock","23":"taxable","24":"shipping-taxable","25":"purchasable","26":"product-type-simple"},"acf":[],"yoast_head":"<!-- This site is optimized with the Yoast SEO plugin v24.6 - https:\/\/yoast.com\/wordpress\/plugins\/seo\/ -->\n<title>Kr\u00e4ftigende und verdickende Lotion - Uniest<\/title>\n<meta name=\"robots\" content=\"index, follow, max-snippet:-1, max-image-preview:large, max-video-preview:-1\" \/>\n<link rel=\"canonical\" href=\"https:\/\/uniest.it\/prodotto\/kraeftigende-und-verdickende-lotion\/\" \/>\n<meta property=\"og:locale\" content=\"de_DE\" \/>\n<meta property=\"og:type\" content=\"article\" \/>\n<meta property=\"og:title\" content=\"Kr\u00e4ftigende und verdickende Lotion - Uniest\" \/>\n<meta property=\"og:description\" content=\"Die Kr\u00e4ftigungs- und Verdickungslotion ist eine Lotion f\u00fcr das Haar, die dazu beitr\u00e4gt, das Haar gesund und gut verwurzelt zu halten, und durch die Stimulierung der Kopfhaut auch das Nachwachsen unterst\u00fctzt. Angereichert mit Capsicum-Pflanzenextrakt, Menthol und AC Love Complex sorgt es f\u00fcr gesundes, kr\u00e4ftiges und dickes Haar und pflegt die Kopfhaut. Seine spezielle nat\u00fcrliche Formel [&hellip;]\" \/>\n<meta property=\"og:url\" content=\"https:\/\/uniest.it\/prodotto\/kraeftigende-und-verdickende-lotion\/\" \/>\n<meta property=\"og:site_name\" content=\"Uniest\" \/>\n<meta name=\"twitter:card\" content=\"summary_large_image\" \/>\n<script type=\"application\/ld+json\" class=\"yoast-schema-graph\">{\"@context\":\"https:\/\/schema.org\",\"@graph\":[{\"@type\":\"WebPage\",\"@id\":\"https:\/\/uniest.it\/prodotto\/kraeftigende-und-verdickende-lotion\/\",\"url\":\"https:\/\/uniest.it\/prodotto\/kraeftigende-und-verdickende-lotion\/\",\"name\":\"Kr\u00e4ftigende und verdickende Lotion - Uniest\",\"isPartOf\":{\"@id\":\"https:\/\/uniest.it\/#website\"},\"primaryImageOfPage\":{\"@id\":\"https:\/\/uniest.it\/prodotto\/kraeftigende-und-verdickende-lotion\/#primaryimage\"},\"image\":{\"@id\":\"https:\/\/uniest.it\/prodotto\/kraeftigende-und-verdickende-lotion\/#primaryimage\"},\"thumbnailUrl\":\"https:\/\/uniest.it\/wp-content\/uploads\/2020\/11\/747AAE.png\",\"datePublished\":\"2024-10-29T17:56:40+00:00\",\"breadcrumb\":{\"@id\":\"https:\/\/uniest.it\/prodotto\/kraeftigende-und-verdickende-lotion\/#breadcrumb\"},\"inLanguage\":\"de\",\"potentialAction\":[{\"@type\":\"ReadAction\",\"target\":[\"https:\/\/uniest.it\/prodotto\/kraeftigende-und-verdickende-lotion\/\"]}]},{\"@type\":\"ImageObject\",\"inLanguage\":\"de\",\"@id\":\"https:\/\/uniest.it\/prodotto\/kraeftigende-und-verdickende-lotion\/#primaryimage\",\"url\":\"https:\/\/uniest.it\/wp-content\/uploads\/2020\/11\/747AAE.png\",\"contentUrl\":\"https:\/\/uniest.it\/wp-content\/uploads\/2020\/11\/747AAE.png\",\"width\":1283,\"height\":2001},{\"@type\":\"BreadcrumbList\",\"@id\":\"https:\/\/uniest.it\/prodotto\/kraeftigende-und-verdickende-lotion\/#breadcrumb\",\"itemListElement\":[{\"@type\":\"ListItem\",\"position\":1,\"name\":\"Home\",\"item\":\"https:\/\/uniest.it\/de\/\"},{\"@type\":\"ListItem\",\"position\":2,\"name\":\"Shop\",\"item\":\"https:\/\/uniest.it\/shop\/\"},{\"@type\":\"ListItem\",\"position\":3,\"name\":\"Kr\u00e4ftigende und verdickende Lotion\"}]},{\"@type\":\"WebSite\",\"@id\":\"https:\/\/uniest.it\/#website\",\"url\":\"https:\/\/uniest.it\/\",\"name\":\"Uniest\",\"description\":\"Cosmetici Naturali e Bio\",\"potentialAction\":[{\"@type\":\"SearchAction\",\"target\":{\"@type\":\"EntryPoint\",\"urlTemplate\":\"https:\/\/uniest.it\/?s={search_term_string}\"},\"query-input\":{\"@type\":\"PropertyValueSpecification\",\"valueRequired\":true,\"valueName\":\"search_term_string\"}}],\"inLanguage\":\"de\"}]}<\/script>\n<!-- \/ Yoast SEO plugin. -->","yoast_head_json":{"title":"Kr\u00e4ftigende und verdickende Lotion - Uniest","robots":{"index":"index","follow":"follow","max-snippet":"max-snippet:-1","max-image-preview":"max-image-preview:large","max-video-preview":"max-video-preview:-1"},"canonical":"https:\/\/uniest.it\/prodotto\/kraeftigende-und-verdickende-lotion\/","og_locale":"de_DE","og_type":"article","og_title":"Kr\u00e4ftigende und verdickende Lotion - Uniest","og_description":"Die Kr\u00e4ftigungs- und Verdickungslotion ist eine Lotion f\u00fcr das Haar, die dazu beitr\u00e4gt, das Haar gesund und gut verwurzelt zu halten, und durch die Stimulierung der Kopfhaut auch das Nachwachsen unterst\u00fctzt. Angereichert mit Capsicum-Pflanzenextrakt, Menthol und AC Love Complex sorgt es f\u00fcr gesundes, kr\u00e4ftiges und dickes Haar und pflegt die Kopfhaut. Seine spezielle nat\u00fcrliche Formel [&hellip;]","og_url":"https:\/\/uniest.it\/prodotto\/kraeftigende-und-verdickende-lotion\/","og_site_name":"Uniest","twitter_card":"summary_large_image","schema":{"@context":"https:\/\/schema.org","@graph":[{"@type":"WebPage","@id":"https:\/\/uniest.it\/prodotto\/kraeftigende-und-verdickende-lotion\/","url":"https:\/\/uniest.it\/prodotto\/kraeftigende-und-verdickende-lotion\/","name":"Kr\u00e4ftigende und verdickende Lotion - Uniest","isPartOf":{"@id":"https:\/\/uniest.it\/#website"},"primaryImageOfPage":{"@id":"https:\/\/uniest.it\/prodotto\/kraeftigende-und-verdickende-lotion\/#primaryimage"},"image":{"@id":"https:\/\/uniest.it\/prodotto\/kraeftigende-und-verdickende-lotion\/#primaryimage"},"thumbnailUrl":"https:\/\/uniest.it\/wp-content\/uploads\/2020\/11\/747AAE.png","datePublished":"2024-10-29T17:56:40+00:00","breadcrumb":{"@id":"https:\/\/uniest.it\/prodotto\/kraeftigende-und-verdickende-lotion\/#breadcrumb"},"inLanguage":"de","potentialAction":[{"@type":"ReadAction","target":["https:\/\/uniest.it\/prodotto\/kraeftigende-und-verdickende-lotion\/"]}]},{"@type":"ImageObject","inLanguage":"de","@id":"https:\/\/uniest.it\/prodotto\/kraeftigende-und-verdickende-lotion\/#primaryimage","url":"https:\/\/uniest.it\/wp-content\/uploads\/2020\/11\/747AAE.png","contentUrl":"https:\/\/uniest.it\/wp-content\/uploads\/2020\/11\/747AAE.png","width":1283,"height":2001},{"@type":"BreadcrumbList","@id":"https:\/\/uniest.it\/prodotto\/kraeftigende-und-verdickende-lotion\/#breadcrumb","itemListElement":[{"@type":"ListItem","position":1,"name":"Home","item":"https:\/\/uniest.it\/de\/"},{"@type":"ListItem","position":2,"name":"Shop","item":"https:\/\/uniest.it\/shop\/"},{"@type":"ListItem","position":3,"name":"Kr\u00e4ftigende und verdickende Lotion"}]},{"@type":"WebSite","@id":"https:\/\/uniest.it\/#website","url":"https:\/\/uniest.it\/","name":"Uniest","description":"Cosmetici Naturali e Bio","potentialAction":[{"@type":"SearchAction","target":{"@type":"EntryPoint","urlTemplate":"https:\/\/uniest.it\/?s={search_term_string}"},"query-input":{"@type":"PropertyValueSpecification","valueRequired":true,"valueName":"search_term_string"}}],"inLanguage":"de"}]}},"_links":{"self":[{"href":"https:\/\/uniest.it\/de\/wp-json\/wp\/v2\/product\/7355","targetHints":{"allow":["GET"]}}],"collection":[{"href":"https:\/\/uniest.it\/de\/wp-json\/wp\/v2\/product"}],"about":[{"href":"https:\/\/uniest.it\/de\/wp-json\/wp\/v2\/types\/product"}],"wp:featuredmedia":[{"embeddable":true,"href":"https:\/\/uniest.it\/de\/wp-json\/wp\/v2\/media\/7356"}],"wp:attachment":[{"href":"https:\/\/uniest.it\/de\/wp-json\/wp\/v2\/media?parent=7355"}],"wp:term":[{"taxonomy":"product_brand","embeddable":true,"href":"https:\/\/uniest.it\/de\/wp-json\/wp\/v2\/product_brand?post=7355"},{"taxonomy":"product_cat","embeddable":true,"href":"https:\/\/uniest.it\/de\/wp-json\/wp\/v2\/product_cat?post=7355"},{"taxonomy":"product_tag","embeddable":true,"href":"https:\/\/uniest.it\/de\/wp-json\/wp\/v2\/product_tag?post=7355"}],"curies":[{"name":"wp","href":"https:\/\/api.w.org\/{rel}","templated":true}]}}