{"id":7358,"date":"2021-02-04T13:00:44","date_gmt":"2024-10-29T17:56:40","guid":{"rendered":"https:\/\/uniest.it\/prodotto\/haaroel\/"},"modified":"2024-10-29T18:56:40","modified_gmt":"2024-10-29T17:56:40","slug":"haaroel","status":"publish","type":"product","link":"https:\/\/uniest.it\/de\/prodotto\/haaroel\/","title":{"rendered":"Haar\u00f6l"},"content":{"rendered":"<p>Innovatives Haar\u00f6l speziell f\u00fcr die Haarbehandlung. Dank der cleveren Wirkstoffmischung aus pflanzlichem Squalan und den Vitaminen C &amp; Und eine perfekt ausgewogene Basis aus wertvollen \u00d6len, darunter Bio-S\u00fc\u00dfmandel\u00f6l, Jojoba und Reiskleie, verleiht dem Haar Glanz, Geschmeidigkeit, Feuchtigkeit und N\u00e4hrstoffe. Es hilft, die Haarstruktur vor Austrocknung und dem daraus resultierenden Auftreten von Spliss zu sch\u00fctzen und hilft, die Schuppenschicht zu schlie\u00dfen.<\/p>\n","protected":false},"excerpt":{"rendered":"<p>Innovatives Haar\u00f6l speziell f\u00fcr die Haarbehandlung. Dank der cleveren Wirkstoffmischung aus pflanzlichem Squalan und den Vitaminen C &amp; Und eine perfekt ausgewogene Basis aus wertvollen \u00d6len, darunter Bio-S\u00fc\u00dfmandel\u00f6l, Jojoba und Reiskleie, verleiht dem Haar Glanz, Geschmeidigkeit, Feuchtigkeit und N\u00e4hrstoffe. Es hilft, die Haarstruktur vor Austrocknung und dem daraus resultierenden Auftreten von Spliss zu sch\u00fctzen und [&hellip;]<\/p>\n","protected":false},"featured_media":7359,"template":"","meta":{"_acf_changed":false,"inline_featured_image":false},"product_brand":[],"product_cat":[1487,1489],"product_tag":[],"class_list":{"0":"post-7358","1":"product","2":"type-product","3":"status-publish","4":"has-post-thumbnail","6":"product_beauty-idratare","7":"product_beauty-nutrire-e-rigenerare","8":"product_beauty-proteggere","9":"product_skin-tutti-i-capelli","10":"product_kind-bagno","11":"product_kind-doccia","12":"product_kind-oli-e-burri","13":"product_kind-shampoo-e-detergenza","14":"product_lines-capelli","15":"product_cat-capelli-de","16":"product_cat-corpo-de","17":"pa_size-50-de","19":"first","20":"instock","21":"taxable","22":"shipping-taxable","23":"purchasable","24":"product-type-simple"},"acf":[],"yoast_head":"<!-- This site is optimized with the Yoast SEO plugin v24.6 - https:\/\/yoast.com\/wordpress\/plugins\/seo\/ -->\n<title>Haar\u00f6l - Uniest<\/title>\n<meta name=\"robots\" content=\"index, follow, max-snippet:-1, max-image-preview:large, max-video-preview:-1\" \/>\n<link rel=\"canonical\" href=\"https:\/\/uniest.it\/prodotto\/haaroel\/\" \/>\n<meta property=\"og:locale\" content=\"de_DE\" \/>\n<meta property=\"og:type\" content=\"article\" \/>\n<meta property=\"og:title\" content=\"Haar\u00f6l - Uniest\" \/>\n<meta property=\"og:description\" content=\"Innovatives Haar\u00f6l speziell f\u00fcr die Haarbehandlung. Dank der cleveren Wirkstoffmischung aus pflanzlichem Squalan und den Vitaminen C &amp; Und eine perfekt ausgewogene Basis aus wertvollen \u00d6len, darunter Bio-S\u00fc\u00dfmandel\u00f6l, Jojoba und Reiskleie, verleiht dem Haar Glanz, Geschmeidigkeit, Feuchtigkeit und N\u00e4hrstoffe. Es hilft, die Haarstruktur vor Austrocknung und dem daraus resultierenden Auftreten von Spliss zu sch\u00fctzen und [&hellip;]\" \/>\n<meta property=\"og:url\" content=\"https:\/\/uniest.it\/prodotto\/haaroel\/\" \/>\n<meta property=\"og:site_name\" content=\"Uniest\" \/>\n<meta name=\"twitter:card\" content=\"summary_large_image\" \/>\n<script type=\"application\/ld+json\" class=\"yoast-schema-graph\">{\"@context\":\"https:\/\/schema.org\",\"@graph\":[{\"@type\":\"WebPage\",\"@id\":\"https:\/\/uniest.it\/prodotto\/haaroel\/\",\"url\":\"https:\/\/uniest.it\/prodotto\/haaroel\/\",\"name\":\"Haar\u00f6l - Uniest\",\"isPartOf\":{\"@id\":\"https:\/\/uniest.it\/#website\"},\"primaryImageOfPage\":{\"@id\":\"https:\/\/uniest.it\/prodotto\/haaroel\/#primaryimage\"},\"image\":{\"@id\":\"https:\/\/uniest.it\/prodotto\/haaroel\/#primaryimage\"},\"thumbnailUrl\":\"https:\/\/uniest.it\/wp-content\/uploads\/2020\/11\/748AAE.png\",\"datePublished\":\"2024-10-29T17:56:40+00:00\",\"breadcrumb\":{\"@id\":\"https:\/\/uniest.it\/prodotto\/haaroel\/#breadcrumb\"},\"inLanguage\":\"de\",\"potentialAction\":[{\"@type\":\"ReadAction\",\"target\":[\"https:\/\/uniest.it\/prodotto\/haaroel\/\"]}]},{\"@type\":\"ImageObject\",\"inLanguage\":\"de\",\"@id\":\"https:\/\/uniest.it\/prodotto\/haaroel\/#primaryimage\",\"url\":\"https:\/\/uniest.it\/wp-content\/uploads\/2020\/11\/748AAE.png\",\"contentUrl\":\"https:\/\/uniest.it\/wp-content\/uploads\/2020\/11\/748AAE.png\",\"width\":1283,\"height\":2000},{\"@type\":\"BreadcrumbList\",\"@id\":\"https:\/\/uniest.it\/prodotto\/haaroel\/#breadcrumb\",\"itemListElement\":[{\"@type\":\"ListItem\",\"position\":1,\"name\":\"Home\",\"item\":\"https:\/\/uniest.it\/de\/\"},{\"@type\":\"ListItem\",\"position\":2,\"name\":\"Shop\",\"item\":\"https:\/\/uniest.it\/shop\/\"},{\"@type\":\"ListItem\",\"position\":3,\"name\":\"Haar\u00f6l\"}]},{\"@type\":\"WebSite\",\"@id\":\"https:\/\/uniest.it\/#website\",\"url\":\"https:\/\/uniest.it\/\",\"name\":\"Uniest\",\"description\":\"Cosmetici Naturali e Bio\",\"potentialAction\":[{\"@type\":\"SearchAction\",\"target\":{\"@type\":\"EntryPoint\",\"urlTemplate\":\"https:\/\/uniest.it\/?s={search_term_string}\"},\"query-input\":{\"@type\":\"PropertyValueSpecification\",\"valueRequired\":true,\"valueName\":\"search_term_string\"}}],\"inLanguage\":\"de\"}]}<\/script>\n<!-- \/ Yoast SEO plugin. -->","yoast_head_json":{"title":"Haar\u00f6l - Uniest","robots":{"index":"index","follow":"follow","max-snippet":"max-snippet:-1","max-image-preview":"max-image-preview:large","max-video-preview":"max-video-preview:-1"},"canonical":"https:\/\/uniest.it\/prodotto\/haaroel\/","og_locale":"de_DE","og_type":"article","og_title":"Haar\u00f6l - Uniest","og_description":"Innovatives Haar\u00f6l speziell f\u00fcr die Haarbehandlung. Dank der cleveren Wirkstoffmischung aus pflanzlichem Squalan und den Vitaminen C &amp; Und eine perfekt ausgewogene Basis aus wertvollen \u00d6len, darunter Bio-S\u00fc\u00dfmandel\u00f6l, Jojoba und Reiskleie, verleiht dem Haar Glanz, Geschmeidigkeit, Feuchtigkeit und N\u00e4hrstoffe. Es hilft, die Haarstruktur vor Austrocknung und dem daraus resultierenden Auftreten von Spliss zu sch\u00fctzen und [&hellip;]","og_url":"https:\/\/uniest.it\/prodotto\/haaroel\/","og_site_name":"Uniest","twitter_card":"summary_large_image","schema":{"@context":"https:\/\/schema.org","@graph":[{"@type":"WebPage","@id":"https:\/\/uniest.it\/prodotto\/haaroel\/","url":"https:\/\/uniest.it\/prodotto\/haaroel\/","name":"Haar\u00f6l - Uniest","isPartOf":{"@id":"https:\/\/uniest.it\/#website"},"primaryImageOfPage":{"@id":"https:\/\/uniest.it\/prodotto\/haaroel\/#primaryimage"},"image":{"@id":"https:\/\/uniest.it\/prodotto\/haaroel\/#primaryimage"},"thumbnailUrl":"https:\/\/uniest.it\/wp-content\/uploads\/2020\/11\/748AAE.png","datePublished":"2024-10-29T17:56:40+00:00","breadcrumb":{"@id":"https:\/\/uniest.it\/prodotto\/haaroel\/#breadcrumb"},"inLanguage":"de","potentialAction":[{"@type":"ReadAction","target":["https:\/\/uniest.it\/prodotto\/haaroel\/"]}]},{"@type":"ImageObject","inLanguage":"de","@id":"https:\/\/uniest.it\/prodotto\/haaroel\/#primaryimage","url":"https:\/\/uniest.it\/wp-content\/uploads\/2020\/11\/748AAE.png","contentUrl":"https:\/\/uniest.it\/wp-content\/uploads\/2020\/11\/748AAE.png","width":1283,"height":2000},{"@type":"BreadcrumbList","@id":"https:\/\/uniest.it\/prodotto\/haaroel\/#breadcrumb","itemListElement":[{"@type":"ListItem","position":1,"name":"Home","item":"https:\/\/uniest.it\/de\/"},{"@type":"ListItem","position":2,"name":"Shop","item":"https:\/\/uniest.it\/shop\/"},{"@type":"ListItem","position":3,"name":"Haar\u00f6l"}]},{"@type":"WebSite","@id":"https:\/\/uniest.it\/#website","url":"https:\/\/uniest.it\/","name":"Uniest","description":"Cosmetici Naturali e Bio","potentialAction":[{"@type":"SearchAction","target":{"@type":"EntryPoint","urlTemplate":"https:\/\/uniest.it\/?s={search_term_string}"},"query-input":{"@type":"PropertyValueSpecification","valueRequired":true,"valueName":"search_term_string"}}],"inLanguage":"de"}]}},"_links":{"self":[{"href":"https:\/\/uniest.it\/de\/wp-json\/wp\/v2\/product\/7358","targetHints":{"allow":["GET"]}}],"collection":[{"href":"https:\/\/uniest.it\/de\/wp-json\/wp\/v2\/product"}],"about":[{"href":"https:\/\/uniest.it\/de\/wp-json\/wp\/v2\/types\/product"}],"wp:featuredmedia":[{"embeddable":true,"href":"https:\/\/uniest.it\/de\/wp-json\/wp\/v2\/media\/7359"}],"wp:attachment":[{"href":"https:\/\/uniest.it\/de\/wp-json\/wp\/v2\/media?parent=7358"}],"wp:term":[{"taxonomy":"product_brand","embeddable":true,"href":"https:\/\/uniest.it\/de\/wp-json\/wp\/v2\/product_brand?post=7358"},{"taxonomy":"product_cat","embeddable":true,"href":"https:\/\/uniest.it\/de\/wp-json\/wp\/v2\/product_cat?post=7358"},{"taxonomy":"product_tag","embeddable":true,"href":"https:\/\/uniest.it\/de\/wp-json\/wp\/v2\/product_tag?post=7358"}],"curies":[{"name":"wp","href":"https:\/\/api.w.org\/{rel}","templated":true}]}}