{"id":7361,"date":"2021-02-04T13:00:44","date_gmt":"2024-10-29T17:56:41","guid":{"rendered":"https:\/\/uniest.it\/prodotto\/schnelle-gel-post-punktion\/"},"modified":"2024-10-29T18:56:41","modified_gmt":"2024-10-29T17:56:41","slug":"schnelle-gel-post-punktion","status":"publish","type":"product","link":"https:\/\/uniest.it\/de\/prodotto\/schnelle-gel-post-punktion\/","title":{"rendered":"Schnelle Gel-Post-Punktion"},"content":{"rendered":"<p>Zartes innovatives Gel mit nat\u00fcrlicher Formulierung. Dieses weiche Post-Sting-Gel ist f\u00fcr die Behandlung von Insekten- oder M\u00fcckenstichen geeignet, da es den l\u00e4stigen Juckreiz und die Schwellung lindert und sofort lindert. In seiner reichhaltigen nat\u00fcrlichen Formulierung finden wir Bio-Aloe*, Bio-Ringelblume* und den Malven-, Althea- und Ringelblumen-Komplex in Bio-Sonnenblumen\u00f6l*, die eine starke abschwellende Wirkung in Kombination mit einer hervorragenden feuchtigkeitsspendenden, beruhigenden und beruhigenden Wirkung entfalten. NICHT FETTIG. Geeignet f\u00fcr die ganze Familie.<\/p>\n","protected":false},"excerpt":{"rendered":"<p>Zartes innovatives Gel mit nat\u00fcrlicher Formulierung. Dieses weiche Post-Sting-Gel ist f\u00fcr die Behandlung von Insekten- oder M\u00fcckenstichen geeignet, da es den l\u00e4stigen Juckreiz und die Schwellung lindert und sofort lindert. In seiner reichhaltigen nat\u00fcrlichen Formulierung finden wir Bio-Aloe*, Bio-Ringelblume* und den Malven-, Althea- und Ringelblumen-Komplex in Bio-Sonnenblumen\u00f6l*, die eine starke abschwellende Wirkung in Kombination mit [&hellip;]<\/p>\n","protected":false},"featured_media":7362,"template":"","meta":{"_acf_changed":false,"inline_featured_image":false},"product_brand":[],"product_cat":[1489],"product_tag":[],"class_list":{"0":"post-7361","1":"product","2":"type-product","3":"status-publish","4":"has-post-thumbnail","6":"product_beauty-idratare","7":"product_beauty-lenire","8":"product_skin-tutte-le-pelli","9":"product_kind-trattamenti-speciali","10":"product_lines-igiene-e-protezione","11":"product_cat-corpo-de","12":"pa_size-30-de","14":"first","15":"instock","16":"taxable","17":"shipping-taxable","18":"purchasable","19":"product-type-simple"},"acf":[],"yoast_head":"<!-- This site is optimized with the Yoast SEO plugin v24.6 - https:\/\/yoast.com\/wordpress\/plugins\/seo\/ -->\n<title>Schnelle Gel-Post-Punktion - Uniest<\/title>\n<meta name=\"robots\" content=\"index, follow, max-snippet:-1, max-image-preview:large, max-video-preview:-1\" \/>\n<link rel=\"canonical\" href=\"https:\/\/uniest.it\/prodotto\/schnelle-gel-post-punktion\/\" \/>\n<meta property=\"og:locale\" content=\"de_DE\" \/>\n<meta property=\"og:type\" content=\"article\" \/>\n<meta property=\"og:title\" content=\"Schnelle Gel-Post-Punktion - Uniest\" \/>\n<meta property=\"og:description\" content=\"Zartes innovatives Gel mit nat\u00fcrlicher Formulierung. Dieses weiche Post-Sting-Gel ist f\u00fcr die Behandlung von Insekten- oder M\u00fcckenstichen geeignet, da es den l\u00e4stigen Juckreiz und die Schwellung lindert und sofort lindert. In seiner reichhaltigen nat\u00fcrlichen Formulierung finden wir Bio-Aloe*, Bio-Ringelblume* und den Malven-, Althea- und Ringelblumen-Komplex in Bio-Sonnenblumen\u00f6l*, die eine starke abschwellende Wirkung in Kombination mit [&hellip;]\" \/>\n<meta property=\"og:url\" content=\"https:\/\/uniest.it\/prodotto\/schnelle-gel-post-punktion\/\" \/>\n<meta property=\"og:site_name\" content=\"Uniest\" \/>\n<meta name=\"twitter:card\" content=\"summary_large_image\" \/>\n<script type=\"application\/ld+json\" class=\"yoast-schema-graph\">{\"@context\":\"https:\/\/schema.org\",\"@graph\":[{\"@type\":\"WebPage\",\"@id\":\"https:\/\/uniest.it\/prodotto\/schnelle-gel-post-punktion\/\",\"url\":\"https:\/\/uniest.it\/prodotto\/schnelle-gel-post-punktion\/\",\"name\":\"Schnelle Gel-Post-Punktion - Uniest\",\"isPartOf\":{\"@id\":\"https:\/\/uniest.it\/#website\"},\"primaryImageOfPage\":{\"@id\":\"https:\/\/uniest.it\/prodotto\/schnelle-gel-post-punktion\/#primaryimage\"},\"image\":{\"@id\":\"https:\/\/uniest.it\/prodotto\/schnelle-gel-post-punktion\/#primaryimage\"},\"thumbnailUrl\":\"https:\/\/uniest.it\/wp-content\/uploads\/2020\/11\/752AAE.png\",\"datePublished\":\"2024-10-29T17:56:41+00:00\",\"breadcrumb\":{\"@id\":\"https:\/\/uniest.it\/prodotto\/schnelle-gel-post-punktion\/#breadcrumb\"},\"inLanguage\":\"de\",\"potentialAction\":[{\"@type\":\"ReadAction\",\"target\":[\"https:\/\/uniest.it\/prodotto\/schnelle-gel-post-punktion\/\"]}]},{\"@type\":\"ImageObject\",\"inLanguage\":\"de\",\"@id\":\"https:\/\/uniest.it\/prodotto\/schnelle-gel-post-punktion\/#primaryimage\",\"url\":\"https:\/\/uniest.it\/wp-content\/uploads\/2020\/11\/752AAE.png\",\"contentUrl\":\"https:\/\/uniest.it\/wp-content\/uploads\/2020\/11\/752AAE.png\",\"width\":1283,\"height\":2000},{\"@type\":\"BreadcrumbList\",\"@id\":\"https:\/\/uniest.it\/prodotto\/schnelle-gel-post-punktion\/#breadcrumb\",\"itemListElement\":[{\"@type\":\"ListItem\",\"position\":1,\"name\":\"Home\",\"item\":\"https:\/\/uniest.it\/de\/\"},{\"@type\":\"ListItem\",\"position\":2,\"name\":\"Shop\",\"item\":\"https:\/\/uniest.it\/shop\/\"},{\"@type\":\"ListItem\",\"position\":3,\"name\":\"Schnelle Gel-Post-Punktion\"}]},{\"@type\":\"WebSite\",\"@id\":\"https:\/\/uniest.it\/#website\",\"url\":\"https:\/\/uniest.it\/\",\"name\":\"Uniest\",\"description\":\"Cosmetici Naturali e Bio\",\"potentialAction\":[{\"@type\":\"SearchAction\",\"target\":{\"@type\":\"EntryPoint\",\"urlTemplate\":\"https:\/\/uniest.it\/?s={search_term_string}\"},\"query-input\":{\"@type\":\"PropertyValueSpecification\",\"valueRequired\":true,\"valueName\":\"search_term_string\"}}],\"inLanguage\":\"de\"}]}<\/script>\n<!-- \/ Yoast SEO plugin. -->","yoast_head_json":{"title":"Schnelle Gel-Post-Punktion - Uniest","robots":{"index":"index","follow":"follow","max-snippet":"max-snippet:-1","max-image-preview":"max-image-preview:large","max-video-preview":"max-video-preview:-1"},"canonical":"https:\/\/uniest.it\/prodotto\/schnelle-gel-post-punktion\/","og_locale":"de_DE","og_type":"article","og_title":"Schnelle Gel-Post-Punktion - Uniest","og_description":"Zartes innovatives Gel mit nat\u00fcrlicher Formulierung. Dieses weiche Post-Sting-Gel ist f\u00fcr die Behandlung von Insekten- oder M\u00fcckenstichen geeignet, da es den l\u00e4stigen Juckreiz und die Schwellung lindert und sofort lindert. In seiner reichhaltigen nat\u00fcrlichen Formulierung finden wir Bio-Aloe*, Bio-Ringelblume* und den Malven-, Althea- und Ringelblumen-Komplex in Bio-Sonnenblumen\u00f6l*, die eine starke abschwellende Wirkung in Kombination mit [&hellip;]","og_url":"https:\/\/uniest.it\/prodotto\/schnelle-gel-post-punktion\/","og_site_name":"Uniest","twitter_card":"summary_large_image","schema":{"@context":"https:\/\/schema.org","@graph":[{"@type":"WebPage","@id":"https:\/\/uniest.it\/prodotto\/schnelle-gel-post-punktion\/","url":"https:\/\/uniest.it\/prodotto\/schnelle-gel-post-punktion\/","name":"Schnelle Gel-Post-Punktion - Uniest","isPartOf":{"@id":"https:\/\/uniest.it\/#website"},"primaryImageOfPage":{"@id":"https:\/\/uniest.it\/prodotto\/schnelle-gel-post-punktion\/#primaryimage"},"image":{"@id":"https:\/\/uniest.it\/prodotto\/schnelle-gel-post-punktion\/#primaryimage"},"thumbnailUrl":"https:\/\/uniest.it\/wp-content\/uploads\/2020\/11\/752AAE.png","datePublished":"2024-10-29T17:56:41+00:00","breadcrumb":{"@id":"https:\/\/uniest.it\/prodotto\/schnelle-gel-post-punktion\/#breadcrumb"},"inLanguage":"de","potentialAction":[{"@type":"ReadAction","target":["https:\/\/uniest.it\/prodotto\/schnelle-gel-post-punktion\/"]}]},{"@type":"ImageObject","inLanguage":"de","@id":"https:\/\/uniest.it\/prodotto\/schnelle-gel-post-punktion\/#primaryimage","url":"https:\/\/uniest.it\/wp-content\/uploads\/2020\/11\/752AAE.png","contentUrl":"https:\/\/uniest.it\/wp-content\/uploads\/2020\/11\/752AAE.png","width":1283,"height":2000},{"@type":"BreadcrumbList","@id":"https:\/\/uniest.it\/prodotto\/schnelle-gel-post-punktion\/#breadcrumb","itemListElement":[{"@type":"ListItem","position":1,"name":"Home","item":"https:\/\/uniest.it\/de\/"},{"@type":"ListItem","position":2,"name":"Shop","item":"https:\/\/uniest.it\/shop\/"},{"@type":"ListItem","position":3,"name":"Schnelle Gel-Post-Punktion"}]},{"@type":"WebSite","@id":"https:\/\/uniest.it\/#website","url":"https:\/\/uniest.it\/","name":"Uniest","description":"Cosmetici Naturali e Bio","potentialAction":[{"@type":"SearchAction","target":{"@type":"EntryPoint","urlTemplate":"https:\/\/uniest.it\/?s={search_term_string}"},"query-input":{"@type":"PropertyValueSpecification","valueRequired":true,"valueName":"search_term_string"}}],"inLanguage":"de"}]}},"_links":{"self":[{"href":"https:\/\/uniest.it\/de\/wp-json\/wp\/v2\/product\/7361","targetHints":{"allow":["GET"]}}],"collection":[{"href":"https:\/\/uniest.it\/de\/wp-json\/wp\/v2\/product"}],"about":[{"href":"https:\/\/uniest.it\/de\/wp-json\/wp\/v2\/types\/product"}],"wp:featuredmedia":[{"embeddable":true,"href":"https:\/\/uniest.it\/de\/wp-json\/wp\/v2\/media\/7362"}],"wp:attachment":[{"href":"https:\/\/uniest.it\/de\/wp-json\/wp\/v2\/media?parent=7361"}],"wp:term":[{"taxonomy":"product_brand","embeddable":true,"href":"https:\/\/uniest.it\/de\/wp-json\/wp\/v2\/product_brand?post=7361"},{"taxonomy":"product_cat","embeddable":true,"href":"https:\/\/uniest.it\/de\/wp-json\/wp\/v2\/product_cat?post=7361"},{"taxonomy":"product_tag","embeddable":true,"href":"https:\/\/uniest.it\/de\/wp-json\/wp\/v2\/product_tag?post=7361"}],"curies":[{"name":"wp","href":"https:\/\/api.w.org\/{rel}","templated":true}]}}