{"id":7364,"date":"2021-02-04T13:00:44","date_gmt":"2024-10-29T17:56:41","guid":{"rendered":"https:\/\/uniest.it\/prodotto\/multidefence-spruehlotion\/"},"modified":"2024-10-29T18:56:41","modified_gmt":"2024-10-29T17:56:41","slug":"multidefence-spruehlotion","status":"publish","type":"product","link":"https:\/\/uniest.it\/de\/prodotto\/multidefence-spruehlotion\/","title":{"rendered":"Multidefence Spr\u00fchlotion"},"content":{"rendered":"<p>Wirksame nat\u00fcrliche Spr\u00fchlotion, reich an wertvollen Wirkstoffen, speziell entwickelt, um M\u00fccken und Insekten im Allgemeinen fernzuhalten und Stiche zu vermeiden. Reich an \u00e4therischen \u00d6len aus Lavendel, Pfefferminze und Citronella, die bekannterma\u00dfen einen Geruch haben, den Insekten nicht m\u00f6gen und daher dazu neigen, sich zu entfernen. Die Formulierung wurde durch die Zugabe von Pyrethrum-Extrakt, einem Wirkstoff pflanzlichen Ursprungs, und zahlreichen nat\u00fcrlichen Substanzen wie den nat\u00fcrlichen Pflanzenextrakten von Bio-Aloe, Bio-Hafer und Weizenst\u00e4rke \u201everst\u00e4rkt\u201c, die sie au\u00dferdem zu einem \u00e4u\u00dferst feuchtigkeitsspendenden, beruhigenden und geschmeidig machenden Mittel machen , und daher auch f\u00fcr die empfindlichste Haut geeignet, die nach der Anwendung angenehm weich und nicht fettend bleibt. Geeignet f\u00fcr die ganze Familie. Vor Gebrauch gut sch\u00fctteln.<\/p>\n","protected":false},"excerpt":{"rendered":"<p>Wirksame nat\u00fcrliche Spr\u00fchlotion, reich an wertvollen Wirkstoffen, speziell entwickelt, um M\u00fccken und Insekten im Allgemeinen fernzuhalten und Stiche zu vermeiden. Reich an \u00e4therischen \u00d6len aus Lavendel, Pfefferminze und Citronella, die bekannterma\u00dfen einen Geruch haben, den Insekten nicht m\u00f6gen und daher dazu neigen, sich zu entfernen. Die Formulierung wurde durch die Zugabe von Pyrethrum-Extrakt, einem Wirkstoff [&hellip;]<\/p>\n","protected":false},"featured_media":7370,"template":"","meta":{"_acf_changed":false,"inline_featured_image":false},"product_brand":[],"product_cat":[1489],"product_tag":[],"class_list":{"0":"post-7364","1":"product","2":"type-product","3":"status-publish","4":"has-post-thumbnail","6":"product_beauty-idratare","7":"product_beauty-lenire","8":"product_beauty-proteggere","9":"product_skin-tutte-le-pelli","10":"product_kind-trattamenti-speciali","11":"product_lines-igiene-e-protezione","12":"product_cat-corpo-de","13":"pa_size-100-de","15":"first","16":"instock","17":"taxable","18":"shipping-taxable","19":"purchasable","20":"product-type-simple"},"acf":[],"yoast_head":"<!-- This site is optimized with the Yoast SEO plugin v24.6 - https:\/\/yoast.com\/wordpress\/plugins\/seo\/ -->\n<title>Multidefence Spr\u00fchlotion - Uniest<\/title>\n<meta name=\"robots\" content=\"index, follow, max-snippet:-1, max-image-preview:large, max-video-preview:-1\" \/>\n<link rel=\"canonical\" href=\"https:\/\/uniest.it\/prodotto\/multidefence-spruehlotion\/\" \/>\n<meta property=\"og:locale\" content=\"de_DE\" \/>\n<meta property=\"og:type\" content=\"article\" \/>\n<meta property=\"og:title\" content=\"Multidefence Spr\u00fchlotion - Uniest\" \/>\n<meta property=\"og:description\" content=\"Wirksame nat\u00fcrliche Spr\u00fchlotion, reich an wertvollen Wirkstoffen, speziell entwickelt, um M\u00fccken und Insekten im Allgemeinen fernzuhalten und Stiche zu vermeiden. Reich an \u00e4therischen \u00d6len aus Lavendel, Pfefferminze und Citronella, die bekannterma\u00dfen einen Geruch haben, den Insekten nicht m\u00f6gen und daher dazu neigen, sich zu entfernen. Die Formulierung wurde durch die Zugabe von Pyrethrum-Extrakt, einem Wirkstoff [&hellip;]\" \/>\n<meta property=\"og:url\" content=\"https:\/\/uniest.it\/prodotto\/multidefence-spruehlotion\/\" \/>\n<meta property=\"og:site_name\" content=\"Uniest\" \/>\n<meta name=\"twitter:card\" content=\"summary_large_image\" \/>\n<meta name=\"twitter:label1\" content=\"Gesch\u00e4tzte Lesezeit\" \/>\n\t<meta name=\"twitter:data1\" content=\"1\u00a0Minute\" \/>\n<script type=\"application\/ld+json\" class=\"yoast-schema-graph\">{\"@context\":\"https:\/\/schema.org\",\"@graph\":[{\"@type\":\"WebPage\",\"@id\":\"https:\/\/uniest.it\/prodotto\/multidefence-spruehlotion\/\",\"url\":\"https:\/\/uniest.it\/prodotto\/multidefence-spruehlotion\/\",\"name\":\"Multidefence Spr\u00fchlotion - Uniest\",\"isPartOf\":{\"@id\":\"https:\/\/uniest.it\/#website\"},\"primaryImageOfPage\":{\"@id\":\"https:\/\/uniest.it\/prodotto\/multidefence-spruehlotion\/#primaryimage\"},\"image\":{\"@id\":\"https:\/\/uniest.it\/prodotto\/multidefence-spruehlotion\/#primaryimage\"},\"thumbnailUrl\":\"https:\/\/uniest.it\/wp-content\/uploads\/2021\/02\/753AAE..png\",\"datePublished\":\"2024-10-29T17:56:41+00:00\",\"breadcrumb\":{\"@id\":\"https:\/\/uniest.it\/prodotto\/multidefence-spruehlotion\/#breadcrumb\"},\"inLanguage\":\"de\",\"potentialAction\":[{\"@type\":\"ReadAction\",\"target\":[\"https:\/\/uniest.it\/prodotto\/multidefence-spruehlotion\/\"]}]},{\"@type\":\"ImageObject\",\"inLanguage\":\"de\",\"@id\":\"https:\/\/uniest.it\/prodotto\/multidefence-spruehlotion\/#primaryimage\",\"url\":\"https:\/\/uniest.it\/wp-content\/uploads\/2021\/02\/753AAE..png\",\"contentUrl\":\"https:\/\/uniest.it\/wp-content\/uploads\/2021\/02\/753AAE..png\",\"width\":3369,\"height\":5053},{\"@type\":\"BreadcrumbList\",\"@id\":\"https:\/\/uniest.it\/prodotto\/multidefence-spruehlotion\/#breadcrumb\",\"itemListElement\":[{\"@type\":\"ListItem\",\"position\":1,\"name\":\"Home\",\"item\":\"https:\/\/uniest.it\/de\/\"},{\"@type\":\"ListItem\",\"position\":2,\"name\":\"Shop\",\"item\":\"https:\/\/uniest.it\/shop\/\"},{\"@type\":\"ListItem\",\"position\":3,\"name\":\"Multidefence Spr\u00fchlotion\"}]},{\"@type\":\"WebSite\",\"@id\":\"https:\/\/uniest.it\/#website\",\"url\":\"https:\/\/uniest.it\/\",\"name\":\"Uniest\",\"description\":\"Cosmetici Naturali e Bio\",\"potentialAction\":[{\"@type\":\"SearchAction\",\"target\":{\"@type\":\"EntryPoint\",\"urlTemplate\":\"https:\/\/uniest.it\/?s={search_term_string}\"},\"query-input\":{\"@type\":\"PropertyValueSpecification\",\"valueRequired\":true,\"valueName\":\"search_term_string\"}}],\"inLanguage\":\"de\"}]}<\/script>\n<!-- \/ Yoast SEO plugin. -->","yoast_head_json":{"title":"Multidefence Spr\u00fchlotion - Uniest","robots":{"index":"index","follow":"follow","max-snippet":"max-snippet:-1","max-image-preview":"max-image-preview:large","max-video-preview":"max-video-preview:-1"},"canonical":"https:\/\/uniest.it\/prodotto\/multidefence-spruehlotion\/","og_locale":"de_DE","og_type":"article","og_title":"Multidefence Spr\u00fchlotion - Uniest","og_description":"Wirksame nat\u00fcrliche Spr\u00fchlotion, reich an wertvollen Wirkstoffen, speziell entwickelt, um M\u00fccken und Insekten im Allgemeinen fernzuhalten und Stiche zu vermeiden. Reich an \u00e4therischen \u00d6len aus Lavendel, Pfefferminze und Citronella, die bekannterma\u00dfen einen Geruch haben, den Insekten nicht m\u00f6gen und daher dazu neigen, sich zu entfernen. Die Formulierung wurde durch die Zugabe von Pyrethrum-Extrakt, einem Wirkstoff [&hellip;]","og_url":"https:\/\/uniest.it\/prodotto\/multidefence-spruehlotion\/","og_site_name":"Uniest","twitter_card":"summary_large_image","twitter_misc":{"Gesch\u00e4tzte Lesezeit":"1\u00a0Minute"},"schema":{"@context":"https:\/\/schema.org","@graph":[{"@type":"WebPage","@id":"https:\/\/uniest.it\/prodotto\/multidefence-spruehlotion\/","url":"https:\/\/uniest.it\/prodotto\/multidefence-spruehlotion\/","name":"Multidefence Spr\u00fchlotion - Uniest","isPartOf":{"@id":"https:\/\/uniest.it\/#website"},"primaryImageOfPage":{"@id":"https:\/\/uniest.it\/prodotto\/multidefence-spruehlotion\/#primaryimage"},"image":{"@id":"https:\/\/uniest.it\/prodotto\/multidefence-spruehlotion\/#primaryimage"},"thumbnailUrl":"https:\/\/uniest.it\/wp-content\/uploads\/2021\/02\/753AAE..png","datePublished":"2024-10-29T17:56:41+00:00","breadcrumb":{"@id":"https:\/\/uniest.it\/prodotto\/multidefence-spruehlotion\/#breadcrumb"},"inLanguage":"de","potentialAction":[{"@type":"ReadAction","target":["https:\/\/uniest.it\/prodotto\/multidefence-spruehlotion\/"]}]},{"@type":"ImageObject","inLanguage":"de","@id":"https:\/\/uniest.it\/prodotto\/multidefence-spruehlotion\/#primaryimage","url":"https:\/\/uniest.it\/wp-content\/uploads\/2021\/02\/753AAE..png","contentUrl":"https:\/\/uniest.it\/wp-content\/uploads\/2021\/02\/753AAE..png","width":3369,"height":5053},{"@type":"BreadcrumbList","@id":"https:\/\/uniest.it\/prodotto\/multidefence-spruehlotion\/#breadcrumb","itemListElement":[{"@type":"ListItem","position":1,"name":"Home","item":"https:\/\/uniest.it\/de\/"},{"@type":"ListItem","position":2,"name":"Shop","item":"https:\/\/uniest.it\/shop\/"},{"@type":"ListItem","position":3,"name":"Multidefence Spr\u00fchlotion"}]},{"@type":"WebSite","@id":"https:\/\/uniest.it\/#website","url":"https:\/\/uniest.it\/","name":"Uniest","description":"Cosmetici Naturali e Bio","potentialAction":[{"@type":"SearchAction","target":{"@type":"EntryPoint","urlTemplate":"https:\/\/uniest.it\/?s={search_term_string}"},"query-input":{"@type":"PropertyValueSpecification","valueRequired":true,"valueName":"search_term_string"}}],"inLanguage":"de"}]}},"_links":{"self":[{"href":"https:\/\/uniest.it\/de\/wp-json\/wp\/v2\/product\/7364","targetHints":{"allow":["GET"]}}],"collection":[{"href":"https:\/\/uniest.it\/de\/wp-json\/wp\/v2\/product"}],"about":[{"href":"https:\/\/uniest.it\/de\/wp-json\/wp\/v2\/types\/product"}],"wp:featuredmedia":[{"embeddable":true,"href":"https:\/\/uniest.it\/de\/wp-json\/wp\/v2\/media\/7370"}],"wp:attachment":[{"href":"https:\/\/uniest.it\/de\/wp-json\/wp\/v2\/media?parent=7364"}],"wp:term":[{"taxonomy":"product_brand","embeddable":true,"href":"https:\/\/uniest.it\/de\/wp-json\/wp\/v2\/product_brand?post=7364"},{"taxonomy":"product_cat","embeddable":true,"href":"https:\/\/uniest.it\/de\/wp-json\/wp\/v2\/product_cat?post=7364"},{"taxonomy":"product_tag","embeddable":true,"href":"https:\/\/uniest.it\/de\/wp-json\/wp\/v2\/product_tag?post=7364"}],"curies":[{"name":"wp","href":"https:\/\/api.w.org\/{rel}","templated":true}]}}