{"id":7371,"date":"2021-02-04T13:00:44","date_gmt":"2024-10-29T17:56:42","guid":{"rendered":"https:\/\/uniest.it\/prodotto\/ringelblume-100-ml\/"},"modified":"2024-10-29T18:56:42","modified_gmt":"2024-10-29T17:56:42","slug":"ringelblume-100-ml","status":"publish","type":"product","link":"https:\/\/uniest.it\/de\/prodotto\/ringelblume-100-ml\/","title":{"rendered":"Ringelblume &#8211; 100 ml"},"content":{"rendered":"<p>Calendula Soothing Cream Uniest ist eine nat\u00fcrliche Creme auf Basis des wertvollen Calendula-Pflanzenextrakts*, die die Haut weich macht und die Kopfhaut beruhigt. Die im Calendula-Extrakt enthaltenen Wirkstoffe, insbesondere die Flavonoide, \u00fcben eine entz\u00fcndungshemmende Wirkung auf empfindliche und entz\u00fcndete Haut aus, stimulieren die Reepithelisierung, beschleunigen den epidermalen Umsatz und f\u00f6rdern die Aktivit\u00e4t dermaler Fibroblasten, wodurch die Kollagensynthese gef\u00f6rdert wird. Aufgrund dieser Eigenschaften wird es in verschiedenen Arten von Pr\u00e4paraten f\u00fcr kosmetische Zwecke verwendet, in feuchtigkeitsspendenden und sch\u00fctzenden Produkten gegen Reizungen durch mechanische, chemische und umweltbedingte Einfl\u00fcsse. *Produkt aus biologischem Anbau<\/p>\n","protected":false},"excerpt":{"rendered":"<p>Calendula Soothing Cream Uniest ist eine nat\u00fcrliche Creme auf Basis des wertvollen Calendula-Pflanzenextrakts*, die die Haut weich macht und die Kopfhaut beruhigt. Die im Calendula-Extrakt enthaltenen Wirkstoffe, insbesondere die Flavonoide, \u00fcben eine entz\u00fcndungshemmende Wirkung auf empfindliche und entz\u00fcndete Haut aus, stimulieren die Reepithelisierung, beschleunigen den epidermalen Umsatz und f\u00f6rdern die Aktivit\u00e4t dermaler Fibroblasten, wodurch die [&hellip;]<\/p>\n","protected":false},"featured_media":7372,"template":"","meta":{"_acf_changed":false,"inline_featured_image":false},"product_brand":[],"product_cat":[1497,1493,1489],"product_tag":[],"class_list":{"0":"post-7371","1":"product","2":"type-product","3":"status-publish","4":"has-post-thumbnail","6":"product_beauty-calmare","7":"product_beauty-idratare","8":"product_beauty-lenire","9":"product_beauty-proteggere","10":"product_beauty-seboregolare","11":"product_beauty-trattamenti-speciali","12":"product_skin-tutte-le-pelli","13":"product_kind-creme-pelli-complesse","14":"product_kind-i-rimedi-dalla-natura","15":"product_kind-trattamenti-speciali","16":"product_kind-tutte-le-creme-corpo","17":"product_kind-tutte-le-creme-viso","18":"product_lines-i-rimedi-dalla-natura","19":"product_cat-viso-de","20":"product_cat-mani-e-piedi-de","21":"product_cat-corpo-de","22":"pa_size-100-de","24":"first","25":"instock","26":"taxable","27":"shipping-taxable","28":"purchasable","29":"product-type-simple"},"acf":[],"yoast_head":"<!-- This site is optimized with the Yoast SEO plugin v24.6 - https:\/\/yoast.com\/wordpress\/plugins\/seo\/ -->\n<title>Ringelblume - 100 ml - Uniest<\/title>\n<meta name=\"robots\" content=\"index, follow, max-snippet:-1, max-image-preview:large, max-video-preview:-1\" \/>\n<link rel=\"canonical\" href=\"https:\/\/uniest.it\/prodotto\/ringelblume-100-ml\/\" \/>\n<meta property=\"og:locale\" content=\"de_DE\" \/>\n<meta property=\"og:type\" content=\"article\" \/>\n<meta property=\"og:title\" content=\"Ringelblume - 100 ml - Uniest\" \/>\n<meta property=\"og:description\" content=\"Calendula Soothing Cream Uniest ist eine nat\u00fcrliche Creme auf Basis des wertvollen Calendula-Pflanzenextrakts*, die die Haut weich macht und die Kopfhaut beruhigt. Die im Calendula-Extrakt enthaltenen Wirkstoffe, insbesondere die Flavonoide, \u00fcben eine entz\u00fcndungshemmende Wirkung auf empfindliche und entz\u00fcndete Haut aus, stimulieren die Reepithelisierung, beschleunigen den epidermalen Umsatz und f\u00f6rdern die Aktivit\u00e4t dermaler Fibroblasten, wodurch die [&hellip;]\" \/>\n<meta property=\"og:url\" content=\"https:\/\/uniest.it\/prodotto\/ringelblume-100-ml\/\" \/>\n<meta property=\"og:site_name\" content=\"Uniest\" \/>\n<meta name=\"twitter:card\" content=\"summary_large_image\" \/>\n<script type=\"application\/ld+json\" class=\"yoast-schema-graph\">{\"@context\":\"https:\/\/schema.org\",\"@graph\":[{\"@type\":\"WebPage\",\"@id\":\"https:\/\/uniest.it\/prodotto\/ringelblume-100-ml\/\",\"url\":\"https:\/\/uniest.it\/prodotto\/ringelblume-100-ml\/\",\"name\":\"Ringelblume - 100 ml - Uniest\",\"isPartOf\":{\"@id\":\"https:\/\/uniest.it\/#website\"},\"primaryImageOfPage\":{\"@id\":\"https:\/\/uniest.it\/prodotto\/ringelblume-100-ml\/#primaryimage\"},\"image\":{\"@id\":\"https:\/\/uniest.it\/prodotto\/ringelblume-100-ml\/#primaryimage\"},\"thumbnailUrl\":\"https:\/\/uniest.it\/wp-content\/uploads\/2020\/11\/801AAE.png\",\"datePublished\":\"2024-10-29T17:56:42+00:00\",\"breadcrumb\":{\"@id\":\"https:\/\/uniest.it\/prodotto\/ringelblume-100-ml\/#breadcrumb\"},\"inLanguage\":\"de\",\"potentialAction\":[{\"@type\":\"ReadAction\",\"target\":[\"https:\/\/uniest.it\/prodotto\/ringelblume-100-ml\/\"]}]},{\"@type\":\"ImageObject\",\"inLanguage\":\"de\",\"@id\":\"https:\/\/uniest.it\/prodotto\/ringelblume-100-ml\/#primaryimage\",\"url\":\"https:\/\/uniest.it\/wp-content\/uploads\/2020\/11\/801AAE.png\",\"contentUrl\":\"https:\/\/uniest.it\/wp-content\/uploads\/2020\/11\/801AAE.png\",\"width\":1283,\"height\":2000},{\"@type\":\"BreadcrumbList\",\"@id\":\"https:\/\/uniest.it\/prodotto\/ringelblume-100-ml\/#breadcrumb\",\"itemListElement\":[{\"@type\":\"ListItem\",\"position\":1,\"name\":\"Home\",\"item\":\"https:\/\/uniest.it\/de\/\"},{\"@type\":\"ListItem\",\"position\":2,\"name\":\"Shop\",\"item\":\"https:\/\/uniest.it\/shop\/\"},{\"@type\":\"ListItem\",\"position\":3,\"name\":\"Ringelblume &#8211; 100 ml\"}]},{\"@type\":\"WebSite\",\"@id\":\"https:\/\/uniest.it\/#website\",\"url\":\"https:\/\/uniest.it\/\",\"name\":\"Uniest\",\"description\":\"Cosmetici Naturali e Bio\",\"potentialAction\":[{\"@type\":\"SearchAction\",\"target\":{\"@type\":\"EntryPoint\",\"urlTemplate\":\"https:\/\/uniest.it\/?s={search_term_string}\"},\"query-input\":{\"@type\":\"PropertyValueSpecification\",\"valueRequired\":true,\"valueName\":\"search_term_string\"}}],\"inLanguage\":\"de\"}]}<\/script>\n<!-- \/ Yoast SEO plugin. -->","yoast_head_json":{"title":"Ringelblume - 100 ml - Uniest","robots":{"index":"index","follow":"follow","max-snippet":"max-snippet:-1","max-image-preview":"max-image-preview:large","max-video-preview":"max-video-preview:-1"},"canonical":"https:\/\/uniest.it\/prodotto\/ringelblume-100-ml\/","og_locale":"de_DE","og_type":"article","og_title":"Ringelblume - 100 ml - Uniest","og_description":"Calendula Soothing Cream Uniest ist eine nat\u00fcrliche Creme auf Basis des wertvollen Calendula-Pflanzenextrakts*, die die Haut weich macht und die Kopfhaut beruhigt. Die im Calendula-Extrakt enthaltenen Wirkstoffe, insbesondere die Flavonoide, \u00fcben eine entz\u00fcndungshemmende Wirkung auf empfindliche und entz\u00fcndete Haut aus, stimulieren die Reepithelisierung, beschleunigen den epidermalen Umsatz und f\u00f6rdern die Aktivit\u00e4t dermaler Fibroblasten, wodurch die [&hellip;]","og_url":"https:\/\/uniest.it\/prodotto\/ringelblume-100-ml\/","og_site_name":"Uniest","twitter_card":"summary_large_image","schema":{"@context":"https:\/\/schema.org","@graph":[{"@type":"WebPage","@id":"https:\/\/uniest.it\/prodotto\/ringelblume-100-ml\/","url":"https:\/\/uniest.it\/prodotto\/ringelblume-100-ml\/","name":"Ringelblume - 100 ml - Uniest","isPartOf":{"@id":"https:\/\/uniest.it\/#website"},"primaryImageOfPage":{"@id":"https:\/\/uniest.it\/prodotto\/ringelblume-100-ml\/#primaryimage"},"image":{"@id":"https:\/\/uniest.it\/prodotto\/ringelblume-100-ml\/#primaryimage"},"thumbnailUrl":"https:\/\/uniest.it\/wp-content\/uploads\/2020\/11\/801AAE.png","datePublished":"2024-10-29T17:56:42+00:00","breadcrumb":{"@id":"https:\/\/uniest.it\/prodotto\/ringelblume-100-ml\/#breadcrumb"},"inLanguage":"de","potentialAction":[{"@type":"ReadAction","target":["https:\/\/uniest.it\/prodotto\/ringelblume-100-ml\/"]}]},{"@type":"ImageObject","inLanguage":"de","@id":"https:\/\/uniest.it\/prodotto\/ringelblume-100-ml\/#primaryimage","url":"https:\/\/uniest.it\/wp-content\/uploads\/2020\/11\/801AAE.png","contentUrl":"https:\/\/uniest.it\/wp-content\/uploads\/2020\/11\/801AAE.png","width":1283,"height":2000},{"@type":"BreadcrumbList","@id":"https:\/\/uniest.it\/prodotto\/ringelblume-100-ml\/#breadcrumb","itemListElement":[{"@type":"ListItem","position":1,"name":"Home","item":"https:\/\/uniest.it\/de\/"},{"@type":"ListItem","position":2,"name":"Shop","item":"https:\/\/uniest.it\/shop\/"},{"@type":"ListItem","position":3,"name":"Ringelblume &#8211; 100 ml"}]},{"@type":"WebSite","@id":"https:\/\/uniest.it\/#website","url":"https:\/\/uniest.it\/","name":"Uniest","description":"Cosmetici Naturali e Bio","potentialAction":[{"@type":"SearchAction","target":{"@type":"EntryPoint","urlTemplate":"https:\/\/uniest.it\/?s={search_term_string}"},"query-input":{"@type":"PropertyValueSpecification","valueRequired":true,"valueName":"search_term_string"}}],"inLanguage":"de"}]}},"_links":{"self":[{"href":"https:\/\/uniest.it\/de\/wp-json\/wp\/v2\/product\/7371","targetHints":{"allow":["GET"]}}],"collection":[{"href":"https:\/\/uniest.it\/de\/wp-json\/wp\/v2\/product"}],"about":[{"href":"https:\/\/uniest.it\/de\/wp-json\/wp\/v2\/types\/product"}],"wp:featuredmedia":[{"embeddable":true,"href":"https:\/\/uniest.it\/de\/wp-json\/wp\/v2\/media\/7372"}],"wp:attachment":[{"href":"https:\/\/uniest.it\/de\/wp-json\/wp\/v2\/media?parent=7371"}],"wp:term":[{"taxonomy":"product_brand","embeddable":true,"href":"https:\/\/uniest.it\/de\/wp-json\/wp\/v2\/product_brand?post=7371"},{"taxonomy":"product_cat","embeddable":true,"href":"https:\/\/uniest.it\/de\/wp-json\/wp\/v2\/product_cat?post=7371"},{"taxonomy":"product_tag","embeddable":true,"href":"https:\/\/uniest.it\/de\/wp-json\/wp\/v2\/product_tag?post=7371"}],"curies":[{"name":"wp","href":"https:\/\/api.w.org\/{rel}","templated":true}]}}