{"id":7374,"date":"2021-02-04T13:00:44","date_gmt":"2024-10-29T17:56:43","guid":{"rendered":"https:\/\/uniest.it\/prodotto\/teebaumoel-100-ml\/"},"modified":"2024-10-29T18:56:43","modified_gmt":"2024-10-29T17:56:43","slug":"teebaumoel-100-ml","status":"publish","type":"product","link":"https:\/\/uniest.it\/de\/prodotto\/teebaumoel-100-ml\/","title":{"rendered":"Teebaum\u00f6l \u2013 100 ml"},"content":{"rendered":"<p>Teebaum\u00f6l ist eine Teebaum\u00f6lcreme, die einen hohen Anteil an reinem \u00e4therischem Teebaum\u00f6l (Melaleuca Officinale, von den Ureinwohnern \u201eTeebaum\u201c genannt) enth\u00e4lt und fast alle seine Eigenschaften unver\u00e4ndert beh\u00e4lt. Teebaum\u00f6l gilt als eine Art \u201eAllheilmittel\u201c f\u00fcr viele Beschwerden unterschiedlicher Art, insbesondere solche des Hauttyps. Als Adjuvans besonders angezeigt bei: Dermatitis, Juckreiz, leichten Verbrennungen und\/oder Sonnenbrand, Furunkulose, Herpes, Lauch und Warzen, Grippe, Bronchitis. Diese Creme wurde mit nat\u00fcrlichen Rohstoffen wie BIO*-S\u00fc\u00dfmandel\u00f6l und BIO*-Sheabutter angereichert, um die Haut zu n\u00e4hren, mit Feuchtigkeit zu versorgen und weich zu machen. Ohne Farbstoffe und Duftstoffe wird ihm seine scharfe Note ausschlie\u00dflich durch das \u00e4therische \u00d6l Teebaum\u00f6l verliehen.<\/p>\n","protected":false},"excerpt":{"rendered":"<p>Teebaum\u00f6l ist eine Teebaum\u00f6lcreme, die einen hohen Anteil an reinem \u00e4therischem Teebaum\u00f6l (Melaleuca Officinale, von den Ureinwohnern \u201eTeebaum\u201c genannt) enth\u00e4lt und fast alle seine Eigenschaften unver\u00e4ndert beh\u00e4lt. Teebaum\u00f6l gilt als eine Art \u201eAllheilmittel\u201c f\u00fcr viele Beschwerden unterschiedlicher Art, insbesondere solche des Hauttyps. Als Adjuvans besonders angezeigt bei: Dermatitis, Juckreiz, leichten Verbrennungen und\/oder Sonnenbrand, Furunkulose, Herpes, [&hellip;]<\/p>\n","protected":false},"featured_media":7375,"template":"","meta":{"_acf_changed":false,"inline_featured_image":false},"product_brand":[],"product_cat":[1497,1493,1489],"product_tag":[],"class_list":{"0":"post-7374","1":"product","2":"type-product","3":"status-publish","4":"has-post-thumbnail","6":"product_beauty-detox-e-dren","7":"product_beauty-idratare","8":"product_beauty-lenire","9":"product_beauty-nutrire-e-rigenerare","10":"product_beauty-proteggere","11":"product_beauty-purificare","12":"product_skin-tutte-le-pelli","13":"product_kind-i-rimedi-dalla-natura","14":"product_kind-trattamenti-mani-e-piedi","15":"product_kind-trattamenti-speciali","16":"product_kind-tutte-le-creme-corpo","17":"product_lines-i-rimedi-dalla-natura","18":"product_cat-viso-de","19":"product_cat-mani-e-piedi-de","20":"product_cat-corpo-de","21":"pa_size-100-de","23":"first","24":"instock","25":"taxable","26":"shipping-taxable","27":"purchasable","28":"product-type-simple"},"acf":[],"yoast_head":"<!-- This site is optimized with the Yoast SEO plugin v24.6 - https:\/\/yoast.com\/wordpress\/plugins\/seo\/ -->\n<title>Teebaum\u00f6l \u2013 100 ml - Uniest<\/title>\n<meta name=\"robots\" content=\"index, follow, max-snippet:-1, max-image-preview:large, max-video-preview:-1\" \/>\n<link rel=\"canonical\" href=\"https:\/\/uniest.it\/prodotto\/teebaumoel-100-ml\/\" \/>\n<meta property=\"og:locale\" content=\"de_DE\" \/>\n<meta property=\"og:type\" content=\"article\" \/>\n<meta property=\"og:title\" content=\"Teebaum\u00f6l \u2013 100 ml - Uniest\" \/>\n<meta property=\"og:description\" content=\"Teebaum\u00f6l ist eine Teebaum\u00f6lcreme, die einen hohen Anteil an reinem \u00e4therischem Teebaum\u00f6l (Melaleuca Officinale, von den Ureinwohnern \u201eTeebaum\u201c genannt) enth\u00e4lt und fast alle seine Eigenschaften unver\u00e4ndert beh\u00e4lt. Teebaum\u00f6l gilt als eine Art \u201eAllheilmittel\u201c f\u00fcr viele Beschwerden unterschiedlicher Art, insbesondere solche des Hauttyps. Als Adjuvans besonders angezeigt bei: Dermatitis, Juckreiz, leichten Verbrennungen und\/oder Sonnenbrand, Furunkulose, Herpes, [&hellip;]\" \/>\n<meta property=\"og:url\" content=\"https:\/\/uniest.it\/prodotto\/teebaumoel-100-ml\/\" \/>\n<meta property=\"og:site_name\" content=\"Uniest\" \/>\n<meta name=\"twitter:card\" content=\"summary_large_image\" \/>\n<meta name=\"twitter:label1\" content=\"Gesch\u00e4tzte Lesezeit\" \/>\n\t<meta name=\"twitter:data1\" content=\"1\u00a0Minute\" \/>\n<script type=\"application\/ld+json\" class=\"yoast-schema-graph\">{\"@context\":\"https:\/\/schema.org\",\"@graph\":[{\"@type\":\"WebPage\",\"@id\":\"https:\/\/uniest.it\/prodotto\/teebaumoel-100-ml\/\",\"url\":\"https:\/\/uniest.it\/prodotto\/teebaumoel-100-ml\/\",\"name\":\"Teebaum\u00f6l \u2013 100 ml - Uniest\",\"isPartOf\":{\"@id\":\"https:\/\/uniest.it\/#website\"},\"primaryImageOfPage\":{\"@id\":\"https:\/\/uniest.it\/prodotto\/teebaumoel-100-ml\/#primaryimage\"},\"image\":{\"@id\":\"https:\/\/uniest.it\/prodotto\/teebaumoel-100-ml\/#primaryimage\"},\"thumbnailUrl\":\"https:\/\/uniest.it\/wp-content\/uploads\/2020\/11\/805AAE.png\",\"datePublished\":\"2024-10-29T17:56:43+00:00\",\"breadcrumb\":{\"@id\":\"https:\/\/uniest.it\/prodotto\/teebaumoel-100-ml\/#breadcrumb\"},\"inLanguage\":\"de\",\"potentialAction\":[{\"@type\":\"ReadAction\",\"target\":[\"https:\/\/uniest.it\/prodotto\/teebaumoel-100-ml\/\"]}]},{\"@type\":\"ImageObject\",\"inLanguage\":\"de\",\"@id\":\"https:\/\/uniest.it\/prodotto\/teebaumoel-100-ml\/#primaryimage\",\"url\":\"https:\/\/uniest.it\/wp-content\/uploads\/2020\/11\/805AAE.png\",\"contentUrl\":\"https:\/\/uniest.it\/wp-content\/uploads\/2020\/11\/805AAE.png\",\"width\":1283,\"height\":2000},{\"@type\":\"BreadcrumbList\",\"@id\":\"https:\/\/uniest.it\/prodotto\/teebaumoel-100-ml\/#breadcrumb\",\"itemListElement\":[{\"@type\":\"ListItem\",\"position\":1,\"name\":\"Home\",\"item\":\"https:\/\/uniest.it\/de\/\"},{\"@type\":\"ListItem\",\"position\":2,\"name\":\"Shop\",\"item\":\"https:\/\/uniest.it\/shop\/\"},{\"@type\":\"ListItem\",\"position\":3,\"name\":\"Teebaum\u00f6l \u2013 100 ml\"}]},{\"@type\":\"WebSite\",\"@id\":\"https:\/\/uniest.it\/#website\",\"url\":\"https:\/\/uniest.it\/\",\"name\":\"Uniest\",\"description\":\"Cosmetici Naturali e Bio\",\"potentialAction\":[{\"@type\":\"SearchAction\",\"target\":{\"@type\":\"EntryPoint\",\"urlTemplate\":\"https:\/\/uniest.it\/?s={search_term_string}\"},\"query-input\":{\"@type\":\"PropertyValueSpecification\",\"valueRequired\":true,\"valueName\":\"search_term_string\"}}],\"inLanguage\":\"de\"}]}<\/script>\n<!-- \/ Yoast SEO plugin. -->","yoast_head_json":{"title":"Teebaum\u00f6l \u2013 100 ml - Uniest","robots":{"index":"index","follow":"follow","max-snippet":"max-snippet:-1","max-image-preview":"max-image-preview:large","max-video-preview":"max-video-preview:-1"},"canonical":"https:\/\/uniest.it\/prodotto\/teebaumoel-100-ml\/","og_locale":"de_DE","og_type":"article","og_title":"Teebaum\u00f6l \u2013 100 ml - Uniest","og_description":"Teebaum\u00f6l ist eine Teebaum\u00f6lcreme, die einen hohen Anteil an reinem \u00e4therischem Teebaum\u00f6l (Melaleuca Officinale, von den Ureinwohnern \u201eTeebaum\u201c genannt) enth\u00e4lt und fast alle seine Eigenschaften unver\u00e4ndert beh\u00e4lt. Teebaum\u00f6l gilt als eine Art \u201eAllheilmittel\u201c f\u00fcr viele Beschwerden unterschiedlicher Art, insbesondere solche des Hauttyps. Als Adjuvans besonders angezeigt bei: Dermatitis, Juckreiz, leichten Verbrennungen und\/oder Sonnenbrand, Furunkulose, Herpes, [&hellip;]","og_url":"https:\/\/uniest.it\/prodotto\/teebaumoel-100-ml\/","og_site_name":"Uniest","twitter_card":"summary_large_image","twitter_misc":{"Gesch\u00e4tzte Lesezeit":"1\u00a0Minute"},"schema":{"@context":"https:\/\/schema.org","@graph":[{"@type":"WebPage","@id":"https:\/\/uniest.it\/prodotto\/teebaumoel-100-ml\/","url":"https:\/\/uniest.it\/prodotto\/teebaumoel-100-ml\/","name":"Teebaum\u00f6l \u2013 100 ml - Uniest","isPartOf":{"@id":"https:\/\/uniest.it\/#website"},"primaryImageOfPage":{"@id":"https:\/\/uniest.it\/prodotto\/teebaumoel-100-ml\/#primaryimage"},"image":{"@id":"https:\/\/uniest.it\/prodotto\/teebaumoel-100-ml\/#primaryimage"},"thumbnailUrl":"https:\/\/uniest.it\/wp-content\/uploads\/2020\/11\/805AAE.png","datePublished":"2024-10-29T17:56:43+00:00","breadcrumb":{"@id":"https:\/\/uniest.it\/prodotto\/teebaumoel-100-ml\/#breadcrumb"},"inLanguage":"de","potentialAction":[{"@type":"ReadAction","target":["https:\/\/uniest.it\/prodotto\/teebaumoel-100-ml\/"]}]},{"@type":"ImageObject","inLanguage":"de","@id":"https:\/\/uniest.it\/prodotto\/teebaumoel-100-ml\/#primaryimage","url":"https:\/\/uniest.it\/wp-content\/uploads\/2020\/11\/805AAE.png","contentUrl":"https:\/\/uniest.it\/wp-content\/uploads\/2020\/11\/805AAE.png","width":1283,"height":2000},{"@type":"BreadcrumbList","@id":"https:\/\/uniest.it\/prodotto\/teebaumoel-100-ml\/#breadcrumb","itemListElement":[{"@type":"ListItem","position":1,"name":"Home","item":"https:\/\/uniest.it\/de\/"},{"@type":"ListItem","position":2,"name":"Shop","item":"https:\/\/uniest.it\/shop\/"},{"@type":"ListItem","position":3,"name":"Teebaum\u00f6l \u2013 100 ml"}]},{"@type":"WebSite","@id":"https:\/\/uniest.it\/#website","url":"https:\/\/uniest.it\/","name":"Uniest","description":"Cosmetici Naturali e Bio","potentialAction":[{"@type":"SearchAction","target":{"@type":"EntryPoint","urlTemplate":"https:\/\/uniest.it\/?s={search_term_string}"},"query-input":{"@type":"PropertyValueSpecification","valueRequired":true,"valueName":"search_term_string"}}],"inLanguage":"de"}]}},"_links":{"self":[{"href":"https:\/\/uniest.it\/de\/wp-json\/wp\/v2\/product\/7374","targetHints":{"allow":["GET"]}}],"collection":[{"href":"https:\/\/uniest.it\/de\/wp-json\/wp\/v2\/product"}],"about":[{"href":"https:\/\/uniest.it\/de\/wp-json\/wp\/v2\/types\/product"}],"wp:featuredmedia":[{"embeddable":true,"href":"https:\/\/uniest.it\/de\/wp-json\/wp\/v2\/media\/7375"}],"wp:attachment":[{"href":"https:\/\/uniest.it\/de\/wp-json\/wp\/v2\/media?parent=7374"}],"wp:term":[{"taxonomy":"product_brand","embeddable":true,"href":"https:\/\/uniest.it\/de\/wp-json\/wp\/v2\/product_brand?post=7374"},{"taxonomy":"product_cat","embeddable":true,"href":"https:\/\/uniest.it\/de\/wp-json\/wp\/v2\/product_cat?post=7374"},{"taxonomy":"product_tag","embeddable":true,"href":"https:\/\/uniest.it\/de\/wp-json\/wp\/v2\/product_tag?post=7374"}],"curies":[{"name":"wp","href":"https:\/\/api.w.org\/{rel}","templated":true}]}}