{"id":7380,"date":"2021-02-04T13:00:44","date_gmt":"2024-10-29T17:56:44","guid":{"rendered":"https:\/\/uniest.it\/prodotto\/arnika-100-ml\/"},"modified":"2024-10-29T18:56:44","modified_gmt":"2024-10-29T17:56:44","slug":"arnika-100-ml","status":"publish","type":"product","link":"https:\/\/uniest.it\/de\/prodotto\/arnika-100-ml\/","title":{"rendered":"Arnika &#8211; 100 ml"},"content":{"rendered":"<p>Arnika-Creme ist ein ideales Hilfsmittel bei Muskelschmerzen und Kontrakturen im Allgemeinen, Hautentz\u00fcndungen und Insektenstichen. Der nat\u00fcrliche Pflanzenextrakt von Arnika entfaltet in Kombination mit Methylsalicylat eine gro\u00dfartige reaktivierende und beruhigende Wirkung. Sehr n\u00fctzlich als Hilfsmittel bei der Behandlung von Schmerzen oder Entz\u00fcndungen, bei Akne und Hautausschl\u00e4gen. Es f\u00f6rdert die Resorption von Prellungen, Beulen, Verstauchungen, Schwellungen oder Prellungen, entlastet den K\u00f6rper und revitalisiert die Haut. Abgerundet wird die Formulierung durch Reiskleie\u00f6l, BIO-S\u00fc\u00dfmandel\u00f6l, BIO-Sheabutter und Glycerin, allesamt ausgezeichnete beruhigende, feuchtigkeitsspendende und beruhigende Wirkstoffe, die sie zu einer Creme mit reichhaltigen weichmachenden Funktionen machen.<\/p>\n","protected":false},"excerpt":{"rendered":"<p>Arnika-Creme ist ein ideales Hilfsmittel bei Muskelschmerzen und Kontrakturen im Allgemeinen, Hautentz\u00fcndungen und Insektenstichen. Der nat\u00fcrliche Pflanzenextrakt von Arnika entfaltet in Kombination mit Methylsalicylat eine gro\u00dfartige reaktivierende und beruhigende Wirkung. Sehr n\u00fctzlich als Hilfsmittel bei der Behandlung von Schmerzen oder Entz\u00fcndungen, bei Akne und Hautausschl\u00e4gen. Es f\u00f6rdert die Resorption von Prellungen, Beulen, Verstauchungen, Schwellungen oder [&hellip;]<\/p>\n","protected":false},"featured_media":7381,"template":"","meta":{"_acf_changed":false,"inline_featured_image":false},"product_brand":[],"product_cat":[1497,1493,1489,1496],"product_tag":[],"class_list":{"0":"post-7380","1":"product","2":"type-product","3":"status-publish","4":"has-post-thumbnail","6":"product_beauty-detox-e-dren","7":"product_beauty-idratare","8":"product_beauty-lenire","9":"product_beauty-rassodare-e-tonificare","10":"product_skin-tutte-le-pelli","11":"product_kind-i-rimedi-dalla-natura","12":"product_kind-speciale-sport","13":"product_kind-trattamenti-speciali","14":"product_kind-tutte-le-creme-corpo","15":"product_lines-i-rimedi-dalla-natura","16":"product_cat-viso-de","17":"product_cat-mani-e-piedi-de","18":"product_cat-corpo-de","19":"product_cat-uomo-de","20":"pa_size-100-de","22":"first","23":"instock","24":"taxable","25":"shipping-taxable","26":"purchasable","27":"product-type-simple"},"acf":[],"yoast_head":"<!-- This site is optimized with the Yoast SEO plugin v24.6 - https:\/\/yoast.com\/wordpress\/plugins\/seo\/ -->\n<title>Arnika - 100 ml - Uniest<\/title>\n<meta name=\"robots\" content=\"index, follow, max-snippet:-1, max-image-preview:large, max-video-preview:-1\" \/>\n<link rel=\"canonical\" href=\"https:\/\/uniest.it\/prodotto\/arnika-100-ml\/\" \/>\n<meta property=\"og:locale\" content=\"de_DE\" \/>\n<meta property=\"og:type\" content=\"article\" \/>\n<meta property=\"og:title\" content=\"Arnika - 100 ml - Uniest\" \/>\n<meta property=\"og:description\" content=\"Arnika-Creme ist ein ideales Hilfsmittel bei Muskelschmerzen und Kontrakturen im Allgemeinen, Hautentz\u00fcndungen und Insektenstichen. Der nat\u00fcrliche Pflanzenextrakt von Arnika entfaltet in Kombination mit Methylsalicylat eine gro\u00dfartige reaktivierende und beruhigende Wirkung. Sehr n\u00fctzlich als Hilfsmittel bei der Behandlung von Schmerzen oder Entz\u00fcndungen, bei Akne und Hautausschl\u00e4gen. Es f\u00f6rdert die Resorption von Prellungen, Beulen, Verstauchungen, Schwellungen oder [&hellip;]\" \/>\n<meta property=\"og:url\" content=\"https:\/\/uniest.it\/prodotto\/arnika-100-ml\/\" \/>\n<meta property=\"og:site_name\" content=\"Uniest\" \/>\n<meta name=\"twitter:card\" content=\"summary_large_image\" \/>\n<meta name=\"twitter:label1\" content=\"Gesch\u00e4tzte Lesezeit\" \/>\n\t<meta name=\"twitter:data1\" content=\"1\u00a0Minute\" \/>\n<script type=\"application\/ld+json\" class=\"yoast-schema-graph\">{\"@context\":\"https:\/\/schema.org\",\"@graph\":[{\"@type\":\"WebPage\",\"@id\":\"https:\/\/uniest.it\/prodotto\/arnika-100-ml\/\",\"url\":\"https:\/\/uniest.it\/prodotto\/arnika-100-ml\/\",\"name\":\"Arnika - 100 ml - Uniest\",\"isPartOf\":{\"@id\":\"https:\/\/uniest.it\/#website\"},\"primaryImageOfPage\":{\"@id\":\"https:\/\/uniest.it\/prodotto\/arnika-100-ml\/#primaryimage\"},\"image\":{\"@id\":\"https:\/\/uniest.it\/prodotto\/arnika-100-ml\/#primaryimage\"},\"thumbnailUrl\":\"https:\/\/uniest.it\/wp-content\/uploads\/2020\/11\/815AAE.png\",\"datePublished\":\"2024-10-29T17:56:44+00:00\",\"breadcrumb\":{\"@id\":\"https:\/\/uniest.it\/prodotto\/arnika-100-ml\/#breadcrumb\"},\"inLanguage\":\"de\",\"potentialAction\":[{\"@type\":\"ReadAction\",\"target\":[\"https:\/\/uniest.it\/prodotto\/arnika-100-ml\/\"]}]},{\"@type\":\"ImageObject\",\"inLanguage\":\"de\",\"@id\":\"https:\/\/uniest.it\/prodotto\/arnika-100-ml\/#primaryimage\",\"url\":\"https:\/\/uniest.it\/wp-content\/uploads\/2020\/11\/815AAE.png\",\"contentUrl\":\"https:\/\/uniest.it\/wp-content\/uploads\/2020\/11\/815AAE.png\",\"width\":1283,\"height\":2000},{\"@type\":\"BreadcrumbList\",\"@id\":\"https:\/\/uniest.it\/prodotto\/arnika-100-ml\/#breadcrumb\",\"itemListElement\":[{\"@type\":\"ListItem\",\"position\":1,\"name\":\"Home\",\"item\":\"https:\/\/uniest.it\/de\/\"},{\"@type\":\"ListItem\",\"position\":2,\"name\":\"Shop\",\"item\":\"https:\/\/uniest.it\/shop\/\"},{\"@type\":\"ListItem\",\"position\":3,\"name\":\"Arnika &#8211; 100 ml\"}]},{\"@type\":\"WebSite\",\"@id\":\"https:\/\/uniest.it\/#website\",\"url\":\"https:\/\/uniest.it\/\",\"name\":\"Uniest\",\"description\":\"Cosmetici Naturali e Bio\",\"potentialAction\":[{\"@type\":\"SearchAction\",\"target\":{\"@type\":\"EntryPoint\",\"urlTemplate\":\"https:\/\/uniest.it\/?s={search_term_string}\"},\"query-input\":{\"@type\":\"PropertyValueSpecification\",\"valueRequired\":true,\"valueName\":\"search_term_string\"}}],\"inLanguage\":\"de\"}]}<\/script>\n<!-- \/ Yoast SEO plugin. -->","yoast_head_json":{"title":"Arnika - 100 ml - Uniest","robots":{"index":"index","follow":"follow","max-snippet":"max-snippet:-1","max-image-preview":"max-image-preview:large","max-video-preview":"max-video-preview:-1"},"canonical":"https:\/\/uniest.it\/prodotto\/arnika-100-ml\/","og_locale":"de_DE","og_type":"article","og_title":"Arnika - 100 ml - Uniest","og_description":"Arnika-Creme ist ein ideales Hilfsmittel bei Muskelschmerzen und Kontrakturen im Allgemeinen, Hautentz\u00fcndungen und Insektenstichen. Der nat\u00fcrliche Pflanzenextrakt von Arnika entfaltet in Kombination mit Methylsalicylat eine gro\u00dfartige reaktivierende und beruhigende Wirkung. Sehr n\u00fctzlich als Hilfsmittel bei der Behandlung von Schmerzen oder Entz\u00fcndungen, bei Akne und Hautausschl\u00e4gen. Es f\u00f6rdert die Resorption von Prellungen, Beulen, Verstauchungen, Schwellungen oder [&hellip;]","og_url":"https:\/\/uniest.it\/prodotto\/arnika-100-ml\/","og_site_name":"Uniest","twitter_card":"summary_large_image","twitter_misc":{"Gesch\u00e4tzte Lesezeit":"1\u00a0Minute"},"schema":{"@context":"https:\/\/schema.org","@graph":[{"@type":"WebPage","@id":"https:\/\/uniest.it\/prodotto\/arnika-100-ml\/","url":"https:\/\/uniest.it\/prodotto\/arnika-100-ml\/","name":"Arnika - 100 ml - Uniest","isPartOf":{"@id":"https:\/\/uniest.it\/#website"},"primaryImageOfPage":{"@id":"https:\/\/uniest.it\/prodotto\/arnika-100-ml\/#primaryimage"},"image":{"@id":"https:\/\/uniest.it\/prodotto\/arnika-100-ml\/#primaryimage"},"thumbnailUrl":"https:\/\/uniest.it\/wp-content\/uploads\/2020\/11\/815AAE.png","datePublished":"2024-10-29T17:56:44+00:00","breadcrumb":{"@id":"https:\/\/uniest.it\/prodotto\/arnika-100-ml\/#breadcrumb"},"inLanguage":"de","potentialAction":[{"@type":"ReadAction","target":["https:\/\/uniest.it\/prodotto\/arnika-100-ml\/"]}]},{"@type":"ImageObject","inLanguage":"de","@id":"https:\/\/uniest.it\/prodotto\/arnika-100-ml\/#primaryimage","url":"https:\/\/uniest.it\/wp-content\/uploads\/2020\/11\/815AAE.png","contentUrl":"https:\/\/uniest.it\/wp-content\/uploads\/2020\/11\/815AAE.png","width":1283,"height":2000},{"@type":"BreadcrumbList","@id":"https:\/\/uniest.it\/prodotto\/arnika-100-ml\/#breadcrumb","itemListElement":[{"@type":"ListItem","position":1,"name":"Home","item":"https:\/\/uniest.it\/de\/"},{"@type":"ListItem","position":2,"name":"Shop","item":"https:\/\/uniest.it\/shop\/"},{"@type":"ListItem","position":3,"name":"Arnika &#8211; 100 ml"}]},{"@type":"WebSite","@id":"https:\/\/uniest.it\/#website","url":"https:\/\/uniest.it\/","name":"Uniest","description":"Cosmetici Naturali e Bio","potentialAction":[{"@type":"SearchAction","target":{"@type":"EntryPoint","urlTemplate":"https:\/\/uniest.it\/?s={search_term_string}"},"query-input":{"@type":"PropertyValueSpecification","valueRequired":true,"valueName":"search_term_string"}}],"inLanguage":"de"}]}},"_links":{"self":[{"href":"https:\/\/uniest.it\/de\/wp-json\/wp\/v2\/product\/7380","targetHints":{"allow":["GET"]}}],"collection":[{"href":"https:\/\/uniest.it\/de\/wp-json\/wp\/v2\/product"}],"about":[{"href":"https:\/\/uniest.it\/de\/wp-json\/wp\/v2\/types\/product"}],"wp:featuredmedia":[{"embeddable":true,"href":"https:\/\/uniest.it\/de\/wp-json\/wp\/v2\/media\/7381"}],"wp:attachment":[{"href":"https:\/\/uniest.it\/de\/wp-json\/wp\/v2\/media?parent=7380"}],"wp:term":[{"taxonomy":"product_brand","embeddable":true,"href":"https:\/\/uniest.it\/de\/wp-json\/wp\/v2\/product_brand?post=7380"},{"taxonomy":"product_cat","embeddable":true,"href":"https:\/\/uniest.it\/de\/wp-json\/wp\/v2\/product_cat?post=7380"},{"taxonomy":"product_tag","embeddable":true,"href":"https:\/\/uniest.it\/de\/wp-json\/wp\/v2\/product_tag?post=7380"}],"curies":[{"name":"wp","href":"https:\/\/api.w.org\/{rel}","templated":true}]}}