{"id":7383,"date":"2021-02-04T13:00:44","date_gmt":"2024-10-29T17:56:44","guid":{"rendered":"https:\/\/uniest.it\/prodotto\/goji-beeren-100-ml\/"},"modified":"2024-10-29T18:56:44","modified_gmt":"2024-10-29T17:56:44","slug":"goji-beeren-100-ml","status":"publish","type":"product","link":"https:\/\/uniest.it\/de\/prodotto\/goji-beeren-100-ml\/","title":{"rendered":"Goji-Beeren \u2013 100 ml"},"content":{"rendered":"<p>Creme auf Basis des wertvollen Pflanzenextrakts von Goji-Beeren, einem Antioxidans, das vor den negativen Auswirkungen freier Radikale sch\u00fctzt. Goji-Beeren: Goji wird von den Tibetern auch \u201eFrucht des langen Lebens\u201c oder \u201eFrucht der Langlebigkeit\u201c genannt, da sie seit der Antike ihre ern\u00e4hrungsphysiologischen und gesundheitsf\u00f6rdernden Eigenschaften sch\u00e4tzen. Goji ist ein ausgezeichnetes nat\u00fcrliches Multivitamin, das Polysaccharide, pflanzliche Fetts\u00e4uren, Flanoide, Carotinoide (B-Carotin, Lutein, Lycopin) und 18 essentielle Aminos\u00e4uren enth\u00e4lt. Es enth\u00e4lt au\u00dferdem 10 Mineralien (Kalzium, Kalium, Eisen, Zink, Selen, Phosphor, Mangan, Magnesium, Kupfer) sowie die Vitamine A und C der Gruppe B.<\/p>\n","protected":false},"excerpt":{"rendered":"<p>Creme auf Basis des wertvollen Pflanzenextrakts von Goji-Beeren, einem Antioxidans, das vor den negativen Auswirkungen freier Radikale sch\u00fctzt. Goji-Beeren: Goji wird von den Tibetern auch \u201eFrucht des langen Lebens\u201c oder \u201eFrucht der Langlebigkeit\u201c genannt, da sie seit der Antike ihre ern\u00e4hrungsphysiologischen und gesundheitsf\u00f6rdernden Eigenschaften sch\u00e4tzen. Goji ist ein ausgezeichnetes nat\u00fcrliches Multivitamin, das Polysaccharide, pflanzliche Fetts\u00e4uren, [&hellip;]<\/p>\n","protected":false},"featured_media":7384,"template":"","meta":{"_acf_changed":false,"inline_featured_image":false},"product_brand":[],"product_cat":[1497,1493,1489],"product_tag":[],"class_list":{"0":"post-7383","1":"product","2":"type-product","3":"status-publish","4":"has-post-thumbnail","6":"product_beauty-antirughe","7":"product_beauty-idratare","8":"product_beauty-lenire","9":"product_beauty-nutrire-e-rigenerare","10":"product_beauty-proteggere","11":"product_beauty-purificare","12":"product_beauty-riequilibrare","13":"product_skin-tutte-le-pelli","14":"product_kind-creme-antieta-e-prime-rughe","15":"product_kind-i-rimedi-dalla-natura","16":"product_kind-trattamenti-speciali","17":"product_kind-tutte-le-creme-corpo","18":"product_kind-tutte-le-creme-viso","19":"product_lines-i-rimedi-dalla-natura","20":"product_cat-viso-de","21":"product_cat-mani-e-piedi-de","22":"product_cat-corpo-de","23":"pa_size-100-de","25":"first","26":"instock","27":"taxable","28":"shipping-taxable","29":"purchasable","30":"product-type-simple"},"acf":[],"yoast_head":"<!-- This site is optimized with the Yoast SEO plugin v24.6 - https:\/\/yoast.com\/wordpress\/plugins\/seo\/ -->\n<title>Goji-Beeren \u2013 100 ml - Uniest<\/title>\n<meta name=\"robots\" content=\"index, follow, max-snippet:-1, max-image-preview:large, max-video-preview:-1\" \/>\n<link rel=\"canonical\" href=\"https:\/\/uniest.it\/prodotto\/goji-beeren-100-ml\/\" \/>\n<meta property=\"og:locale\" content=\"de_DE\" \/>\n<meta property=\"og:type\" content=\"article\" \/>\n<meta property=\"og:title\" content=\"Goji-Beeren \u2013 100 ml - Uniest\" \/>\n<meta property=\"og:description\" content=\"Creme auf Basis des wertvollen Pflanzenextrakts von Goji-Beeren, einem Antioxidans, das vor den negativen Auswirkungen freier Radikale sch\u00fctzt. Goji-Beeren: Goji wird von den Tibetern auch \u201eFrucht des langen Lebens\u201c oder \u201eFrucht der Langlebigkeit\u201c genannt, da sie seit der Antike ihre ern\u00e4hrungsphysiologischen und gesundheitsf\u00f6rdernden Eigenschaften sch\u00e4tzen. Goji ist ein ausgezeichnetes nat\u00fcrliches Multivitamin, das Polysaccharide, pflanzliche Fetts\u00e4uren, [&hellip;]\" \/>\n<meta property=\"og:url\" content=\"https:\/\/uniest.it\/prodotto\/goji-beeren-100-ml\/\" \/>\n<meta property=\"og:site_name\" content=\"Uniest\" \/>\n<meta name=\"twitter:card\" content=\"summary_large_image\" \/>\n<script type=\"application\/ld+json\" class=\"yoast-schema-graph\">{\"@context\":\"https:\/\/schema.org\",\"@graph\":[{\"@type\":\"WebPage\",\"@id\":\"https:\/\/uniest.it\/prodotto\/goji-beeren-100-ml\/\",\"url\":\"https:\/\/uniest.it\/prodotto\/goji-beeren-100-ml\/\",\"name\":\"Goji-Beeren \u2013 100 ml - Uniest\",\"isPartOf\":{\"@id\":\"https:\/\/uniest.it\/#website\"},\"primaryImageOfPage\":{\"@id\":\"https:\/\/uniest.it\/prodotto\/goji-beeren-100-ml\/#primaryimage\"},\"image\":{\"@id\":\"https:\/\/uniest.it\/prodotto\/goji-beeren-100-ml\/#primaryimage\"},\"thumbnailUrl\":\"https:\/\/uniest.it\/wp-content\/uploads\/2020\/11\/820AAE.png\",\"datePublished\":\"2024-10-29T17:56:44+00:00\",\"breadcrumb\":{\"@id\":\"https:\/\/uniest.it\/prodotto\/goji-beeren-100-ml\/#breadcrumb\"},\"inLanguage\":\"de\",\"potentialAction\":[{\"@type\":\"ReadAction\",\"target\":[\"https:\/\/uniest.it\/prodotto\/goji-beeren-100-ml\/\"]}]},{\"@type\":\"ImageObject\",\"inLanguage\":\"de\",\"@id\":\"https:\/\/uniest.it\/prodotto\/goji-beeren-100-ml\/#primaryimage\",\"url\":\"https:\/\/uniest.it\/wp-content\/uploads\/2020\/11\/820AAE.png\",\"contentUrl\":\"https:\/\/uniest.it\/wp-content\/uploads\/2020\/11\/820AAE.png\",\"width\":1283,\"height\":2000},{\"@type\":\"BreadcrumbList\",\"@id\":\"https:\/\/uniest.it\/prodotto\/goji-beeren-100-ml\/#breadcrumb\",\"itemListElement\":[{\"@type\":\"ListItem\",\"position\":1,\"name\":\"Home\",\"item\":\"https:\/\/uniest.it\/de\/\"},{\"@type\":\"ListItem\",\"position\":2,\"name\":\"Shop\",\"item\":\"https:\/\/uniest.it\/shop\/\"},{\"@type\":\"ListItem\",\"position\":3,\"name\":\"Goji-Beeren \u2013 100 ml\"}]},{\"@type\":\"WebSite\",\"@id\":\"https:\/\/uniest.it\/#website\",\"url\":\"https:\/\/uniest.it\/\",\"name\":\"Uniest\",\"description\":\"Cosmetici Naturali e Bio\",\"potentialAction\":[{\"@type\":\"SearchAction\",\"target\":{\"@type\":\"EntryPoint\",\"urlTemplate\":\"https:\/\/uniest.it\/?s={search_term_string}\"},\"query-input\":{\"@type\":\"PropertyValueSpecification\",\"valueRequired\":true,\"valueName\":\"search_term_string\"}}],\"inLanguage\":\"de\"}]}<\/script>\n<!-- \/ Yoast SEO plugin. -->","yoast_head_json":{"title":"Goji-Beeren \u2013 100 ml - Uniest","robots":{"index":"index","follow":"follow","max-snippet":"max-snippet:-1","max-image-preview":"max-image-preview:large","max-video-preview":"max-video-preview:-1"},"canonical":"https:\/\/uniest.it\/prodotto\/goji-beeren-100-ml\/","og_locale":"de_DE","og_type":"article","og_title":"Goji-Beeren \u2013 100 ml - Uniest","og_description":"Creme auf Basis des wertvollen Pflanzenextrakts von Goji-Beeren, einem Antioxidans, das vor den negativen Auswirkungen freier Radikale sch\u00fctzt. Goji-Beeren: Goji wird von den Tibetern auch \u201eFrucht des langen Lebens\u201c oder \u201eFrucht der Langlebigkeit\u201c genannt, da sie seit der Antike ihre ern\u00e4hrungsphysiologischen und gesundheitsf\u00f6rdernden Eigenschaften sch\u00e4tzen. Goji ist ein ausgezeichnetes nat\u00fcrliches Multivitamin, das Polysaccharide, pflanzliche Fetts\u00e4uren, [&hellip;]","og_url":"https:\/\/uniest.it\/prodotto\/goji-beeren-100-ml\/","og_site_name":"Uniest","twitter_card":"summary_large_image","schema":{"@context":"https:\/\/schema.org","@graph":[{"@type":"WebPage","@id":"https:\/\/uniest.it\/prodotto\/goji-beeren-100-ml\/","url":"https:\/\/uniest.it\/prodotto\/goji-beeren-100-ml\/","name":"Goji-Beeren \u2013 100 ml - Uniest","isPartOf":{"@id":"https:\/\/uniest.it\/#website"},"primaryImageOfPage":{"@id":"https:\/\/uniest.it\/prodotto\/goji-beeren-100-ml\/#primaryimage"},"image":{"@id":"https:\/\/uniest.it\/prodotto\/goji-beeren-100-ml\/#primaryimage"},"thumbnailUrl":"https:\/\/uniest.it\/wp-content\/uploads\/2020\/11\/820AAE.png","datePublished":"2024-10-29T17:56:44+00:00","breadcrumb":{"@id":"https:\/\/uniest.it\/prodotto\/goji-beeren-100-ml\/#breadcrumb"},"inLanguage":"de","potentialAction":[{"@type":"ReadAction","target":["https:\/\/uniest.it\/prodotto\/goji-beeren-100-ml\/"]}]},{"@type":"ImageObject","inLanguage":"de","@id":"https:\/\/uniest.it\/prodotto\/goji-beeren-100-ml\/#primaryimage","url":"https:\/\/uniest.it\/wp-content\/uploads\/2020\/11\/820AAE.png","contentUrl":"https:\/\/uniest.it\/wp-content\/uploads\/2020\/11\/820AAE.png","width":1283,"height":2000},{"@type":"BreadcrumbList","@id":"https:\/\/uniest.it\/prodotto\/goji-beeren-100-ml\/#breadcrumb","itemListElement":[{"@type":"ListItem","position":1,"name":"Home","item":"https:\/\/uniest.it\/de\/"},{"@type":"ListItem","position":2,"name":"Shop","item":"https:\/\/uniest.it\/shop\/"},{"@type":"ListItem","position":3,"name":"Goji-Beeren \u2013 100 ml"}]},{"@type":"WebSite","@id":"https:\/\/uniest.it\/#website","url":"https:\/\/uniest.it\/","name":"Uniest","description":"Cosmetici Naturali e Bio","potentialAction":[{"@type":"SearchAction","target":{"@type":"EntryPoint","urlTemplate":"https:\/\/uniest.it\/?s={search_term_string}"},"query-input":{"@type":"PropertyValueSpecification","valueRequired":true,"valueName":"search_term_string"}}],"inLanguage":"de"}]}},"_links":{"self":[{"href":"https:\/\/uniest.it\/de\/wp-json\/wp\/v2\/product\/7383","targetHints":{"allow":["GET"]}}],"collection":[{"href":"https:\/\/uniest.it\/de\/wp-json\/wp\/v2\/product"}],"about":[{"href":"https:\/\/uniest.it\/de\/wp-json\/wp\/v2\/types\/product"}],"wp:featuredmedia":[{"embeddable":true,"href":"https:\/\/uniest.it\/de\/wp-json\/wp\/v2\/media\/7384"}],"wp:attachment":[{"href":"https:\/\/uniest.it\/de\/wp-json\/wp\/v2\/media?parent=7383"}],"wp:term":[{"taxonomy":"product_brand","embeddable":true,"href":"https:\/\/uniest.it\/de\/wp-json\/wp\/v2\/product_brand?post=7383"},{"taxonomy":"product_cat","embeddable":true,"href":"https:\/\/uniest.it\/de\/wp-json\/wp\/v2\/product_cat?post=7383"},{"taxonomy":"product_tag","embeddable":true,"href":"https:\/\/uniest.it\/de\/wp-json\/wp\/v2\/product_tag?post=7383"}],"curies":[{"name":"wp","href":"https:\/\/api.w.org\/{rel}","templated":true}]}}