{"id":7386,"date":"2021-02-04T13:00:44","date_gmt":"2024-10-29T17:56:45","guid":{"rendered":"https:\/\/uniest.it\/prodotto\/aloe-100-ml\/"},"modified":"2024-10-29T18:56:45","modified_gmt":"2024-10-29T17:56:45","slug":"aloe-100-ml","status":"publish","type":"product","link":"https:\/\/uniest.it\/de\/prodotto\/aloe-100-ml\/","title":{"rendered":"Aloe &#8211; 100 ml"},"content":{"rendered":"<p>Aloe ist eine nat\u00fcrliche Creme mit einem hohen Anteil an BIO-Aloe* (40 %) mit einer stark feuchtigkeitsspendenden und beruhigenden Wirkung. Es zieht durch eine sanfte Massage ein, ohne zu fetten, und sein Hauptmerkmal sind die fleischigen Bl\u00e4tter, in denen sich ein Gel mit au\u00dfergew\u00f6hnlichen Eigenschaften befindet. Tats\u00e4chlich enth\u00e4lt dieser Saft 200 aktive Verbindungen und \u00fcber 75 N\u00e4hrstoffe, darunter: 20 Mineralien, darunter Kalzium, Chrom, Eisen, Phosphor, Magnesium, Mangan, Kalium, Natrium, Zink, wichtige Antioxidantien und Anti-Aging-Mittel f\u00fcr die Haut; 18 der 20 f\u00fcr den Menschen notwendigen Aminos\u00e4uren, 12 Vitamine, darunter A, C, D, E und Gruppe B, Enzyme, die f\u00fcr alle lebenswichtigen Prozesse notwendig sind, Saccharide, Saponine und Pflanzensterole, die in der Lage sind, durch freie Radikale verursachte Zellsch\u00e4den zu bek\u00e4mpfen. All diese Elemente machen Aloe zu einer Art \u201enat\u00fcrlichem Heilmittel\u201c, das bereits von alten V\u00f6lkern wie \u00c4gyptern, Assyrern, Indern usw. verwendet wurde.<\/p>\n","protected":false},"excerpt":{"rendered":"<p>Aloe ist eine nat\u00fcrliche Creme mit einem hohen Anteil an BIO-Aloe* (40 %) mit einer stark feuchtigkeitsspendenden und beruhigenden Wirkung. Es zieht durch eine sanfte Massage ein, ohne zu fetten, und sein Hauptmerkmal sind die fleischigen Bl\u00e4tter, in denen sich ein Gel mit au\u00dfergew\u00f6hnlichen Eigenschaften befindet. Tats\u00e4chlich enth\u00e4lt dieser Saft 200 aktive Verbindungen und \u00fcber [&hellip;]<\/p>\n","protected":false},"featured_media":7387,"template":"","meta":{"_acf_changed":false,"inline_featured_image":false},"product_brand":[],"product_cat":[1497,1493,1489],"product_tag":[],"class_list":{"0":"post-7386","1":"product","2":"type-product","3":"status-publish","4":"has-post-thumbnail","6":"product_beauty-antirughe","7":"product_beauty-idratare","8":"product_beauty-lenire","9":"product_beauty-nutrire-e-rigenerare","10":"product_beauty-proteggere","11":"product_beauty-riequilibrare","12":"product_skin-tutte-le-pelli","13":"product_kind-creme-antieta-e-prime-rughe","14":"product_kind-creme-pelli-complesse","15":"product_kind-i-rimedi-dalla-natura","16":"product_kind-trattamenti-speciali","17":"product_kind-tutte-le-creme-corpo","18":"product_kind-tutte-le-creme-viso","19":"product_lines-i-rimedi-dalla-natura","20":"product_cat-viso-de","21":"product_cat-mani-e-piedi-de","22":"product_cat-corpo-de","23":"pa_size-100-de","25":"first","26":"instock","27":"taxable","28":"shipping-taxable","29":"purchasable","30":"product-type-simple"},"acf":[],"yoast_head":"<!-- This site is optimized with the Yoast SEO plugin v24.6 - https:\/\/yoast.com\/wordpress\/plugins\/seo\/ -->\n<title>Aloe - 100 ml - Uniest<\/title>\n<meta name=\"robots\" content=\"index, follow, max-snippet:-1, max-image-preview:large, max-video-preview:-1\" \/>\n<link rel=\"canonical\" href=\"https:\/\/uniest.it\/prodotto\/aloe-100-ml\/\" \/>\n<meta property=\"og:locale\" content=\"de_DE\" \/>\n<meta property=\"og:type\" content=\"article\" \/>\n<meta property=\"og:title\" content=\"Aloe - 100 ml - Uniest\" \/>\n<meta property=\"og:description\" content=\"Aloe ist eine nat\u00fcrliche Creme mit einem hohen Anteil an BIO-Aloe* (40 %) mit einer stark feuchtigkeitsspendenden und beruhigenden Wirkung. Es zieht durch eine sanfte Massage ein, ohne zu fetten, und sein Hauptmerkmal sind die fleischigen Bl\u00e4tter, in denen sich ein Gel mit au\u00dfergew\u00f6hnlichen Eigenschaften befindet. Tats\u00e4chlich enth\u00e4lt dieser Saft 200 aktive Verbindungen und \u00fcber [&hellip;]\" \/>\n<meta property=\"og:url\" content=\"https:\/\/uniest.it\/prodotto\/aloe-100-ml\/\" \/>\n<meta property=\"og:site_name\" content=\"Uniest\" \/>\n<meta name=\"twitter:card\" content=\"summary_large_image\" \/>\n<meta name=\"twitter:label1\" content=\"Gesch\u00e4tzte Lesezeit\" \/>\n\t<meta name=\"twitter:data1\" content=\"1\u00a0Minute\" \/>\n<script type=\"application\/ld+json\" class=\"yoast-schema-graph\">{\"@context\":\"https:\/\/schema.org\",\"@graph\":[{\"@type\":\"WebPage\",\"@id\":\"https:\/\/uniest.it\/prodotto\/aloe-100-ml\/\",\"url\":\"https:\/\/uniest.it\/prodotto\/aloe-100-ml\/\",\"name\":\"Aloe - 100 ml - Uniest\",\"isPartOf\":{\"@id\":\"https:\/\/uniest.it\/#website\"},\"primaryImageOfPage\":{\"@id\":\"https:\/\/uniest.it\/prodotto\/aloe-100-ml\/#primaryimage\"},\"image\":{\"@id\":\"https:\/\/uniest.it\/prodotto\/aloe-100-ml\/#primaryimage\"},\"thumbnailUrl\":\"https:\/\/uniest.it\/wp-content\/uploads\/2020\/11\/825AAE.png\",\"datePublished\":\"2024-10-29T17:56:45+00:00\",\"breadcrumb\":{\"@id\":\"https:\/\/uniest.it\/prodotto\/aloe-100-ml\/#breadcrumb\"},\"inLanguage\":\"de\",\"potentialAction\":[{\"@type\":\"ReadAction\",\"target\":[\"https:\/\/uniest.it\/prodotto\/aloe-100-ml\/\"]}]},{\"@type\":\"ImageObject\",\"inLanguage\":\"de\",\"@id\":\"https:\/\/uniest.it\/prodotto\/aloe-100-ml\/#primaryimage\",\"url\":\"https:\/\/uniest.it\/wp-content\/uploads\/2020\/11\/825AAE.png\",\"contentUrl\":\"https:\/\/uniest.it\/wp-content\/uploads\/2020\/11\/825AAE.png\",\"width\":1283,\"height\":2000},{\"@type\":\"BreadcrumbList\",\"@id\":\"https:\/\/uniest.it\/prodotto\/aloe-100-ml\/#breadcrumb\",\"itemListElement\":[{\"@type\":\"ListItem\",\"position\":1,\"name\":\"Home\",\"item\":\"https:\/\/uniest.it\/de\/\"},{\"@type\":\"ListItem\",\"position\":2,\"name\":\"Shop\",\"item\":\"https:\/\/uniest.it\/shop\/\"},{\"@type\":\"ListItem\",\"position\":3,\"name\":\"Aloe &#8211; 100 ml\"}]},{\"@type\":\"WebSite\",\"@id\":\"https:\/\/uniest.it\/#website\",\"url\":\"https:\/\/uniest.it\/\",\"name\":\"Uniest\",\"description\":\"Cosmetici Naturali e Bio\",\"potentialAction\":[{\"@type\":\"SearchAction\",\"target\":{\"@type\":\"EntryPoint\",\"urlTemplate\":\"https:\/\/uniest.it\/?s={search_term_string}\"},\"query-input\":{\"@type\":\"PropertyValueSpecification\",\"valueRequired\":true,\"valueName\":\"search_term_string\"}}],\"inLanguage\":\"de\"}]}<\/script>\n<!-- \/ Yoast SEO plugin. -->","yoast_head_json":{"title":"Aloe - 100 ml - Uniest","robots":{"index":"index","follow":"follow","max-snippet":"max-snippet:-1","max-image-preview":"max-image-preview:large","max-video-preview":"max-video-preview:-1"},"canonical":"https:\/\/uniest.it\/prodotto\/aloe-100-ml\/","og_locale":"de_DE","og_type":"article","og_title":"Aloe - 100 ml - Uniest","og_description":"Aloe ist eine nat\u00fcrliche Creme mit einem hohen Anteil an BIO-Aloe* (40 %) mit einer stark feuchtigkeitsspendenden und beruhigenden Wirkung. Es zieht durch eine sanfte Massage ein, ohne zu fetten, und sein Hauptmerkmal sind die fleischigen Bl\u00e4tter, in denen sich ein Gel mit au\u00dfergew\u00f6hnlichen Eigenschaften befindet. Tats\u00e4chlich enth\u00e4lt dieser Saft 200 aktive Verbindungen und \u00fcber [&hellip;]","og_url":"https:\/\/uniest.it\/prodotto\/aloe-100-ml\/","og_site_name":"Uniest","twitter_card":"summary_large_image","twitter_misc":{"Gesch\u00e4tzte Lesezeit":"1\u00a0Minute"},"schema":{"@context":"https:\/\/schema.org","@graph":[{"@type":"WebPage","@id":"https:\/\/uniest.it\/prodotto\/aloe-100-ml\/","url":"https:\/\/uniest.it\/prodotto\/aloe-100-ml\/","name":"Aloe - 100 ml - Uniest","isPartOf":{"@id":"https:\/\/uniest.it\/#website"},"primaryImageOfPage":{"@id":"https:\/\/uniest.it\/prodotto\/aloe-100-ml\/#primaryimage"},"image":{"@id":"https:\/\/uniest.it\/prodotto\/aloe-100-ml\/#primaryimage"},"thumbnailUrl":"https:\/\/uniest.it\/wp-content\/uploads\/2020\/11\/825AAE.png","datePublished":"2024-10-29T17:56:45+00:00","breadcrumb":{"@id":"https:\/\/uniest.it\/prodotto\/aloe-100-ml\/#breadcrumb"},"inLanguage":"de","potentialAction":[{"@type":"ReadAction","target":["https:\/\/uniest.it\/prodotto\/aloe-100-ml\/"]}]},{"@type":"ImageObject","inLanguage":"de","@id":"https:\/\/uniest.it\/prodotto\/aloe-100-ml\/#primaryimage","url":"https:\/\/uniest.it\/wp-content\/uploads\/2020\/11\/825AAE.png","contentUrl":"https:\/\/uniest.it\/wp-content\/uploads\/2020\/11\/825AAE.png","width":1283,"height":2000},{"@type":"BreadcrumbList","@id":"https:\/\/uniest.it\/prodotto\/aloe-100-ml\/#breadcrumb","itemListElement":[{"@type":"ListItem","position":1,"name":"Home","item":"https:\/\/uniest.it\/de\/"},{"@type":"ListItem","position":2,"name":"Shop","item":"https:\/\/uniest.it\/shop\/"},{"@type":"ListItem","position":3,"name":"Aloe &#8211; 100 ml"}]},{"@type":"WebSite","@id":"https:\/\/uniest.it\/#website","url":"https:\/\/uniest.it\/","name":"Uniest","description":"Cosmetici Naturali e Bio","potentialAction":[{"@type":"SearchAction","target":{"@type":"EntryPoint","urlTemplate":"https:\/\/uniest.it\/?s={search_term_string}"},"query-input":{"@type":"PropertyValueSpecification","valueRequired":true,"valueName":"search_term_string"}}],"inLanguage":"de"}]}},"_links":{"self":[{"href":"https:\/\/uniest.it\/de\/wp-json\/wp\/v2\/product\/7386","targetHints":{"allow":["GET"]}}],"collection":[{"href":"https:\/\/uniest.it\/de\/wp-json\/wp\/v2\/product"}],"about":[{"href":"https:\/\/uniest.it\/de\/wp-json\/wp\/v2\/types\/product"}],"wp:featuredmedia":[{"embeddable":true,"href":"https:\/\/uniest.it\/de\/wp-json\/wp\/v2\/media\/7387"}],"wp:attachment":[{"href":"https:\/\/uniest.it\/de\/wp-json\/wp\/v2\/media?parent=7386"}],"wp:term":[{"taxonomy":"product_brand","embeddable":true,"href":"https:\/\/uniest.it\/de\/wp-json\/wp\/v2\/product_brand?post=7386"},{"taxonomy":"product_cat","embeddable":true,"href":"https:\/\/uniest.it\/de\/wp-json\/wp\/v2\/product_cat?post=7386"},{"taxonomy":"product_tag","embeddable":true,"href":"https:\/\/uniest.it\/de\/wp-json\/wp\/v2\/product_tag?post=7386"}],"curies":[{"name":"wp","href":"https:\/\/api.w.org\/{rel}","templated":true}]}}