{"id":7392,"date":"2021-02-04T13:00:44","date_gmt":"2024-10-29T17:56:46","guid":{"rendered":"https:\/\/uniest.it\/prodotto\/teufelskralle-100-ml\/"},"modified":"2024-10-29T18:56:46","modified_gmt":"2024-10-29T17:56:46","slug":"teufelskralle-100-ml","status":"publish","type":"product","link":"https:\/\/uniest.it\/de\/prodotto\/teufelskralle-100-ml\/","title":{"rendered":"Teufelskralle \u2013 100 ml"},"content":{"rendered":"<p>Seit Jahrhunderten ist bekannt, dass die Anwendung der Teufelskralle auf leidende K\u00f6rperstellen Schmerzen lindert und das Wohlbefinden schnell wiederherstellt. Seine entz\u00fcndungshemmende Wirkung gegen Weichteilrheuma, Arthrose und R\u00fcckenschmerzen ist ein wertvoller Helfer zur F\u00f6rderung der Beweglichkeit und beugt Verletzungen des Gelenkknorpels vor.<\/p>\n","protected":false},"excerpt":{"rendered":"<p>Seit Jahrhunderten ist bekannt, dass die Anwendung der Teufelskralle auf leidende K\u00f6rperstellen Schmerzen lindert und das Wohlbefinden schnell wiederherstellt. Seine entz\u00fcndungshemmende Wirkung gegen Weichteilrheuma, Arthrose und R\u00fcckenschmerzen ist ein wertvoller Helfer zur F\u00f6rderung der Beweglichkeit und beugt Verletzungen des Gelenkknorpels vor.<\/p>\n","protected":false},"featured_media":7393,"template":"","meta":{"_acf_changed":false,"inline_featured_image":false},"product_brand":[],"product_cat":[1497,1493,1489],"product_tag":[],"class_list":{"0":"post-7392","1":"product","2":"type-product","3":"status-publish","4":"has-post-thumbnail","6":"product_beauty-idratare","7":"product_beauty-lenire","8":"product_beauty-nutrire-e-rigenerare","9":"product_skin-tutte-le-pelli","10":"product_kind-i-rimedi-dalla-natura","11":"product_kind-speciale-sport","12":"product_kind-trattamenti-speciali","13":"product_kind-tutte-le-creme-corpo","14":"product_lines-i-rimedi-dalla-natura","15":"product_cat-viso-de","16":"product_cat-mani-e-piedi-de","17":"product_cat-corpo-de","18":"pa_size-100-de","20":"first","21":"instock","22":"taxable","23":"shipping-taxable","24":"purchasable","25":"product-type-simple"},"acf":[],"yoast_head":"<!-- This site is optimized with the Yoast SEO plugin v24.6 - https:\/\/yoast.com\/wordpress\/plugins\/seo\/ -->\n<title>Teufelskralle \u2013 100 ml - Uniest<\/title>\n<meta name=\"robots\" content=\"index, follow, max-snippet:-1, max-image-preview:large, max-video-preview:-1\" \/>\n<link rel=\"canonical\" href=\"https:\/\/uniest.it\/prodotto\/teufelskralle-100-ml\/\" \/>\n<meta property=\"og:locale\" content=\"de_DE\" \/>\n<meta property=\"og:type\" content=\"article\" \/>\n<meta property=\"og:title\" content=\"Teufelskralle \u2013 100 ml - Uniest\" \/>\n<meta property=\"og:description\" content=\"Seit Jahrhunderten ist bekannt, dass die Anwendung der Teufelskralle auf leidende K\u00f6rperstellen Schmerzen lindert und das Wohlbefinden schnell wiederherstellt. Seine entz\u00fcndungshemmende Wirkung gegen Weichteilrheuma, Arthrose und R\u00fcckenschmerzen ist ein wertvoller Helfer zur F\u00f6rderung der Beweglichkeit und beugt Verletzungen des Gelenkknorpels vor.\" \/>\n<meta property=\"og:url\" content=\"https:\/\/uniest.it\/prodotto\/teufelskralle-100-ml\/\" \/>\n<meta property=\"og:site_name\" content=\"Uniest\" \/>\n<meta name=\"twitter:card\" content=\"summary_large_image\" \/>\n<script type=\"application\/ld+json\" class=\"yoast-schema-graph\">{\"@context\":\"https:\/\/schema.org\",\"@graph\":[{\"@type\":\"WebPage\",\"@id\":\"https:\/\/uniest.it\/prodotto\/teufelskralle-100-ml\/\",\"url\":\"https:\/\/uniest.it\/prodotto\/teufelskralle-100-ml\/\",\"name\":\"Teufelskralle \u2013 100 ml - Uniest\",\"isPartOf\":{\"@id\":\"https:\/\/uniest.it\/#website\"},\"primaryImageOfPage\":{\"@id\":\"https:\/\/uniest.it\/prodotto\/teufelskralle-100-ml\/#primaryimage\"},\"image\":{\"@id\":\"https:\/\/uniest.it\/prodotto\/teufelskralle-100-ml\/#primaryimage\"},\"thumbnailUrl\":\"https:\/\/uniest.it\/wp-content\/uploads\/2020\/11\/831AAE.png\",\"datePublished\":\"2024-10-29T17:56:46+00:00\",\"breadcrumb\":{\"@id\":\"https:\/\/uniest.it\/prodotto\/teufelskralle-100-ml\/#breadcrumb\"},\"inLanguage\":\"de\",\"potentialAction\":[{\"@type\":\"ReadAction\",\"target\":[\"https:\/\/uniest.it\/prodotto\/teufelskralle-100-ml\/\"]}]},{\"@type\":\"ImageObject\",\"inLanguage\":\"de\",\"@id\":\"https:\/\/uniest.it\/prodotto\/teufelskralle-100-ml\/#primaryimage\",\"url\":\"https:\/\/uniest.it\/wp-content\/uploads\/2020\/11\/831AAE.png\",\"contentUrl\":\"https:\/\/uniest.it\/wp-content\/uploads\/2020\/11\/831AAE.png\",\"width\":1283,\"height\":2000},{\"@type\":\"BreadcrumbList\",\"@id\":\"https:\/\/uniest.it\/prodotto\/teufelskralle-100-ml\/#breadcrumb\",\"itemListElement\":[{\"@type\":\"ListItem\",\"position\":1,\"name\":\"Home\",\"item\":\"https:\/\/uniest.it\/de\/\"},{\"@type\":\"ListItem\",\"position\":2,\"name\":\"Shop\",\"item\":\"https:\/\/uniest.it\/shop\/\"},{\"@type\":\"ListItem\",\"position\":3,\"name\":\"Teufelskralle \u2013 100 ml\"}]},{\"@type\":\"WebSite\",\"@id\":\"https:\/\/uniest.it\/#website\",\"url\":\"https:\/\/uniest.it\/\",\"name\":\"Uniest\",\"description\":\"Cosmetici Naturali e Bio\",\"potentialAction\":[{\"@type\":\"SearchAction\",\"target\":{\"@type\":\"EntryPoint\",\"urlTemplate\":\"https:\/\/uniest.it\/?s={search_term_string}\"},\"query-input\":{\"@type\":\"PropertyValueSpecification\",\"valueRequired\":true,\"valueName\":\"search_term_string\"}}],\"inLanguage\":\"de\"}]}<\/script>\n<!-- \/ Yoast SEO plugin. -->","yoast_head_json":{"title":"Teufelskralle \u2013 100 ml - Uniest","robots":{"index":"index","follow":"follow","max-snippet":"max-snippet:-1","max-image-preview":"max-image-preview:large","max-video-preview":"max-video-preview:-1"},"canonical":"https:\/\/uniest.it\/prodotto\/teufelskralle-100-ml\/","og_locale":"de_DE","og_type":"article","og_title":"Teufelskralle \u2013 100 ml - Uniest","og_description":"Seit Jahrhunderten ist bekannt, dass die Anwendung der Teufelskralle auf leidende K\u00f6rperstellen Schmerzen lindert und das Wohlbefinden schnell wiederherstellt. Seine entz\u00fcndungshemmende Wirkung gegen Weichteilrheuma, Arthrose und R\u00fcckenschmerzen ist ein wertvoller Helfer zur F\u00f6rderung der Beweglichkeit und beugt Verletzungen des Gelenkknorpels vor.","og_url":"https:\/\/uniest.it\/prodotto\/teufelskralle-100-ml\/","og_site_name":"Uniest","twitter_card":"summary_large_image","schema":{"@context":"https:\/\/schema.org","@graph":[{"@type":"WebPage","@id":"https:\/\/uniest.it\/prodotto\/teufelskralle-100-ml\/","url":"https:\/\/uniest.it\/prodotto\/teufelskralle-100-ml\/","name":"Teufelskralle \u2013 100 ml - Uniest","isPartOf":{"@id":"https:\/\/uniest.it\/#website"},"primaryImageOfPage":{"@id":"https:\/\/uniest.it\/prodotto\/teufelskralle-100-ml\/#primaryimage"},"image":{"@id":"https:\/\/uniest.it\/prodotto\/teufelskralle-100-ml\/#primaryimage"},"thumbnailUrl":"https:\/\/uniest.it\/wp-content\/uploads\/2020\/11\/831AAE.png","datePublished":"2024-10-29T17:56:46+00:00","breadcrumb":{"@id":"https:\/\/uniest.it\/prodotto\/teufelskralle-100-ml\/#breadcrumb"},"inLanguage":"de","potentialAction":[{"@type":"ReadAction","target":["https:\/\/uniest.it\/prodotto\/teufelskralle-100-ml\/"]}]},{"@type":"ImageObject","inLanguage":"de","@id":"https:\/\/uniest.it\/prodotto\/teufelskralle-100-ml\/#primaryimage","url":"https:\/\/uniest.it\/wp-content\/uploads\/2020\/11\/831AAE.png","contentUrl":"https:\/\/uniest.it\/wp-content\/uploads\/2020\/11\/831AAE.png","width":1283,"height":2000},{"@type":"BreadcrumbList","@id":"https:\/\/uniest.it\/prodotto\/teufelskralle-100-ml\/#breadcrumb","itemListElement":[{"@type":"ListItem","position":1,"name":"Home","item":"https:\/\/uniest.it\/de\/"},{"@type":"ListItem","position":2,"name":"Shop","item":"https:\/\/uniest.it\/shop\/"},{"@type":"ListItem","position":3,"name":"Teufelskralle \u2013 100 ml"}]},{"@type":"WebSite","@id":"https:\/\/uniest.it\/#website","url":"https:\/\/uniest.it\/","name":"Uniest","description":"Cosmetici Naturali e Bio","potentialAction":[{"@type":"SearchAction","target":{"@type":"EntryPoint","urlTemplate":"https:\/\/uniest.it\/?s={search_term_string}"},"query-input":{"@type":"PropertyValueSpecification","valueRequired":true,"valueName":"search_term_string"}}],"inLanguage":"de"}]}},"_links":{"self":[{"href":"https:\/\/uniest.it\/de\/wp-json\/wp\/v2\/product\/7392","targetHints":{"allow":["GET"]}}],"collection":[{"href":"https:\/\/uniest.it\/de\/wp-json\/wp\/v2\/product"}],"about":[{"href":"https:\/\/uniest.it\/de\/wp-json\/wp\/v2\/types\/product"}],"wp:featuredmedia":[{"embeddable":true,"href":"https:\/\/uniest.it\/de\/wp-json\/wp\/v2\/media\/7393"}],"wp:attachment":[{"href":"https:\/\/uniest.it\/de\/wp-json\/wp\/v2\/media?parent=7392"}],"wp:term":[{"taxonomy":"product_brand","embeddable":true,"href":"https:\/\/uniest.it\/de\/wp-json\/wp\/v2\/product_brand?post=7392"},{"taxonomy":"product_cat","embeddable":true,"href":"https:\/\/uniest.it\/de\/wp-json\/wp\/v2\/product_cat?post=7392"},{"taxonomy":"product_tag","embeddable":true,"href":"https:\/\/uniest.it\/de\/wp-json\/wp\/v2\/product_tag?post=7392"}],"curies":[{"name":"wp","href":"https:\/\/api.w.org\/{rel}","templated":true}]}}