{"id":7395,"date":"2021-02-04T13:00:44","date_gmt":"2024-10-29T17:56:47","guid":{"rendered":"https:\/\/uniest.it\/prodotto\/spirulina-alge-2\/"},"modified":"2024-10-29T18:56:47","modified_gmt":"2024-10-29T17:56:47","slug":"spirulina-alge-2","status":"publish","type":"product","link":"https:\/\/uniest.it\/de\/prodotto\/spirulina-alge-2\/","title":{"rendered":"Spirulina-Alge"},"content":{"rendered":"<p>Zarte Creme auf Basis von Spirulina-Algen. Spirulina ist ein echter kosmetischer Multiaktivit\u00e4tsinhaltsstoff mit einem breiten Wirkungsspektrum, der mit verschiedenen Wirkungen effektiv auf die Haut einwirken kann: feuchtigkeitsspendend, regenerierend, tonisierend, elastisch machend und antioxidativ f\u00fcr einen umfassenden Ansatz zur Sch\u00f6nheit von Gesicht und K\u00f6rper. Der hohe Proteingehalt und die Aminos\u00e4urezusammensetzung von Spirulina (es enth\u00e4lt alle essentiellen Aminos\u00e4uren in einer hoch bioverf\u00fcgbaren Form) stellen eine hervorragende N\u00e4hrstoffbasis dar, die es erm\u00f6glicht, die endogene Produktion von Kollagen und allen Proteinen zu stimulieren, die f\u00fcr die Regulierung der Fl\u00fcssigkeitszufuhr verantwortlich sind Prozess der Haut.<\/p>\n","protected":false},"excerpt":{"rendered":"<p>Zarte Creme auf Basis von Spirulina-Algen. Spirulina ist ein echter kosmetischer Multiaktivit\u00e4tsinhaltsstoff mit einem breiten Wirkungsspektrum, der mit verschiedenen Wirkungen effektiv auf die Haut einwirken kann: feuchtigkeitsspendend, regenerierend, tonisierend, elastisch machend und antioxidativ f\u00fcr einen umfassenden Ansatz zur Sch\u00f6nheit von Gesicht und K\u00f6rper. Der hohe Proteingehalt und die Aminos\u00e4urezusammensetzung von Spirulina (es enth\u00e4lt alle essentiellen [&hellip;]<\/p>\n","protected":false},"featured_media":7396,"template":"","meta":{"_acf_changed":false,"inline_featured_image":false},"product_brand":[],"product_cat":[1497,1493,1489],"product_tag":[],"class_list":{"0":"post-7395","1":"product","2":"type-product","3":"status-publish","4":"has-post-thumbnail","6":"product_beauty-antirughe","7":"product_beauty-idratare","8":"product_beauty-lenire","9":"product_beauty-nutrire-e-rigenerare","10":"product_beauty-purificare","11":"product_beauty-riequilibrare","12":"product_skin-tutte-le-pelli","13":"product_kind-creme-antieta-e-prime-rughe","14":"product_kind-creme-pelli-complesse","15":"product_kind-i-rimedi-dalla-natura","16":"product_kind-trattamenti-speciali","17":"product_kind-tutte-le-creme-corpo","18":"product_kind-tutte-le-creme-viso","19":"product_lines-i-rimedi-dalla-natura","20":"product_cat-viso-de","21":"product_cat-mani-e-piedi-de","22":"product_cat-corpo-de","23":"pa_size-50-de","25":"first","26":"instock","27":"taxable","28":"shipping-taxable","29":"purchasable","30":"product-type-simple"},"acf":[],"yoast_head":"<!-- This site is optimized with the Yoast SEO plugin v24.6 - https:\/\/yoast.com\/wordpress\/plugins\/seo\/ -->\n<title>Spirulina-Alge - Uniest<\/title>\n<meta name=\"robots\" content=\"index, follow, max-snippet:-1, max-image-preview:large, max-video-preview:-1\" \/>\n<link rel=\"canonical\" href=\"https:\/\/uniest.it\/prodotto\/spirulina-alge-2\/\" \/>\n<meta property=\"og:locale\" content=\"de_DE\" \/>\n<meta property=\"og:type\" content=\"article\" \/>\n<meta property=\"og:title\" content=\"Spirulina-Alge - Uniest\" \/>\n<meta property=\"og:description\" content=\"Zarte Creme auf Basis von Spirulina-Algen. Spirulina ist ein echter kosmetischer Multiaktivit\u00e4tsinhaltsstoff mit einem breiten Wirkungsspektrum, der mit verschiedenen Wirkungen effektiv auf die Haut einwirken kann: feuchtigkeitsspendend, regenerierend, tonisierend, elastisch machend und antioxidativ f\u00fcr einen umfassenden Ansatz zur Sch\u00f6nheit von Gesicht und K\u00f6rper. Der hohe Proteingehalt und die Aminos\u00e4urezusammensetzung von Spirulina (es enth\u00e4lt alle essentiellen [&hellip;]\" \/>\n<meta property=\"og:url\" content=\"https:\/\/uniest.it\/prodotto\/spirulina-alge-2\/\" \/>\n<meta property=\"og:site_name\" content=\"Uniest\" \/>\n<meta name=\"twitter:card\" content=\"summary_large_image\" \/>\n<meta name=\"twitter:label1\" content=\"Gesch\u00e4tzte Lesezeit\" \/>\n\t<meta name=\"twitter:data1\" content=\"1\u00a0Minute\" \/>\n<script type=\"application\/ld+json\" class=\"yoast-schema-graph\">{\"@context\":\"https:\/\/schema.org\",\"@graph\":[{\"@type\":\"WebPage\",\"@id\":\"https:\/\/uniest.it\/prodotto\/spirulina-alge-2\/\",\"url\":\"https:\/\/uniest.it\/prodotto\/spirulina-alge-2\/\",\"name\":\"Spirulina-Alge - Uniest\",\"isPartOf\":{\"@id\":\"https:\/\/uniest.it\/#website\"},\"primaryImageOfPage\":{\"@id\":\"https:\/\/uniest.it\/prodotto\/spirulina-alge-2\/#primaryimage\"},\"image\":{\"@id\":\"https:\/\/uniest.it\/prodotto\/spirulina-alge-2\/#primaryimage\"},\"thumbnailUrl\":\"https:\/\/uniest.it\/wp-content\/uploads\/2020\/11\/832AAE.png\",\"datePublished\":\"2024-10-29T17:56:47+00:00\",\"breadcrumb\":{\"@id\":\"https:\/\/uniest.it\/prodotto\/spirulina-alge-2\/#breadcrumb\"},\"inLanguage\":\"de\",\"potentialAction\":[{\"@type\":\"ReadAction\",\"target\":[\"https:\/\/uniest.it\/prodotto\/spirulina-alge-2\/\"]}]},{\"@type\":\"ImageObject\",\"inLanguage\":\"de\",\"@id\":\"https:\/\/uniest.it\/prodotto\/spirulina-alge-2\/#primaryimage\",\"url\":\"https:\/\/uniest.it\/wp-content\/uploads\/2020\/11\/832AAE.png\",\"contentUrl\":\"https:\/\/uniest.it\/wp-content\/uploads\/2020\/11\/832AAE.png\",\"width\":1283,\"height\":2000},{\"@type\":\"BreadcrumbList\",\"@id\":\"https:\/\/uniest.it\/prodotto\/spirulina-alge-2\/#breadcrumb\",\"itemListElement\":[{\"@type\":\"ListItem\",\"position\":1,\"name\":\"Home\",\"item\":\"https:\/\/uniest.it\/de\/\"},{\"@type\":\"ListItem\",\"position\":2,\"name\":\"Shop\",\"item\":\"https:\/\/uniest.it\/shop\/\"},{\"@type\":\"ListItem\",\"position\":3,\"name\":\"Spirulina-Alge\"}]},{\"@type\":\"WebSite\",\"@id\":\"https:\/\/uniest.it\/#website\",\"url\":\"https:\/\/uniest.it\/\",\"name\":\"Uniest\",\"description\":\"Cosmetici Naturali e Bio\",\"potentialAction\":[{\"@type\":\"SearchAction\",\"target\":{\"@type\":\"EntryPoint\",\"urlTemplate\":\"https:\/\/uniest.it\/?s={search_term_string}\"},\"query-input\":{\"@type\":\"PropertyValueSpecification\",\"valueRequired\":true,\"valueName\":\"search_term_string\"}}],\"inLanguage\":\"de\"}]}<\/script>\n<!-- \/ Yoast SEO plugin. -->","yoast_head_json":{"title":"Spirulina-Alge - Uniest","robots":{"index":"index","follow":"follow","max-snippet":"max-snippet:-1","max-image-preview":"max-image-preview:large","max-video-preview":"max-video-preview:-1"},"canonical":"https:\/\/uniest.it\/prodotto\/spirulina-alge-2\/","og_locale":"de_DE","og_type":"article","og_title":"Spirulina-Alge - Uniest","og_description":"Zarte Creme auf Basis von Spirulina-Algen. Spirulina ist ein echter kosmetischer Multiaktivit\u00e4tsinhaltsstoff mit einem breiten Wirkungsspektrum, der mit verschiedenen Wirkungen effektiv auf die Haut einwirken kann: feuchtigkeitsspendend, regenerierend, tonisierend, elastisch machend und antioxidativ f\u00fcr einen umfassenden Ansatz zur Sch\u00f6nheit von Gesicht und K\u00f6rper. Der hohe Proteingehalt und die Aminos\u00e4urezusammensetzung von Spirulina (es enth\u00e4lt alle essentiellen [&hellip;]","og_url":"https:\/\/uniest.it\/prodotto\/spirulina-alge-2\/","og_site_name":"Uniest","twitter_card":"summary_large_image","twitter_misc":{"Gesch\u00e4tzte Lesezeit":"1\u00a0Minute"},"schema":{"@context":"https:\/\/schema.org","@graph":[{"@type":"WebPage","@id":"https:\/\/uniest.it\/prodotto\/spirulina-alge-2\/","url":"https:\/\/uniest.it\/prodotto\/spirulina-alge-2\/","name":"Spirulina-Alge - Uniest","isPartOf":{"@id":"https:\/\/uniest.it\/#website"},"primaryImageOfPage":{"@id":"https:\/\/uniest.it\/prodotto\/spirulina-alge-2\/#primaryimage"},"image":{"@id":"https:\/\/uniest.it\/prodotto\/spirulina-alge-2\/#primaryimage"},"thumbnailUrl":"https:\/\/uniest.it\/wp-content\/uploads\/2020\/11\/832AAE.png","datePublished":"2024-10-29T17:56:47+00:00","breadcrumb":{"@id":"https:\/\/uniest.it\/prodotto\/spirulina-alge-2\/#breadcrumb"},"inLanguage":"de","potentialAction":[{"@type":"ReadAction","target":["https:\/\/uniest.it\/prodotto\/spirulina-alge-2\/"]}]},{"@type":"ImageObject","inLanguage":"de","@id":"https:\/\/uniest.it\/prodotto\/spirulina-alge-2\/#primaryimage","url":"https:\/\/uniest.it\/wp-content\/uploads\/2020\/11\/832AAE.png","contentUrl":"https:\/\/uniest.it\/wp-content\/uploads\/2020\/11\/832AAE.png","width":1283,"height":2000},{"@type":"BreadcrumbList","@id":"https:\/\/uniest.it\/prodotto\/spirulina-alge-2\/#breadcrumb","itemListElement":[{"@type":"ListItem","position":1,"name":"Home","item":"https:\/\/uniest.it\/de\/"},{"@type":"ListItem","position":2,"name":"Shop","item":"https:\/\/uniest.it\/shop\/"},{"@type":"ListItem","position":3,"name":"Spirulina-Alge"}]},{"@type":"WebSite","@id":"https:\/\/uniest.it\/#website","url":"https:\/\/uniest.it\/","name":"Uniest","description":"Cosmetici Naturali e Bio","potentialAction":[{"@type":"SearchAction","target":{"@type":"EntryPoint","urlTemplate":"https:\/\/uniest.it\/?s={search_term_string}"},"query-input":{"@type":"PropertyValueSpecification","valueRequired":true,"valueName":"search_term_string"}}],"inLanguage":"de"}]}},"_links":{"self":[{"href":"https:\/\/uniest.it\/de\/wp-json\/wp\/v2\/product\/7395","targetHints":{"allow":["GET"]}}],"collection":[{"href":"https:\/\/uniest.it\/de\/wp-json\/wp\/v2\/product"}],"about":[{"href":"https:\/\/uniest.it\/de\/wp-json\/wp\/v2\/types\/product"}],"wp:featuredmedia":[{"embeddable":true,"href":"https:\/\/uniest.it\/de\/wp-json\/wp\/v2\/media\/7396"}],"wp:attachment":[{"href":"https:\/\/uniest.it\/de\/wp-json\/wp\/v2\/media?parent=7395"}],"wp:term":[{"taxonomy":"product_brand","embeddable":true,"href":"https:\/\/uniest.it\/de\/wp-json\/wp\/v2\/product_brand?post=7395"},{"taxonomy":"product_cat","embeddable":true,"href":"https:\/\/uniest.it\/de\/wp-json\/wp\/v2\/product_cat?post=7395"},{"taxonomy":"product_tag","embeddable":true,"href":"https:\/\/uniest.it\/de\/wp-json\/wp\/v2\/product_tag?post=7395"}],"curies":[{"name":"wp","href":"https:\/\/api.w.org\/{rel}","templated":true}]}}