{"id":7398,"date":"2021-02-04T13:00:44","date_gmt":"2024-10-29T17:56:47","guid":{"rendered":"https:\/\/uniest.it\/prodotto\/lavendel-100-ml\/"},"modified":"2024-10-29T18:56:47","modified_gmt":"2024-10-29T17:56:47","slug":"lavendel-100-ml","status":"publish","type":"product","link":"https:\/\/uniest.it\/de\/prodotto\/lavendel-100-ml\/","title":{"rendered":"Lavendel \u2013 100 ml"},"content":{"rendered":"<p>Basis aus Pflanzenextrakt und \u00e4therischem Lavendel\u00f6l. Lavendelbl\u00fcten werden in der Phytotherapie wegen ihrer zahlreichen Eigenschaften aufgrund des Gehalts an \u00e4therischen \u00d6len, Tanninen, Flavonoiden und Bitterstoffen eingesetzt. Diese Wirkstoffe verleihen der Lavendelpflanze eine beruhigende Wirkung auf das Nervensystem und k\u00f6nnen bei Angstzust\u00e4nden, Unruhe, Nervosit\u00e4t, Kopfschmerzen, Stress und Schlaflosigkeit eingesetzt werden. Lavendel hat auch eine balsamische Wirkung auf die Atemwege, weshalb er wirksam bei der Behandlung aller Erk\u00e4ltungen eingesetzt wird: Grippe, Husten, Erk\u00e4ltungen und Katarrh. Dar\u00fcber hinaus hat die Pflanze verdauungsf\u00f6rdernde und krampfl\u00f6sende Eigenschaften, da sie Schmerzen sowie Bauch- oder Regelkr\u00e4mpfe lindert und zur Entspannung der Bauchmuskulatur beitr\u00e4gt. Um die Wirkung von Lavendel zu verst\u00e4rken, wurden Reiskleie\u00f6l, BIO-Karatebutter*, BIO-S\u00fc\u00dfmandel\u00f6l* und Glycerin hinzugef\u00fcgt, ausgezeichnete beruhigende, beruhigende und geschmeidig machende Inhaltsstoffe. Der zarte Duft macht das Auftragen dieser Creme angenehm und dank ihrer Formulierung Es ist auch f\u00fcr die empfindlichste und empfindlichste Haut geeignet. Auch sehr n\u00fctzlich auf der Kopfhaut. Auf behandeltem Haar verleiht es F\u00fclle, Geschmeidigkeit und Glanz. *aus biologischem Anbau hergestellt<\/p>\n","protected":false},"excerpt":{"rendered":"<p>Basis aus Pflanzenextrakt und \u00e4therischem Lavendel\u00f6l. Lavendelbl\u00fcten werden in der Phytotherapie wegen ihrer zahlreichen Eigenschaften aufgrund des Gehalts an \u00e4therischen \u00d6len, Tanninen, Flavonoiden und Bitterstoffen eingesetzt. Diese Wirkstoffe verleihen der Lavendelpflanze eine beruhigende Wirkung auf das Nervensystem und k\u00f6nnen bei Angstzust\u00e4nden, Unruhe, Nervosit\u00e4t, Kopfschmerzen, Stress und Schlaflosigkeit eingesetzt werden. Lavendel hat auch eine balsamische Wirkung [&hellip;]<\/p>\n","protected":false},"featured_media":7399,"template":"","meta":{"_acf_changed":false,"inline_featured_image":false},"product_brand":[],"product_cat":[1497,1493,1489],"product_tag":[],"class_list":{"0":"post-7398","1":"product","2":"type-product","3":"status-publish","4":"has-post-thumbnail","6":"product_beauty-balsamico","7":"product_beauty-idratare","8":"product_beauty-lenire","9":"product_beauty-nutrire-e-rigenerare","10":"product_beauty-purificare","11":"product_beauty-riequilibrare","12":"product_skin-tutte-le-pelli","13":"product_kind-i-rimedi-dalla-natura","14":"product_kind-trattamenti-speciali","15":"product_kind-tutte-le-creme-corpo","16":"product_kind-tutte-le-creme-viso","17":"product_lines-i-rimedi-dalla-natura","18":"product_cat-viso-de","19":"product_cat-mani-e-piedi-de","20":"product_cat-corpo-de","21":"pa_size-100-de","23":"first","24":"instock","25":"taxable","26":"shipping-taxable","27":"purchasable","28":"product-type-simple"},"acf":[],"yoast_head":"<!-- This site is optimized with the Yoast SEO plugin v24.6 - https:\/\/yoast.com\/wordpress\/plugins\/seo\/ -->\n<title>Lavendel \u2013 100 ml - Uniest<\/title>\n<meta name=\"robots\" content=\"index, follow, max-snippet:-1, max-image-preview:large, max-video-preview:-1\" \/>\n<link rel=\"canonical\" href=\"https:\/\/uniest.it\/prodotto\/lavendel-100-ml\/\" \/>\n<meta property=\"og:locale\" content=\"de_DE\" \/>\n<meta property=\"og:type\" content=\"article\" \/>\n<meta property=\"og:title\" content=\"Lavendel \u2013 100 ml - Uniest\" \/>\n<meta property=\"og:description\" content=\"Basis aus Pflanzenextrakt und \u00e4therischem Lavendel\u00f6l. Lavendelbl\u00fcten werden in der Phytotherapie wegen ihrer zahlreichen Eigenschaften aufgrund des Gehalts an \u00e4therischen \u00d6len, Tanninen, Flavonoiden und Bitterstoffen eingesetzt. Diese Wirkstoffe verleihen der Lavendelpflanze eine beruhigende Wirkung auf das Nervensystem und k\u00f6nnen bei Angstzust\u00e4nden, Unruhe, Nervosit\u00e4t, Kopfschmerzen, Stress und Schlaflosigkeit eingesetzt werden. Lavendel hat auch eine balsamische Wirkung [&hellip;]\" \/>\n<meta property=\"og:url\" content=\"https:\/\/uniest.it\/prodotto\/lavendel-100-ml\/\" \/>\n<meta property=\"og:site_name\" content=\"Uniest\" \/>\n<meta name=\"twitter:card\" content=\"summary_large_image\" \/>\n<meta name=\"twitter:label1\" content=\"Gesch\u00e4tzte Lesezeit\" \/>\n\t<meta name=\"twitter:data1\" content=\"1\u00a0Minute\" \/>\n<script type=\"application\/ld+json\" class=\"yoast-schema-graph\">{\"@context\":\"https:\/\/schema.org\",\"@graph\":[{\"@type\":\"WebPage\",\"@id\":\"https:\/\/uniest.it\/prodotto\/lavendel-100-ml\/\",\"url\":\"https:\/\/uniest.it\/prodotto\/lavendel-100-ml\/\",\"name\":\"Lavendel \u2013 100 ml - Uniest\",\"isPartOf\":{\"@id\":\"https:\/\/uniest.it\/#website\"},\"primaryImageOfPage\":{\"@id\":\"https:\/\/uniest.it\/prodotto\/lavendel-100-ml\/#primaryimage\"},\"image\":{\"@id\":\"https:\/\/uniest.it\/prodotto\/lavendel-100-ml\/#primaryimage\"},\"thumbnailUrl\":\"https:\/\/uniest.it\/wp-content\/uploads\/2020\/11\/833AAE.png\",\"datePublished\":\"2024-10-29T17:56:47+00:00\",\"breadcrumb\":{\"@id\":\"https:\/\/uniest.it\/prodotto\/lavendel-100-ml\/#breadcrumb\"},\"inLanguage\":\"de\",\"potentialAction\":[{\"@type\":\"ReadAction\",\"target\":[\"https:\/\/uniest.it\/prodotto\/lavendel-100-ml\/\"]}]},{\"@type\":\"ImageObject\",\"inLanguage\":\"de\",\"@id\":\"https:\/\/uniest.it\/prodotto\/lavendel-100-ml\/#primaryimage\",\"url\":\"https:\/\/uniest.it\/wp-content\/uploads\/2020\/11\/833AAE.png\",\"contentUrl\":\"https:\/\/uniest.it\/wp-content\/uploads\/2020\/11\/833AAE.png\",\"width\":1283,\"height\":2000},{\"@type\":\"BreadcrumbList\",\"@id\":\"https:\/\/uniest.it\/prodotto\/lavendel-100-ml\/#breadcrumb\",\"itemListElement\":[{\"@type\":\"ListItem\",\"position\":1,\"name\":\"Home\",\"item\":\"https:\/\/uniest.it\/de\/\"},{\"@type\":\"ListItem\",\"position\":2,\"name\":\"Shop\",\"item\":\"https:\/\/uniest.it\/shop\/\"},{\"@type\":\"ListItem\",\"position\":3,\"name\":\"Lavendel \u2013 100 ml\"}]},{\"@type\":\"WebSite\",\"@id\":\"https:\/\/uniest.it\/#website\",\"url\":\"https:\/\/uniest.it\/\",\"name\":\"Uniest\",\"description\":\"Cosmetici Naturali e Bio\",\"potentialAction\":[{\"@type\":\"SearchAction\",\"target\":{\"@type\":\"EntryPoint\",\"urlTemplate\":\"https:\/\/uniest.it\/?s={search_term_string}\"},\"query-input\":{\"@type\":\"PropertyValueSpecification\",\"valueRequired\":true,\"valueName\":\"search_term_string\"}}],\"inLanguage\":\"de\"}]}<\/script>\n<!-- \/ Yoast SEO plugin. -->","yoast_head_json":{"title":"Lavendel \u2013 100 ml - Uniest","robots":{"index":"index","follow":"follow","max-snippet":"max-snippet:-1","max-image-preview":"max-image-preview:large","max-video-preview":"max-video-preview:-1"},"canonical":"https:\/\/uniest.it\/prodotto\/lavendel-100-ml\/","og_locale":"de_DE","og_type":"article","og_title":"Lavendel \u2013 100 ml - Uniest","og_description":"Basis aus Pflanzenextrakt und \u00e4therischem Lavendel\u00f6l. Lavendelbl\u00fcten werden in der Phytotherapie wegen ihrer zahlreichen Eigenschaften aufgrund des Gehalts an \u00e4therischen \u00d6len, Tanninen, Flavonoiden und Bitterstoffen eingesetzt. Diese Wirkstoffe verleihen der Lavendelpflanze eine beruhigende Wirkung auf das Nervensystem und k\u00f6nnen bei Angstzust\u00e4nden, Unruhe, Nervosit\u00e4t, Kopfschmerzen, Stress und Schlaflosigkeit eingesetzt werden. Lavendel hat auch eine balsamische Wirkung [&hellip;]","og_url":"https:\/\/uniest.it\/prodotto\/lavendel-100-ml\/","og_site_name":"Uniest","twitter_card":"summary_large_image","twitter_misc":{"Gesch\u00e4tzte Lesezeit":"1\u00a0Minute"},"schema":{"@context":"https:\/\/schema.org","@graph":[{"@type":"WebPage","@id":"https:\/\/uniest.it\/prodotto\/lavendel-100-ml\/","url":"https:\/\/uniest.it\/prodotto\/lavendel-100-ml\/","name":"Lavendel \u2013 100 ml - Uniest","isPartOf":{"@id":"https:\/\/uniest.it\/#website"},"primaryImageOfPage":{"@id":"https:\/\/uniest.it\/prodotto\/lavendel-100-ml\/#primaryimage"},"image":{"@id":"https:\/\/uniest.it\/prodotto\/lavendel-100-ml\/#primaryimage"},"thumbnailUrl":"https:\/\/uniest.it\/wp-content\/uploads\/2020\/11\/833AAE.png","datePublished":"2024-10-29T17:56:47+00:00","breadcrumb":{"@id":"https:\/\/uniest.it\/prodotto\/lavendel-100-ml\/#breadcrumb"},"inLanguage":"de","potentialAction":[{"@type":"ReadAction","target":["https:\/\/uniest.it\/prodotto\/lavendel-100-ml\/"]}]},{"@type":"ImageObject","inLanguage":"de","@id":"https:\/\/uniest.it\/prodotto\/lavendel-100-ml\/#primaryimage","url":"https:\/\/uniest.it\/wp-content\/uploads\/2020\/11\/833AAE.png","contentUrl":"https:\/\/uniest.it\/wp-content\/uploads\/2020\/11\/833AAE.png","width":1283,"height":2000},{"@type":"BreadcrumbList","@id":"https:\/\/uniest.it\/prodotto\/lavendel-100-ml\/#breadcrumb","itemListElement":[{"@type":"ListItem","position":1,"name":"Home","item":"https:\/\/uniest.it\/de\/"},{"@type":"ListItem","position":2,"name":"Shop","item":"https:\/\/uniest.it\/shop\/"},{"@type":"ListItem","position":3,"name":"Lavendel \u2013 100 ml"}]},{"@type":"WebSite","@id":"https:\/\/uniest.it\/#website","url":"https:\/\/uniest.it\/","name":"Uniest","description":"Cosmetici Naturali e Bio","potentialAction":[{"@type":"SearchAction","target":{"@type":"EntryPoint","urlTemplate":"https:\/\/uniest.it\/?s={search_term_string}"},"query-input":{"@type":"PropertyValueSpecification","valueRequired":true,"valueName":"search_term_string"}}],"inLanguage":"de"}]}},"_links":{"self":[{"href":"https:\/\/uniest.it\/de\/wp-json\/wp\/v2\/product\/7398","targetHints":{"allow":["GET"]}}],"collection":[{"href":"https:\/\/uniest.it\/de\/wp-json\/wp\/v2\/product"}],"about":[{"href":"https:\/\/uniest.it\/de\/wp-json\/wp\/v2\/types\/product"}],"wp:featuredmedia":[{"embeddable":true,"href":"https:\/\/uniest.it\/de\/wp-json\/wp\/v2\/media\/7399"}],"wp:attachment":[{"href":"https:\/\/uniest.it\/de\/wp-json\/wp\/v2\/media?parent=7398"}],"wp:term":[{"taxonomy":"product_brand","embeddable":true,"href":"https:\/\/uniest.it\/de\/wp-json\/wp\/v2\/product_brand?post=7398"},{"taxonomy":"product_cat","embeddable":true,"href":"https:\/\/uniest.it\/de\/wp-json\/wp\/v2\/product_cat?post=7398"},{"taxonomy":"product_tag","embeddable":true,"href":"https:\/\/uniest.it\/de\/wp-json\/wp\/v2\/product_tag?post=7398"}],"curies":[{"name":"wp","href":"https:\/\/api.w.org\/{rel}","templated":true}]}}